{"id":1037,"date":"2024-05-19T16:41:03","date_gmt":"2024-05-19T14:41:03","guid":{"rendered":"https:\/\/th-extrusion.eu\/o-nas\/"},"modified":"2025-03-05T08:16:28","modified_gmt":"2025-03-05T07:16:28","slug":"o-nas","status":"publish","type":"page","link":"https:\/\/th-extrusion.eu\/cs\/o-nas\/","title":{"rendered":"O nas"},"content":{"rendered":"\n<div class=\"wp-block-uagb-container uagb-block-44002778 alignwide uagb-is-root-container\">\n<div class=\"wp-block-uagb-container uagb-block-4a51b0b4\">\n<div data-aos= \"fade-right\" data-aos-duration=\"400\" data-aos-delay=\"0\" data-aos-easing=\"ease\" data-aos-once=\"true\" class=\"wp-block-uagb-advanced-heading uagb-block-aa8dd194\"><h1 class=\"uagb-heading-text\">O NAS<\/h1><\/div>\n\n\n\n<div data-aos= \"fade-right\" data-aos-duration=\"400\" data-aos-delay=\"0\" data-aos-easing=\"ease\" data-aos-once=\"true\" class=\"wp-block-uagb-advanced-heading uagb-block-885d1912\"><h2 class=\"uagb-heading-text\">Zaru\u010dujeme komplexn\u00ed slu\u017eby souvisej\u00edc\u00ed s technick\u00fdmi profily na zak\u00e1zku<\/h2><\/div>\n<\/div>\n<\/div>\n\n\n\n<div class=\"wp-block-uagb-container uagb-block-a60edd37 alignwide uagb-is-root-container\">\n<div class=\"wp-block-uagb-container uagb-block-348e44bb\">\n<p class=\"justy\">M\u00e1me v\u00edce ne\u017e 30letou zku\u0161enost v navrhov\u00e1n\u00ed a stavb\u011b n\u00e1stroj\u016f pro extruzi, koextruzi a postextruzi nestandardn\u00edch technick\u00fdch profil\u016f na objedn\u00e1vku z\u00e1kazn\u00edk\u016f z r\u016fzn\u00fdch pr\u016fmyslov\u00fdch odv\u011btv\u00ed. Realizujeme individu\u00e1ln\u00ed projekty dokonce na sebev\u00edc komplikovan\u00e9 technick\u00e9 profily, a to jak s ohledem na tvar, materi\u00e1l nebo podm\u00ednky pou\u017eit\u00ed.<\/p>\n\n\n\n<p class=\"justy\">Zaru\u010dujeme komplexn\u00ed obsluhu, kter\u00e1 souvis\u00ed s nestandardn\u00edmi technick\u00fdmi profily, po\u010d\u00ednaje n\u00e1vrhem, p\u0159es v\u00fdrobu pot\u0159ebn\u00fdch n\u00e1stroj\u016f, proces lisov\u00e1n\u00ed, a\u017e po dod\u00e1vku hotov\u00e9ho v\u00fdrobku.<\/p>\n\n\n\n<p>In\u017een\u00fd\u0159i a technologov\u00e9 z \u00faseku R&amp;D zpracov\u00e1vaj\u00ed optim\u00e1ln\u00ed \u0159e\u0161en\u00ed a vyv\u00edjej\u00ed n\u00e1stroje pro lisov\u00e1n\u00ed, \u010d\u00edm\u017e realizuj\u00ed individu\u00e1ln\u00ed objedn\u00e1vky z\u00e1kazn\u00edk\u016f.<br>D\u00e1le v odd\u011blen\u00ed v\u00fdroby n\u00e1stroj\u016f vyr\u00e1b\u011bj\u00ed na\u0161i odborn\u00edci, s pou\u017eit\u00edm modern\u00edho strojov\u00e9ho parku a za kr\u00e1tkou dobu, n\u00e1stroje pro lisov\u00e1n\u00ed.<\/p>\n<\/div>\n\n\n\n<div class=\"wp-block-uagb-container uagb-block-cd0db668\">\n<div class=\"wp-block-uagb-image uagb-block-080e6825 wp-block-uagb-image--layout-default wp-block-uagb-image--effect-static wp-block-uagb-image--align-none fullWidth\"><figure class=\"wp-block-uagb-image__figure\"><img decoding=\"async\" srcset=\"https:\/\/th-extrusion.eu\/wp-content\/uploads\/2024\/06\/th-ettrusion-onas.jpg ,https:\/\/th-extrusion.eu\/wp-content\/uploads\/2024\/06\/th-ettrusion-onas.jpg 780w, https:\/\/th-extrusion.eu\/wp-content\/uploads\/2024\/06\/th-ettrusion-onas.jpg 360w\" sizes=\"auto, (max-width: 480px) 150px\" src=\"https:\/\/th-extrusion.eu\/wp-content\/uploads\/2024\/06\/th-ettrusion-onas.jpg\" alt=\"th-ettrusion-onas\" class=\"uag-image-592\" width=\"600\" height=\"350\" title=\"th-ettrusion-onas\" loading=\"lazy\" role=\"img\"\/><\/figure><\/div>\n<\/div>\n<\/div>\n\n\n\n<div class=\"wp-block-uagb-container uagb-block-12e1c450 alignwide uagb-is-root-container\">\n<div class=\"wp-block-uagb-container uagb-block-8bfdc72d\">\n<div class=\"wp-block-uagb-image uagb-block-4b04fcb3 wp-block-uagb-image--layout-default wp-block-uagb-image--effect-static wp-block-uagb-image--align-none fullWidth\"><figure class=\"wp-block-uagb-image__figure\"><img decoding=\"async\" srcset=\"https:\/\/th-extrusion.eu\/wp-content\/uploads\/2024\/06\/narzedzie.jpg ,https:\/\/th-extrusion.eu\/wp-content\/uploads\/2024\/06\/narzedzie.jpg 780w, https:\/\/th-extrusion.eu\/wp-content\/uploads\/2024\/06\/narzedzie.jpg 360w\" sizes=\"auto, (max-width: 480px) 150px\" src=\"https:\/\/th-extrusion.eu\/wp-content\/uploads\/2024\/06\/narzedzie.jpg\" alt=\"narzedzie\" class=\"uag-image-604\" width=\"600\" height=\"350\" title=\"narzedzie\" loading=\"lazy\" role=\"img\"\/><\/figure><\/div>\n<\/div>\n\n\n\n<div class=\"wp-block-uagb-container uagb-block-66e5819a\">\n<p class=\"justy\">Thermoplast disponuje vlastn\u00ed n\u00e1stroj\u00e1rnou vybavenou modern\u00edm strojov\u00fdm parkem (elektrojiskrov\u00e9 obr\u00e1b\u011bc\u00ed stroje, soustruhy, fr\u00e9zky, brusky, pily apod.), d\u00edky \u010demu\u017e je v\u00fdroba n\u00e1stroje pro lisov\u00e1n\u00ed rychl\u00e1 a zpracovan\u00fd n\u00e1strojov\u00fd modul ERP umo\u017e\u0148uje monitorov\u00e1n\u00ed procesu.<\/p>\n\n\n\n<p class=\"justy\">M\u00e1me k dispozici tak\u00e9 modern\u00ed sm\u011bsnou linku, kter\u00e1 n\u00e1m umo\u017e\u0148uje p\u0159ipravit speci\u00e1ln\u00ed sm\u011bsi, je\u017e zpracovali na\u0161i odborn\u00edci, a kter\u00e9 jsou optim\u00e1ln\u00ed s ohledem jak na slo\u017een\u00ed, tak na technick\u00e9 parametry.<\/p>\n\n\n\n<p class=\"justy\">Na 15 v\u00fdrobn\u00edch link\u00e1ch m\u016f\u017eeme lisovat 50 mil. bm profil\u016f a zpracovat 12 mil. kg plast\u016f za rok. Lisujeme profily s hmotnost\u00ed od 15 g\/m do 3500 g\/m.<\/p>\n<\/div>\n<\/div>\n\n\n\n<div class=\"wp-block-uagb-container uagb-block-fc64dd88 alignwide uagb-is-root-container\">\n<div class=\"wp-block-uagb-container uagb-block-66b232f8\">\n<p class=\"justy\">P\u0159i v\u00fdrob\u011b profil\u016f pou\u017e\u00edv\u00e1me r\u016fzn\u00e9 metody zdoben\u00ed povrchu (mezi jin\u00fdmi tisk, polep, laminov\u00e1n\u00ed, ra\u017een\u00ed) a tak\u00e9 technologii ohybu v tekutin\u011b a dal\u0161\u00edho zpracov\u00e1n\u00ed (vrt\u00e1n\u00ed, \u0159ez\u00e1n\u00ed, vysek\u00e1v\u00e1n\u00ed). P\u0159esnost \u0159ezu zaru\u010duj\u00ed automatick\u00e9 pily, vysek\u00e1va\u010dky a tak\u00e9 pou\u017eit\u00ed technologie tavn\u00e9 \u0159eza\u010dky.<\/p>\n\n\n\n<p class=\"justy\">Na\u0161\u00ed vizitkou je v\u00fdhodn\u00fd pom\u011br ceny ke kvalit\u011b slu\u017eeb. Vynakl\u00e1d\u00e1me ve\u0161ker\u00e9 \u00fasil\u00ed, aby krom\u011b kvality v\u00fdrobk\u016f a slu\u017eeb byla tak\u00e9 na\u0161e cena atraktivn\u011bj\u0161\u00ed ne\u017e u jin\u00fdch spole\u010dnost\u00ed.<\/p>\n\n\n\n<p class=\"justy\">Na v\u011bt\u0161inu projekt\u016f, kter\u00e9 spole\u010dnost Thermoplast realizuje, se vztahuje zachov\u00e1n\u00ed d\u016fv\u011brnosti a vyhrazen\u00e1 \u0159e\u0161en\u00ed z\u016fst\u00e1vaj\u00ed majetkem z\u00e1kazn\u00edka.<\/p>\n<\/div>\n\n\n\n<div class=\"wp-block-uagb-container uagb-block-46b76f36\">\n<div class=\"wp-block-uagb-image uagb-block-445e5a22 wp-block-uagb-image--layout-default wp-block-uagb-image--effect-static wp-block-uagb-image--align-none fullWidth\"><figure class=\"wp-block-uagb-image__figure\"><img decoding=\"async\" srcset=\"https:\/\/th-extrusion.eu\/wp-content\/uploads\/2024\/06\/onas.jpg ,https:\/\/th-extrusion.eu\/wp-content\/uploads\/2024\/06\/onas.jpg 780w, https:\/\/th-extrusion.eu\/wp-content\/uploads\/2024\/06\/onas.jpg 360w\" sizes=\"auto, (max-width: 480px) 150px\" src=\"https:\/\/th-extrusion.eu\/wp-content\/uploads\/2024\/06\/onas.jpg\" alt=\"onas\" class=\"uag-image-673\" width=\"600\" height=\"350\" title=\"onas\" loading=\"lazy\" role=\"img\"\/><\/figure><\/div>\n<\/div>\n<\/div>\n\n\n\n<div class=\"wp-block-uagb-container uagb-block-01bdf848 alignwide uagb-is-root-container\">\n<div class=\"wp-block-uagb-container uagb-block-1930a34d\">\n<div class=\"wp-block-uagb-advanced-heading uagb-block-b7436000\"><h2 class=\"uagb-heading-text\"><strong>\u0158ekn\u011bte n\u00e1m o sv\u00e9m n\u00e1padu a na\u0161i specialist\u00e9 jej prom\u011bn\u00ed v jedine\u010dn\u00fd profil!<\/strong><\/h2><\/div>\n\n\n\n<div class=\"wp-block-uagb-buttons uagb-buttons__outer-wrap uagb-btn__medium-btn uagb-btn-tablet__default-btn uagb-btn-mobile__default-btn uagb-block-079ec436\"><div class=\"uagb-buttons__wrap uagb-buttons-layout-wrap \">\n<div class=\"wp-block-uagb-buttons-child uagb-buttons__outer-wrap uagb-block-418d4501 wp-block-button\"><div class=\"uagb-button__wrapper\"><a class=\"uagb-buttons-repeater wp-block-button__link\" aria-label=\"\" href=\"https:\/\/th-extrusion.eu\/cs\/kontakt\/\" rel=\"follow noopener\" target=\"_self\" role=\"button\"><div class=\"uagb-button__link\">Zanechte zpr\u00e1vu<\/div><\/a><\/div><\/div>\n<\/div><\/div>\n<\/div>\n<\/div>\n","protected":false},"excerpt":{"rendered":"O NAS Zaru\u010dujeme komplexn\u00ed slu\u017eby souvisej\u00edc\u00ed s technick\u00fdmi profily na zak\u00e1zku M\u00e1me v\u00edce ne\u017e 30letou zku\u0161enost v navrhov\u00e1n\u00ed a stavb\u011b [&hellip;]","protected":false},"author":1,"featured_media":115,"parent":0,"menu_order":0,"comment_status":"closed","ping_status":"closed","template":"","meta":{"inline_featured_image":false,"_uag_custom_page_level_css":"\nul.lista {\n    list-style: none;\n    color: black;\n    margin: 0 ;\n}\n\nul.lista li {\n\tposition:relative;\nmargin: 0;\n}\n\nul.lista li:before {\n    content: url(https:\/\/th-extrusion.eu\/wp-content\/uploads\/2024\/05\/square51.svg);\n    width: 5px;\n    height: 5px;\n    position: absolute;\n    top: -2px;\n    left: -10px;\n}\n.productList {\n  display: flex;\n  justify-content: space-between;\n  font-size: 12px;\n\tmargin-bottom: 15px;\n}\n\n.productList ul.lista{\n  padding-left: 10px;\n}\n.fullWidth {\n\theight:100%;\n}\n\n.fullWidth img {\n\theight:100% !important;\n}","site-sidebar-layout":"default","site-content-layout":"","ast-site-content-layout":"default","site-content-style":"boxed","site-sidebar-style":"default","ast-global-header-display":"","ast-banner-title-visibility":"","ast-main-header-display":"","ast-hfb-above-header-display":"","ast-hfb-below-header-display":"","ast-hfb-mobile-header-display":"","site-post-title":"disabled","ast-breadcrumbs-content":"","ast-featured-img":"","footer-sml-layout":"","ast-disable-related-posts":"","theme-transparent-header-meta":"","adv-header-id-meta":"","stick-header-meta":"","header-above-stick-meta":"","header-main-stick-meta":"","header-below-stick-meta":"","astra-migrate-meta-layouts":"default","ast-page-background-enabled":"default","ast-page-background-meta":{"desktop":{"background-color":"var(--ast-global-color-4)","background-image":"","background-repeat":"repeat","background-position":"center center","background-size":"auto","background-attachment":"scroll","background-type":"","background-media":"","overlay-type":"","overlay-color":"","overlay-opacity":"","overlay-gradient":""},"tablet":{"background-color":"","background-image":"","background-repeat":"repeat","background-position":"center center","background-size":"auto","background-attachment":"scroll","background-type":"","background-media":"","overlay-type":"","overlay-color":"","overlay-opacity":"","overlay-gradient":""},"mobile":{"background-color":"","background-image":"","background-repeat":"repeat","background-position":"center center","background-size":"auto","background-attachment":"scroll","background-type":"","background-media":"","overlay-type":"","overlay-color":"","overlay-opacity":"","overlay-gradient":""}},"ast-content-background-meta":{"desktop":{"background-color":"var(--ast-global-color-5)","background-image":"","background-repeat":"repeat","background-position":"center center","background-size":"auto","background-attachment":"scroll","background-type":"","background-media":"","overlay-type":"","overlay-color":"","overlay-opacity":"","overlay-gradient":""},"tablet":{"background-color":"var(--ast-global-color-5)","background-image":"","background-repeat":"repeat","background-position":"center center","background-size":"auto","background-attachment":"scroll","background-type":"","background-media":"","overlay-type":"","overlay-color":"","overlay-opacity":"","overlay-gradient":""},"mobile":{"background-color":"var(--ast-global-color-5)","background-image":"","background-repeat":"repeat","background-position":"center center","background-size":"auto","background-attachment":"scroll","background-type":"","background-media":"","overlay-type":"","overlay-color":"","overlay-opacity":"","overlay-gradient":""}},"footnotes":""},"class_list":["post-1037","page","type-page","status-publish","has-post-thumbnail","hentry"],"yoast_head":"<!-- This site is optimized with the Yoast SEO plugin v27.3 - https:\/\/yoast.com\/product\/yoast-seo-wordpress\/ -->\n<title>V\u00fdrobci technick\u00fdch profil\u016f - Thermoplast<\/title>\n<meta name=\"description\" content=\"Specializujeme se na extruzi, koextruzi a postkoextruzi nestandardn\u00edch technick\u00fdch profil\u016f na individu\u00e1ln\u00ed objedn\u00e1vku z\u00e1kazn\u00edk\u016f.\" \/>\n<meta name=\"robots\" content=\"index, follow, max-snippet:-1, max-image-preview:large, max-video-preview:-1\" \/>\n<link rel=\"canonical\" href=\"https:\/\/th-extrusion.eu\/cs\/o-nas\/\" \/>\n<meta property=\"og:locale\" content=\"cs_CZ\" \/>\n<meta property=\"og:type\" content=\"article\" \/>\n<meta property=\"og:title\" content=\"V\u00fdrobci technick\u00fdch profil\u016f - Thermoplast\" \/>\n<meta property=\"og:description\" content=\"Specializujeme se na extruzi, koextruzi a postkoextruzi nestandardn\u00edch technick\u00fdch profil\u016f na individu\u00e1ln\u00ed objedn\u00e1vku z\u00e1kazn\u00edk\u016f.\" \/>\n<meta property=\"og:url\" content=\"https:\/\/th-extrusion.eu\/cs\/o-nas\/\" \/>\n<meta property=\"og:site_name\" content=\"Th-Extrusion\" \/>\n<meta property=\"article:publisher\" content=\"https:\/\/www.facebook.com\/search\/top?q=thermoplastpermanentdevelopments.a.\" \/>\n<meta property=\"article:modified_time\" content=\"2025-03-05T07:16:28+00:00\" \/>\n<meta property=\"og:image\" content=\"https:\/\/th-extrusion.eu\/wp-content\/uploads\/2024\/05\/logo-linedin-300x300-11.jpg\" \/>\n\t<meta property=\"og:image:width\" content=\"300\" \/>\n\t<meta property=\"og:image:height\" content=\"300\" \/>\n\t<meta property=\"og:image:type\" content=\"image\/jpeg\" \/>\n<meta name=\"twitter:card\" content=\"summary_large_image\" \/>\n<meta name=\"twitter:label1\" content=\"Odhadovan\u00e1 doba \u010dten\u00ed\" \/>\n\t<meta name=\"twitter:data1\" content=\"3 minuty\" \/>\n<script type=\"application\/ld+json\" class=\"yoast-schema-graph\">{\"@context\":\"https:\\\/\\\/schema.org\",\"@graph\":[{\"@type\":\"WebPage\",\"@id\":\"https:\\\/\\\/th-extrusion.eu\\\/cs\\\/o-nas\\\/\",\"url\":\"https:\\\/\\\/th-extrusion.eu\\\/cs\\\/o-nas\\\/\",\"name\":\"V\u00fdrobci technick\u00fdch profil\u016f - Thermoplast\",\"isPartOf\":{\"@id\":\"https:\\\/\\\/th-extrusion.eu\\\/cs\\\/#website\"},\"primaryImageOfPage\":{\"@id\":\"https:\\\/\\\/th-extrusion.eu\\\/cs\\\/o-nas\\\/#primaryimage\"},\"image\":{\"@id\":\"https:\\\/\\\/th-extrusion.eu\\\/cs\\\/o-nas\\\/#primaryimage\"},\"thumbnailUrl\":\"https:\\\/\\\/th-extrusion.eu\\\/wp-content\\\/uploads\\\/2024\\\/05\\\/logo-linedin-300x300-11.jpg\",\"datePublished\":\"2024-05-19T14:41:03+00:00\",\"dateModified\":\"2025-03-05T07:16:28+00:00\",\"description\":\"Specializujeme se na extruzi, koextruzi a postkoextruzi nestandardn\u00edch technick\u00fdch profil\u016f na individu\u00e1ln\u00ed objedn\u00e1vku z\u00e1kazn\u00edk\u016f.\",\"breadcrumb\":{\"@id\":\"https:\\\/\\\/th-extrusion.eu\\\/cs\\\/o-nas\\\/#breadcrumb\"},\"inLanguage\":\"cs\",\"potentialAction\":[{\"@type\":\"ReadAction\",\"target\":[\"https:\\\/\\\/th-extrusion.eu\\\/cs\\\/o-nas\\\/\"]}]},{\"@type\":\"ImageObject\",\"inLanguage\":\"cs\",\"@id\":\"https:\\\/\\\/th-extrusion.eu\\\/cs\\\/o-nas\\\/#primaryimage\",\"url\":\"https:\\\/\\\/th-extrusion.eu\\\/wp-content\\\/uploads\\\/2024\\\/05\\\/logo-linedin-300x300-11.jpg\",\"contentUrl\":\"https:\\\/\\\/th-extrusion.eu\\\/wp-content\\\/uploads\\\/2024\\\/05\\\/logo-linedin-300x300-11.jpg\",\"width\":300,\"height\":300},{\"@type\":\"BreadcrumbList\",\"@id\":\"https:\\\/\\\/th-extrusion.eu\\\/cs\\\/o-nas\\\/#breadcrumb\",\"itemListElement\":[{\"@type\":\"ListItem\",\"position\":1,\"name\":\"Strona g\u0142\u00f3wna\",\"item\":\"https:\\\/\\\/th-extrusion.eu\\\/cs\\\/\"},{\"@type\":\"ListItem\",\"position\":2,\"name\":\"O nas\"}]},{\"@type\":\"WebSite\",\"@id\":\"https:\\\/\\\/th-extrusion.eu\\\/cs\\\/#website\",\"url\":\"https:\\\/\\\/th-extrusion.eu\\\/cs\\\/\",\"name\":\"Th-Extrusion.eu\",\"description\":\"Thermoplast has over 30 years of experience in designing and building tools for extrusion, co-extrusion and post-extrusion of custom technical profiles\",\"publisher\":{\"@id\":\"https:\\\/\\\/th-extrusion.eu\\\/cs\\\/#organization\"},\"potentialAction\":[{\"@type\":\"SearchAction\",\"target\":{\"@type\":\"EntryPoint\",\"urlTemplate\":\"https:\\\/\\\/th-extrusion.eu\\\/cs\\\/?s={search_term_string}\"},\"query-input\":{\"@type\":\"PropertyValueSpecification\",\"valueRequired\":true,\"valueName\":\"search_term_string\"}}],\"inLanguage\":\"cs\"},{\"@type\":\"Organization\",\"@id\":\"https:\\\/\\\/th-extrusion.eu\\\/cs\\\/#organization\",\"name\":\"Thermoplast\",\"url\":\"https:\\\/\\\/th-extrusion.eu\\\/cs\\\/\",\"logo\":{\"@type\":\"ImageObject\",\"inLanguage\":\"cs\",\"@id\":\"https:\\\/\\\/th-extrusion.eu\\\/cs\\\/#\\\/schema\\\/logo\\\/image\\\/\",\"url\":\"https:\\\/\\\/th-extrusion.eu\\\/wp-content\\\/uploads\\\/2024\\\/05\\\/thermoplast-logo-th-extrusion1.svg\",\"contentUrl\":\"https:\\\/\\\/th-extrusion.eu\\\/wp-content\\\/uploads\\\/2024\\\/05\\\/thermoplast-logo-th-extrusion1.svg\",\"width\":156,\"height\":47,\"caption\":\"Thermoplast\"},\"image\":{\"@id\":\"https:\\\/\\\/th-extrusion.eu\\\/cs\\\/#\\\/schema\\\/logo\\\/image\\\/\"},\"sameAs\":[\"https:\\\/\\\/www.facebook.com\\\/search\\\/top?q=thermoplastpermanentdevelopments.a.\"]}]}<\/script>\n<!-- \/ Yoast SEO plugin. -->","yoast_head_json":{"title":"V\u00fdrobci technick\u00fdch profil\u016f - Thermoplast","description":"Specializujeme se na extruzi, koextruzi a postkoextruzi nestandardn\u00edch technick\u00fdch profil\u016f na individu\u00e1ln\u00ed objedn\u00e1vku z\u00e1kazn\u00edk\u016f.","robots":{"index":"index","follow":"follow","max-snippet":"max-snippet:-1","max-image-preview":"max-image-preview:large","max-video-preview":"max-video-preview:-1"},"canonical":"https:\/\/th-extrusion.eu\/cs\/o-nas\/","og_locale":"cs_CZ","og_type":"article","og_title":"V\u00fdrobci technick\u00fdch profil\u016f - Thermoplast","og_description":"Specializujeme se na extruzi, koextruzi a postkoextruzi nestandardn\u00edch technick\u00fdch profil\u016f na individu\u00e1ln\u00ed objedn\u00e1vku z\u00e1kazn\u00edk\u016f.","og_url":"https:\/\/th-extrusion.eu\/cs\/o-nas\/","og_site_name":"Th-Extrusion","article_publisher":"https:\/\/www.facebook.com\/search\/top?q=thermoplastpermanentdevelopments.a.","article_modified_time":"2025-03-05T07:16:28+00:00","og_image":[{"width":300,"height":300,"url":"https:\/\/th-extrusion.eu\/wp-content\/uploads\/2024\/05\/logo-linedin-300x300-11.jpg","type":"image\/jpeg"}],"twitter_card":"summary_large_image","twitter_misc":{"Odhadovan\u00e1 doba \u010dten\u00ed":"3 minuty"},"schema":{"@context":"https:\/\/schema.org","@graph":[{"@type":"WebPage","@id":"https:\/\/th-extrusion.eu\/cs\/o-nas\/","url":"https:\/\/th-extrusion.eu\/cs\/o-nas\/","name":"V\u00fdrobci technick\u00fdch profil\u016f - Thermoplast","isPartOf":{"@id":"https:\/\/th-extrusion.eu\/cs\/#website"},"primaryImageOfPage":{"@id":"https:\/\/th-extrusion.eu\/cs\/o-nas\/#primaryimage"},"image":{"@id":"https:\/\/th-extrusion.eu\/cs\/o-nas\/#primaryimage"},"thumbnailUrl":"https:\/\/th-extrusion.eu\/wp-content\/uploads\/2024\/05\/logo-linedin-300x300-11.jpg","datePublished":"2024-05-19T14:41:03+00:00","dateModified":"2025-03-05T07:16:28+00:00","description":"Specializujeme se na extruzi, koextruzi a postkoextruzi nestandardn\u00edch technick\u00fdch profil\u016f na individu\u00e1ln\u00ed objedn\u00e1vku z\u00e1kazn\u00edk\u016f.","breadcrumb":{"@id":"https:\/\/th-extrusion.eu\/cs\/o-nas\/#breadcrumb"},"inLanguage":"cs","potentialAction":[{"@type":"ReadAction","target":["https:\/\/th-extrusion.eu\/cs\/o-nas\/"]}]},{"@type":"ImageObject","inLanguage":"cs","@id":"https:\/\/th-extrusion.eu\/cs\/o-nas\/#primaryimage","url":"https:\/\/th-extrusion.eu\/wp-content\/uploads\/2024\/05\/logo-linedin-300x300-11.jpg","contentUrl":"https:\/\/th-extrusion.eu\/wp-content\/uploads\/2024\/05\/logo-linedin-300x300-11.jpg","width":300,"height":300},{"@type":"BreadcrumbList","@id":"https:\/\/th-extrusion.eu\/cs\/o-nas\/#breadcrumb","itemListElement":[{"@type":"ListItem","position":1,"name":"Strona g\u0142\u00f3wna","item":"https:\/\/th-extrusion.eu\/cs\/"},{"@type":"ListItem","position":2,"name":"O nas"}]},{"@type":"WebSite","@id":"https:\/\/th-extrusion.eu\/cs\/#website","url":"https:\/\/th-extrusion.eu\/cs\/","name":"Th-Extrusion.eu","description":"Thermoplast has over 30 years of experience in designing and building tools for extrusion, co-extrusion and post-extrusion of custom technical profiles","publisher":{"@id":"https:\/\/th-extrusion.eu\/cs\/#organization"},"potentialAction":[{"@type":"SearchAction","target":{"@type":"EntryPoint","urlTemplate":"https:\/\/th-extrusion.eu\/cs\/?s={search_term_string}"},"query-input":{"@type":"PropertyValueSpecification","valueRequired":true,"valueName":"search_term_string"}}],"inLanguage":"cs"},{"@type":"Organization","@id":"https:\/\/th-extrusion.eu\/cs\/#organization","name":"Thermoplast","url":"https:\/\/th-extrusion.eu\/cs\/","logo":{"@type":"ImageObject","inLanguage":"cs","@id":"https:\/\/th-extrusion.eu\/cs\/#\/schema\/logo\/image\/","url":"https:\/\/th-extrusion.eu\/wp-content\/uploads\/2024\/05\/thermoplast-logo-th-extrusion1.svg","contentUrl":"https:\/\/th-extrusion.eu\/wp-content\/uploads\/2024\/05\/thermoplast-logo-th-extrusion1.svg","width":156,"height":47,"caption":"Thermoplast"},"image":{"@id":"https:\/\/th-extrusion.eu\/cs\/#\/schema\/logo\/image\/"},"sameAs":["https:\/\/www.facebook.com\/search\/top?q=thermoplastpermanentdevelopments.a."]}]}},"uagb_featured_image_src":{"full":["https:\/\/th-extrusion.eu\/wp-content\/uploads\/2024\/05\/logo-linedin-300x300-11.jpg",300,300,false],"thumbnail":["https:\/\/th-extrusion.eu\/wp-content\/uploads\/2024\/05\/logo-linedin-300x300-11-150x150.jpg",150,150,true],"medium":["https:\/\/th-extrusion.eu\/wp-content\/uploads\/2024\/05\/logo-linedin-300x300-11.jpg",300,300,false],"medium_large":["https:\/\/th-extrusion.eu\/wp-content\/uploads\/2024\/05\/logo-linedin-300x300-11.jpg",300,300,false],"large":["https:\/\/th-extrusion.eu\/wp-content\/uploads\/2024\/05\/logo-linedin-300x300-11.jpg",300,300,false],"1536x1536":["https:\/\/th-extrusion.eu\/wp-content\/uploads\/2024\/05\/logo-linedin-300x300-11.jpg",300,300,false],"2048x2048":["https:\/\/th-extrusion.eu\/wp-content\/uploads\/2024\/05\/logo-linedin-300x300-11.jpg",300,300,false]},"uagb_author_info":{"display_name":"Michal","author_link":"https:\/\/th-extrusion.eu\/cs\/author\/michal\/"},"uagb_comment_info":0,"uagb_excerpt":"O NAS Zaru\u010dujeme komplexn\u00ed slu\u017eby souvisej\u00edc\u00ed s technick\u00fdmi profily na zak\u00e1zku M\u00e1me v\u00edce ne\u017e 30letou zku\u0161enost v navrhov\u00e1n\u00ed a stavb\u011b [&hellip;]","_links":{"self":[{"href":"https:\/\/th-extrusion.eu\/cs\/wp-json\/wp\/v2\/pages\/1037","targetHints":{"allow":["GET"]}}],"collection":[{"href":"https:\/\/th-extrusion.eu\/cs\/wp-json\/wp\/v2\/pages"}],"about":[{"href":"https:\/\/th-extrusion.eu\/cs\/wp-json\/wp\/v2\/types\/page"}],"author":[{"embeddable":true,"href":"https:\/\/th-extrusion.eu\/cs\/wp-json\/wp\/v2\/users\/1"}],"replies":[{"embeddable":true,"href":"https:\/\/th-extrusion.eu\/cs\/wp-json\/wp\/v2\/comments?post=1037"}],"version-history":[{"count":8,"href":"https:\/\/th-extrusion.eu\/cs\/wp-json\/wp\/v2\/pages\/1037\/revisions"}],"predecessor-version":[{"id":1673,"href":"https:\/\/th-extrusion.eu\/cs\/wp-json\/wp\/v2\/pages\/1037\/revisions\/1673"}],"wp:featuredmedia":[{"embeddable":true,"href":"https:\/\/th-extrusion.eu\/cs\/wp-json\/wp\/v2\/media\/115"}],"wp:attachment":[{"href":"https:\/\/th-extrusion.eu\/cs\/wp-json\/wp\/v2\/media?parent=1037"}],"curies":[{"name":"wp","href":"https:\/\/api.w.org\/{rel}","templated":true}]}}