{"id":1041,"date":"2024-05-19T16:42:23","date_gmt":"2024-05-19T14:42:23","guid":{"rendered":"https:\/\/th-extrusion.eu\/materialy\/"},"modified":"2025-02-25T16:44:56","modified_gmt":"2025-02-25T15:44:56","slug":"materialy","status":"publish","type":"page","link":"https:\/\/th-extrusion.eu\/cs\/materialy\/","title":{"rendered":"Materi\u00e1ly"},"content":{"rendered":"\n<div class=\"wp-block-uagb-container uagb-block-44002778 alignwide uagb-is-root-container\">\n<div class=\"wp-block-uagb-container uagb-block-4a51b0b4\">\n<div data-aos= \"fade-right\" data-aos-duration=\"400\" data-aos-delay=\"0\" data-aos-easing=\"ease\" data-aos-once=\"true\" class=\"wp-block-uagb-advanced-heading uagb-block-aa8dd194\"><h1 class=\"uagb-heading-text\">MATERI\u00c1LY<\/h1><\/div>\n\n\n\n<div data-aos= \"fade-right\" data-aos-duration=\"400\" data-aos-delay=\"0\" data-aos-easing=\"ease\" data-aos-once=\"true\" class=\"wp-block-uagb-advanced-heading uagb-block-885d1912\"><h2 class=\"uagb-heading-text\">Pou\u017e\u00edv\u00e1me plasty nejvy\u0161\u0161\u00ed kvality<\/h2><\/div>\n<\/div>\n<\/div>\n\n\n\n<div class=\"wp-block-uagb-container uagb-block-a60edd37 alignwide uagb-is-root-container\">\n<div class=\"wp-block-uagb-container uagb-block-348e44bb\">\n<p class=\"justy\">P\u0159i realizaci v\u00fdroby nestandardn\u00edch technick\u00fdch profil\u016f na individu\u00e1ln\u00ed objedn\u00e1vku nelze podcenit v\u00fdznam volby vhodn\u00e9ho materi\u00e1lu pro v\u00fdrobu. T\u00edmto je proces n\u00e1vrhu nov\u00e9ho v\u00fdrobku v\u017edy zah\u00e1jen. Z\u00e1kazn\u00edci nej\u010dast\u011bji sami velmi precizn\u011b ur\u010duj\u00ed po\u017eadavky na objedn\u00e1van\u00e9 profily.<\/p>\n\n\n\n<p class=\"justy\">Na\u0161\u00edm \u00fakolem je naj\u00edt plast, kter\u00fd m\u00e1 vhodn\u00e9 vlastnosti, je\u017e zaru\u010duj\u00ed spln\u011bn\u00ed u\u017eitn\u00fdch a u\u017eivatelsk\u00fdch po\u017eadavk\u016f. T\u00fdm na\u0161ich odborn\u00edk\u016f se sv\u00fdmi znalostmi a zku\u0161enostmi doporu\u010d\u00ed z\u00e1kazn\u00edkovi nejlep\u0161\u00ed materi\u00e1lovou mo\u017enost.<\/p>\n<\/div>\n\n\n\n<div class=\"wp-block-uagb-container uagb-block-cd0db668\">\n<div class=\"wp-block-uagb-image uagb-block-b90a2a3b wp-block-uagb-image--layout-default wp-block-uagb-image--effect-static wp-block-uagb-image--align-none fullWidth\"><figure class=\"wp-block-uagb-image__figure\"><img decoding=\"async\" srcset=\"https:\/\/th-extrusion.eu\/wp-content\/uploads\/2024\/06\/silos.jpg ,https:\/\/th-extrusion.eu\/wp-content\/uploads\/2024\/06\/silos.jpg 780w, https:\/\/th-extrusion.eu\/wp-content\/uploads\/2024\/06\/silos.jpg 360w\" sizes=\"auto, (max-width: 480px) 150px\" src=\"https:\/\/th-extrusion.eu\/wp-content\/uploads\/2024\/06\/silos.jpg\" alt=\"Dod\u00e1vka vysoce kvalitn\u00edch plast\u016f pro extruzi a koextruzi profil\u016f pro r\u016fzn\u00e9 pr\u016fmyslov\u00e9 odv\u011btv\u00ed.\" class=\"uag-image-657\" width=\"600\" height=\"350\" title=\"Dod\u00e1vka vysoce kvalitn\u00edch plast\u016f pro extruzi a koextruzi profil\u016f pro r\u016fzn\u00e9 pr\u016fmyslov\u00e9 odv\u011btv\u00ed.\" loading=\"lazy\" role=\"img\"\/><\/figure><\/div>\n<\/div>\n<\/div>\n\n\n\n<div class=\"wp-block-uagb-container uagb-block-12e1c450 alignwide uagb-is-root-container\">\n<div class=\"wp-block-uagb-container uagb-block-8bfdc72d\">\n<div class=\"wp-block-uagb-image uagb-block-7ad98b3f wp-block-uagb-image--layout-default wp-block-uagb-image--effect-static wp-block-uagb-image--align-none fullWidth\"><figure class=\"wp-block-uagb-image__figure\"><img decoding=\"async\" srcset=\"https:\/\/th-extrusion.eu\/wp-content\/uploads\/2024\/06\/granulaty.jpg ,https:\/\/th-extrusion.eu\/wp-content\/uploads\/2024\/06\/granulaty.jpg 780w, https:\/\/th-extrusion.eu\/wp-content\/uploads\/2024\/06\/granulaty.jpg 360w\" sizes=\"auto, (max-width: 480px) 150px\" src=\"https:\/\/th-extrusion.eu\/wp-content\/uploads\/2024\/06\/granulaty.jpg\" alt=\"Vlastn\u00ed m\u00eds\u00edrna umo\u017e\u0148uj\u00edc\u00ed tvorbu optim\u00e1ln\u00edch sm\u011bs\u00ed spl\u0148uj\u00edc\u00edch po\u017eadavky jednotliv\u00fdch z\u00e1kazn\u00edk\u016f.&quot;\" class=\"uag-image-648\" width=\"600\" height=\"350\" title=\"Vlastn\u00ed m\u00eds\u00edrna umo\u017e\u0148uj\u00edc\u00ed tvorbu optim\u00e1ln\u00edch sm\u011bs\u00ed spl\u0148uj\u00edc\u00edch po\u017eadavky jednotliv\u00fdch z\u00e1kazn\u00edk\u016f.&quot;\" loading=\"lazy\" role=\"img\"\/><\/figure><\/div>\n<\/div>\n\n\n\n<div class=\"wp-block-uagb-container uagb-block-66e5819a\">\n<p class=\"justy\">Spole\u010dnost Thermoplast ji\u017e v\u00edce ne\u017e 30 let pou\u017e\u00edv\u00e1 pro v\u00fdrobu sv\u00fdch profil\u016f technologii lisov\u00e1n\u00ed a pou\u017e\u00edv\u00e1 takov\u00e9 druhy termoplast\u016f, jejich\u017e vlastnosti p\u0159i zpracov\u00e1n\u00ed zaru\u010duj\u00ed stabilitu b\u011bhem v\u00fdroby, a sou\u010dasn\u011b spln\u011bn\u00ed po\u017eadavk\u016f z\u00e1kazn\u00edka, kter\u00e9 m\u011bl na hotov\u00fd v\u00fdrobek.<br>Mezi jin\u00fdmi:<\/p>\n\n\n\n<div class=\"productList\">\n<div>\n<ul class=\"lista\">\n<li>PVC &#8211; Polyvinylchlorid<\/li>\n<li>HIPS &#8211; Hou\u017eevnat\u00fd polystyren<\/li>\n<li>PE &#8211; Polyetylen<\/li>\n<li>PP &#8211; Polypropylen<\/li>\n<li>PMMA &#8211; Polymethylmethakryl\u00e1t<\/li>\n<li>PC &#8211; Polykarbon\u00e1t<\/li>\n<\/ul>\n<\/div>\n<div>\n<ul class=\"lista\">\n<li>ABS &#8211; Kopolymer akrylonitrilbutadienstyren<\/li>\n<li>SAN &#8211; Kopolymer styren-akrylonitril<\/li>\n<li>ASA &#8211; Kopolymer akrylonitril-styren-akryl\u00e1t ASA<\/li>\n<li>PS &#8211; Polystyren<\/li>\n<li>PA &#8211; Polyamid<\/li>\n<\/ul>\n<\/div>\n<\/div>\n\n\n\n<p class=\"justy\">Odd\u011blen\u00ed R&amp;D neust\u00e1le roz\u0161i\u0159uje b\u00e1zi materi\u00e1l\u016f a parametrizuje technologii a slo\u017een\u00ed sm\u011bs\u00ed plast\u016f, kter\u00e9 spl\u0148uj\u00ed speci\u00e1ln\u00ed po\u017eadavky z\u00e1kazn\u00edk\u016f. M\u00e1me zku\u0161enosti s materi\u00e1ly se zv\u00fd\u0161enou mechanickou a tepelnou odolnost\u00ed.<\/p>\n<\/div>\n<\/div>\n\n\n\n<div class=\"wp-block-uagb-container uagb-block-fc64dd88 alignwide uagb-is-root-container\">\n<div class=\"wp-block-uagb-container uagb-block-66b232f8\">\n<p class=\"justy\">Realizujeme inovativn\u00ed, spole\u010densky zodpov\u011bdn\u00e9 projekty v souladu se z\u00e1sadami udr\u017eiteln\u00e9ho rozvoje na z\u00e1klad\u011b zaveden\u00e9ho syst\u00e9mu environment\u00e1ln\u00edho managementu ISO 14001.<\/p>\n\n\n\n<p class=\"justy\">Spole\u010dnost Thermoplast, kter\u00e1 je l\u00eddrem ve sv\u00e9m oboru, ji\u017e mnoho let krom\u011b p\u016fsoben\u00ed, kter\u00e9 souvis\u00ed \u010dist\u011b s obchodn\u00edm rozvojem, v\u011bdom\u011b klade sv\u00fdmi z\u00e1kladn\u00edmi operativn\u00edmi aktivitami velk\u00fd d\u016fraz tak\u00e9 na \u010dinnosti, je\u017e souvis\u00ed s ochranou \u017eivotn\u00edho prost\u0159edn\u00ed, a z toho vypl\u00fdvaj\u00edc\u00edm omezen\u00edm \u0161kodliv\u00e9ho vlivu na n\u011bj.<\/p>\n<\/div>\n\n\n\n<div class=\"wp-block-uagb-container uagb-block-46b76f36\">\n<div class=\"wp-block-uagb-image uagb-block-080e6825 wp-block-uagb-image--layout-default wp-block-uagb-image--effect-static wp-block-uagb-image--align-none fullWidth\"><figure class=\"wp-block-uagb-image__figure\"><img decoding=\"async\" srcset=\"https:\/\/th-extrusion.eu\/wp-content\/uploads\/2024\/06\/materialy.jpg ,https:\/\/th-extrusion.eu\/wp-content\/uploads\/2024\/06\/materialy.jpg 780w, https:\/\/th-extrusion.eu\/wp-content\/uploads\/2024\/06\/materialy.jpg 360w\" sizes=\"auto, (max-width: 480px) 150px\" src=\"https:\/\/th-extrusion.eu\/wp-content\/uploads\/2024\/06\/materialy.jpg\" alt=\"Vysoce kvalitn\u00ed granul\u00e1ty a termoplastick\u00e9 sm\u011bsi pou\u017e\u00edvan\u00e9 spole\u010dnost\u00ed Thermoplast v Libi\u0105\u017ci.\" class=\"uag-image-630\" width=\"600\" height=\"350\" title=\"Vysoce kvalitn\u00ed granul\u00e1ty a termoplastick\u00e9 sm\u011bsi pou\u017e\u00edvan\u00e9 spole\u010dnost\u00ed Thermoplast v Libi\u0105\u017ci.\" loading=\"lazy\" role=\"img\"\/><\/figure><\/div>\n<\/div>\n<\/div>\n\n\n\n<div class=\"wp-block-uagb-container uagb-block-01bdf848 alignwide uagb-is-root-container\">\n<div class=\"wp-block-uagb-container uagb-block-1930a34d\">\n<div class=\"wp-block-uagb-advanced-heading uagb-block-b7436000\"><h2 class=\"uagb-heading-text\">Pot\u0159ebujete unik\u00e1tn\u00ed profil?<\/h2><\/div>\n\n\n\n<div class=\"wp-block-uagb-buttons uagb-buttons__outer-wrap uagb-btn__medium-btn uagb-btn-tablet__default-btn uagb-btn-mobile__default-btn uagb-block-079ec436\"><div class=\"uagb-buttons__wrap uagb-buttons-layout-wrap \">\n<div class=\"wp-block-uagb-buttons-child uagb-buttons__outer-wrap uagb-block-418d4501 wp-block-button\"><div class=\"uagb-button__wrapper\"><a class=\"uagb-buttons-repeater wp-block-button__link\" aria-label=\"\" href=\"https:\/\/th-extrusion.eu\/cs\/kontakt\/\" rel=\"follow noopener\" target=\"_self\" role=\"button\"><div class=\"uagb-button__link\">Napi\u0161te n\u00e1m!<\/div><\/a><\/div><\/div>\n<\/div><\/div>\n<\/div>\n<\/div>\n","protected":false},"excerpt":{"rendered":"MATERI\u00c1LY Pou\u017e\u00edv\u00e1me plasty nejvy\u0161\u0161\u00ed kvality P\u0159i realizaci v\u00fdroby nestandardn\u00edch technick\u00fdch profil\u016f na individu\u00e1ln\u00ed objedn\u00e1vku nelze podcenit v\u00fdznam volby vhodn\u00e9ho materi\u00e1lu [&hellip;]","protected":false},"author":1,"featured_media":115,"parent":0,"menu_order":0,"comment_status":"closed","ping_status":"closed","template":"","meta":{"inline_featured_image":false,"_uag_custom_page_level_css":"\nul.lista {\n    list-style: none;\n    color: black;\n    margin: 0 ;\n}\n\nul.lista li {\n\tposition:relative;\nmargin: 0;\n}\n\nul.lista li:before {\n    content: url(https:\/\/th-extrusion.eu\/wp-content\/uploads\/2024\/05\/square51.svg);\n    width: 5px;\n    height: 5px;\n    position: absolute;\n    top: -2px;\n    left: -10px;\n}\n.productList {\n  display: flex;\n  justify-content: space-between;\n  font-size: 12px;\n\tmargin-bottom: 15px;\n}\n\n.productList ul.lista{\n  padding-left: 10px;\n}\n.fullWidth {\n\theight:100%;\n}\n\n.fullWidth img {\n\theight:100% !important;\n}","site-sidebar-layout":"default","site-content-layout":"","ast-site-content-layout":"default","site-content-style":"boxed","site-sidebar-style":"default","ast-global-header-display":"","ast-banner-title-visibility":"","ast-main-header-display":"","ast-hfb-above-header-display":"","ast-hfb-below-header-display":"","ast-hfb-mobile-header-display":"","site-post-title":"disabled","ast-breadcrumbs-content":"","ast-featured-img":"","footer-sml-layout":"","ast-disable-related-posts":"","theme-transparent-header-meta":"","adv-header-id-meta":"","stick-header-meta":"","header-above-stick-meta":"","header-main-stick-meta":"","header-below-stick-meta":"","astra-migrate-meta-layouts":"default","ast-page-background-enabled":"default","ast-page-background-meta":{"desktop":{"background-color":"var(--ast-global-color-4)","background-image":"","background-repeat":"repeat","background-position":"center center","background-size":"auto","background-attachment":"scroll","background-type":"","background-media":"","overlay-type":"","overlay-color":"","overlay-opacity":"","overlay-gradient":""},"tablet":{"background-color":"","background-image":"","background-repeat":"repeat","background-position":"center center","background-size":"auto","background-attachment":"scroll","background-type":"","background-media":"","overlay-type":"","overlay-color":"","overlay-opacity":"","overlay-gradient":""},"mobile":{"background-color":"","background-image":"","background-repeat":"repeat","background-position":"center center","background-size":"auto","background-attachment":"scroll","background-type":"","background-media":"","overlay-type":"","overlay-color":"","overlay-opacity":"","overlay-gradient":""}},"ast-content-background-meta":{"desktop":{"background-color":"var(--ast-global-color-5)","background-image":"","background-repeat":"repeat","background-position":"center center","background-size":"auto","background-attachment":"scroll","background-type":"","background-media":"","overlay-type":"","overlay-color":"","overlay-opacity":"","overlay-gradient":""},"tablet":{"background-color":"var(--ast-global-color-5)","background-image":"","background-repeat":"repeat","background-position":"center center","background-size":"auto","background-attachment":"scroll","background-type":"","background-media":"","overlay-type":"","overlay-color":"","overlay-opacity":"","overlay-gradient":""},"mobile":{"background-color":"var(--ast-global-color-5)","background-image":"","background-repeat":"repeat","background-position":"center center","background-size":"auto","background-attachment":"scroll","background-type":"","background-media":"","overlay-type":"","overlay-color":"","overlay-opacity":"","overlay-gradient":""}},"footnotes":""},"class_list":["post-1041","page","type-page","status-publish","has-post-thumbnail","hentry"],"yoast_head":"<!-- This site is optimized with the Yoast SEO plugin v27.3 - https:\/\/yoast.com\/product\/yoast-seo-wordpress\/ -->\n<title>Materi\u00e1ly - Th-Extrusion<\/title>\n<meta name=\"description\" content=\"Na\u0161e modern\u00ed automatizovan\u00e1 m\u00edcha\u010dka umo\u017e\u0148uje vytv\u00e1\u0159en\u00ed sm\u011bs\u00ed plast\u016f p\u0159izp\u016fsoben\u00fdch individu\u00e1ln\u00edm po\u017eadavk\u016fm z\u00e1kazn\u00edk\u016f.\" \/>\n<meta name=\"robots\" content=\"index, follow, max-snippet:-1, max-image-preview:large, max-video-preview:-1\" \/>\n<link rel=\"canonical\" href=\"https:\/\/th-extrusion.eu\/cs\/materialy\/\" \/>\n<meta property=\"og:locale\" content=\"cs_CZ\" \/>\n<meta property=\"og:type\" content=\"article\" \/>\n<meta property=\"og:title\" content=\"Materi\u00e1ly - Th-Extrusion\" \/>\n<meta property=\"og:description\" content=\"Na\u0161e modern\u00ed automatizovan\u00e1 m\u00edcha\u010dka umo\u017e\u0148uje vytv\u00e1\u0159en\u00ed sm\u011bs\u00ed plast\u016f p\u0159izp\u016fsoben\u00fdch individu\u00e1ln\u00edm po\u017eadavk\u016fm z\u00e1kazn\u00edk\u016f.\" \/>\n<meta property=\"og:url\" content=\"https:\/\/th-extrusion.eu\/cs\/materialy\/\" \/>\n<meta property=\"og:site_name\" content=\"Th-Extrusion\" \/>\n<meta property=\"article:publisher\" content=\"https:\/\/www.facebook.com\/search\/top?q=thermoplastpermanentdevelopments.a.\" \/>\n<meta property=\"article:modified_time\" content=\"2025-02-25T15:44:56+00:00\" \/>\n<meta property=\"og:image\" content=\"https:\/\/th-extrusion.eu\/wp-content\/uploads\/2024\/05\/logo-linedin-300x300-11.jpg\" \/>\n\t<meta property=\"og:image:width\" content=\"300\" \/>\n\t<meta property=\"og:image:height\" content=\"300\" \/>\n\t<meta property=\"og:image:type\" content=\"image\/jpeg\" \/>\n<meta name=\"twitter:card\" content=\"summary_large_image\" \/>\n<meta name=\"twitter:label1\" content=\"Odhadovan\u00e1 doba \u010dten\u00ed\" \/>\n\t<meta name=\"twitter:data1\" content=\"3 minuty\" \/>\n<script type=\"application\/ld+json\" class=\"yoast-schema-graph\">{\"@context\":\"https:\\\/\\\/schema.org\",\"@graph\":[{\"@type\":\"WebPage\",\"@id\":\"https:\\\/\\\/th-extrusion.eu\\\/cs\\\/materialy\\\/\",\"url\":\"https:\\\/\\\/th-extrusion.eu\\\/cs\\\/materialy\\\/\",\"name\":\"Materi\u00e1ly - Th-Extrusion\",\"isPartOf\":{\"@id\":\"https:\\\/\\\/th-extrusion.eu\\\/cs\\\/#website\"},\"primaryImageOfPage\":{\"@id\":\"https:\\\/\\\/th-extrusion.eu\\\/cs\\\/materialy\\\/#primaryimage\"},\"image\":{\"@id\":\"https:\\\/\\\/th-extrusion.eu\\\/cs\\\/materialy\\\/#primaryimage\"},\"thumbnailUrl\":\"https:\\\/\\\/th-extrusion.eu\\\/wp-content\\\/uploads\\\/2024\\\/05\\\/logo-linedin-300x300-11.jpg\",\"datePublished\":\"2024-05-19T14:42:23+00:00\",\"dateModified\":\"2025-02-25T15:44:56+00:00\",\"description\":\"Na\u0161e modern\u00ed automatizovan\u00e1 m\u00edcha\u010dka umo\u017e\u0148uje vytv\u00e1\u0159en\u00ed sm\u011bs\u00ed plast\u016f p\u0159izp\u016fsoben\u00fdch individu\u00e1ln\u00edm po\u017eadavk\u016fm z\u00e1kazn\u00edk\u016f.\",\"breadcrumb\":{\"@id\":\"https:\\\/\\\/th-extrusion.eu\\\/cs\\\/materialy\\\/#breadcrumb\"},\"inLanguage\":\"cs\",\"potentialAction\":[{\"@type\":\"ReadAction\",\"target\":[\"https:\\\/\\\/th-extrusion.eu\\\/cs\\\/materialy\\\/\"]}]},{\"@type\":\"ImageObject\",\"inLanguage\":\"cs\",\"@id\":\"https:\\\/\\\/th-extrusion.eu\\\/cs\\\/materialy\\\/#primaryimage\",\"url\":\"https:\\\/\\\/th-extrusion.eu\\\/wp-content\\\/uploads\\\/2024\\\/05\\\/logo-linedin-300x300-11.jpg\",\"contentUrl\":\"https:\\\/\\\/th-extrusion.eu\\\/wp-content\\\/uploads\\\/2024\\\/05\\\/logo-linedin-300x300-11.jpg\",\"width\":300,\"height\":300},{\"@type\":\"BreadcrumbList\",\"@id\":\"https:\\\/\\\/th-extrusion.eu\\\/cs\\\/materialy\\\/#breadcrumb\",\"itemListElement\":[{\"@type\":\"ListItem\",\"position\":1,\"name\":\"Strona g\u0142\u00f3wna\",\"item\":\"https:\\\/\\\/th-extrusion.eu\\\/cs\\\/\"},{\"@type\":\"ListItem\",\"position\":2,\"name\":\"Materi\u00e1ly\"}]},{\"@type\":\"WebSite\",\"@id\":\"https:\\\/\\\/th-extrusion.eu\\\/cs\\\/#website\",\"url\":\"https:\\\/\\\/th-extrusion.eu\\\/cs\\\/\",\"name\":\"Th-Extrusion.eu\",\"description\":\"Thermoplast has over 30 years of experience in designing and building tools for extrusion, co-extrusion and post-extrusion of custom technical profiles\",\"publisher\":{\"@id\":\"https:\\\/\\\/th-extrusion.eu\\\/cs\\\/#organization\"},\"potentialAction\":[{\"@type\":\"SearchAction\",\"target\":{\"@type\":\"EntryPoint\",\"urlTemplate\":\"https:\\\/\\\/th-extrusion.eu\\\/cs\\\/?s={search_term_string}\"},\"query-input\":{\"@type\":\"PropertyValueSpecification\",\"valueRequired\":true,\"valueName\":\"search_term_string\"}}],\"inLanguage\":\"cs\"},{\"@type\":\"Organization\",\"@id\":\"https:\\\/\\\/th-extrusion.eu\\\/cs\\\/#organization\",\"name\":\"Thermoplast\",\"url\":\"https:\\\/\\\/th-extrusion.eu\\\/cs\\\/\",\"logo\":{\"@type\":\"ImageObject\",\"inLanguage\":\"cs\",\"@id\":\"https:\\\/\\\/th-extrusion.eu\\\/cs\\\/#\\\/schema\\\/logo\\\/image\\\/\",\"url\":\"https:\\\/\\\/th-extrusion.eu\\\/wp-content\\\/uploads\\\/2024\\\/05\\\/thermoplast-logo-th-extrusion1.svg\",\"contentUrl\":\"https:\\\/\\\/th-extrusion.eu\\\/wp-content\\\/uploads\\\/2024\\\/05\\\/thermoplast-logo-th-extrusion1.svg\",\"width\":156,\"height\":47,\"caption\":\"Thermoplast\"},\"image\":{\"@id\":\"https:\\\/\\\/th-extrusion.eu\\\/cs\\\/#\\\/schema\\\/logo\\\/image\\\/\"},\"sameAs\":[\"https:\\\/\\\/www.facebook.com\\\/search\\\/top?q=thermoplastpermanentdevelopments.a.\"]}]}<\/script>\n<!-- \/ Yoast SEO plugin. -->","yoast_head_json":{"title":"Materi\u00e1ly - Th-Extrusion","description":"Na\u0161e modern\u00ed automatizovan\u00e1 m\u00edcha\u010dka umo\u017e\u0148uje vytv\u00e1\u0159en\u00ed sm\u011bs\u00ed plast\u016f p\u0159izp\u016fsoben\u00fdch individu\u00e1ln\u00edm po\u017eadavk\u016fm z\u00e1kazn\u00edk\u016f.","robots":{"index":"index","follow":"follow","max-snippet":"max-snippet:-1","max-image-preview":"max-image-preview:large","max-video-preview":"max-video-preview:-1"},"canonical":"https:\/\/th-extrusion.eu\/cs\/materialy\/","og_locale":"cs_CZ","og_type":"article","og_title":"Materi\u00e1ly - Th-Extrusion","og_description":"Na\u0161e modern\u00ed automatizovan\u00e1 m\u00edcha\u010dka umo\u017e\u0148uje vytv\u00e1\u0159en\u00ed sm\u011bs\u00ed plast\u016f p\u0159izp\u016fsoben\u00fdch individu\u00e1ln\u00edm po\u017eadavk\u016fm z\u00e1kazn\u00edk\u016f.","og_url":"https:\/\/th-extrusion.eu\/cs\/materialy\/","og_site_name":"Th-Extrusion","article_publisher":"https:\/\/www.facebook.com\/search\/top?q=thermoplastpermanentdevelopments.a.","article_modified_time":"2025-02-25T15:44:56+00:00","og_image":[{"width":300,"height":300,"url":"https:\/\/th-extrusion.eu\/wp-content\/uploads\/2024\/05\/logo-linedin-300x300-11.jpg","type":"image\/jpeg"}],"twitter_card":"summary_large_image","twitter_misc":{"Odhadovan\u00e1 doba \u010dten\u00ed":"3 minuty"},"schema":{"@context":"https:\/\/schema.org","@graph":[{"@type":"WebPage","@id":"https:\/\/th-extrusion.eu\/cs\/materialy\/","url":"https:\/\/th-extrusion.eu\/cs\/materialy\/","name":"Materi\u00e1ly - Th-Extrusion","isPartOf":{"@id":"https:\/\/th-extrusion.eu\/cs\/#website"},"primaryImageOfPage":{"@id":"https:\/\/th-extrusion.eu\/cs\/materialy\/#primaryimage"},"image":{"@id":"https:\/\/th-extrusion.eu\/cs\/materialy\/#primaryimage"},"thumbnailUrl":"https:\/\/th-extrusion.eu\/wp-content\/uploads\/2024\/05\/logo-linedin-300x300-11.jpg","datePublished":"2024-05-19T14:42:23+00:00","dateModified":"2025-02-25T15:44:56+00:00","description":"Na\u0161e modern\u00ed automatizovan\u00e1 m\u00edcha\u010dka umo\u017e\u0148uje vytv\u00e1\u0159en\u00ed sm\u011bs\u00ed plast\u016f p\u0159izp\u016fsoben\u00fdch individu\u00e1ln\u00edm po\u017eadavk\u016fm z\u00e1kazn\u00edk\u016f.","breadcrumb":{"@id":"https:\/\/th-extrusion.eu\/cs\/materialy\/#breadcrumb"},"inLanguage":"cs","potentialAction":[{"@type":"ReadAction","target":["https:\/\/th-extrusion.eu\/cs\/materialy\/"]}]},{"@type":"ImageObject","inLanguage":"cs","@id":"https:\/\/th-extrusion.eu\/cs\/materialy\/#primaryimage","url":"https:\/\/th-extrusion.eu\/wp-content\/uploads\/2024\/05\/logo-linedin-300x300-11.jpg","contentUrl":"https:\/\/th-extrusion.eu\/wp-content\/uploads\/2024\/05\/logo-linedin-300x300-11.jpg","width":300,"height":300},{"@type":"BreadcrumbList","@id":"https:\/\/th-extrusion.eu\/cs\/materialy\/#breadcrumb","itemListElement":[{"@type":"ListItem","position":1,"name":"Strona g\u0142\u00f3wna","item":"https:\/\/th-extrusion.eu\/cs\/"},{"@type":"ListItem","position":2,"name":"Materi\u00e1ly"}]},{"@type":"WebSite","@id":"https:\/\/th-extrusion.eu\/cs\/#website","url":"https:\/\/th-extrusion.eu\/cs\/","name":"Th-Extrusion.eu","description":"Thermoplast has over 30 years of experience in designing and building tools for extrusion, co-extrusion and post-extrusion of custom technical profiles","publisher":{"@id":"https:\/\/th-extrusion.eu\/cs\/#organization"},"potentialAction":[{"@type":"SearchAction","target":{"@type":"EntryPoint","urlTemplate":"https:\/\/th-extrusion.eu\/cs\/?s={search_term_string}"},"query-input":{"@type":"PropertyValueSpecification","valueRequired":true,"valueName":"search_term_string"}}],"inLanguage":"cs"},{"@type":"Organization","@id":"https:\/\/th-extrusion.eu\/cs\/#organization","name":"Thermoplast","url":"https:\/\/th-extrusion.eu\/cs\/","logo":{"@type":"ImageObject","inLanguage":"cs","@id":"https:\/\/th-extrusion.eu\/cs\/#\/schema\/logo\/image\/","url":"https:\/\/th-extrusion.eu\/wp-content\/uploads\/2024\/05\/thermoplast-logo-th-extrusion1.svg","contentUrl":"https:\/\/th-extrusion.eu\/wp-content\/uploads\/2024\/05\/thermoplast-logo-th-extrusion1.svg","width":156,"height":47,"caption":"Thermoplast"},"image":{"@id":"https:\/\/th-extrusion.eu\/cs\/#\/schema\/logo\/image\/"},"sameAs":["https:\/\/www.facebook.com\/search\/top?q=thermoplastpermanentdevelopments.a."]}]}},"uagb_featured_image_src":{"full":["https:\/\/th-extrusion.eu\/wp-content\/uploads\/2024\/05\/logo-linedin-300x300-11.jpg",300,300,false],"thumbnail":["https:\/\/th-extrusion.eu\/wp-content\/uploads\/2024\/05\/logo-linedin-300x300-11-150x150.jpg",150,150,true],"medium":["https:\/\/th-extrusion.eu\/wp-content\/uploads\/2024\/05\/logo-linedin-300x300-11.jpg",300,300,false],"medium_large":["https:\/\/th-extrusion.eu\/wp-content\/uploads\/2024\/05\/logo-linedin-300x300-11.jpg",300,300,false],"large":["https:\/\/th-extrusion.eu\/wp-content\/uploads\/2024\/05\/logo-linedin-300x300-11.jpg",300,300,false],"1536x1536":["https:\/\/th-extrusion.eu\/wp-content\/uploads\/2024\/05\/logo-linedin-300x300-11.jpg",300,300,false],"2048x2048":["https:\/\/th-extrusion.eu\/wp-content\/uploads\/2024\/05\/logo-linedin-300x300-11.jpg",300,300,false]},"uagb_author_info":{"display_name":"Michal","author_link":"https:\/\/th-extrusion.eu\/cs\/author\/michal\/"},"uagb_comment_info":0,"uagb_excerpt":"MATERI\u00c1LY Pou\u017e\u00edv\u00e1me plasty nejvy\u0161\u0161\u00ed kvality P\u0159i realizaci v\u00fdroby nestandardn\u00edch technick\u00fdch profil\u016f na individu\u00e1ln\u00ed objedn\u00e1vku nelze podcenit v\u00fdznam volby vhodn\u00e9ho materi\u00e1lu [&hellip;]","_links":{"self":[{"href":"https:\/\/th-extrusion.eu\/cs\/wp-json\/wp\/v2\/pages\/1041","targetHints":{"allow":["GET"]}}],"collection":[{"href":"https:\/\/th-extrusion.eu\/cs\/wp-json\/wp\/v2\/pages"}],"about":[{"href":"https:\/\/th-extrusion.eu\/cs\/wp-json\/wp\/v2\/types\/page"}],"author":[{"embeddable":true,"href":"https:\/\/th-extrusion.eu\/cs\/wp-json\/wp\/v2\/users\/1"}],"replies":[{"embeddable":true,"href":"https:\/\/th-extrusion.eu\/cs\/wp-json\/wp\/v2\/comments?post=1041"}],"version-history":[{"count":9,"href":"https:\/\/th-extrusion.eu\/cs\/wp-json\/wp\/v2\/pages\/1041\/revisions"}],"predecessor-version":[{"id":1661,"href":"https:\/\/th-extrusion.eu\/cs\/wp-json\/wp\/v2\/pages\/1041\/revisions\/1661"}],"wp:featuredmedia":[{"embeddable":true,"href":"https:\/\/th-extrusion.eu\/cs\/wp-json\/wp\/v2\/media\/115"}],"wp:attachment":[{"href":"https:\/\/th-extrusion.eu\/cs\/wp-json\/wp\/v2\/media?parent=1041"}],"curies":[{"name":"wp","href":"https:\/\/api.w.org\/{rel}","templated":true}]}}