{"id":1047,"date":"2024-05-19T16:42:57","date_gmt":"2024-05-19T14:42:57","guid":{"rendered":"https:\/\/th-extrusion.eu\/jakosc-i-laboratorium\/"},"modified":"2025-03-05T08:20:42","modified_gmt":"2025-03-05T07:20:42","slug":"kvalita-a-laborator","status":"publish","type":"page","link":"https:\/\/th-extrusion.eu\/cs\/kvalita-a-laborator\/","title":{"rendered":"Kvalita a laborato\u0159"},"content":{"rendered":"\n<div class=\"wp-block-uagb-container uagb-block-44002778 alignwide uagb-is-root-container\">\n<div class=\"wp-block-uagb-container uagb-block-4a51b0b4\">\n<div data-aos= \"fade-right\" data-aos-duration=\"400\" data-aos-delay=\"0\" data-aos-easing=\"ease\" data-aos-once=\"true\" class=\"wp-block-uagb-advanced-heading uagb-block-aa8dd194\"><h1 class=\"uagb-heading-text\">KVALITA A LABORATO\u0158<\/h1><\/div>\n\n\n\n<div data-aos= \"fade-right\" data-aos-duration=\"400\" data-aos-delay=\"0\" data-aos-easing=\"ease\" data-aos-once=\"true\" class=\"wp-block-uagb-advanced-heading uagb-block-885d1912\"><h2 class=\"uagb-heading-text\">Specializujeme se na extruzi a koextruzi technick\u00fdch profil\u016f z plast\u016f<\/h2><\/div>\n<\/div>\n<\/div>\n\n\n\n<div class=\"wp-block-uagb-container uagb-block-a60edd37 alignwide uagb-is-root-container\">\n<div class=\"wp-block-uagb-container uagb-block-348e44bb\">\n<p class=\"justy\">V\u0161echny v\u00fdrobn\u00ed procesy ve spole\u010dnosti Thermoplast jsou certifikov\u00e1ny podle normy ISO 9001 a kvalita je ov\u011b\u0159ov\u00e1na odborn\u00edky z na\u0161\u00ed modern\u00ed laborato\u0159e b\u011bhem cel\u00e9ho v\u00fdrobn\u00edho procesu.<\/p>\n\n\n\n<p class=\"justy\">Odborn\u00edci z odd\u011blen\u00ed kontroly monitoruj\u00ed kvalitu surovin pou\u017eit\u00fdch p\u0159i v\u00fdrob\u011b profil\u016f, kontroluj\u00ed z\u00e1kladn\u00ed funk\u010dn\u00ed rozm\u011bry v\u00fdrobku, kter\u00e9 jsou ur\u010duj\u00edc\u00ed pro funk\u010dnost profil\u016f a tak\u00e9 ov\u011b\u0159uj\u00ed jin\u00e9 parametry hotov\u00e9ho v\u00fdrobku.<\/p>\n\n\n\n<p class=\"justy\" style=\"margin-top:0;margin-bottom:0\">Na\u0161e mo\u017enosti kontroly v oblasti kvality v\u00fdroby vych\u00e1zej\u00ed nejen ze znalost\u00ed a zku\u0161enost\u00ed zam\u011bstnanc\u016f laborato\u0159e, ale tak\u00e9 se op\u00edraj\u00ed o modern\u00ed za\u0159\u00edzen\u00ed, kter\u00e1 posouvaj\u00ed hranice zkoum\u00e1n\u00ed mechanick\u00fdch a elektrick\u00fdch vlastnost\u00ed nebo shodu barevn\u00fdch odst\u00edn\u016f materi\u00e1l\u016f.<\/p>\n<\/div>\n\n\n\n<div class=\"wp-block-uagb-container uagb-block-cd0db668\">\n<div class=\"wp-block-uagb-image uagb-block-5093a5e9 wp-block-uagb-image--layout-default wp-block-uagb-image--effect-static wp-block-uagb-image--align-none fullWidth\"><figure class=\"wp-block-uagb-image__figure\"><img decoding=\"async\" srcset=\"https:\/\/th-extrusion.eu\/wp-content\/uploads\/2024\/05\/jakosci-i-labolatorium.jpg ,https:\/\/th-extrusion.eu\/wp-content\/uploads\/2024\/05\/jakosci-i-labolatorium.jpg 780w, https:\/\/th-extrusion.eu\/wp-content\/uploads\/2024\/05\/jakosci-i-labolatorium.jpg 360w\" sizes=\"auto, (max-width: 480px) 150px\" src=\"https:\/\/th-extrusion.eu\/wp-content\/uploads\/2024\/05\/jakosci-i-labolatorium.jpg\" alt=\"In\u017cynierowie i technolodzy z Dzia\u0142u R&amp;D opracowuj\u0105 optymalne rozwi\u0105zania.\" class=\"uag-image-411\" width=\"600\" height=\"350\" title=\"In\u017cynierowie i technolodzy z Dzia\u0142u R&amp;D opracowuj\u0105 optymalne rozwi\u0105zania.\" loading=\"lazy\" role=\"img\"\/><\/figure><\/div>\n<\/div>\n<\/div>\n\n\n\n<div class=\"wp-block-uagb-container uagb-block-12e1c450 alignwide uagb-is-root-container\">\n<div class=\"wp-block-uagb-container uagb-block-8bfdc72d\">\n<div class=\"wp-block-uagb-image uagb-block-9f484fc4 wp-block-uagb-image--layout-default wp-block-uagb-image--effect-static wp-block-uagb-image--align-none fullWidth\"><figure class=\"wp-block-uagb-image__figure\"><img decoding=\"async\" srcset=\"https:\/\/th-extrusion.eu\/wp-content\/uploads\/2024\/06\/jakosc.jpg ,https:\/\/th-extrusion.eu\/wp-content\/uploads\/2024\/06\/jakosc.jpg 780w, https:\/\/th-extrusion.eu\/wp-content\/uploads\/2024\/06\/jakosc.jpg 360w\" sizes=\"auto, (max-width: 480px) 150px\" src=\"https:\/\/th-extrusion.eu\/wp-content\/uploads\/2024\/06\/jakosc.jpg\" alt=\"jakosc\" class=\"uag-image-697\" width=\"600\" height=\"350\" title=\"jakosc\" loading=\"lazy\" role=\"img\"\/><\/figure><\/div>\n<\/div>\n\n\n\n<div class=\"wp-block-uagb-container uagb-block-66e5819a\">\n<p class=\"justy\">Laborato\u0159 pou\u017e\u00edv\u00e1 mezi jin\u00fdmi <strong>plastograf Brabender &#8211; typ EC<\/strong>, kter\u00fd umo\u017e\u0148uje rychl\u00e9 ov\u011b\u0159en\u00ed materi\u00e1l\u016f s ohledem na jejich zpracovatelnost a reologickou charakteristiku s pou\u017eit\u00edm mal\u00e9ho mno\u017estv\u00ed suroviny. Toto za\u0159\u00edzen\u00ed je pou\u017e\u00edv\u00e1no pro zpracov\u00e1n\u00ed receptur, testov\u00e1n\u00ed nov\u00fdch surovin, v\u00fdrobu vzork\u016f v laboratorn\u00edm m\u011b\u0159\u00edtku, kontrolu kvality standardn\u00ed v\u00fdroby a tak\u00e9 pro kontrolu kvalit dod\u00e1van\u00fdch surovin.<\/p>\n\n\n\n<p class=\"justy\"><strong>Plastometr &#8211; typ REO 100<\/strong> je pou\u017e\u00edv\u00e1n pro standardn\u00ed kontrolu kvality dod\u00e1vek polymern\u00edch plast\u016f a tak\u00e9 pro testy mlet\u00fdch materi\u00e1l\u016f a regranul\u00e1t\u016f s ohledem na potenci\u00e1ln\u00ed pou\u017eit\u00ed ve v\u00fdrob\u011b.<\/p>\n\n\n\n<p class=\"justy\" style=\"margin-top:0;margin-bottom:0\">Jsme vybaven\u00ed tak\u00e9 p\u0159\u00edstrojem pro testov\u00e1n\u00ed pevnosti materi\u00e1lu <strong>Zwick Roell 5kN Proline<\/strong>, kter\u00fd je nutn\u00fd pro statick\u00e9 mechanick\u00e9 zkou\u0161ky p\u0159i mal\u00e9m zat\u00ed\u017een\u00ed. Je pou\u017e\u00edv\u00e1n pro zkou\u0161ky pevnosti v tahu, tlaku a ohybu.<\/p>\n<\/div>\n<\/div>\n\n\n\n<div class=\"wp-block-uagb-container uagb-block-fc64dd88 alignwide uagb-is-root-container\">\n<div class=\"wp-block-uagb-container uagb-block-66b232f8\">\n<p class=\"justy\"><strong>Rockwell\u016fv tvrdom\u011br &#8211; XHDC 150<\/strong> je pou\u017e\u00edv\u00e1n pro zkou\u0161ky tvrdosti plast\u016f zalo\u017eenou na pou\u017eit\u00ed zku\u0161ebn\u00edho t\u011blesa &#8211; indentoru &#8211; ve tvaru kuli\u010dky v m\u011b\u0159ic\u00edch stupnic\u00edch HRE, HRL, HRM, HRR.<\/p>\n\n\n\n<p class=\"justy\">Na\u0161e laborato\u0159 m\u00e1 tak\u00e9 k dispozici<strong> m\u011b\u0159ic\u00ed p\u0159\u00edstroj Metriso 2000 pro<\/strong> m\u011b\u0159en\u00ed elektrick\u00fdch veli\u010din, jako povrchov\u00fd odpor, kapacita a uzemn\u011bn\u00ed, v dan\u00e9 vlhkosti a za dan\u00e9 teploty.<\/p>\n\n\n\n<p class=\"justy\" style=\"margin-top:0;margin-bottom:0\">Kde\u017eto <strong>spektrofotometr SP64 pro<\/strong> m\u011b\u0159en\u00ed barev umo\u017e\u0148uje rychl\u00e9 a p\u0159esn\u00e9 m\u011b\u0159en\u00ed barvy. SP64 spolupracuje se softwarem ur\u010den\u00fdm pro kontrol kvality Color Master, jen\u017e je spojen se syst\u00e9mem \u0159\u00edzen\u00ed receptur. Program ur\u010duje stupe\u0148 spln\u011bn\u00ed po\u017eadavk\u016f a tak\u00e9 umo\u017e\u0148uje archivovat \u00fadaje, kter\u00e9 se t\u00fdkaj\u00ed m\u011b\u0159en\u00ed.<\/p>\n<\/div>\n\n\n\n<div class=\"wp-block-uagb-container uagb-block-46b76f36\">\n<div class=\"wp-block-uagb-image uagb-block-b90a2a3b wp-block-uagb-image--layout-default wp-block-uagb-image--effect-static wp-block-uagb-image--align-none fullWidth\"><figure class=\"wp-block-uagb-image__figure\"><img decoding=\"async\" srcset=\"https:\/\/th-extrusion.eu\/wp-content\/uploads\/2024\/05\/aplikacje.jpg ,https:\/\/th-extrusion.eu\/wp-content\/uploads\/2024\/05\/aplikacje.jpg 780w, https:\/\/th-extrusion.eu\/wp-content\/uploads\/2024\/05\/aplikacje.jpg 360w\" sizes=\"auto, (max-width: 480px) 150px\" src=\"https:\/\/th-extrusion.eu\/wp-content\/uploads\/2024\/05\/aplikacje.jpg\" alt=\"aplikacje\" class=\"uag-image-210\" width=\"600\" height=\"350\" title=\"aplikacje\" loading=\"lazy\" role=\"img\"\/><\/figure><\/div>\n<\/div>\n<\/div>\n\n\n\n<div class=\"wp-block-uagb-container uagb-block-60adfb7e alignwide uagb-is-root-container\">\n<p class=\"has-text-align-center has-ast-global-color-2-color has-text-color has-link-color wp-elements-a2ef7ec7a2b20956cd06c82f62fef9e2\" style=\"margin-top:0;margin-bottom:0;padding-top:0;padding-bottom:0\"><strong>Vynakl\u00e1d\u00e1me ve\u0161ker\u00e9 \u00fasil\u00ed, abychom splnili vysok\u00e9 po\u017eadavky na\u0161ich z\u00e1kazn\u00edk\u016f!<\/strong><\/p>\n<\/div>\n\n\n\n<div class=\"wp-block-uagb-container uagb-block-01bdf848 alignwide uagb-is-root-container\">\n<div class=\"wp-block-uagb-container uagb-block-1930a34d\">\n<div class=\"wp-block-uagb-advanced-heading uagb-block-b7436000\"><h2 class=\"uagb-heading-text\">Hled\u00e1te optim\u00e1ln\u00ed \u0159e\u0161en\u00ed?<\/h2><\/div>\n\n\n\n<div class=\"wp-block-uagb-buttons uagb-buttons__outer-wrap uagb-btn__medium-btn uagb-btn-tablet__default-btn uagb-btn-mobile__default-btn uagb-block-079ec436\"><div class=\"uagb-buttons__wrap uagb-buttons-layout-wrap \">\n<div class=\"wp-block-uagb-buttons-child uagb-buttons__outer-wrap uagb-block-418d4501 wp-block-button\"><div class=\"uagb-button__wrapper\"><a class=\"uagb-buttons-repeater wp-block-button__link\" aria-label=\"\" href=\"https:\/\/th-extrusion.eu\/cs\/kontakt\/\" rel=\"follow noopener\" target=\"_self\" role=\"button\"><div class=\"uagb-button__link\">Kontaktujte n\u00e1s!<\/div><\/a><\/div><\/div>\n<\/div><\/div>\n<\/div>\n<\/div>\n","protected":false},"excerpt":{"rendered":"KVALITA A LABORATO\u0158 Specializujeme se na extruzi a koextruzi technick\u00fdch profil\u016f z plast\u016f V\u0161echny v\u00fdrobn\u00ed procesy ve spole\u010dnosti Thermoplast jsou [&hellip;]","protected":false},"author":1,"featured_media":115,"parent":0,"menu_order":0,"comment_status":"closed","ping_status":"closed","template":"","meta":{"inline_featured_image":false,"_uag_custom_page_level_css":".fullWidth {\n\theight:100%;\n}\n\n.fullWidth img {\n\theight:100% !important;\n}","site-sidebar-layout":"default","site-content-layout":"","ast-site-content-layout":"default","site-content-style":"default","site-sidebar-style":"default","ast-global-header-display":"","ast-banner-title-visibility":"","ast-main-header-display":"","ast-hfb-above-header-display":"","ast-hfb-below-header-display":"","ast-hfb-mobile-header-display":"","site-post-title":"disabled","ast-breadcrumbs-content":"","ast-featured-img":"","footer-sml-layout":"","ast-disable-related-posts":"","theme-transparent-header-meta":"","adv-header-id-meta":"","stick-header-meta":"","header-above-stick-meta":"","header-main-stick-meta":"","header-below-stick-meta":"","astra-migrate-meta-layouts":"default","ast-page-background-enabled":"default","ast-page-background-meta":{"desktop":{"background-color":"var(--ast-global-color-4)","background-image":"","background-repeat":"repeat","background-position":"center center","background-size":"auto","background-attachment":"scroll","background-type":"","background-media":"","overlay-type":"","overlay-color":"","overlay-opacity":"","overlay-gradient":""},"tablet":{"background-color":"","background-image":"","background-repeat":"repeat","background-position":"center center","background-size":"auto","background-attachment":"scroll","background-type":"","background-media":"","overlay-type":"","overlay-color":"","overlay-opacity":"","overlay-gradient":""},"mobile":{"background-color":"","background-image":"","background-repeat":"repeat","background-position":"center center","background-size":"auto","background-attachment":"scroll","background-type":"","background-media":"","overlay-type":"","overlay-color":"","overlay-opacity":"","overlay-gradient":""}},"ast-content-background-meta":{"desktop":{"background-color":"var(--ast-global-color-5)","background-image":"","background-repeat":"repeat","background-position":"center center","background-size":"auto","background-attachment":"scroll","background-type":"","background-media":"","overlay-type":"","overlay-color":"","overlay-opacity":"","overlay-gradient":""},"tablet":{"background-color":"var(--ast-global-color-5)","background-image":"","background-repeat":"repeat","background-position":"center center","background-size":"auto","background-attachment":"scroll","background-type":"","background-media":"","overlay-type":"","overlay-color":"","overlay-opacity":"","overlay-gradient":""},"mobile":{"background-color":"var(--ast-global-color-5)","background-image":"","background-repeat":"repeat","background-position":"center center","background-size":"auto","background-attachment":"scroll","background-type":"","background-media":"","overlay-type":"","overlay-color":"","overlay-opacity":"","overlay-gradient":""}},"footnotes":""},"class_list":["post-1047","page","type-page","status-publish","has-post-thumbnail","hentry"],"yoast_head":"<!-- This site is optimized with the Yoast SEO plugin v27.3 - https:\/\/yoast.com\/product\/yoast-seo-wordpress\/ -->\n<title>Kvalita a laborato\u0159 - Th-Extrusion<\/title>\n<meta name=\"description\" content=\"Laboratorn\u00ed kontrola ka\u017ed\u00e9 f\u00e1ze v\u00fdroby zaru\u010duje vysokou kvalitu na\u0161ich v\u00fdrobk\u016f. Pracujeme v souladu s normou ISO 9001.\" \/>\n<meta name=\"robots\" content=\"index, follow, max-snippet:-1, max-image-preview:large, max-video-preview:-1\" \/>\n<link rel=\"canonical\" href=\"https:\/\/th-extrusion.eu\/cs\/kvalita-a-laborator\/\" \/>\n<meta property=\"og:locale\" content=\"cs_CZ\" \/>\n<meta property=\"og:type\" content=\"article\" \/>\n<meta property=\"og:title\" content=\"Kvalita a laborato\u0159 - Th-Extrusion\" \/>\n<meta property=\"og:description\" content=\"Laboratorn\u00ed kontrola ka\u017ed\u00e9 f\u00e1ze v\u00fdroby zaru\u010duje vysokou kvalitu na\u0161ich v\u00fdrobk\u016f. Pracujeme v souladu s normou ISO 9001.\" \/>\n<meta property=\"og:url\" content=\"https:\/\/th-extrusion.eu\/cs\/kvalita-a-laborator\/\" \/>\n<meta property=\"og:site_name\" content=\"Th-Extrusion\" \/>\n<meta property=\"article:publisher\" content=\"https:\/\/www.facebook.com\/search\/top?q=thermoplastpermanentdevelopments.a.\" \/>\n<meta property=\"article:modified_time\" content=\"2025-03-05T07:20:42+00:00\" \/>\n<meta property=\"og:image\" content=\"https:\/\/th-extrusion.eu\/wp-content\/uploads\/2024\/05\/logo-linedin-300x300-11.jpg\" \/>\n\t<meta property=\"og:image:width\" content=\"300\" \/>\n\t<meta property=\"og:image:height\" content=\"300\" \/>\n\t<meta property=\"og:image:type\" content=\"image\/jpeg\" \/>\n<meta name=\"twitter:card\" content=\"summary_large_image\" \/>\n<meta name=\"twitter:label1\" content=\"Odhadovan\u00e1 doba \u010dten\u00ed\" \/>\n\t<meta name=\"twitter:data1\" content=\"3 minuty\" \/>\n<script type=\"application\/ld+json\" class=\"yoast-schema-graph\">{\"@context\":\"https:\\\/\\\/schema.org\",\"@graph\":[{\"@type\":\"WebPage\",\"@id\":\"https:\\\/\\\/th-extrusion.eu\\\/cs\\\/kvalita-a-laborator\\\/\",\"url\":\"https:\\\/\\\/th-extrusion.eu\\\/cs\\\/kvalita-a-laborator\\\/\",\"name\":\"Kvalita a laborato\u0159 - Th-Extrusion\",\"isPartOf\":{\"@id\":\"https:\\\/\\\/th-extrusion.eu\\\/cs\\\/#website\"},\"primaryImageOfPage\":{\"@id\":\"https:\\\/\\\/th-extrusion.eu\\\/cs\\\/kvalita-a-laborator\\\/#primaryimage\"},\"image\":{\"@id\":\"https:\\\/\\\/th-extrusion.eu\\\/cs\\\/kvalita-a-laborator\\\/#primaryimage\"},\"thumbnailUrl\":\"https:\\\/\\\/th-extrusion.eu\\\/wp-content\\\/uploads\\\/2024\\\/05\\\/logo-linedin-300x300-11.jpg\",\"datePublished\":\"2024-05-19T14:42:57+00:00\",\"dateModified\":\"2025-03-05T07:20:42+00:00\",\"description\":\"Laboratorn\u00ed kontrola ka\u017ed\u00e9 f\u00e1ze v\u00fdroby zaru\u010duje vysokou kvalitu na\u0161ich v\u00fdrobk\u016f. Pracujeme v souladu s normou ISO 9001.\",\"breadcrumb\":{\"@id\":\"https:\\\/\\\/th-extrusion.eu\\\/cs\\\/kvalita-a-laborator\\\/#breadcrumb\"},\"inLanguage\":\"cs\",\"potentialAction\":[{\"@type\":\"ReadAction\",\"target\":[\"https:\\\/\\\/th-extrusion.eu\\\/cs\\\/kvalita-a-laborator\\\/\"]}]},{\"@type\":\"ImageObject\",\"inLanguage\":\"cs\",\"@id\":\"https:\\\/\\\/th-extrusion.eu\\\/cs\\\/kvalita-a-laborator\\\/#primaryimage\",\"url\":\"https:\\\/\\\/th-extrusion.eu\\\/wp-content\\\/uploads\\\/2024\\\/05\\\/logo-linedin-300x300-11.jpg\",\"contentUrl\":\"https:\\\/\\\/th-extrusion.eu\\\/wp-content\\\/uploads\\\/2024\\\/05\\\/logo-linedin-300x300-11.jpg\",\"width\":300,\"height\":300},{\"@type\":\"BreadcrumbList\",\"@id\":\"https:\\\/\\\/th-extrusion.eu\\\/cs\\\/kvalita-a-laborator\\\/#breadcrumb\",\"itemListElement\":[{\"@type\":\"ListItem\",\"position\":1,\"name\":\"Strona g\u0142\u00f3wna\",\"item\":\"https:\\\/\\\/th-extrusion.eu\\\/cs\\\/\"},{\"@type\":\"ListItem\",\"position\":2,\"name\":\"Kvalita a laborato\u0159\"}]},{\"@type\":\"WebSite\",\"@id\":\"https:\\\/\\\/th-extrusion.eu\\\/cs\\\/#website\",\"url\":\"https:\\\/\\\/th-extrusion.eu\\\/cs\\\/\",\"name\":\"Th-Extrusion.eu\",\"description\":\"Thermoplast has over 30 years of experience in designing and building tools for extrusion, co-extrusion and post-extrusion of custom technical profiles\",\"publisher\":{\"@id\":\"https:\\\/\\\/th-extrusion.eu\\\/cs\\\/#organization\"},\"potentialAction\":[{\"@type\":\"SearchAction\",\"target\":{\"@type\":\"EntryPoint\",\"urlTemplate\":\"https:\\\/\\\/th-extrusion.eu\\\/cs\\\/?s={search_term_string}\"},\"query-input\":{\"@type\":\"PropertyValueSpecification\",\"valueRequired\":true,\"valueName\":\"search_term_string\"}}],\"inLanguage\":\"cs\"},{\"@type\":\"Organization\",\"@id\":\"https:\\\/\\\/th-extrusion.eu\\\/cs\\\/#organization\",\"name\":\"Thermoplast\",\"url\":\"https:\\\/\\\/th-extrusion.eu\\\/cs\\\/\",\"logo\":{\"@type\":\"ImageObject\",\"inLanguage\":\"cs\",\"@id\":\"https:\\\/\\\/th-extrusion.eu\\\/cs\\\/#\\\/schema\\\/logo\\\/image\\\/\",\"url\":\"https:\\\/\\\/th-extrusion.eu\\\/wp-content\\\/uploads\\\/2024\\\/05\\\/thermoplast-logo-th-extrusion1.svg\",\"contentUrl\":\"https:\\\/\\\/th-extrusion.eu\\\/wp-content\\\/uploads\\\/2024\\\/05\\\/thermoplast-logo-th-extrusion1.svg\",\"width\":156,\"height\":47,\"caption\":\"Thermoplast\"},\"image\":{\"@id\":\"https:\\\/\\\/th-extrusion.eu\\\/cs\\\/#\\\/schema\\\/logo\\\/image\\\/\"},\"sameAs\":[\"https:\\\/\\\/www.facebook.com\\\/search\\\/top?q=thermoplastpermanentdevelopments.a.\"]}]}<\/script>\n<!-- \/ Yoast SEO plugin. -->","yoast_head_json":{"title":"Kvalita a laborato\u0159 - Th-Extrusion","description":"Laboratorn\u00ed kontrola ka\u017ed\u00e9 f\u00e1ze v\u00fdroby zaru\u010duje vysokou kvalitu na\u0161ich v\u00fdrobk\u016f. Pracujeme v souladu s normou ISO 9001.","robots":{"index":"index","follow":"follow","max-snippet":"max-snippet:-1","max-image-preview":"max-image-preview:large","max-video-preview":"max-video-preview:-1"},"canonical":"https:\/\/th-extrusion.eu\/cs\/kvalita-a-laborator\/","og_locale":"cs_CZ","og_type":"article","og_title":"Kvalita a laborato\u0159 - Th-Extrusion","og_description":"Laboratorn\u00ed kontrola ka\u017ed\u00e9 f\u00e1ze v\u00fdroby zaru\u010duje vysokou kvalitu na\u0161ich v\u00fdrobk\u016f. Pracujeme v souladu s normou ISO 9001.","og_url":"https:\/\/th-extrusion.eu\/cs\/kvalita-a-laborator\/","og_site_name":"Th-Extrusion","article_publisher":"https:\/\/www.facebook.com\/search\/top?q=thermoplastpermanentdevelopments.a.","article_modified_time":"2025-03-05T07:20:42+00:00","og_image":[{"width":300,"height":300,"url":"https:\/\/th-extrusion.eu\/wp-content\/uploads\/2024\/05\/logo-linedin-300x300-11.jpg","type":"image\/jpeg"}],"twitter_card":"summary_large_image","twitter_misc":{"Odhadovan\u00e1 doba \u010dten\u00ed":"3 minuty"},"schema":{"@context":"https:\/\/schema.org","@graph":[{"@type":"WebPage","@id":"https:\/\/th-extrusion.eu\/cs\/kvalita-a-laborator\/","url":"https:\/\/th-extrusion.eu\/cs\/kvalita-a-laborator\/","name":"Kvalita a laborato\u0159 - Th-Extrusion","isPartOf":{"@id":"https:\/\/th-extrusion.eu\/cs\/#website"},"primaryImageOfPage":{"@id":"https:\/\/th-extrusion.eu\/cs\/kvalita-a-laborator\/#primaryimage"},"image":{"@id":"https:\/\/th-extrusion.eu\/cs\/kvalita-a-laborator\/#primaryimage"},"thumbnailUrl":"https:\/\/th-extrusion.eu\/wp-content\/uploads\/2024\/05\/logo-linedin-300x300-11.jpg","datePublished":"2024-05-19T14:42:57+00:00","dateModified":"2025-03-05T07:20:42+00:00","description":"Laboratorn\u00ed kontrola ka\u017ed\u00e9 f\u00e1ze v\u00fdroby zaru\u010duje vysokou kvalitu na\u0161ich v\u00fdrobk\u016f. Pracujeme v souladu s normou ISO 9001.","breadcrumb":{"@id":"https:\/\/th-extrusion.eu\/cs\/kvalita-a-laborator\/#breadcrumb"},"inLanguage":"cs","potentialAction":[{"@type":"ReadAction","target":["https:\/\/th-extrusion.eu\/cs\/kvalita-a-laborator\/"]}]},{"@type":"ImageObject","inLanguage":"cs","@id":"https:\/\/th-extrusion.eu\/cs\/kvalita-a-laborator\/#primaryimage","url":"https:\/\/th-extrusion.eu\/wp-content\/uploads\/2024\/05\/logo-linedin-300x300-11.jpg","contentUrl":"https:\/\/th-extrusion.eu\/wp-content\/uploads\/2024\/05\/logo-linedin-300x300-11.jpg","width":300,"height":300},{"@type":"BreadcrumbList","@id":"https:\/\/th-extrusion.eu\/cs\/kvalita-a-laborator\/#breadcrumb","itemListElement":[{"@type":"ListItem","position":1,"name":"Strona g\u0142\u00f3wna","item":"https:\/\/th-extrusion.eu\/cs\/"},{"@type":"ListItem","position":2,"name":"Kvalita a laborato\u0159"}]},{"@type":"WebSite","@id":"https:\/\/th-extrusion.eu\/cs\/#website","url":"https:\/\/th-extrusion.eu\/cs\/","name":"Th-Extrusion.eu","description":"Thermoplast has over 30 years of experience in designing and building tools for extrusion, co-extrusion and post-extrusion of custom technical profiles","publisher":{"@id":"https:\/\/th-extrusion.eu\/cs\/#organization"},"potentialAction":[{"@type":"SearchAction","target":{"@type":"EntryPoint","urlTemplate":"https:\/\/th-extrusion.eu\/cs\/?s={search_term_string}"},"query-input":{"@type":"PropertyValueSpecification","valueRequired":true,"valueName":"search_term_string"}}],"inLanguage":"cs"},{"@type":"Organization","@id":"https:\/\/th-extrusion.eu\/cs\/#organization","name":"Thermoplast","url":"https:\/\/th-extrusion.eu\/cs\/","logo":{"@type":"ImageObject","inLanguage":"cs","@id":"https:\/\/th-extrusion.eu\/cs\/#\/schema\/logo\/image\/","url":"https:\/\/th-extrusion.eu\/wp-content\/uploads\/2024\/05\/thermoplast-logo-th-extrusion1.svg","contentUrl":"https:\/\/th-extrusion.eu\/wp-content\/uploads\/2024\/05\/thermoplast-logo-th-extrusion1.svg","width":156,"height":47,"caption":"Thermoplast"},"image":{"@id":"https:\/\/th-extrusion.eu\/cs\/#\/schema\/logo\/image\/"},"sameAs":["https:\/\/www.facebook.com\/search\/top?q=thermoplastpermanentdevelopments.a."]}]}},"uagb_featured_image_src":{"full":["https:\/\/th-extrusion.eu\/wp-content\/uploads\/2024\/05\/logo-linedin-300x300-11.jpg",300,300,false],"thumbnail":["https:\/\/th-extrusion.eu\/wp-content\/uploads\/2024\/05\/logo-linedin-300x300-11-150x150.jpg",150,150,true],"medium":["https:\/\/th-extrusion.eu\/wp-content\/uploads\/2024\/05\/logo-linedin-300x300-11.jpg",300,300,false],"medium_large":["https:\/\/th-extrusion.eu\/wp-content\/uploads\/2024\/05\/logo-linedin-300x300-11.jpg",300,300,false],"large":["https:\/\/th-extrusion.eu\/wp-content\/uploads\/2024\/05\/logo-linedin-300x300-11.jpg",300,300,false],"1536x1536":["https:\/\/th-extrusion.eu\/wp-content\/uploads\/2024\/05\/logo-linedin-300x300-11.jpg",300,300,false],"2048x2048":["https:\/\/th-extrusion.eu\/wp-content\/uploads\/2024\/05\/logo-linedin-300x300-11.jpg",300,300,false]},"uagb_author_info":{"display_name":"Michal","author_link":"https:\/\/th-extrusion.eu\/cs\/author\/michal\/"},"uagb_comment_info":0,"uagb_excerpt":"KVALITA A LABORATO\u0158 Specializujeme se na extruzi a koextruzi technick\u00fdch profil\u016f z plast\u016f V\u0161echny v\u00fdrobn\u00ed procesy ve spole\u010dnosti Thermoplast jsou [&hellip;]","_links":{"self":[{"href":"https:\/\/th-extrusion.eu\/cs\/wp-json\/wp\/v2\/pages\/1047","targetHints":{"allow":["GET"]}}],"collection":[{"href":"https:\/\/th-extrusion.eu\/cs\/wp-json\/wp\/v2\/pages"}],"about":[{"href":"https:\/\/th-extrusion.eu\/cs\/wp-json\/wp\/v2\/types\/page"}],"author":[{"embeddable":true,"href":"https:\/\/th-extrusion.eu\/cs\/wp-json\/wp\/v2\/users\/1"}],"replies":[{"embeddable":true,"href":"https:\/\/th-extrusion.eu\/cs\/wp-json\/wp\/v2\/comments?post=1047"}],"version-history":[{"count":8,"href":"https:\/\/th-extrusion.eu\/cs\/wp-json\/wp\/v2\/pages\/1047\/revisions"}],"predecessor-version":[{"id":1681,"href":"https:\/\/th-extrusion.eu\/cs\/wp-json\/wp\/v2\/pages\/1047\/revisions\/1681"}],"wp:featuredmedia":[{"embeddable":true,"href":"https:\/\/th-extrusion.eu\/cs\/wp-json\/wp\/v2\/media\/115"}],"wp:attachment":[{"href":"https:\/\/th-extrusion.eu\/cs\/wp-json\/wp\/v2\/media?parent=1047"}],"curies":[{"name":"wp","href":"https:\/\/api.w.org\/{rel}","templated":true}]}}