{"id":957,"date":"2024-05-19T16:41:03","date_gmt":"2024-05-19T14:41:03","guid":{"rendered":"https:\/\/th-extrusion.eu\/o-nas\/"},"modified":"2025-03-05T08:16:35","modified_gmt":"2025-03-05T07:16:35","slug":"uber-uns","status":"publish","type":"page","link":"https:\/\/th-extrusion.eu\/de\/uber-uns\/","title":{"rendered":"Uber uns"},"content":{"rendered":"\n<div class=\"wp-block-uagb-container uagb-block-44002778 alignwide uagb-is-root-container\">\n<div class=\"wp-block-uagb-container uagb-block-4a51b0b4\">\n<div data-aos= \"fade-right\" data-aos-duration=\"400\" data-aos-delay=\"0\" data-aos-easing=\"ease\" data-aos-once=\"true\" class=\"wp-block-uagb-advanced-heading uagb-block-aa8dd194\"><h1 class=\"uagb-heading-text\">UBER UNS<\/h1><\/div>\n\n\n\n<div data-aos= \"fade-right\" data-aos-duration=\"400\" data-aos-delay=\"0\" data-aos-easing=\"ease\" data-aos-once=\"true\" class=\"wp-block-uagb-advanced-heading uagb-block-885d1912\"><h2 class=\"uagb-heading-text\">Wir garantieren einen umfassenden Service im Zusammenhang mit kundenspezifischen technischen Profilen auf Bestellung<\/h2><\/div>\n<\/div>\n<\/div>\n\n\n\n<div class=\"wp-block-uagb-container uagb-block-a60edd37 alignwide uagb-is-root-container\">\n<div class=\"wp-block-uagb-container uagb-block-348e44bb\">\n<p class=\"justy\">Wir verf\u00fcgen \u00fcber mehr als 30 Jahre Erfahrung in der Entwicklung und Herstellung von Extrusions-, Co-Extrusions- und Postcoextrusionwerkzeugen f\u00fcr ma\u00dfgeschneiderte technische Profile auf Anfrage der Kunden aus verschiedenen Industriebranchen. Wir f\u00fchren individuelle Projekte auch f\u00fcr die kompliziertesten technischen Profile in Bezug auf die Form, das Material und Einsatzbedingungen durch.<\/p>\n\n\n\n<p class=\"justy\">Wir gew\u00e4hrleisten einen umfassenden Kundendienst im Zusammenhang mit nicht standardm\u00e4\u00dfigen technischen Profilen, beginnend mit dem Entwurf, \u00fcber die Konstruktion der Werkzeugausr\u00fcstung, denExtrusionsprozessbis hin zur Lieferung des fertigen Produkts.<\/p>\n\n\n\n<p>Ingenieure und Technologen der F&amp;E-Abteilung entwickeln optimale L\u00f6sungen, indem sie Extrusionswerkzeuge konstruieren und damit individuelle Kundenauftr\u00e4ge erf\u00fcllen.<br>In der Abteilung Werkzeugbau werden dann von unseren Fachkr\u00e4ftenExtrusionswerkzeuge unter Verwendung eines modernen Maschinenparks in kurzer Zeit gebaut.<\/p>\n<\/div>\n\n\n\n<div class=\"wp-block-uagb-container uagb-block-cd0db668\">\n<div class=\"wp-block-uagb-image uagb-block-080e6825 wp-block-uagb-image--layout-default wp-block-uagb-image--effect-static wp-block-uagb-image--align-none fullWidth\"><figure class=\"wp-block-uagb-image__figure\"><img decoding=\"async\" srcset=\"https:\/\/th-extrusion.eu\/wp-content\/uploads\/2024\/06\/th-ettrusion-onas.jpg ,https:\/\/th-extrusion.eu\/wp-content\/uploads\/2024\/06\/th-ettrusion-onas.jpg 780w, https:\/\/th-extrusion.eu\/wp-content\/uploads\/2024\/06\/th-ettrusion-onas.jpg 360w\" sizes=\"auto, (max-width: 480px) 150px\" src=\"https:\/\/th-extrusion.eu\/wp-content\/uploads\/2024\/06\/th-ettrusion-onas.jpg\" alt=\"th-ettrusion-onas\" class=\"uag-image-592\" width=\"600\" height=\"350\" title=\"th-ettrusion-onas\" loading=\"lazy\" role=\"img\"\/><\/figure><\/div>\n<\/div>\n<\/div>\n\n\n\n<div class=\"wp-block-uagb-container uagb-block-12e1c450 alignwide uagb-is-root-container\">\n<div class=\"wp-block-uagb-container uagb-block-8bfdc72d\">\n<div class=\"wp-block-uagb-image uagb-block-4b04fcb3 wp-block-uagb-image--layout-default wp-block-uagb-image--effect-static wp-block-uagb-image--align-none fullWidth\"><figure class=\"wp-block-uagb-image__figure\"><img decoding=\"async\" srcset=\"https:\/\/th-extrusion.eu\/wp-content\/uploads\/2024\/06\/narzedzie.jpg ,https:\/\/th-extrusion.eu\/wp-content\/uploads\/2024\/06\/narzedzie.jpg 780w, https:\/\/th-extrusion.eu\/wp-content\/uploads\/2024\/06\/narzedzie.jpg 360w\" sizes=\"auto, (max-width: 480px) 150px\" src=\"https:\/\/th-extrusion.eu\/wp-content\/uploads\/2024\/06\/narzedzie.jpg\" alt=\"narzedzie\" class=\"uag-image-604\" width=\"600\" height=\"350\" title=\"narzedzie\" loading=\"lazy\" role=\"img\"\/><\/figure><\/div>\n<\/div>\n\n\n\n<div class=\"wp-block-uagb-container uagb-block-66e5819a\">\n<p class=\"justy\">Thermoplast verf\u00fcgt \u00fcber ihren eigenen Werkzeugbau, der mit einem modernen Maschinenpark ausgestattet ist (Elektroerosionsmaschinen, Drehb\u00e4nke, Fr\u00e4smaschinen, Bohrer, Schleifmaschinen, S\u00e4gen usw.), dank dessen die Konstruktion eines Extrusionswerkzeugs nur wenig Zeit in Anspruch nimmt und das entwickelte ERP-Werkzeugmodul die Prozess\u00fcberwachung erm\u00f6glicht.<\/p>\n\n\n\n<p class=\"justy\">Wir verf\u00fcgen auch \u00fcber eine moderne Mischanlage, die es uns erm\u00f6glicht, von unseren Spezialisten entwickelte Mischungen vorzubereiten, die in Bezug auf Zusammensetzung und technische Parameter optimal sind.<\/p>\n\n\n\n<p class=\"justy\">Mit 15 Produktionslinien k\u00f6nnen wir 50 Mio. lfm Profile fertigen und 12 Mio. kg Kunststoffe pro Jahr verarbeiten. Wir extrudieren Profile mit dem Gewicht von 15 g\/m bis 3500 g\/m.<\/p>\n<\/div>\n<\/div>\n\n\n\n<div class=\"wp-block-uagb-container uagb-block-fc64dd88 alignwide uagb-is-root-container\">\n<div class=\"wp-block-uagb-container uagb-block-66b232f8\">\n<p class=\"justy\">Bei der Herstellung des Produkts verwenden wir verschiedene Methoden zum Dekorieren und Veredeln von Oberfl\u00e4chen ( u.a. Bedrucken, Folieren, Furnieren, Pr\u00e4gen)sowie Biegetechniken unter Einsatz von Fl\u00fcssigkeiten sowie Nachbearbeitungstechniken (Bohren, Schneiden, Stanzen) an. Die Schnittgenauigkeit wird durch automatische S\u00e4gen, Stanzen und den Einsatz der Hei\u00dfmessertechnik gew\u00e4hrleistet.<\/p>\n\n\n\n<p class=\"justy\">Ein g\u00fcnstiges Preis-Leistungs-Verh\u00e4ltnis ist unsere Visitenkarte. Wir setzen alles daran, nicht nur die Qualit\u00e4t der Produkte und Dienstleistungen, sondern auch den Preis attraktiver als in anderen Unternehmen anzubieten.<\/p>\n\n\n\n<p class=\"justy\">Die meisten von Thermoplast umgesetzten Projekte unterliegen der Geheimhaltungspflicht und kundenspezifische L\u00f6sungen bleiben Eigentum des Kunden.<\/p>\n<\/div>\n\n\n\n<div class=\"wp-block-uagb-container uagb-block-46b76f36\">\n<div class=\"wp-block-uagb-image uagb-block-445e5a22 wp-block-uagb-image--layout-default wp-block-uagb-image--effect-static wp-block-uagb-image--align-none fullWidth\"><figure class=\"wp-block-uagb-image__figure\"><img decoding=\"async\" srcset=\"https:\/\/th-extrusion.eu\/wp-content\/uploads\/2024\/06\/onas.jpg ,https:\/\/th-extrusion.eu\/wp-content\/uploads\/2024\/06\/onas.jpg 780w, https:\/\/th-extrusion.eu\/wp-content\/uploads\/2024\/06\/onas.jpg 360w\" sizes=\"auto, (max-width: 480px) 150px\" src=\"https:\/\/th-extrusion.eu\/wp-content\/uploads\/2024\/06\/onas.jpg\" alt=\"onas\" class=\"uag-image-673\" width=\"600\" height=\"350\" title=\"onas\" loading=\"lazy\" role=\"img\"\/><\/figure><\/div>\n<\/div>\n<\/div>\n\n\n\n<div class=\"wp-block-uagb-container uagb-block-01bdf848 alignwide uagb-is-root-container\">\n<div class=\"wp-block-uagb-container uagb-block-1930a34d\">\n<div class=\"wp-block-uagb-advanced-heading uagb-block-b7436000\"><h2 class=\"uagb-heading-text\"><strong>Erz\u00e4hlen Sie uns von Ihrer Idee, und unsere Spezialisten werden sie in ein einzigartiges Profil verwandeln!<\/strong><\/h2><\/div>\n\n\n\n<div class=\"wp-block-uagb-buttons uagb-buttons__outer-wrap uagb-btn__medium-btn uagb-btn-tablet__default-btn uagb-btn-mobile__default-btn uagb-block-079ec436\"><div class=\"uagb-buttons__wrap uagb-buttons-layout-wrap \">\n<div class=\"wp-block-uagb-buttons-child uagb-buttons__outer-wrap uagb-block-418d4501 wp-block-button\"><div class=\"uagb-button__wrapper\"><a class=\"uagb-buttons-repeater wp-block-button__link\" aria-label=\"\" href=\"https:\/\/th-extrusion.eu\/de\/kontakt\/\" rel=\"follow noopener\" target=\"_self\" role=\"button\"><div class=\"uagb-button__link\">Hinterlassen Sie eine Nachricht<\/div><\/a><\/div><\/div>\n<\/div><\/div>\n<\/div>\n<\/div>\n","protected":false},"excerpt":{"rendered":"UBER UNS Wir garantieren einen umfassenden Service im Zusammenhang mit kundenspezifischen technischen Profilen auf Bestellung Wir verf\u00fcgen \u00fcber mehr als [&hellip;]","protected":false},"author":1,"featured_media":118,"parent":0,"menu_order":0,"comment_status":"closed","ping_status":"closed","template":"","meta":{"inline_featured_image":false,"_uag_custom_page_level_css":"\nul.lista {\n    list-style: none;\n    color: black;\n    margin: 0 ;\n}\n\nul.lista li {\n\tposition:relative;\nmargin: 0;\n}\n\nul.lista li:before {\n    content: url(https:\/\/th-extrusion.eu\/wp-content\/uploads\/2024\/05\/square51.svg);\n    width: 5px;\n    height: 5px;\n    position: absolute;\n    top: -2px;\n    left: -10px;\n}\n.productList {\n  display: flex;\n  justify-content: space-between;\n  font-size: 12px;\n\tmargin-bottom: 15px;\n}\n\n.productList ul.lista{\n  padding-left: 10px;\n}\n.fullWidth {\n\theight:100%;\n}\n\n.fullWidth img {\n\theight:100% !important;\n}","site-sidebar-layout":"default","site-content-layout":"","ast-site-content-layout":"default","site-content-style":"boxed","site-sidebar-style":"default","ast-global-header-display":"","ast-banner-title-visibility":"","ast-main-header-display":"","ast-hfb-above-header-display":"","ast-hfb-below-header-display":"","ast-hfb-mobile-header-display":"","site-post-title":"disabled","ast-breadcrumbs-content":"","ast-featured-img":"","footer-sml-layout":"","ast-disable-related-posts":"","theme-transparent-header-meta":"","adv-header-id-meta":"","stick-header-meta":"","header-above-stick-meta":"","header-main-stick-meta":"","header-below-stick-meta":"","astra-migrate-meta-layouts":"default","ast-page-background-enabled":"default","ast-page-background-meta":{"desktop":{"background-color":"var(--ast-global-color-4)","background-image":"","background-repeat":"repeat","background-position":"center center","background-size":"auto","background-attachment":"scroll","background-type":"","background-media":"","overlay-type":"","overlay-color":"","overlay-opacity":"","overlay-gradient":""},"tablet":{"background-color":"","background-image":"","background-repeat":"repeat","background-position":"center center","background-size":"auto","background-attachment":"scroll","background-type":"","background-media":"","overlay-type":"","overlay-color":"","overlay-opacity":"","overlay-gradient":""},"mobile":{"background-color":"","background-image":"","background-repeat":"repeat","background-position":"center center","background-size":"auto","background-attachment":"scroll","background-type":"","background-media":"","overlay-type":"","overlay-color":"","overlay-opacity":"","overlay-gradient":""}},"ast-content-background-meta":{"desktop":{"background-color":"var(--ast-global-color-5)","background-image":"","background-repeat":"repeat","background-position":"center center","background-size":"auto","background-attachment":"scroll","background-type":"","background-media":"","overlay-type":"","overlay-color":"","overlay-opacity":"","overlay-gradient":""},"tablet":{"background-color":"var(--ast-global-color-5)","background-image":"","background-repeat":"repeat","background-position":"center center","background-size":"auto","background-attachment":"scroll","background-type":"","background-media":"","overlay-type":"","overlay-color":"","overlay-opacity":"","overlay-gradient":""},"mobile":{"background-color":"var(--ast-global-color-5)","background-image":"","background-repeat":"repeat","background-position":"center center","background-size":"auto","background-attachment":"scroll","background-type":"","background-media":"","overlay-type":"","overlay-color":"","overlay-opacity":"","overlay-gradient":""}},"footnotes":""},"class_list":["post-957","page","type-page","status-publish","has-post-thumbnail","hentry"],"yoast_head":"<!-- This site is optimized with the Yoast SEO plugin v27.3 - https:\/\/yoast.com\/product\/yoast-seo-wordpress\/ -->\n<title>Hersteller technischer Profile - Thermoplast<\/title>\n<meta name=\"description\" content=\"Wir spezialisieren uns auf die Extrusion, Koextrusion und Postkoextrusion von kundenspezifischen technischen Profilen nach individuellen Kundenauftr\u00e4gen.\" \/>\n<meta name=\"robots\" content=\"index, follow, max-snippet:-1, max-image-preview:large, max-video-preview:-1\" \/>\n<link rel=\"canonical\" href=\"https:\/\/th-extrusion.eu\/de\/uber-uns\/\" \/>\n<meta property=\"og:locale\" content=\"de_DE\" \/>\n<meta property=\"og:type\" content=\"article\" \/>\n<meta property=\"og:title\" content=\"Hersteller technischer Profile - Thermoplast\" \/>\n<meta property=\"og:description\" content=\"Wir spezialisieren uns auf die Extrusion, Koextrusion und Postkoextrusion von kundenspezifischen technischen Profilen nach individuellen Kundenauftr\u00e4gen.\" \/>\n<meta property=\"og:url\" content=\"https:\/\/th-extrusion.eu\/de\/uber-uns\/\" \/>\n<meta property=\"og:site_name\" content=\"Th-Extrusion\" \/>\n<meta property=\"article:publisher\" content=\"https:\/\/www.facebook.com\/search\/top?q=thermoplastpermanentdevelopments.a.\" \/>\n<meta property=\"article:modified_time\" content=\"2025-03-05T07:16:35+00:00\" \/>\n<meta property=\"og:image\" content=\"https:\/\/th-extrusion.eu\/wp-content\/uploads\/2024\/05\/logo-linedin-300x300-11.jpg\" \/>\n\t<meta property=\"og:image:width\" content=\"300\" \/>\n\t<meta property=\"og:image:height\" content=\"300\" \/>\n\t<meta property=\"og:image:type\" content=\"image\/jpeg\" \/>\n<meta name=\"twitter:card\" content=\"summary_large_image\" \/>\n<meta name=\"twitter:label1\" content=\"Gesch\u00e4tzte Lesezeit\" \/>\n\t<meta name=\"twitter:data1\" content=\"3\u00a0Minuten\" \/>\n<script type=\"application\/ld+json\" class=\"yoast-schema-graph\">{\"@context\":\"https:\\\/\\\/schema.org\",\"@graph\":[{\"@type\":\"WebPage\",\"@id\":\"https:\\\/\\\/th-extrusion.eu\\\/de\\\/uber-uns\\\/\",\"url\":\"https:\\\/\\\/th-extrusion.eu\\\/de\\\/uber-uns\\\/\",\"name\":\"Hersteller technischer Profile - Thermoplast\",\"isPartOf\":{\"@id\":\"https:\\\/\\\/th-extrusion.eu\\\/de\\\/#website\"},\"primaryImageOfPage\":{\"@id\":\"https:\\\/\\\/th-extrusion.eu\\\/de\\\/uber-uns\\\/#primaryimage\"},\"image\":{\"@id\":\"https:\\\/\\\/th-extrusion.eu\\\/de\\\/uber-uns\\\/#primaryimage\"},\"thumbnailUrl\":\"https:\\\/\\\/th-extrusion.eu\\\/wp-content\\\/uploads\\\/2024\\\/05\\\/logo-linedin-300x300-11.jpg\",\"datePublished\":\"2024-05-19T14:41:03+00:00\",\"dateModified\":\"2025-03-05T07:16:35+00:00\",\"description\":\"Wir spezialisieren uns auf die Extrusion, Koextrusion und Postkoextrusion von kundenspezifischen technischen Profilen nach individuellen Kundenauftr\u00e4gen.\",\"breadcrumb\":{\"@id\":\"https:\\\/\\\/th-extrusion.eu\\\/de\\\/uber-uns\\\/#breadcrumb\"},\"inLanguage\":\"de\",\"potentialAction\":[{\"@type\":\"ReadAction\",\"target\":[\"https:\\\/\\\/th-extrusion.eu\\\/de\\\/uber-uns\\\/\"]}]},{\"@type\":\"ImageObject\",\"inLanguage\":\"de\",\"@id\":\"https:\\\/\\\/th-extrusion.eu\\\/de\\\/uber-uns\\\/#primaryimage\",\"url\":\"https:\\\/\\\/th-extrusion.eu\\\/wp-content\\\/uploads\\\/2024\\\/05\\\/logo-linedin-300x300-11.jpg\",\"contentUrl\":\"https:\\\/\\\/th-extrusion.eu\\\/wp-content\\\/uploads\\\/2024\\\/05\\\/logo-linedin-300x300-11.jpg\",\"width\":300,\"height\":300},{\"@type\":\"BreadcrumbList\",\"@id\":\"https:\\\/\\\/th-extrusion.eu\\\/de\\\/uber-uns\\\/#breadcrumb\",\"itemListElement\":[{\"@type\":\"ListItem\",\"position\":1,\"name\":\"Strona g\u0142\u00f3wna\",\"item\":\"https:\\\/\\\/th-extrusion.eu\\\/de\\\/\"},{\"@type\":\"ListItem\",\"position\":2,\"name\":\"Uber uns\"}]},{\"@type\":\"WebSite\",\"@id\":\"https:\\\/\\\/th-extrusion.eu\\\/de\\\/#website\",\"url\":\"https:\\\/\\\/th-extrusion.eu\\\/de\\\/\",\"name\":\"Th-Extrusion.eu\",\"description\":\"Thermoplast has over 30 years of experience in designing and building tools for extrusion, co-extrusion and post-extrusion of custom technical profiles\",\"publisher\":{\"@id\":\"https:\\\/\\\/th-extrusion.eu\\\/de\\\/#organization\"},\"potentialAction\":[{\"@type\":\"SearchAction\",\"target\":{\"@type\":\"EntryPoint\",\"urlTemplate\":\"https:\\\/\\\/th-extrusion.eu\\\/de\\\/?s={search_term_string}\"},\"query-input\":{\"@type\":\"PropertyValueSpecification\",\"valueRequired\":true,\"valueName\":\"search_term_string\"}}],\"inLanguage\":\"de\"},{\"@type\":\"Organization\",\"@id\":\"https:\\\/\\\/th-extrusion.eu\\\/de\\\/#organization\",\"name\":\"Thermoplast\",\"url\":\"https:\\\/\\\/th-extrusion.eu\\\/de\\\/\",\"logo\":{\"@type\":\"ImageObject\",\"inLanguage\":\"de\",\"@id\":\"https:\\\/\\\/th-extrusion.eu\\\/de\\\/#\\\/schema\\\/logo\\\/image\\\/\",\"url\":\"https:\\\/\\\/th-extrusion.eu\\\/wp-content\\\/uploads\\\/2024\\\/05\\\/thermoplast-logo-th-extrusion1.svg\",\"contentUrl\":\"https:\\\/\\\/th-extrusion.eu\\\/wp-content\\\/uploads\\\/2024\\\/05\\\/thermoplast-logo-th-extrusion1.svg\",\"width\":156,\"height\":47,\"caption\":\"Thermoplast\"},\"image\":{\"@id\":\"https:\\\/\\\/th-extrusion.eu\\\/de\\\/#\\\/schema\\\/logo\\\/image\\\/\"},\"sameAs\":[\"https:\\\/\\\/www.facebook.com\\\/search\\\/top?q=thermoplastpermanentdevelopments.a.\"]}]}<\/script>\n<!-- \/ Yoast SEO plugin. -->","yoast_head_json":{"title":"Hersteller technischer Profile - Thermoplast","description":"Wir spezialisieren uns auf die Extrusion, Koextrusion und Postkoextrusion von kundenspezifischen technischen Profilen nach individuellen Kundenauftr\u00e4gen.","robots":{"index":"index","follow":"follow","max-snippet":"max-snippet:-1","max-image-preview":"max-image-preview:large","max-video-preview":"max-video-preview:-1"},"canonical":"https:\/\/th-extrusion.eu\/de\/uber-uns\/","og_locale":"de_DE","og_type":"article","og_title":"Hersteller technischer Profile - Thermoplast","og_description":"Wir spezialisieren uns auf die Extrusion, Koextrusion und Postkoextrusion von kundenspezifischen technischen Profilen nach individuellen Kundenauftr\u00e4gen.","og_url":"https:\/\/th-extrusion.eu\/de\/uber-uns\/","og_site_name":"Th-Extrusion","article_publisher":"https:\/\/www.facebook.com\/search\/top?q=thermoplastpermanentdevelopments.a.","article_modified_time":"2025-03-05T07:16:35+00:00","og_image":[{"width":300,"height":300,"url":"https:\/\/th-extrusion.eu\/wp-content\/uploads\/2024\/05\/logo-linedin-300x300-11.jpg","type":"image\/jpeg"}],"twitter_card":"summary_large_image","twitter_misc":{"Gesch\u00e4tzte Lesezeit":"3\u00a0Minuten"},"schema":{"@context":"https:\/\/schema.org","@graph":[{"@type":"WebPage","@id":"https:\/\/th-extrusion.eu\/de\/uber-uns\/","url":"https:\/\/th-extrusion.eu\/de\/uber-uns\/","name":"Hersteller technischer Profile - Thermoplast","isPartOf":{"@id":"https:\/\/th-extrusion.eu\/de\/#website"},"primaryImageOfPage":{"@id":"https:\/\/th-extrusion.eu\/de\/uber-uns\/#primaryimage"},"image":{"@id":"https:\/\/th-extrusion.eu\/de\/uber-uns\/#primaryimage"},"thumbnailUrl":"https:\/\/th-extrusion.eu\/wp-content\/uploads\/2024\/05\/logo-linedin-300x300-11.jpg","datePublished":"2024-05-19T14:41:03+00:00","dateModified":"2025-03-05T07:16:35+00:00","description":"Wir spezialisieren uns auf die Extrusion, Koextrusion und Postkoextrusion von kundenspezifischen technischen Profilen nach individuellen Kundenauftr\u00e4gen.","breadcrumb":{"@id":"https:\/\/th-extrusion.eu\/de\/uber-uns\/#breadcrumb"},"inLanguage":"de","potentialAction":[{"@type":"ReadAction","target":["https:\/\/th-extrusion.eu\/de\/uber-uns\/"]}]},{"@type":"ImageObject","inLanguage":"de","@id":"https:\/\/th-extrusion.eu\/de\/uber-uns\/#primaryimage","url":"https:\/\/th-extrusion.eu\/wp-content\/uploads\/2024\/05\/logo-linedin-300x300-11.jpg","contentUrl":"https:\/\/th-extrusion.eu\/wp-content\/uploads\/2024\/05\/logo-linedin-300x300-11.jpg","width":300,"height":300},{"@type":"BreadcrumbList","@id":"https:\/\/th-extrusion.eu\/de\/uber-uns\/#breadcrumb","itemListElement":[{"@type":"ListItem","position":1,"name":"Strona g\u0142\u00f3wna","item":"https:\/\/th-extrusion.eu\/de\/"},{"@type":"ListItem","position":2,"name":"Uber uns"}]},{"@type":"WebSite","@id":"https:\/\/th-extrusion.eu\/de\/#website","url":"https:\/\/th-extrusion.eu\/de\/","name":"Th-Extrusion.eu","description":"Thermoplast has over 30 years of experience in designing and building tools for extrusion, co-extrusion and post-extrusion of custom technical profiles","publisher":{"@id":"https:\/\/th-extrusion.eu\/de\/#organization"},"potentialAction":[{"@type":"SearchAction","target":{"@type":"EntryPoint","urlTemplate":"https:\/\/th-extrusion.eu\/de\/?s={search_term_string}"},"query-input":{"@type":"PropertyValueSpecification","valueRequired":true,"valueName":"search_term_string"}}],"inLanguage":"de"},{"@type":"Organization","@id":"https:\/\/th-extrusion.eu\/de\/#organization","name":"Thermoplast","url":"https:\/\/th-extrusion.eu\/de\/","logo":{"@type":"ImageObject","inLanguage":"de","@id":"https:\/\/th-extrusion.eu\/de\/#\/schema\/logo\/image\/","url":"https:\/\/th-extrusion.eu\/wp-content\/uploads\/2024\/05\/thermoplast-logo-th-extrusion1.svg","contentUrl":"https:\/\/th-extrusion.eu\/wp-content\/uploads\/2024\/05\/thermoplast-logo-th-extrusion1.svg","width":156,"height":47,"caption":"Thermoplast"},"image":{"@id":"https:\/\/th-extrusion.eu\/de\/#\/schema\/logo\/image\/"},"sameAs":["https:\/\/www.facebook.com\/search\/top?q=thermoplastpermanentdevelopments.a."]}]}},"uagb_featured_image_src":{"full":["https:\/\/th-extrusion.eu\/wp-content\/uploads\/2024\/05\/logo-linedin-300x300-11.jpg",300,300,false],"thumbnail":["https:\/\/th-extrusion.eu\/wp-content\/uploads\/2024\/05\/logo-linedin-300x300-11-150x150.jpg",150,150,true],"medium":["https:\/\/th-extrusion.eu\/wp-content\/uploads\/2024\/05\/logo-linedin-300x300-11.jpg",300,300,false],"medium_large":["https:\/\/th-extrusion.eu\/wp-content\/uploads\/2024\/05\/logo-linedin-300x300-11.jpg",300,300,false],"large":["https:\/\/th-extrusion.eu\/wp-content\/uploads\/2024\/05\/logo-linedin-300x300-11.jpg",300,300,false],"1536x1536":["https:\/\/th-extrusion.eu\/wp-content\/uploads\/2024\/05\/logo-linedin-300x300-11.jpg",300,300,false],"2048x2048":["https:\/\/th-extrusion.eu\/wp-content\/uploads\/2024\/05\/logo-linedin-300x300-11.jpg",300,300,false]},"uagb_author_info":{"display_name":"Michal","author_link":"https:\/\/th-extrusion.eu\/de\/author\/michal\/"},"uagb_comment_info":0,"uagb_excerpt":"UBER UNS Wir garantieren einen umfassenden Service im Zusammenhang mit kundenspezifischen technischen Profilen auf Bestellung Wir verf\u00fcgen \u00fcber mehr als [&hellip;]","_links":{"self":[{"href":"https:\/\/th-extrusion.eu\/de\/wp-json\/wp\/v2\/pages\/957","targetHints":{"allow":["GET"]}}],"collection":[{"href":"https:\/\/th-extrusion.eu\/de\/wp-json\/wp\/v2\/pages"}],"about":[{"href":"https:\/\/th-extrusion.eu\/de\/wp-json\/wp\/v2\/types\/page"}],"author":[{"embeddable":true,"href":"https:\/\/th-extrusion.eu\/de\/wp-json\/wp\/v2\/users\/1"}],"replies":[{"embeddable":true,"href":"https:\/\/th-extrusion.eu\/de\/wp-json\/wp\/v2\/comments?post=957"}],"version-history":[{"count":8,"href":"https:\/\/th-extrusion.eu\/de\/wp-json\/wp\/v2\/pages\/957\/revisions"}],"predecessor-version":[{"id":1676,"href":"https:\/\/th-extrusion.eu\/de\/wp-json\/wp\/v2\/pages\/957\/revisions\/1676"}],"wp:featuredmedia":[{"embeddable":true,"href":"https:\/\/th-extrusion.eu\/de\/wp-json\/wp\/v2\/media\/118"}],"wp:attachment":[{"href":"https:\/\/th-extrusion.eu\/de\/wp-json\/wp\/v2\/media?parent=957"}],"curies":[{"name":"wp","href":"https:\/\/api.w.org\/{rel}","templated":true}]}}