{"id":967,"date":"2024-05-19T16:42:57","date_gmt":"2024-05-19T14:42:57","guid":{"rendered":"https:\/\/th-extrusion.eu\/jakosc-i-laboratorium\/"},"modified":"2025-03-05T08:20:53","modified_gmt":"2025-03-05T07:20:53","slug":"qualitat-und-labor","status":"publish","type":"page","link":"https:\/\/th-extrusion.eu\/de\/qualitat-und-labor\/","title":{"rendered":"Qualit\u00e4t und labor"},"content":{"rendered":"\n<div class=\"wp-block-uagb-container uagb-block-44002778 alignwide uagb-is-root-container\">\n<div class=\"wp-block-uagb-container uagb-block-4a51b0b4\">\n<div data-aos= \"fade-right\" data-aos-duration=\"400\" data-aos-delay=\"0\" data-aos-easing=\"ease\" data-aos-once=\"true\" class=\"wp-block-uagb-advanced-heading uagb-block-aa8dd194\"><h1 class=\"uagb-heading-text\">QUALIT\u00c4T UND LABOR<\/h1><\/div>\n\n\n\n<div data-aos= \"fade-right\" data-aos-duration=\"400\" data-aos-delay=\"0\" data-aos-easing=\"ease\" data-aos-once=\"true\" class=\"wp-block-uagb-advanced-heading uagb-block-885d1912\"><h2 class=\"uagb-heading-text\">Wir sind auf die extrusion und co-extrusion von technischen kunststoffprofilen spezialisiert<\/h2><\/div>\n<\/div>\n<\/div>\n\n\n\n<div class=\"wp-block-uagb-container uagb-block-a60edd37 alignwide uagb-is-root-container\">\n<div class=\"wp-block-uagb-container uagb-block-348e44bb\">\n<p class=\"justy\">Alle Produktionsprozesse bei Thermoplast sind nach ISO 9001 zertifiziert und die Qualit\u00e4t wird w\u00e4hrend des gesamten Produktionsprozesses von den Fachleuten unseres modernen Labors \u00fcberwacht.<\/p>\n\n\n\n<p class=\"justy\">Die Spezialisten der Kontrollabteilung \u00fcberwachen die Qualit\u00e4t der bei der Herstellung von Profilen verwendeten Rohstoffe, kontrollieren die wichtigsten Funktionsma\u00dfe des Produkts, die die Funktion der Profile bestimmen, und \u00fcberpr\u00fcfen andere Parameter des Fertigproduktes.<\/p>\n\n\n\n<p class=\"justy\" style=\"margin-top:0;margin-bottom:0\">Unseren M\u00f6glichkeiten der Qualit\u00e4tskontrolle in der Produktion liegen nicht nur die Kenntnisse und die Erfahrung der Labormitarbeiter, sondern auch moderne Ger\u00e4te zur Erh\u00f6hung der Forschungsm\u00f6glichkeiten hinsichtlich mechanischer und elektrischer Eigenschaften sowie der Farbkompatibilit\u00e4t von Materialien zugrunde.<\/p>\n<\/div>\n\n\n\n<div class=\"wp-block-uagb-container uagb-block-cd0db668\">\n<div class=\"wp-block-uagb-image uagb-block-5093a5e9 wp-block-uagb-image--layout-default wp-block-uagb-image--effect-static wp-block-uagb-image--align-none fullWidth\"><figure class=\"wp-block-uagb-image__figure\"><img decoding=\"async\" srcset=\"https:\/\/th-extrusion.eu\/wp-content\/uploads\/2024\/05\/jakosci-i-labolatorium.jpg ,https:\/\/th-extrusion.eu\/wp-content\/uploads\/2024\/05\/jakosci-i-labolatorium.jpg 780w, https:\/\/th-extrusion.eu\/wp-content\/uploads\/2024\/05\/jakosci-i-labolatorium.jpg 360w\" sizes=\"auto, (max-width: 480px) 150px\" src=\"https:\/\/th-extrusion.eu\/wp-content\/uploads\/2024\/05\/jakosci-i-labolatorium.jpg\" alt=\"In\u017cynierowie i technolodzy z Dzia\u0142u R&amp;D opracowuj\u0105 optymalne rozwi\u0105zania.\" class=\"uag-image-411\" width=\"600\" height=\"350\" title=\"In\u017cynierowie i technolodzy z Dzia\u0142u R&amp;D opracowuj\u0105 optymalne rozwi\u0105zania.\" loading=\"lazy\" role=\"img\"\/><\/figure><\/div>\n<\/div>\n<\/div>\n\n\n\n<div class=\"wp-block-uagb-container uagb-block-12e1c450 alignwide uagb-is-root-container\">\n<div class=\"wp-block-uagb-container uagb-block-8bfdc72d\">\n<div class=\"wp-block-uagb-image uagb-block-9f484fc4 wp-block-uagb-image--layout-default wp-block-uagb-image--effect-static wp-block-uagb-image--align-none fullWidth\"><figure class=\"wp-block-uagb-image__figure\"><img decoding=\"async\" srcset=\"https:\/\/th-extrusion.eu\/wp-content\/uploads\/2024\/06\/jakosc.jpg ,https:\/\/th-extrusion.eu\/wp-content\/uploads\/2024\/06\/jakosc.jpg 780w, https:\/\/th-extrusion.eu\/wp-content\/uploads\/2024\/06\/jakosc.jpg 360w\" sizes=\"auto, (max-width: 480px) 150px\" src=\"https:\/\/th-extrusion.eu\/wp-content\/uploads\/2024\/06\/jakosc.jpg\" alt=\"jakosc\" class=\"uag-image-697\" width=\"600\" height=\"350\" title=\"jakosc\" loading=\"lazy\" role=\"img\"\/><\/figure><\/div>\n<\/div>\n\n\n\n<div class=\"wp-block-uagb-container uagb-block-66e5819a\">\n<p class=\"justy\">Das Labor nimmt u.a. einen <strong>Brabender Plastographen Typ EC in Anspruch<\/strong>, der eine schnelle \u00dcberpr\u00fcfung von Materialien auf ihre Verarbeitbarkeit und rheologischen Eigenschaften unter Verwendung einer geringen Rohstoffmenge erm\u00f6glicht. Das Ger\u00e4t wird f\u00fcr die Entwicklung von Rezepturen, die Pr\u00fcfung neuer Rohstoffe, die Herstellung von Proben im Laborbereich, die Qualit\u00e4tskontrolle der laufenden Produktion und die Qualit\u00e4tskontrolle der angelieferten Rohstoffe eingesetzt.<\/p>\n\n\n\n<p class=\"justy\"><strong>Plastometer &#8211; Typ REO 100<\/strong> wwird f\u00fcr die laufende Qualit\u00e4tskontrolle von Polymerlieferungen und f\u00fcr Mahl- und Regranulattests zur Beurteilung m\u00f6glicher Anwendungen f\u00fcr die Produktion verwendet.<\/p>\n\n\n\n<p class=\"justy\" style=\"margin-top:0;margin-bottom:0\">Die Ausstattung umfasst ebenfalls eine <strong>Pr\u00fcfmaschine Zwick Roell 5kN Prolinef\u00fcr<\/strong> statisch-mechanische Pr\u00fcfungen mit geringer Belastung. Sie wird f\u00fcr Zug-, Druck- und Biegeversuche verwendet.<\/p>\n<\/div>\n<\/div>\n\n\n\n<div class=\"wp-block-uagb-container uagb-block-fc64dd88 alignwide uagb-is-root-container\">\n<div class=\"wp-block-uagb-container uagb-block-66b232f8\">\n<p class=\"justy\"><strong>Rockwell-H\u00e4rtepr\u00fcfger\u00e4t &#8211; XHDC 150<\/strong> wird zur Pr\u00fcfung der H\u00e4rte von Kunststoffen auf der Grundlage der Kugelmethode in den Messskalen HRE, HRL, HRM, HRR verwendet.<\/p>\n\n\n\n<p class=\"justy\">Unser Labor verf\u00fcgt auch \u00fcber ein <strong>Messger\u00e4t f\u00fcr elektrische Messungen &#8211; Metriso 2000<\/strong>, das zur Messung des Oberfl\u00e4chen-, Kapazit\u00e4ts- und Erdwiderstands unter bestimmten Feuchtigkeits- und Temperaturbedingungen verwendet wird.<\/p>\n\n\n\n<p class=\"justy\" style=\"margin-top:0;margin-bottom:0\">Das <strong>Spektrophotometer SP64 <\/strong>erm\u00f6glicht hingegen eine schnelle und pr\u00e4zise Farbmessung. SP64 arbeitet mit der Software Color Master zur Qualit\u00e4tskontrolle, die mit dem Rezeptursystem verbunden ist. Das Programm ermittelt, inwieweit die Anforderungen erf\u00fcllt sind, und erm\u00f6glicht die Archivierung von Messdaten.<\/p>\n<\/div>\n\n\n\n<div class=\"wp-block-uagb-container uagb-block-46b76f36\">\n<div class=\"wp-block-uagb-image uagb-block-b90a2a3b wp-block-uagb-image--layout-default wp-block-uagb-image--effect-static wp-block-uagb-image--align-none fullWidth\"><figure class=\"wp-block-uagb-image__figure\"><img decoding=\"async\" srcset=\"https:\/\/th-extrusion.eu\/wp-content\/uploads\/2024\/05\/aplikacje.jpg ,https:\/\/th-extrusion.eu\/wp-content\/uploads\/2024\/05\/aplikacje.jpg 780w, https:\/\/th-extrusion.eu\/wp-content\/uploads\/2024\/05\/aplikacje.jpg 360w\" sizes=\"auto, (max-width: 480px) 150px\" src=\"https:\/\/th-extrusion.eu\/wp-content\/uploads\/2024\/05\/aplikacje.jpg\" alt=\"aplikacje\" class=\"uag-image-210\" width=\"600\" height=\"350\" title=\"aplikacje\" loading=\"lazy\" role=\"img\"\/><\/figure><\/div>\n<\/div>\n<\/div>\n\n\n\n<div class=\"wp-block-uagb-container uagb-block-60adfb7e alignwide uagb-is-root-container\">\n<p class=\"has-text-align-center has-ast-global-color-2-color has-text-color has-link-color wp-elements-03bd6df1bdfa8cc817b79f944b7f29d8\" style=\"margin-top:0;margin-bottom:0;padding-top:0;padding-bottom:0\"><strong>Wir setzen alles daran, den hohen Anspr\u00fcchen unserer Kunden gerecht zu werden!<\/strong><\/p>\n<\/div>\n\n\n\n<div class=\"wp-block-uagb-container uagb-block-01bdf848 alignwide uagb-is-root-container\">\n<div class=\"wp-block-uagb-container uagb-block-1930a34d\">\n<div class=\"wp-block-uagb-advanced-heading uagb-block-b7436000\"><h2 class=\"uagb-heading-text\">Suchen Sie nach optimalen L\u00f6sungen?<\/h2><\/div>\n\n\n\n<div class=\"wp-block-uagb-buttons uagb-buttons__outer-wrap uagb-btn__medium-btn uagb-btn-tablet__default-btn uagb-btn-mobile__default-btn uagb-block-079ec436\"><div class=\"uagb-buttons__wrap uagb-buttons-layout-wrap \">\n<div class=\"wp-block-uagb-buttons-child uagb-buttons__outer-wrap uagb-block-418d4501 wp-block-button\"><div class=\"uagb-button__wrapper\"><a class=\"uagb-buttons-repeater wp-block-button__link\" aria-label=\"\" href=\"https:\/\/th-extrusion.eu\/de\/kontakt\/\" rel=\"follow noopener\" target=\"_self\" role=\"button\"><div class=\"uagb-button__link\">Kontaktieren Sie uns!<\/div><\/a><\/div><\/div>\n<\/div><\/div>\n<\/div>\n<\/div>\n","protected":false},"excerpt":{"rendered":"QUALIT\u00c4T UND LABOR Wir sind auf die extrusion und co-extrusion von technischen kunststoffprofilen spezialisiert Alle Produktionsprozesse bei Thermoplast sind nach [&hellip;]","protected":false},"author":1,"featured_media":118,"parent":0,"menu_order":0,"comment_status":"closed","ping_status":"closed","template":"","meta":{"inline_featured_image":false,"_uag_custom_page_level_css":".fullWidth {\n\theight:100%;\n}\n\n.fullWidth img {\n\theight:100% !important;\n}","site-sidebar-layout":"default","site-content-layout":"","ast-site-content-layout":"default","site-content-style":"default","site-sidebar-style":"default","ast-global-header-display":"","ast-banner-title-visibility":"","ast-main-header-display":"","ast-hfb-above-header-display":"","ast-hfb-below-header-display":"","ast-hfb-mobile-header-display":"","site-post-title":"disabled","ast-breadcrumbs-content":"","ast-featured-img":"","footer-sml-layout":"","ast-disable-related-posts":"","theme-transparent-header-meta":"","adv-header-id-meta":"","stick-header-meta":"","header-above-stick-meta":"","header-main-stick-meta":"","header-below-stick-meta":"","astra-migrate-meta-layouts":"default","ast-page-background-enabled":"default","ast-page-background-meta":{"desktop":{"background-color":"var(--ast-global-color-4)","background-image":"","background-repeat":"repeat","background-position":"center center","background-size":"auto","background-attachment":"scroll","background-type":"","background-media":"","overlay-type":"","overlay-color":"","overlay-opacity":"","overlay-gradient":""},"tablet":{"background-color":"","background-image":"","background-repeat":"repeat","background-position":"center center","background-size":"auto","background-attachment":"scroll","background-type":"","background-media":"","overlay-type":"","overlay-color":"","overlay-opacity":"","overlay-gradient":""},"mobile":{"background-color":"","background-image":"","background-repeat":"repeat","background-position":"center center","background-size":"auto","background-attachment":"scroll","background-type":"","background-media":"","overlay-type":"","overlay-color":"","overlay-opacity":"","overlay-gradient":""}},"ast-content-background-meta":{"desktop":{"background-color":"var(--ast-global-color-5)","background-image":"","background-repeat":"repeat","background-position":"center center","background-size":"auto","background-attachment":"scroll","background-type":"","background-media":"","overlay-type":"","overlay-color":"","overlay-opacity":"","overlay-gradient":""},"tablet":{"background-color":"var(--ast-global-color-5)","background-image":"","background-repeat":"repeat","background-position":"center center","background-size":"auto","background-attachment":"scroll","background-type":"","background-media":"","overlay-type":"","overlay-color":"","overlay-opacity":"","overlay-gradient":""},"mobile":{"background-color":"var(--ast-global-color-5)","background-image":"","background-repeat":"repeat","background-position":"center center","background-size":"auto","background-attachment":"scroll","background-type":"","background-media":"","overlay-type":"","overlay-color":"","overlay-opacity":"","overlay-gradient":""}},"footnotes":""},"class_list":["post-967","page","type-page","status-publish","has-post-thumbnail","hentry"],"yoast_head":"<!-- This site is optimized with the Yoast SEO plugin v27.3 - https:\/\/yoast.com\/product\/yoast-seo-wordpress\/ -->\n<title>Qualit\u00e4t und labor - Th-Extrusion<\/title>\n<meta name=\"description\" content=\"Die labortechnische Kontrolle jeder Produktionsstufe garantiert die hohe Qualit\u00e4t unserer Produkte. Wir arbeiten gem\u00e4\u00df der Norm ISO 9001.\" \/>\n<meta name=\"robots\" content=\"index, follow, max-snippet:-1, max-image-preview:large, max-video-preview:-1\" \/>\n<link rel=\"canonical\" href=\"https:\/\/th-extrusion.eu\/de\/qualitat-und-labor\/\" \/>\n<meta property=\"og:locale\" content=\"de_DE\" \/>\n<meta property=\"og:type\" content=\"article\" \/>\n<meta property=\"og:title\" content=\"Qualit\u00e4t und labor - Th-Extrusion\" \/>\n<meta property=\"og:description\" content=\"Die labortechnische Kontrolle jeder Produktionsstufe garantiert die hohe Qualit\u00e4t unserer Produkte. Wir arbeiten gem\u00e4\u00df der Norm ISO 9001.\" \/>\n<meta property=\"og:url\" content=\"https:\/\/th-extrusion.eu\/de\/qualitat-und-labor\/\" \/>\n<meta property=\"og:site_name\" content=\"Th-Extrusion\" \/>\n<meta property=\"article:publisher\" content=\"https:\/\/www.facebook.com\/search\/top?q=thermoplastpermanentdevelopments.a.\" \/>\n<meta property=\"article:modified_time\" content=\"2025-03-05T07:20:53+00:00\" \/>\n<meta property=\"og:image\" content=\"https:\/\/th-extrusion.eu\/wp-content\/uploads\/2024\/05\/logo-linedin-300x300-11.jpg\" \/>\n\t<meta property=\"og:image:width\" content=\"300\" \/>\n\t<meta property=\"og:image:height\" content=\"300\" \/>\n\t<meta property=\"og:image:type\" content=\"image\/jpeg\" \/>\n<meta name=\"twitter:card\" content=\"summary_large_image\" \/>\n<meta name=\"twitter:label1\" content=\"Gesch\u00e4tzte Lesezeit\" \/>\n\t<meta name=\"twitter:data1\" content=\"3\u00a0Minuten\" \/>\n<script type=\"application\/ld+json\" class=\"yoast-schema-graph\">{\"@context\":\"https:\\\/\\\/schema.org\",\"@graph\":[{\"@type\":\"WebPage\",\"@id\":\"https:\\\/\\\/th-extrusion.eu\\\/de\\\/qualitat-und-labor\\\/\",\"url\":\"https:\\\/\\\/th-extrusion.eu\\\/de\\\/qualitat-und-labor\\\/\",\"name\":\"Qualit\u00e4t und labor - Th-Extrusion\",\"isPartOf\":{\"@id\":\"https:\\\/\\\/th-extrusion.eu\\\/de\\\/#website\"},\"primaryImageOfPage\":{\"@id\":\"https:\\\/\\\/th-extrusion.eu\\\/de\\\/qualitat-und-labor\\\/#primaryimage\"},\"image\":{\"@id\":\"https:\\\/\\\/th-extrusion.eu\\\/de\\\/qualitat-und-labor\\\/#primaryimage\"},\"thumbnailUrl\":\"https:\\\/\\\/th-extrusion.eu\\\/wp-content\\\/uploads\\\/2024\\\/05\\\/logo-linedin-300x300-11.jpg\",\"datePublished\":\"2024-05-19T14:42:57+00:00\",\"dateModified\":\"2025-03-05T07:20:53+00:00\",\"description\":\"Die labortechnische Kontrolle jeder Produktionsstufe garantiert die hohe Qualit\u00e4t unserer Produkte. Wir arbeiten gem\u00e4\u00df der Norm ISO 9001.\",\"breadcrumb\":{\"@id\":\"https:\\\/\\\/th-extrusion.eu\\\/de\\\/qualitat-und-labor\\\/#breadcrumb\"},\"inLanguage\":\"de\",\"potentialAction\":[{\"@type\":\"ReadAction\",\"target\":[\"https:\\\/\\\/th-extrusion.eu\\\/de\\\/qualitat-und-labor\\\/\"]}]},{\"@type\":\"ImageObject\",\"inLanguage\":\"de\",\"@id\":\"https:\\\/\\\/th-extrusion.eu\\\/de\\\/qualitat-und-labor\\\/#primaryimage\",\"url\":\"https:\\\/\\\/th-extrusion.eu\\\/wp-content\\\/uploads\\\/2024\\\/05\\\/logo-linedin-300x300-11.jpg\",\"contentUrl\":\"https:\\\/\\\/th-extrusion.eu\\\/wp-content\\\/uploads\\\/2024\\\/05\\\/logo-linedin-300x300-11.jpg\",\"width\":300,\"height\":300},{\"@type\":\"BreadcrumbList\",\"@id\":\"https:\\\/\\\/th-extrusion.eu\\\/de\\\/qualitat-und-labor\\\/#breadcrumb\",\"itemListElement\":[{\"@type\":\"ListItem\",\"position\":1,\"name\":\"Strona g\u0142\u00f3wna\",\"item\":\"https:\\\/\\\/th-extrusion.eu\\\/de\\\/\"},{\"@type\":\"ListItem\",\"position\":2,\"name\":\"Qualit\u00e4t und labor\"}]},{\"@type\":\"WebSite\",\"@id\":\"https:\\\/\\\/th-extrusion.eu\\\/de\\\/#website\",\"url\":\"https:\\\/\\\/th-extrusion.eu\\\/de\\\/\",\"name\":\"Th-Extrusion.eu\",\"description\":\"Thermoplast has over 30 years of experience in designing and building tools for extrusion, co-extrusion and post-extrusion of custom technical profiles\",\"publisher\":{\"@id\":\"https:\\\/\\\/th-extrusion.eu\\\/de\\\/#organization\"},\"potentialAction\":[{\"@type\":\"SearchAction\",\"target\":{\"@type\":\"EntryPoint\",\"urlTemplate\":\"https:\\\/\\\/th-extrusion.eu\\\/de\\\/?s={search_term_string}\"},\"query-input\":{\"@type\":\"PropertyValueSpecification\",\"valueRequired\":true,\"valueName\":\"search_term_string\"}}],\"inLanguage\":\"de\"},{\"@type\":\"Organization\",\"@id\":\"https:\\\/\\\/th-extrusion.eu\\\/de\\\/#organization\",\"name\":\"Thermoplast\",\"url\":\"https:\\\/\\\/th-extrusion.eu\\\/de\\\/\",\"logo\":{\"@type\":\"ImageObject\",\"inLanguage\":\"de\",\"@id\":\"https:\\\/\\\/th-extrusion.eu\\\/de\\\/#\\\/schema\\\/logo\\\/image\\\/\",\"url\":\"https:\\\/\\\/th-extrusion.eu\\\/wp-content\\\/uploads\\\/2024\\\/05\\\/thermoplast-logo-th-extrusion1.svg\",\"contentUrl\":\"https:\\\/\\\/th-extrusion.eu\\\/wp-content\\\/uploads\\\/2024\\\/05\\\/thermoplast-logo-th-extrusion1.svg\",\"width\":156,\"height\":47,\"caption\":\"Thermoplast\"},\"image\":{\"@id\":\"https:\\\/\\\/th-extrusion.eu\\\/de\\\/#\\\/schema\\\/logo\\\/image\\\/\"},\"sameAs\":[\"https:\\\/\\\/www.facebook.com\\\/search\\\/top?q=thermoplastpermanentdevelopments.a.\"]}]}<\/script>\n<!-- \/ Yoast SEO plugin. -->","yoast_head_json":{"title":"Qualit\u00e4t und labor - Th-Extrusion","description":"Die labortechnische Kontrolle jeder Produktionsstufe garantiert die hohe Qualit\u00e4t unserer Produkte. Wir arbeiten gem\u00e4\u00df der Norm ISO 9001.","robots":{"index":"index","follow":"follow","max-snippet":"max-snippet:-1","max-image-preview":"max-image-preview:large","max-video-preview":"max-video-preview:-1"},"canonical":"https:\/\/th-extrusion.eu\/de\/qualitat-und-labor\/","og_locale":"de_DE","og_type":"article","og_title":"Qualit\u00e4t und labor - Th-Extrusion","og_description":"Die labortechnische Kontrolle jeder Produktionsstufe garantiert die hohe Qualit\u00e4t unserer Produkte. Wir arbeiten gem\u00e4\u00df der Norm ISO 9001.","og_url":"https:\/\/th-extrusion.eu\/de\/qualitat-und-labor\/","og_site_name":"Th-Extrusion","article_publisher":"https:\/\/www.facebook.com\/search\/top?q=thermoplastpermanentdevelopments.a.","article_modified_time":"2025-03-05T07:20:53+00:00","og_image":[{"width":300,"height":300,"url":"https:\/\/th-extrusion.eu\/wp-content\/uploads\/2024\/05\/logo-linedin-300x300-11.jpg","type":"image\/jpeg"}],"twitter_card":"summary_large_image","twitter_misc":{"Gesch\u00e4tzte Lesezeit":"3\u00a0Minuten"},"schema":{"@context":"https:\/\/schema.org","@graph":[{"@type":"WebPage","@id":"https:\/\/th-extrusion.eu\/de\/qualitat-und-labor\/","url":"https:\/\/th-extrusion.eu\/de\/qualitat-und-labor\/","name":"Qualit\u00e4t und labor - Th-Extrusion","isPartOf":{"@id":"https:\/\/th-extrusion.eu\/de\/#website"},"primaryImageOfPage":{"@id":"https:\/\/th-extrusion.eu\/de\/qualitat-und-labor\/#primaryimage"},"image":{"@id":"https:\/\/th-extrusion.eu\/de\/qualitat-und-labor\/#primaryimage"},"thumbnailUrl":"https:\/\/th-extrusion.eu\/wp-content\/uploads\/2024\/05\/logo-linedin-300x300-11.jpg","datePublished":"2024-05-19T14:42:57+00:00","dateModified":"2025-03-05T07:20:53+00:00","description":"Die labortechnische Kontrolle jeder Produktionsstufe garantiert die hohe Qualit\u00e4t unserer Produkte. Wir arbeiten gem\u00e4\u00df der Norm ISO 9001.","breadcrumb":{"@id":"https:\/\/th-extrusion.eu\/de\/qualitat-und-labor\/#breadcrumb"},"inLanguage":"de","potentialAction":[{"@type":"ReadAction","target":["https:\/\/th-extrusion.eu\/de\/qualitat-und-labor\/"]}]},{"@type":"ImageObject","inLanguage":"de","@id":"https:\/\/th-extrusion.eu\/de\/qualitat-und-labor\/#primaryimage","url":"https:\/\/th-extrusion.eu\/wp-content\/uploads\/2024\/05\/logo-linedin-300x300-11.jpg","contentUrl":"https:\/\/th-extrusion.eu\/wp-content\/uploads\/2024\/05\/logo-linedin-300x300-11.jpg","width":300,"height":300},{"@type":"BreadcrumbList","@id":"https:\/\/th-extrusion.eu\/de\/qualitat-und-labor\/#breadcrumb","itemListElement":[{"@type":"ListItem","position":1,"name":"Strona g\u0142\u00f3wna","item":"https:\/\/th-extrusion.eu\/de\/"},{"@type":"ListItem","position":2,"name":"Qualit\u00e4t und labor"}]},{"@type":"WebSite","@id":"https:\/\/th-extrusion.eu\/de\/#website","url":"https:\/\/th-extrusion.eu\/de\/","name":"Th-Extrusion.eu","description":"Thermoplast has over 30 years of experience in designing and building tools for extrusion, co-extrusion and post-extrusion of custom technical profiles","publisher":{"@id":"https:\/\/th-extrusion.eu\/de\/#organization"},"potentialAction":[{"@type":"SearchAction","target":{"@type":"EntryPoint","urlTemplate":"https:\/\/th-extrusion.eu\/de\/?s={search_term_string}"},"query-input":{"@type":"PropertyValueSpecification","valueRequired":true,"valueName":"search_term_string"}}],"inLanguage":"de"},{"@type":"Organization","@id":"https:\/\/th-extrusion.eu\/de\/#organization","name":"Thermoplast","url":"https:\/\/th-extrusion.eu\/de\/","logo":{"@type":"ImageObject","inLanguage":"de","@id":"https:\/\/th-extrusion.eu\/de\/#\/schema\/logo\/image\/","url":"https:\/\/th-extrusion.eu\/wp-content\/uploads\/2024\/05\/thermoplast-logo-th-extrusion1.svg","contentUrl":"https:\/\/th-extrusion.eu\/wp-content\/uploads\/2024\/05\/thermoplast-logo-th-extrusion1.svg","width":156,"height":47,"caption":"Thermoplast"},"image":{"@id":"https:\/\/th-extrusion.eu\/de\/#\/schema\/logo\/image\/"},"sameAs":["https:\/\/www.facebook.com\/search\/top?q=thermoplastpermanentdevelopments.a."]}]}},"uagb_featured_image_src":{"full":["https:\/\/th-extrusion.eu\/wp-content\/uploads\/2024\/05\/logo-linedin-300x300-11.jpg",300,300,false],"thumbnail":["https:\/\/th-extrusion.eu\/wp-content\/uploads\/2024\/05\/logo-linedin-300x300-11-150x150.jpg",150,150,true],"medium":["https:\/\/th-extrusion.eu\/wp-content\/uploads\/2024\/05\/logo-linedin-300x300-11.jpg",300,300,false],"medium_large":["https:\/\/th-extrusion.eu\/wp-content\/uploads\/2024\/05\/logo-linedin-300x300-11.jpg",300,300,false],"large":["https:\/\/th-extrusion.eu\/wp-content\/uploads\/2024\/05\/logo-linedin-300x300-11.jpg",300,300,false],"1536x1536":["https:\/\/th-extrusion.eu\/wp-content\/uploads\/2024\/05\/logo-linedin-300x300-11.jpg",300,300,false],"2048x2048":["https:\/\/th-extrusion.eu\/wp-content\/uploads\/2024\/05\/logo-linedin-300x300-11.jpg",300,300,false]},"uagb_author_info":{"display_name":"Michal","author_link":"https:\/\/th-extrusion.eu\/de\/author\/michal\/"},"uagb_comment_info":0,"uagb_excerpt":"QUALIT\u00c4T UND LABOR Wir sind auf die extrusion und co-extrusion von technischen kunststoffprofilen spezialisiert Alle Produktionsprozesse bei Thermoplast sind nach [&hellip;]","_links":{"self":[{"href":"https:\/\/th-extrusion.eu\/de\/wp-json\/wp\/v2\/pages\/967","targetHints":{"allow":["GET"]}}],"collection":[{"href":"https:\/\/th-extrusion.eu\/de\/wp-json\/wp\/v2\/pages"}],"about":[{"href":"https:\/\/th-extrusion.eu\/de\/wp-json\/wp\/v2\/types\/page"}],"author":[{"embeddable":true,"href":"https:\/\/th-extrusion.eu\/de\/wp-json\/wp\/v2\/users\/1"}],"replies":[{"embeddable":true,"href":"https:\/\/th-extrusion.eu\/de\/wp-json\/wp\/v2\/comments?post=967"}],"version-history":[{"count":8,"href":"https:\/\/th-extrusion.eu\/de\/wp-json\/wp\/v2\/pages\/967\/revisions"}],"predecessor-version":[{"id":1684,"href":"https:\/\/th-extrusion.eu\/de\/wp-json\/wp\/v2\/pages\/967\/revisions\/1684"}],"wp:featuredmedia":[{"embeddable":true,"href":"https:\/\/th-extrusion.eu\/de\/wp-json\/wp\/v2\/media\/118"}],"wp:attachment":[{"href":"https:\/\/th-extrusion.eu\/de\/wp-json\/wp\/v2\/media?parent=967"}],"curies":[{"name":"wp","href":"https:\/\/api.w.org\/{rel}","templated":true}]}}