{"id":931,"date":"2024-05-19T16:41:03","date_gmt":"2024-05-19T14:41:03","guid":{"rendered":"https:\/\/th-extrusion.eu\/o-nas\/"},"modified":"2025-03-05T08:16:32","modified_gmt":"2025-03-05T07:16:32","slug":"a-propos-de-nous","status":"publish","type":"page","link":"https:\/\/th-extrusion.eu\/fr\/a-propos-de-nous\/","title":{"rendered":"\u00c0 propos de nous"},"content":{"rendered":"\n<div class=\"wp-block-uagb-container uagb-block-44002778 alignwide uagb-is-root-container\">\n<div class=\"wp-block-uagb-container uagb-block-4a51b0b4\">\n<div data-aos= \"fade-right\" data-aos-duration=\"400\" data-aos-delay=\"0\" data-aos-easing=\"ease\" data-aos-once=\"true\" class=\"wp-block-uagb-advanced-heading uagb-block-aa8dd194\"><h1 class=\"uagb-heading-text\">\u00c0 PROPOS DE NOUS<\/h1><\/div>\n\n\n\n<div data-aos= \"fade-right\" data-aos-duration=\"400\" data-aos-delay=\"0\" data-aos-easing=\"ease\" data-aos-once=\"true\" class=\"wp-block-uagb-advanced-heading uagb-block-885d1912\"><h2 class=\"uagb-heading-text\">Nous garantissons un service complet en ce qui concerne les profils techniques personnalis\u00e9s sur commande<\/h2><\/div>\n<\/div>\n<\/div>\n\n\n\n<div class=\"wp-block-uagb-container uagb-block-a60edd37 alignwide uagb-is-root-container\">\n<div class=\"wp-block-uagb-container uagb-block-348e44bb\">\n<p class=\"justy\">Nous avons plus de 30 ans d&rsquo;exp\u00e9rience dans la conception et la fabrication d&rsquo;outils pour l&rsquo;extrusion, la co-extrusion et la post-extrusion de profil\u00e9s techniques non standard pour des clients de diverses industries. Nous r\u00e9alisons des projets individuels, m\u00eame pour les plus compliqu\u00e9s en termes de forme, de mat\u00e9riau et de conditions d&rsquo;utilisation, de profils techniques.<\/p>\n\n\n\n<p class=\"justy\">Nous garantissons un service complet li\u00e9 aux profils techniques non standard, \u00e0 partir de la conception, en passant par la construction de l&rsquo;instrumentation, le processus d&rsquo;extrusion, jusqu&rsquo;\u00e0 la livraison du produit fini.<\/p>\n\n\n\n<p class=\"justy\">Les ing\u00e9nieurs et les technologues de la division R&amp;D d\u00e9veloppent des solutions optimales en concevant des outils d&rsquo;extrusion, r\u00e9pondant ainsi aux commandes individuelles des clients. Ensuite, dans le d\u00e9partement de construction d&rsquo;outils, \u00e0 l&rsquo;aide de machines modernes, nos sp\u00e9cialistes construisent des outils de gaufrage en peu de temps.<\/p>\n<\/div>\n\n\n\n<div class=\"wp-block-uagb-container uagb-block-cd0db668\">\n<div class=\"wp-block-uagb-image uagb-block-080e6825 wp-block-uagb-image--layout-default wp-block-uagb-image--effect-static wp-block-uagb-image--align-none fullWidth\"><figure class=\"wp-block-uagb-image__figure\"><img decoding=\"async\" srcset=\"https:\/\/th-extrusion.eu\/wp-content\/uploads\/2024\/06\/th-ettrusion-onas.jpg ,https:\/\/th-extrusion.eu\/wp-content\/uploads\/2024\/06\/th-ettrusion-onas.jpg 780w, https:\/\/th-extrusion.eu\/wp-content\/uploads\/2024\/06\/th-ettrusion-onas.jpg 360w\" sizes=\"auto, (max-width: 480px) 150px\" src=\"https:\/\/th-extrusion.eu\/wp-content\/uploads\/2024\/06\/th-ettrusion-onas.jpg\" alt=\"th-ettrusion-onas\" class=\"uag-image-592\" width=\"600\" height=\"350\" title=\"th-ettrusion-onas\" loading=\"lazy\" role=\"img\"\/><\/figure><\/div>\n<\/div>\n<\/div>\n\n\n\n<div class=\"wp-block-uagb-container uagb-block-12e1c450 alignwide uagb-is-root-container\">\n<div class=\"wp-block-uagb-container uagb-block-8bfdc72d\">\n<div class=\"wp-block-uagb-image uagb-block-4b04fcb3 wp-block-uagb-image--layout-default wp-block-uagb-image--effect-static wp-block-uagb-image--align-none fullWidth\"><figure class=\"wp-block-uagb-image__figure\"><img decoding=\"async\" srcset=\"https:\/\/th-extrusion.eu\/wp-content\/uploads\/2024\/06\/narzedzie.jpg ,https:\/\/th-extrusion.eu\/wp-content\/uploads\/2024\/06\/narzedzie.jpg 780w, https:\/\/th-extrusion.eu\/wp-content\/uploads\/2024\/06\/narzedzie.jpg 360w\" sizes=\"auto, (max-width: 480px) 150px\" src=\"https:\/\/th-extrusion.eu\/wp-content\/uploads\/2024\/06\/narzedzie.jpg\" alt=\"narzedzie\" class=\"uag-image-604\" width=\"600\" height=\"350\" title=\"narzedzie\" loading=\"lazy\" role=\"img\"\/><\/figure><\/div>\n<\/div>\n\n\n\n<div class=\"wp-block-uagb-container uagb-block-66e5819a\">\n<p class=\"justy\">Thermoplast poss\u00e8de son propre atelier d&rsquo;outillage \u00e9quip\u00e9 d&rsquo;un parc de machines modernes (machines d&rsquo;\u00e9lectro-\u00e9rosion, tours, fraiseuses, perceuses, meuleuses, scies, etc.), gr\u00e2ce auquel la construction d&rsquo;un outil d&#8217;emboutissage est rapide, et le d\u00e9veloppement Le module d&rsquo;outil ERP vous permet de surveiller le processus.<\/p>\n\n\n\n<p class=\"justy\">Nous disposons \u00e9galement d&rsquo;une centrale de m\u00e9lange moderne, ce qui nous permet de pr\u00e9parer des m\u00e9langes \u00e9labor\u00e9s par nos sp\u00e9cialistes qui sont optimaux en termes de composition et de param\u00e8tres techniques.<\/p>\n\n\n\n<p class=\"justy\">Sur 15 lignes de production, nous pouvons extruder 50 millions de m\u00e8tres courants de profil\u00e9s et traiter 12 millions de kg de plastiques par an. Nous extrudons des profil\u00e9s pesant de 15 g\/m \u00e0 3500 g\/m.<\/p>\n<\/div>\n<\/div>\n\n\n\n<div class=\"wp-block-uagb-container uagb-block-fc64dd88 alignwide uagb-is-root-container\">\n<div class=\"wp-block-uagb-container uagb-block-66b232f8\">\n<p class=\"justy\">Lors de la fabrication du produit, nous utilisons diverses m\u00e9thodes de d\u00e9coration de surface (y compris l&rsquo;impression, le placage, le placage, l&rsquo;estampage), ainsi que la technologie de pliage liquide et de traitement suppl\u00e9mentaire (per\u00e7age, d\u00e9coupe, d\u00e9coupage). La pr\u00e9cision de la coupe est assur\u00e9e par des scies automatiques, des matrices et l&rsquo;utilisation de la technique du couteau chaud.<\/p>\n\n\n\n<p class=\"justy\">Le rapport qualit\u00e9-prix avantageux des services est notre marque de fabrique. Nous mettons tout en \u0153uvre pour que non seulement la qualit\u00e9 des produits et services, mais aussi le prix soit plus attractif que dans d&rsquo;autres entreprises.<\/p>\n\n\n\n<p class=\"justy\">La plupart des projets mis en \u0153uvre par Thermoplast sont confidentiels et les solutions d\u00e9di\u00e9es restent la propri\u00e9t\u00e9 du client.<\/p>\n<\/div>\n\n\n\n<div class=\"wp-block-uagb-container uagb-block-46b76f36\">\n<div class=\"wp-block-uagb-image uagb-block-445e5a22 wp-block-uagb-image--layout-default wp-block-uagb-image--effect-static wp-block-uagb-image--align-none fullWidth\"><figure class=\"wp-block-uagb-image__figure\"><img decoding=\"async\" srcset=\"https:\/\/th-extrusion.eu\/wp-content\/uploads\/2024\/06\/onas.jpg ,https:\/\/th-extrusion.eu\/wp-content\/uploads\/2024\/06\/onas.jpg 780w, https:\/\/th-extrusion.eu\/wp-content\/uploads\/2024\/06\/onas.jpg 360w\" sizes=\"auto, (max-width: 480px) 150px\" src=\"https:\/\/th-extrusion.eu\/wp-content\/uploads\/2024\/06\/onas.jpg\" alt=\"onas\" class=\"uag-image-673\" width=\"600\" height=\"350\" title=\"onas\" loading=\"lazy\" role=\"img\"\/><\/figure><\/div>\n<\/div>\n<\/div>\n\n\n\n<div class=\"wp-block-uagb-container uagb-block-01bdf848 alignwide uagb-is-root-container\">\n<div class=\"wp-block-uagb-container uagb-block-1930a34d\">\n<div class=\"wp-block-uagb-advanced-heading uagb-block-b7436000\"><h2 class=\"uagb-heading-text\"><strong>Faites-nous part de votre id\u00e9e et nos sp\u00e9cialistes la transformeront en un profil unique !<\/strong><\/h2><\/div>\n\n\n\n<div class=\"wp-block-uagb-buttons uagb-buttons__outer-wrap uagb-btn__medium-btn uagb-btn-tablet__default-btn uagb-btn-mobile__default-btn uagb-block-079ec436\"><div class=\"uagb-buttons__wrap uagb-buttons-layout-wrap \">\n<div class=\"wp-block-uagb-buttons-child uagb-buttons__outer-wrap uagb-block-418d4501 wp-block-button\"><div class=\"uagb-button__wrapper\"><a class=\"uagb-buttons-repeater wp-block-button__link\" aria-label=\"\" href=\"https:\/\/th-extrusion.eu\/fr\/contact\/\" rel=\"follow noopener\" target=\"_self\" role=\"button\"><div class=\"uagb-button__link\">Contactez nous !<\/div><\/a><\/div><\/div>\n<\/div><\/div>\n<\/div>\n<\/div>\n","protected":false},"excerpt":{"rendered":"\u00c0 PROPOS DE NOUS Nous garantissons un service complet en ce qui concerne les profils techniques personnalis\u00e9s sur commande Nous [&hellip;]","protected":false},"author":1,"featured_media":117,"parent":0,"menu_order":0,"comment_status":"closed","ping_status":"closed","template":"","meta":{"inline_featured_image":false,"_uag_custom_page_level_css":"\nul.lista {\n    list-style: none;\n    color: black;\n    margin: 0 ;\n}\n\nul.lista li {\n\tposition:relative;\nmargin: 0;\n}\n\nul.lista li:before {\n    content: url(https:\/\/th-extrusion.eu\/wp-content\/uploads\/2024\/05\/square51.svg);\n    width: 5px;\n    height: 5px;\n    position: absolute;\n    top: -2px;\n    left: -10px;\n}\n.productList {\n  display: flex;\n  justify-content: space-between;\n  font-size: 12px;\n\tmargin-bottom: 15px;\n}\n\n.productList ul.lista{\n  padding-left: 10px;\n}\n.fullWidth {\n\theight:100%;\n}\n\n.fullWidth img {\n\theight:100% !important;\n}","site-sidebar-layout":"default","site-content-layout":"","ast-site-content-layout":"default","site-content-style":"boxed","site-sidebar-style":"default","ast-global-header-display":"","ast-banner-title-visibility":"","ast-main-header-display":"","ast-hfb-above-header-display":"","ast-hfb-below-header-display":"","ast-hfb-mobile-header-display":"","site-post-title":"disabled","ast-breadcrumbs-content":"","ast-featured-img":"","footer-sml-layout":"","ast-disable-related-posts":"","theme-transparent-header-meta":"","adv-header-id-meta":"","stick-header-meta":"","header-above-stick-meta":"","header-main-stick-meta":"","header-below-stick-meta":"","astra-migrate-meta-layouts":"default","ast-page-background-enabled":"default","ast-page-background-meta":{"desktop":{"background-color":"var(--ast-global-color-4)","background-image":"","background-repeat":"repeat","background-position":"center center","background-size":"auto","background-attachment":"scroll","background-type":"","background-media":"","overlay-type":"","overlay-color":"","overlay-opacity":"","overlay-gradient":""},"tablet":{"background-color":"","background-image":"","background-repeat":"repeat","background-position":"center center","background-size":"auto","background-attachment":"scroll","background-type":"","background-media":"","overlay-type":"","overlay-color":"","overlay-opacity":"","overlay-gradient":""},"mobile":{"background-color":"","background-image":"","background-repeat":"repeat","background-position":"center center","background-size":"auto","background-attachment":"scroll","background-type":"","background-media":"","overlay-type":"","overlay-color":"","overlay-opacity":"","overlay-gradient":""}},"ast-content-background-meta":{"desktop":{"background-color":"var(--ast-global-color-5)","background-image":"","background-repeat":"repeat","background-position":"center center","background-size":"auto","background-attachment":"scroll","background-type":"","background-media":"","overlay-type":"","overlay-color":"","overlay-opacity":"","overlay-gradient":""},"tablet":{"background-color":"var(--ast-global-color-5)","background-image":"","background-repeat":"repeat","background-position":"center center","background-size":"auto","background-attachment":"scroll","background-type":"","background-media":"","overlay-type":"","overlay-color":"","overlay-opacity":"","overlay-gradient":""},"mobile":{"background-color":"var(--ast-global-color-5)","background-image":"","background-repeat":"repeat","background-position":"center center","background-size":"auto","background-attachment":"scroll","background-type":"","background-media":"","overlay-type":"","overlay-color":"","overlay-opacity":"","overlay-gradient":""}},"footnotes":""},"class_list":["post-931","page","type-page","status-publish","has-post-thumbnail","hentry"],"yoast_head":"<!-- This site is optimized with the Yoast SEO plugin v27.3 - https:\/\/yoast.com\/product\/yoast-seo-wordpress\/ -->\n<title>Fabricant de profils techniques - Thermoplast<\/title>\n<meta name=\"description\" content=\"Nous sommes sp\u00e9cialis\u00e9s dans l&#039;extrusion, la coextrusion et la post-extrusion de profil\u00e9s techniques personnalis\u00e9s selon les sp\u00e9cifications de chaque client.\" \/>\n<meta name=\"robots\" content=\"index, follow, max-snippet:-1, max-image-preview:large, max-video-preview:-1\" \/>\n<link rel=\"canonical\" href=\"https:\/\/th-extrusion.eu\/fr\/a-propos-de-nous\/\" \/>\n<meta property=\"og:locale\" content=\"fr_FR\" \/>\n<meta property=\"og:type\" content=\"article\" \/>\n<meta property=\"og:title\" content=\"Fabricant de profils techniques - Thermoplast\" \/>\n<meta property=\"og:description\" content=\"Nous sommes sp\u00e9cialis\u00e9s dans l&#039;extrusion, la coextrusion et la post-extrusion de profil\u00e9s techniques personnalis\u00e9s selon les sp\u00e9cifications de chaque client.\" \/>\n<meta property=\"og:url\" content=\"https:\/\/th-extrusion.eu\/fr\/a-propos-de-nous\/\" \/>\n<meta property=\"og:site_name\" content=\"Th-Extrusion\" \/>\n<meta property=\"article:publisher\" content=\"https:\/\/www.facebook.com\/search\/top?q=thermoplastpermanentdevelopments.a.\" \/>\n<meta property=\"article:modified_time\" content=\"2025-03-05T07:16:32+00:00\" \/>\n<meta property=\"og:image\" content=\"https:\/\/th-extrusion.eu\/wp-content\/uploads\/2024\/05\/logo-linedin-300x300-11.jpg\" \/>\n\t<meta property=\"og:image:width\" content=\"300\" \/>\n\t<meta property=\"og:image:height\" content=\"300\" \/>\n\t<meta property=\"og:image:type\" content=\"image\/jpeg\" \/>\n<meta name=\"twitter:card\" content=\"summary_large_image\" \/>\n<meta name=\"twitter:label1\" content=\"Dur\u00e9e de lecture estim\u00e9e\" \/>\n\t<meta name=\"twitter:data1\" content=\"4 minutes\" \/>\n<script type=\"application\/ld+json\" class=\"yoast-schema-graph\">{\"@context\":\"https:\\\/\\\/schema.org\",\"@graph\":[{\"@type\":\"WebPage\",\"@id\":\"https:\\\/\\\/th-extrusion.eu\\\/fr\\\/a-propos-de-nous\\\/\",\"url\":\"https:\\\/\\\/th-extrusion.eu\\\/fr\\\/a-propos-de-nous\\\/\",\"name\":\"Fabricant de profils techniques - Thermoplast\",\"isPartOf\":{\"@id\":\"https:\\\/\\\/th-extrusion.eu\\\/fr\\\/#website\"},\"primaryImageOfPage\":{\"@id\":\"https:\\\/\\\/th-extrusion.eu\\\/fr\\\/a-propos-de-nous\\\/#primaryimage\"},\"image\":{\"@id\":\"https:\\\/\\\/th-extrusion.eu\\\/fr\\\/a-propos-de-nous\\\/#primaryimage\"},\"thumbnailUrl\":\"https:\\\/\\\/th-extrusion.eu\\\/wp-content\\\/uploads\\\/2024\\\/05\\\/logo-linedin-300x300-11.jpg\",\"datePublished\":\"2024-05-19T14:41:03+00:00\",\"dateModified\":\"2025-03-05T07:16:32+00:00\",\"description\":\"Nous sommes sp\u00e9cialis\u00e9s dans l'extrusion, la coextrusion et la post-extrusion de profil\u00e9s techniques personnalis\u00e9s selon les sp\u00e9cifications de chaque client.\",\"breadcrumb\":{\"@id\":\"https:\\\/\\\/th-extrusion.eu\\\/fr\\\/a-propos-de-nous\\\/#breadcrumb\"},\"inLanguage\":\"fr-FR\",\"potentialAction\":[{\"@type\":\"ReadAction\",\"target\":[\"https:\\\/\\\/th-extrusion.eu\\\/fr\\\/a-propos-de-nous\\\/\"]}]},{\"@type\":\"ImageObject\",\"inLanguage\":\"fr-FR\",\"@id\":\"https:\\\/\\\/th-extrusion.eu\\\/fr\\\/a-propos-de-nous\\\/#primaryimage\",\"url\":\"https:\\\/\\\/th-extrusion.eu\\\/wp-content\\\/uploads\\\/2024\\\/05\\\/logo-linedin-300x300-11.jpg\",\"contentUrl\":\"https:\\\/\\\/th-extrusion.eu\\\/wp-content\\\/uploads\\\/2024\\\/05\\\/logo-linedin-300x300-11.jpg\",\"width\":300,\"height\":300},{\"@type\":\"BreadcrumbList\",\"@id\":\"https:\\\/\\\/th-extrusion.eu\\\/fr\\\/a-propos-de-nous\\\/#breadcrumb\",\"itemListElement\":[{\"@type\":\"ListItem\",\"position\":1,\"name\":\"Strona g\u0142\u00f3wna\",\"item\":\"https:\\\/\\\/th-extrusion.eu\\\/fr\\\/\"},{\"@type\":\"ListItem\",\"position\":2,\"name\":\"\u00c0 propos de nous\"}]},{\"@type\":\"WebSite\",\"@id\":\"https:\\\/\\\/th-extrusion.eu\\\/fr\\\/#website\",\"url\":\"https:\\\/\\\/th-extrusion.eu\\\/fr\\\/\",\"name\":\"Th-Extrusion.eu\",\"description\":\"Thermoplast has over 30 years of experience in designing and building tools for extrusion, co-extrusion and post-extrusion of custom technical profiles\",\"publisher\":{\"@id\":\"https:\\\/\\\/th-extrusion.eu\\\/fr\\\/#organization\"},\"potentialAction\":[{\"@type\":\"SearchAction\",\"target\":{\"@type\":\"EntryPoint\",\"urlTemplate\":\"https:\\\/\\\/th-extrusion.eu\\\/fr\\\/?s={search_term_string}\"},\"query-input\":{\"@type\":\"PropertyValueSpecification\",\"valueRequired\":true,\"valueName\":\"search_term_string\"}}],\"inLanguage\":\"fr-FR\"},{\"@type\":\"Organization\",\"@id\":\"https:\\\/\\\/th-extrusion.eu\\\/fr\\\/#organization\",\"name\":\"Thermoplast\",\"url\":\"https:\\\/\\\/th-extrusion.eu\\\/fr\\\/\",\"logo\":{\"@type\":\"ImageObject\",\"inLanguage\":\"fr-FR\",\"@id\":\"https:\\\/\\\/th-extrusion.eu\\\/fr\\\/#\\\/schema\\\/logo\\\/image\\\/\",\"url\":\"https:\\\/\\\/th-extrusion.eu\\\/wp-content\\\/uploads\\\/2024\\\/05\\\/thermoplast-logo-th-extrusion1.svg\",\"contentUrl\":\"https:\\\/\\\/th-extrusion.eu\\\/wp-content\\\/uploads\\\/2024\\\/05\\\/thermoplast-logo-th-extrusion1.svg\",\"width\":156,\"height\":47,\"caption\":\"Thermoplast\"},\"image\":{\"@id\":\"https:\\\/\\\/th-extrusion.eu\\\/fr\\\/#\\\/schema\\\/logo\\\/image\\\/\"},\"sameAs\":[\"https:\\\/\\\/www.facebook.com\\\/search\\\/top?q=thermoplastpermanentdevelopments.a.\"]}]}<\/script>\n<!-- \/ Yoast SEO plugin. -->","yoast_head_json":{"title":"Fabricant de profils techniques - Thermoplast","description":"Nous sommes sp\u00e9cialis\u00e9s dans l'extrusion, la coextrusion et la post-extrusion de profil\u00e9s techniques personnalis\u00e9s selon les sp\u00e9cifications de chaque client.","robots":{"index":"index","follow":"follow","max-snippet":"max-snippet:-1","max-image-preview":"max-image-preview:large","max-video-preview":"max-video-preview:-1"},"canonical":"https:\/\/th-extrusion.eu\/fr\/a-propos-de-nous\/","og_locale":"fr_FR","og_type":"article","og_title":"Fabricant de profils techniques - Thermoplast","og_description":"Nous sommes sp\u00e9cialis\u00e9s dans l'extrusion, la coextrusion et la post-extrusion de profil\u00e9s techniques personnalis\u00e9s selon les sp\u00e9cifications de chaque client.","og_url":"https:\/\/th-extrusion.eu\/fr\/a-propos-de-nous\/","og_site_name":"Th-Extrusion","article_publisher":"https:\/\/www.facebook.com\/search\/top?q=thermoplastpermanentdevelopments.a.","article_modified_time":"2025-03-05T07:16:32+00:00","og_image":[{"width":300,"height":300,"url":"https:\/\/th-extrusion.eu\/wp-content\/uploads\/2024\/05\/logo-linedin-300x300-11.jpg","type":"image\/jpeg"}],"twitter_card":"summary_large_image","twitter_misc":{"Dur\u00e9e de lecture estim\u00e9e":"4 minutes"},"schema":{"@context":"https:\/\/schema.org","@graph":[{"@type":"WebPage","@id":"https:\/\/th-extrusion.eu\/fr\/a-propos-de-nous\/","url":"https:\/\/th-extrusion.eu\/fr\/a-propos-de-nous\/","name":"Fabricant de profils techniques - Thermoplast","isPartOf":{"@id":"https:\/\/th-extrusion.eu\/fr\/#website"},"primaryImageOfPage":{"@id":"https:\/\/th-extrusion.eu\/fr\/a-propos-de-nous\/#primaryimage"},"image":{"@id":"https:\/\/th-extrusion.eu\/fr\/a-propos-de-nous\/#primaryimage"},"thumbnailUrl":"https:\/\/th-extrusion.eu\/wp-content\/uploads\/2024\/05\/logo-linedin-300x300-11.jpg","datePublished":"2024-05-19T14:41:03+00:00","dateModified":"2025-03-05T07:16:32+00:00","description":"Nous sommes sp\u00e9cialis\u00e9s dans l'extrusion, la coextrusion et la post-extrusion de profil\u00e9s techniques personnalis\u00e9s selon les sp\u00e9cifications de chaque client.","breadcrumb":{"@id":"https:\/\/th-extrusion.eu\/fr\/a-propos-de-nous\/#breadcrumb"},"inLanguage":"fr-FR","potentialAction":[{"@type":"ReadAction","target":["https:\/\/th-extrusion.eu\/fr\/a-propos-de-nous\/"]}]},{"@type":"ImageObject","inLanguage":"fr-FR","@id":"https:\/\/th-extrusion.eu\/fr\/a-propos-de-nous\/#primaryimage","url":"https:\/\/th-extrusion.eu\/wp-content\/uploads\/2024\/05\/logo-linedin-300x300-11.jpg","contentUrl":"https:\/\/th-extrusion.eu\/wp-content\/uploads\/2024\/05\/logo-linedin-300x300-11.jpg","width":300,"height":300},{"@type":"BreadcrumbList","@id":"https:\/\/th-extrusion.eu\/fr\/a-propos-de-nous\/#breadcrumb","itemListElement":[{"@type":"ListItem","position":1,"name":"Strona g\u0142\u00f3wna","item":"https:\/\/th-extrusion.eu\/fr\/"},{"@type":"ListItem","position":2,"name":"\u00c0 propos de nous"}]},{"@type":"WebSite","@id":"https:\/\/th-extrusion.eu\/fr\/#website","url":"https:\/\/th-extrusion.eu\/fr\/","name":"Th-Extrusion.eu","description":"Thermoplast has over 30 years of experience in designing and building tools for extrusion, co-extrusion and post-extrusion of custom technical profiles","publisher":{"@id":"https:\/\/th-extrusion.eu\/fr\/#organization"},"potentialAction":[{"@type":"SearchAction","target":{"@type":"EntryPoint","urlTemplate":"https:\/\/th-extrusion.eu\/fr\/?s={search_term_string}"},"query-input":{"@type":"PropertyValueSpecification","valueRequired":true,"valueName":"search_term_string"}}],"inLanguage":"fr-FR"},{"@type":"Organization","@id":"https:\/\/th-extrusion.eu\/fr\/#organization","name":"Thermoplast","url":"https:\/\/th-extrusion.eu\/fr\/","logo":{"@type":"ImageObject","inLanguage":"fr-FR","@id":"https:\/\/th-extrusion.eu\/fr\/#\/schema\/logo\/image\/","url":"https:\/\/th-extrusion.eu\/wp-content\/uploads\/2024\/05\/thermoplast-logo-th-extrusion1.svg","contentUrl":"https:\/\/th-extrusion.eu\/wp-content\/uploads\/2024\/05\/thermoplast-logo-th-extrusion1.svg","width":156,"height":47,"caption":"Thermoplast"},"image":{"@id":"https:\/\/th-extrusion.eu\/fr\/#\/schema\/logo\/image\/"},"sameAs":["https:\/\/www.facebook.com\/search\/top?q=thermoplastpermanentdevelopments.a."]}]}},"uagb_featured_image_src":{"full":["https:\/\/th-extrusion.eu\/wp-content\/uploads\/2024\/05\/logo-linedin-300x300-11.jpg",300,300,false],"thumbnail":["https:\/\/th-extrusion.eu\/wp-content\/uploads\/2024\/05\/logo-linedin-300x300-11-150x150.jpg",150,150,true],"medium":["https:\/\/th-extrusion.eu\/wp-content\/uploads\/2024\/05\/logo-linedin-300x300-11.jpg",300,300,false],"medium_large":["https:\/\/th-extrusion.eu\/wp-content\/uploads\/2024\/05\/logo-linedin-300x300-11.jpg",300,300,false],"large":["https:\/\/th-extrusion.eu\/wp-content\/uploads\/2024\/05\/logo-linedin-300x300-11.jpg",300,300,false],"1536x1536":["https:\/\/th-extrusion.eu\/wp-content\/uploads\/2024\/05\/logo-linedin-300x300-11.jpg",300,300,false],"2048x2048":["https:\/\/th-extrusion.eu\/wp-content\/uploads\/2024\/05\/logo-linedin-300x300-11.jpg",300,300,false]},"uagb_author_info":{"display_name":"Michal","author_link":"https:\/\/th-extrusion.eu\/fr\/author\/michal\/"},"uagb_comment_info":0,"uagb_excerpt":"\u00c0 PROPOS DE NOUS Nous garantissons un service complet en ce qui concerne les profils techniques personnalis\u00e9s sur commande Nous [&hellip;]","_links":{"self":[{"href":"https:\/\/th-extrusion.eu\/fr\/wp-json\/wp\/v2\/pages\/931","targetHints":{"allow":["GET"]}}],"collection":[{"href":"https:\/\/th-extrusion.eu\/fr\/wp-json\/wp\/v2\/pages"}],"about":[{"href":"https:\/\/th-extrusion.eu\/fr\/wp-json\/wp\/v2\/types\/page"}],"author":[{"embeddable":true,"href":"https:\/\/th-extrusion.eu\/fr\/wp-json\/wp\/v2\/users\/1"}],"replies":[{"embeddable":true,"href":"https:\/\/th-extrusion.eu\/fr\/wp-json\/wp\/v2\/comments?post=931"}],"version-history":[{"count":8,"href":"https:\/\/th-extrusion.eu\/fr\/wp-json\/wp\/v2\/pages\/931\/revisions"}],"predecessor-version":[{"id":1675,"href":"https:\/\/th-extrusion.eu\/fr\/wp-json\/wp\/v2\/pages\/931\/revisions\/1675"}],"wp:featuredmedia":[{"embeddable":true,"href":"https:\/\/th-extrusion.eu\/fr\/wp-json\/wp\/v2\/media\/117"}],"wp:attachment":[{"href":"https:\/\/th-extrusion.eu\/fr\/wp-json\/wp\/v2\/media?parent=931"}],"curies":[{"name":"wp","href":"https:\/\/api.w.org\/{rel}","templated":true}]}}