{"id":936,"date":"2024-05-19T16:42:23","date_gmt":"2024-05-19T14:42:23","guid":{"rendered":"https:\/\/th-extrusion.eu\/materialy\/"},"modified":"2025-02-25T16:45:11","modified_gmt":"2025-02-25T15:45:11","slug":"materiaux","status":"publish","type":"page","link":"https:\/\/th-extrusion.eu\/fr\/materiaux\/","title":{"rendered":"Mat\u00e9riaux"},"content":{"rendered":"\n<div class=\"wp-block-uagb-container uagb-block-44002778 alignwide uagb-is-root-container\">\n<div class=\"wp-block-uagb-container uagb-block-4a51b0b4\">\n<div data-aos= \"fade-right\" data-aos-duration=\"400\" data-aos-delay=\"0\" data-aos-easing=\"ease\" data-aos-once=\"true\" class=\"wp-block-uagb-advanced-heading uagb-block-aa8dd194\"><h1 class=\"uagb-heading-text\">MAT\u00c9RIAUX<\/h1><\/div>\n\n\n\n<div data-aos= \"fade-right\" data-aos-duration=\"400\" data-aos-delay=\"0\" data-aos-easing=\"ease\" data-aos-once=\"true\" class=\"wp-block-uagb-advanced-heading uagb-block-885d1912\"><h2 class=\"uagb-heading-text\">Nous utilisons des plastiques de la plus haute qualit\u00e9<\/h2><\/div>\n<\/div>\n<\/div>\n\n\n\n<div class=\"wp-block-uagb-container uagb-block-a60edd37 alignwide uagb-is-root-container\">\n<div class=\"wp-block-uagb-container uagb-block-348e44bb\">\n<p class=\"justy\">Dans la mise en \u0153uvre de la production de profils techniques non standard pour des commandes individuelles, l&rsquo;importance de s\u00e9lectionner le bon mat\u00e9riau pour la production ne peut pas \u00eatre surestim\u00e9e. Le processus de conception d&rsquo;un nouveau produit commence toujours par cela. Le plus souvent, les clients d\u00e9finissent tr\u00e8s pr\u00e9cis\u00e9ment les besoins des profils command\u00e9s.<\/p>\n\n\n\n<p class=\"justy\">Notre t\u00e2che est de trouver un mat\u00e9riau avec les propri\u00e9t\u00e9s appropri\u00e9es pour r\u00e9pondre aux exigences fonctionnelles. Notre \u00e9quipe de sp\u00e9cialistes, utilisant ses connaissances et son exp\u00e9rience, indique au client la meilleure option mat\u00e9rielle.<\/p>\n<\/div>\n\n\n\n<div class=\"wp-block-uagb-container uagb-block-cd0db668\">\n<div class=\"wp-block-uagb-image uagb-block-b90a2a3b wp-block-uagb-image--layout-default wp-block-uagb-image--effect-static wp-block-uagb-image--align-none fullWidth\"><figure class=\"wp-block-uagb-image__figure\"><img decoding=\"async\" srcset=\"https:\/\/th-extrusion.eu\/wp-content\/uploads\/2024\/06\/silos.jpg ,https:\/\/th-extrusion.eu\/wp-content\/uploads\/2024\/06\/silos.jpg 780w, https:\/\/th-extrusion.eu\/wp-content\/uploads\/2024\/06\/silos.jpg 360w\" sizes=\"auto, (max-width: 480px) 150px\" src=\"https:\/\/th-extrusion.eu\/wp-content\/uploads\/2024\/06\/silos.jpg\" alt=\"Dostawa wysokiej jako\u015bci tworzyw sztucznych do ekstrucji, koekstruzji profili dla wielu bran\u017c przemys\u0142owych. \" class=\"uag-image-657\" width=\"600\" height=\"350\" title=\"Dostawa wysokiej jako\u015bci tworzyw sztucznych do ekstrucji, koekstruzji profili dla wielu bran\u017c przemys\u0142owych. \" loading=\"lazy\" role=\"img\"\/><\/figure><\/div>\n<\/div>\n<\/div>\n\n\n\n<div class=\"wp-block-uagb-container uagb-block-12e1c450 alignwide uagb-is-root-container\">\n<div class=\"wp-block-uagb-container uagb-block-8bfdc72d\">\n<div class=\"wp-block-uagb-image uagb-block-7ad98b3f wp-block-uagb-image--layout-default wp-block-uagb-image--effect-static wp-block-uagb-image--align-none fullWidth\"><figure class=\"wp-block-uagb-image__figure\"><img decoding=\"async\" srcset=\"https:\/\/th-extrusion.eu\/wp-content\/uploads\/2024\/06\/granulaty.jpg ,https:\/\/th-extrusion.eu\/wp-content\/uploads\/2024\/06\/granulaty.jpg 780w, https:\/\/th-extrusion.eu\/wp-content\/uploads\/2024\/06\/granulaty.jpg 360w\" sizes=\"auto, (max-width: 480px) 150px\" src=\"https:\/\/th-extrusion.eu\/wp-content\/uploads\/2024\/06\/granulaty.jpg\" alt=\"Installation de m\u00e9lange interne pour la cr\u00e9ation de m\u00e9langes optimaux r\u00e9pondant aux besoins individuels des clients. \" class=\"uag-image-648\" width=\"600\" height=\"350\" title=\"Installation de m\u00e9lange interne pour la cr\u00e9ation de m\u00e9langes optimaux r\u00e9pondant aux besoins individuels des clients. \" loading=\"lazy\" role=\"img\"\/><\/figure><\/div>\n<\/div>\n\n\n\n<div class=\"wp-block-uagb-container uagb-block-66e5819a\">\n<p class=\"justy\">Depuis plus de 30 ans, Thermoplast utilise la technologie d&rsquo;extrusion pour fabriquer ses produits et utilise des types de thermoplastiques dont les propri\u00e9t\u00e9s de traitement assurent la stabilit\u00e9 pendant la production, tout en garantissant que les exigences des clients pour le produit fini sont satisfaites.<br>Entre autres:<\/p>\n\n\n\n<div class=\"productList\">\n<div>\n<ul class=\"lista\">\n<li>PVC &#8211; Chlorure de polyvinyle<\/li>\n<li>HIPS &#8211; Polystyr\u00e8ne choc<\/li>\n<li>PE &#8211; Poly\u00e9thyl\u00e8ne<\/li>\n<li>PP &#8211; Polypropyl\u00e8ne<\/li>\n<li>PMMA &#8211; Polym\u00e9thacrylate de m\u00e9thyle<\/li>\n<li>PC &#8211;  Polycarbonate<\/li>\n<\/ul>\n<\/div>\n<div>\n<ul class=\"lista\">\n<li>ABS &#8211; Copolym\u00e8re acrylonitrile butadi\u00e8ne styr\u00e8ne<\/li>\n<li>SAN &#8211; Copolym\u00e8re styr\u00e8ne-acrylonitrile<\/li>\n<li>ASA &#8211; Copolym\u00e8re acrylique acrylonitrile styr\u00e8ne<\/li>\n<li>PS &#8211; Polystyr\u00e8ne<\/li>\n<li>PA &#8211; Polyamide<\/li>\n<\/ul>\n<\/div>\n<\/div>\n\n\n\n<p class=\"justy\">Le d\u00e9partement R&amp;D \u00e9largit constamment la base de mat\u00e9riaux en param\u00e9trant la technologie et la composition des plastiques qui r\u00e9pondent aux exigences particuli\u00e8res des clients. Nous avons de l&rsquo;exp\u00e9rience dans les mat\u00e9riaux \u00e0 r\u00e9sistance m\u00e9canique et thermique accrue.<\/p>\n<\/div>\n<\/div>\n\n\n\n<div class=\"wp-block-uagb-container uagb-block-fc64dd88 alignwide uagb-is-root-container\">\n<div class=\"wp-block-uagb-container uagb-block-66b232f8\">\n<p class=\"justy\">Nous mettons en \u0153uvre des projets innovants de mani\u00e8re socialement responsable dans le respect des principes de d\u00e9veloppement durable bas\u00e9s sur le syst\u00e8me de management environnemental mis en place conforme \u00e0 la norme ISO14001.<\/p>\n\n\n\n<p class=\"justy\">Thermoplast, leader dans son industrie depuis de nombreuses ann\u00e9es, en plus des activit\u00e9s li\u00e9es au d\u00e9veloppement purement commercial, accorde consciemment une grande importance aux activit\u00e9s li\u00e9es \u00e0 la protection de l&rsquo;environnement, et ainsi \u00e0 la limitation de l&rsquo;impact nocif sur l&rsquo;environnement \u00e0 travers ses activit\u00e9s d&rsquo;exploitation de base.<\/p>\n<\/div>\n\n\n\n<div class=\"wp-block-uagb-container uagb-block-46b76f36\">\n<div class=\"wp-block-uagb-image uagb-block-080e6825 wp-block-uagb-image--layout-default wp-block-uagb-image--effect-static wp-block-uagb-image--align-none fullWidth\"><figure class=\"wp-block-uagb-image__figure\"><img decoding=\"async\" srcset=\"https:\/\/th-extrusion.eu\/wp-content\/uploads\/2024\/06\/materialy.jpg ,https:\/\/th-extrusion.eu\/wp-content\/uploads\/2024\/06\/materialy.jpg 780w, https:\/\/th-extrusion.eu\/wp-content\/uploads\/2024\/06\/materialy.jpg 360w\" sizes=\"auto, (max-width: 480px) 150px\" src=\"https:\/\/th-extrusion.eu\/wp-content\/uploads\/2024\/06\/materialy.jpg\" alt=\"Granul\u00e9s et compos\u00e9s thermoplastiques de haute qualit\u00e9 utilis\u00e9s par Thermoplast \u00e0 Libi\u0105\u017c.\" class=\"uag-image-630\" width=\"600\" height=\"350\" title=\"Granul\u00e9s et compos\u00e9s thermoplastiques de haute qualit\u00e9 utilis\u00e9s par Thermoplast \u00e0 Libi\u0105\u017c.\" loading=\"lazy\" role=\"img\"\/><\/figure><\/div>\n<\/div>\n<\/div>\n\n\n\n<div class=\"wp-block-uagb-container uagb-block-01bdf848 alignwide uagb-is-root-container\">\n<div class=\"wp-block-uagb-container uagb-block-1930a34d\">\n<div class=\"wp-block-uagb-advanced-heading uagb-block-b7436000\"><h2 class=\"uagb-heading-text\">Avez-vous besoin d&rsquo;un profil unique ?<\/h2><\/div>\n\n\n\n<div class=\"wp-block-uagb-buttons uagb-buttons__outer-wrap uagb-btn__medium-btn uagb-btn-tablet__default-btn uagb-btn-mobile__default-btn uagb-block-079ec436\"><div class=\"uagb-buttons__wrap uagb-buttons-layout-wrap \">\n<div class=\"wp-block-uagb-buttons-child uagb-buttons__outer-wrap uagb-block-418d4501 wp-block-button\"><div class=\"uagb-button__wrapper\"><a class=\"uagb-buttons-repeater wp-block-button__link\" aria-label=\"\" href=\"https:\/\/th-extrusion.eu\/fr\/contact\/\" rel=\"follow noopener\" target=\"_self\" role=\"button\"><div class=\"uagb-button__link\">\u00c9crivez-nous !<\/div><\/a><\/div><\/div>\n<\/div><\/div>\n<\/div>\n<\/div>\n","protected":false},"excerpt":{"rendered":"MAT\u00c9RIAUX Nous utilisons des plastiques de la plus haute qualit\u00e9 Dans la mise en \u0153uvre de la production de profils [&hellip;]","protected":false},"author":1,"featured_media":117,"parent":0,"menu_order":0,"comment_status":"closed","ping_status":"closed","template":"","meta":{"inline_featured_image":false,"_uag_custom_page_level_css":"\nul.lista {\n    list-style: none;\n    color: black;\n    margin: 0 ;\n}\n\nul.lista li {\n\tposition:relative;\nmargin: 0;\n}\n\nul.lista li:before {\n    content: url(https:\/\/th-extrusion.eu\/wp-content\/uploads\/2024\/05\/square51.svg);\n    width: 5px;\n    height: 5px;\n    position: absolute;\n    top: -2px;\n    left: -10px;\n}\n.productList {\n  display: flex;\n  justify-content: space-between;\n  font-size: 12px;\n\tmargin-bottom: 15px;\n}\n\n.productList ul.lista{\n  padding-left: 10px;\n}\n.fullWidth {\n\theight:100%;\n}\n\n.fullWidth img {\n\theight:100% !important;\n}","site-sidebar-layout":"default","site-content-layout":"","ast-site-content-layout":"default","site-content-style":"boxed","site-sidebar-style":"default","ast-global-header-display":"","ast-banner-title-visibility":"","ast-main-header-display":"","ast-hfb-above-header-display":"","ast-hfb-below-header-display":"","ast-hfb-mobile-header-display":"","site-post-title":"disabled","ast-breadcrumbs-content":"","ast-featured-img":"","footer-sml-layout":"","ast-disable-related-posts":"","theme-transparent-header-meta":"","adv-header-id-meta":"","stick-header-meta":"","header-above-stick-meta":"","header-main-stick-meta":"","header-below-stick-meta":"","astra-migrate-meta-layouts":"default","ast-page-background-enabled":"default","ast-page-background-meta":{"desktop":{"background-color":"var(--ast-global-color-4)","background-image":"","background-repeat":"repeat","background-position":"center center","background-size":"auto","background-attachment":"scroll","background-type":"","background-media":"","overlay-type":"","overlay-color":"","overlay-opacity":"","overlay-gradient":""},"tablet":{"background-color":"","background-image":"","background-repeat":"repeat","background-position":"center center","background-size":"auto","background-attachment":"scroll","background-type":"","background-media":"","overlay-type":"","overlay-color":"","overlay-opacity":"","overlay-gradient":""},"mobile":{"background-color":"","background-image":"","background-repeat":"repeat","background-position":"center center","background-size":"auto","background-attachment":"scroll","background-type":"","background-media":"","overlay-type":"","overlay-color":"","overlay-opacity":"","overlay-gradient":""}},"ast-content-background-meta":{"desktop":{"background-color":"var(--ast-global-color-5)","background-image":"","background-repeat":"repeat","background-position":"center center","background-size":"auto","background-attachment":"scroll","background-type":"","background-media":"","overlay-type":"","overlay-color":"","overlay-opacity":"","overlay-gradient":""},"tablet":{"background-color":"var(--ast-global-color-5)","background-image":"","background-repeat":"repeat","background-position":"center center","background-size":"auto","background-attachment":"scroll","background-type":"","background-media":"","overlay-type":"","overlay-color":"","overlay-opacity":"","overlay-gradient":""},"mobile":{"background-color":"var(--ast-global-color-5)","background-image":"","background-repeat":"repeat","background-position":"center center","background-size":"auto","background-attachment":"scroll","background-type":"","background-media":"","overlay-type":"","overlay-color":"","overlay-opacity":"","overlay-gradient":""}},"footnotes":""},"class_list":["post-936","page","type-page","status-publish","has-post-thumbnail","hentry"],"yoast_head":"<!-- This site is optimized with the Yoast SEO plugin v27.3 - https:\/\/yoast.com\/product\/yoast-seo-wordpress\/ -->\n<title>Mat\u00e9riaux - Th-Extrusion<\/title>\n<meta name=\"description\" content=\"Notre installation de m\u00e9lange automatis\u00e9e \u00e0 la pointe de la technologie nous permet de cr\u00e9er des m\u00e9langes de mati\u00e8res plastiques sur mesure pour r\u00e9pondre aux exigences individuelles des clients.\" \/>\n<meta name=\"robots\" content=\"index, follow, max-snippet:-1, max-image-preview:large, max-video-preview:-1\" \/>\n<link rel=\"canonical\" href=\"https:\/\/th-extrusion.eu\/fr\/materiaux\/\" \/>\n<meta property=\"og:locale\" content=\"fr_FR\" \/>\n<meta property=\"og:type\" content=\"article\" \/>\n<meta property=\"og:title\" content=\"Mat\u00e9riaux - Th-Extrusion\" \/>\n<meta property=\"og:description\" content=\"Notre installation de m\u00e9lange automatis\u00e9e \u00e0 la pointe de la technologie nous permet de cr\u00e9er des m\u00e9langes de mati\u00e8res plastiques sur mesure pour r\u00e9pondre aux exigences individuelles des clients.\" \/>\n<meta property=\"og:url\" content=\"https:\/\/th-extrusion.eu\/fr\/materiaux\/\" \/>\n<meta property=\"og:site_name\" content=\"Th-Extrusion\" \/>\n<meta property=\"article:publisher\" content=\"https:\/\/www.facebook.com\/search\/top?q=thermoplastpermanentdevelopments.a.\" \/>\n<meta property=\"article:modified_time\" content=\"2025-02-25T15:45:11+00:00\" \/>\n<meta property=\"og:image\" content=\"https:\/\/th-extrusion.eu\/wp-content\/uploads\/2024\/05\/logo-linedin-300x300-11.jpg\" \/>\n\t<meta property=\"og:image:width\" content=\"300\" \/>\n\t<meta property=\"og:image:height\" content=\"300\" \/>\n\t<meta property=\"og:image:type\" content=\"image\/jpeg\" \/>\n<meta name=\"twitter:card\" content=\"summary_large_image\" \/>\n<meta name=\"twitter:label1\" content=\"Dur\u00e9e de lecture estim\u00e9e\" \/>\n\t<meta name=\"twitter:data1\" content=\"3 minutes\" \/>\n<script type=\"application\/ld+json\" class=\"yoast-schema-graph\">{\"@context\":\"https:\\\/\\\/schema.org\",\"@graph\":[{\"@type\":\"WebPage\",\"@id\":\"https:\\\/\\\/th-extrusion.eu\\\/fr\\\/materiaux\\\/\",\"url\":\"https:\\\/\\\/th-extrusion.eu\\\/fr\\\/materiaux\\\/\",\"name\":\"Mat\u00e9riaux - Th-Extrusion\",\"isPartOf\":{\"@id\":\"https:\\\/\\\/th-extrusion.eu\\\/fr\\\/#website\"},\"primaryImageOfPage\":{\"@id\":\"https:\\\/\\\/th-extrusion.eu\\\/fr\\\/materiaux\\\/#primaryimage\"},\"image\":{\"@id\":\"https:\\\/\\\/th-extrusion.eu\\\/fr\\\/materiaux\\\/#primaryimage\"},\"thumbnailUrl\":\"https:\\\/\\\/th-extrusion.eu\\\/wp-content\\\/uploads\\\/2024\\\/05\\\/logo-linedin-300x300-11.jpg\",\"datePublished\":\"2024-05-19T14:42:23+00:00\",\"dateModified\":\"2025-02-25T15:45:11+00:00\",\"description\":\"Notre installation de m\u00e9lange automatis\u00e9e \u00e0 la pointe de la technologie nous permet de cr\u00e9er des m\u00e9langes de mati\u00e8res plastiques sur mesure pour r\u00e9pondre aux exigences individuelles des clients.\",\"breadcrumb\":{\"@id\":\"https:\\\/\\\/th-extrusion.eu\\\/fr\\\/materiaux\\\/#breadcrumb\"},\"inLanguage\":\"fr-FR\",\"potentialAction\":[{\"@type\":\"ReadAction\",\"target\":[\"https:\\\/\\\/th-extrusion.eu\\\/fr\\\/materiaux\\\/\"]}]},{\"@type\":\"ImageObject\",\"inLanguage\":\"fr-FR\",\"@id\":\"https:\\\/\\\/th-extrusion.eu\\\/fr\\\/materiaux\\\/#primaryimage\",\"url\":\"https:\\\/\\\/th-extrusion.eu\\\/wp-content\\\/uploads\\\/2024\\\/05\\\/logo-linedin-300x300-11.jpg\",\"contentUrl\":\"https:\\\/\\\/th-extrusion.eu\\\/wp-content\\\/uploads\\\/2024\\\/05\\\/logo-linedin-300x300-11.jpg\",\"width\":300,\"height\":300},{\"@type\":\"BreadcrumbList\",\"@id\":\"https:\\\/\\\/th-extrusion.eu\\\/fr\\\/materiaux\\\/#breadcrumb\",\"itemListElement\":[{\"@type\":\"ListItem\",\"position\":1,\"name\":\"Strona g\u0142\u00f3wna\",\"item\":\"https:\\\/\\\/th-extrusion.eu\\\/fr\\\/\"},{\"@type\":\"ListItem\",\"position\":2,\"name\":\"Mat\u00e9riaux\"}]},{\"@type\":\"WebSite\",\"@id\":\"https:\\\/\\\/th-extrusion.eu\\\/fr\\\/#website\",\"url\":\"https:\\\/\\\/th-extrusion.eu\\\/fr\\\/\",\"name\":\"Th-Extrusion.eu\",\"description\":\"Thermoplast has over 30 years of experience in designing and building tools for extrusion, co-extrusion and post-extrusion of custom technical profiles\",\"publisher\":{\"@id\":\"https:\\\/\\\/th-extrusion.eu\\\/fr\\\/#organization\"},\"potentialAction\":[{\"@type\":\"SearchAction\",\"target\":{\"@type\":\"EntryPoint\",\"urlTemplate\":\"https:\\\/\\\/th-extrusion.eu\\\/fr\\\/?s={search_term_string}\"},\"query-input\":{\"@type\":\"PropertyValueSpecification\",\"valueRequired\":true,\"valueName\":\"search_term_string\"}}],\"inLanguage\":\"fr-FR\"},{\"@type\":\"Organization\",\"@id\":\"https:\\\/\\\/th-extrusion.eu\\\/fr\\\/#organization\",\"name\":\"Thermoplast\",\"url\":\"https:\\\/\\\/th-extrusion.eu\\\/fr\\\/\",\"logo\":{\"@type\":\"ImageObject\",\"inLanguage\":\"fr-FR\",\"@id\":\"https:\\\/\\\/th-extrusion.eu\\\/fr\\\/#\\\/schema\\\/logo\\\/image\\\/\",\"url\":\"https:\\\/\\\/th-extrusion.eu\\\/wp-content\\\/uploads\\\/2024\\\/05\\\/thermoplast-logo-th-extrusion1.svg\",\"contentUrl\":\"https:\\\/\\\/th-extrusion.eu\\\/wp-content\\\/uploads\\\/2024\\\/05\\\/thermoplast-logo-th-extrusion1.svg\",\"width\":156,\"height\":47,\"caption\":\"Thermoplast\"},\"image\":{\"@id\":\"https:\\\/\\\/th-extrusion.eu\\\/fr\\\/#\\\/schema\\\/logo\\\/image\\\/\"},\"sameAs\":[\"https:\\\/\\\/www.facebook.com\\\/search\\\/top?q=thermoplastpermanentdevelopments.a.\"]}]}<\/script>\n<!-- \/ Yoast SEO plugin. -->","yoast_head_json":{"title":"Mat\u00e9riaux - Th-Extrusion","description":"Notre installation de m\u00e9lange automatis\u00e9e \u00e0 la pointe de la technologie nous permet de cr\u00e9er des m\u00e9langes de mati\u00e8res plastiques sur mesure pour r\u00e9pondre aux exigences individuelles des clients.","robots":{"index":"index","follow":"follow","max-snippet":"max-snippet:-1","max-image-preview":"max-image-preview:large","max-video-preview":"max-video-preview:-1"},"canonical":"https:\/\/th-extrusion.eu\/fr\/materiaux\/","og_locale":"fr_FR","og_type":"article","og_title":"Mat\u00e9riaux - Th-Extrusion","og_description":"Notre installation de m\u00e9lange automatis\u00e9e \u00e0 la pointe de la technologie nous permet de cr\u00e9er des m\u00e9langes de mati\u00e8res plastiques sur mesure pour r\u00e9pondre aux exigences individuelles des clients.","og_url":"https:\/\/th-extrusion.eu\/fr\/materiaux\/","og_site_name":"Th-Extrusion","article_publisher":"https:\/\/www.facebook.com\/search\/top?q=thermoplastpermanentdevelopments.a.","article_modified_time":"2025-02-25T15:45:11+00:00","og_image":[{"width":300,"height":300,"url":"https:\/\/th-extrusion.eu\/wp-content\/uploads\/2024\/05\/logo-linedin-300x300-11.jpg","type":"image\/jpeg"}],"twitter_card":"summary_large_image","twitter_misc":{"Dur\u00e9e de lecture estim\u00e9e":"3 minutes"},"schema":{"@context":"https:\/\/schema.org","@graph":[{"@type":"WebPage","@id":"https:\/\/th-extrusion.eu\/fr\/materiaux\/","url":"https:\/\/th-extrusion.eu\/fr\/materiaux\/","name":"Mat\u00e9riaux - Th-Extrusion","isPartOf":{"@id":"https:\/\/th-extrusion.eu\/fr\/#website"},"primaryImageOfPage":{"@id":"https:\/\/th-extrusion.eu\/fr\/materiaux\/#primaryimage"},"image":{"@id":"https:\/\/th-extrusion.eu\/fr\/materiaux\/#primaryimage"},"thumbnailUrl":"https:\/\/th-extrusion.eu\/wp-content\/uploads\/2024\/05\/logo-linedin-300x300-11.jpg","datePublished":"2024-05-19T14:42:23+00:00","dateModified":"2025-02-25T15:45:11+00:00","description":"Notre installation de m\u00e9lange automatis\u00e9e \u00e0 la pointe de la technologie nous permet de cr\u00e9er des m\u00e9langes de mati\u00e8res plastiques sur mesure pour r\u00e9pondre aux exigences individuelles des clients.","breadcrumb":{"@id":"https:\/\/th-extrusion.eu\/fr\/materiaux\/#breadcrumb"},"inLanguage":"fr-FR","potentialAction":[{"@type":"ReadAction","target":["https:\/\/th-extrusion.eu\/fr\/materiaux\/"]}]},{"@type":"ImageObject","inLanguage":"fr-FR","@id":"https:\/\/th-extrusion.eu\/fr\/materiaux\/#primaryimage","url":"https:\/\/th-extrusion.eu\/wp-content\/uploads\/2024\/05\/logo-linedin-300x300-11.jpg","contentUrl":"https:\/\/th-extrusion.eu\/wp-content\/uploads\/2024\/05\/logo-linedin-300x300-11.jpg","width":300,"height":300},{"@type":"BreadcrumbList","@id":"https:\/\/th-extrusion.eu\/fr\/materiaux\/#breadcrumb","itemListElement":[{"@type":"ListItem","position":1,"name":"Strona g\u0142\u00f3wna","item":"https:\/\/th-extrusion.eu\/fr\/"},{"@type":"ListItem","position":2,"name":"Mat\u00e9riaux"}]},{"@type":"WebSite","@id":"https:\/\/th-extrusion.eu\/fr\/#website","url":"https:\/\/th-extrusion.eu\/fr\/","name":"Th-Extrusion.eu","description":"Thermoplast has over 30 years of experience in designing and building tools for extrusion, co-extrusion and post-extrusion of custom technical profiles","publisher":{"@id":"https:\/\/th-extrusion.eu\/fr\/#organization"},"potentialAction":[{"@type":"SearchAction","target":{"@type":"EntryPoint","urlTemplate":"https:\/\/th-extrusion.eu\/fr\/?s={search_term_string}"},"query-input":{"@type":"PropertyValueSpecification","valueRequired":true,"valueName":"search_term_string"}}],"inLanguage":"fr-FR"},{"@type":"Organization","@id":"https:\/\/th-extrusion.eu\/fr\/#organization","name":"Thermoplast","url":"https:\/\/th-extrusion.eu\/fr\/","logo":{"@type":"ImageObject","inLanguage":"fr-FR","@id":"https:\/\/th-extrusion.eu\/fr\/#\/schema\/logo\/image\/","url":"https:\/\/th-extrusion.eu\/wp-content\/uploads\/2024\/05\/thermoplast-logo-th-extrusion1.svg","contentUrl":"https:\/\/th-extrusion.eu\/wp-content\/uploads\/2024\/05\/thermoplast-logo-th-extrusion1.svg","width":156,"height":47,"caption":"Thermoplast"},"image":{"@id":"https:\/\/th-extrusion.eu\/fr\/#\/schema\/logo\/image\/"},"sameAs":["https:\/\/www.facebook.com\/search\/top?q=thermoplastpermanentdevelopments.a."]}]}},"uagb_featured_image_src":{"full":["https:\/\/th-extrusion.eu\/wp-content\/uploads\/2024\/05\/logo-linedin-300x300-11.jpg",300,300,false],"thumbnail":["https:\/\/th-extrusion.eu\/wp-content\/uploads\/2024\/05\/logo-linedin-300x300-11-150x150.jpg",150,150,true],"medium":["https:\/\/th-extrusion.eu\/wp-content\/uploads\/2024\/05\/logo-linedin-300x300-11.jpg",300,300,false],"medium_large":["https:\/\/th-extrusion.eu\/wp-content\/uploads\/2024\/05\/logo-linedin-300x300-11.jpg",300,300,false],"large":["https:\/\/th-extrusion.eu\/wp-content\/uploads\/2024\/05\/logo-linedin-300x300-11.jpg",300,300,false],"1536x1536":["https:\/\/th-extrusion.eu\/wp-content\/uploads\/2024\/05\/logo-linedin-300x300-11.jpg",300,300,false],"2048x2048":["https:\/\/th-extrusion.eu\/wp-content\/uploads\/2024\/05\/logo-linedin-300x300-11.jpg",300,300,false]},"uagb_author_info":{"display_name":"Michal","author_link":"https:\/\/th-extrusion.eu\/fr\/author\/michal\/"},"uagb_comment_info":0,"uagb_excerpt":"MAT\u00c9RIAUX Nous utilisons des plastiques de la plus haute qualit\u00e9 Dans la mise en \u0153uvre de la production de profils [&hellip;]","_links":{"self":[{"href":"https:\/\/th-extrusion.eu\/fr\/wp-json\/wp\/v2\/pages\/936","targetHints":{"allow":["GET"]}}],"collection":[{"href":"https:\/\/th-extrusion.eu\/fr\/wp-json\/wp\/v2\/pages"}],"about":[{"href":"https:\/\/th-extrusion.eu\/fr\/wp-json\/wp\/v2\/types\/page"}],"author":[{"embeddable":true,"href":"https:\/\/th-extrusion.eu\/fr\/wp-json\/wp\/v2\/users\/1"}],"replies":[{"embeddable":true,"href":"https:\/\/th-extrusion.eu\/fr\/wp-json\/wp\/v2\/comments?post=936"}],"version-history":[{"count":9,"href":"https:\/\/th-extrusion.eu\/fr\/wp-json\/wp\/v2\/pages\/936\/revisions"}],"predecessor-version":[{"id":1663,"href":"https:\/\/th-extrusion.eu\/fr\/wp-json\/wp\/v2\/pages\/936\/revisions\/1663"}],"wp:featuredmedia":[{"embeddable":true,"href":"https:\/\/th-extrusion.eu\/fr\/wp-json\/wp\/v2\/media\/117"}],"wp:attachment":[{"href":"https:\/\/th-extrusion.eu\/fr\/wp-json\/wp\/v2\/media?parent=936"}],"curies":[{"name":"wp","href":"https:\/\/api.w.org\/{rel}","templated":true}]}}