{"id":942,"date":"2024-05-19T16:42:57","date_gmt":"2024-05-19T14:42:57","guid":{"rendered":"https:\/\/th-extrusion.eu\/jakosc-i-laboratorium\/"},"modified":"2025-03-05T08:20:49","modified_gmt":"2025-03-05T07:20:49","slug":"qualite-et-laboratoire","status":"publish","type":"page","link":"https:\/\/th-extrusion.eu\/fr\/qualite-et-laboratoire\/","title":{"rendered":"Qualit\u00e9 et laboratoire"},"content":{"rendered":"\n<div class=\"wp-block-uagb-container uagb-block-44002778 alignwide uagb-is-root-container\">\n<div class=\"wp-block-uagb-container uagb-block-4a51b0b4\">\n<div data-aos= \"fade-right\" data-aos-duration=\"400\" data-aos-delay=\"0\" data-aos-easing=\"ease\" data-aos-once=\"true\" class=\"wp-block-uagb-advanced-heading uagb-block-aa8dd194\"><h1 class=\"uagb-heading-text\">QUALIT\u00c9 ET LABORATOIRE<\/h1><\/div>\n\n\n\n<div data-aos= \"fade-right\" data-aos-duration=\"400\" data-aos-delay=\"0\" data-aos-easing=\"ease\" data-aos-once=\"true\" class=\"wp-block-uagb-advanced-heading uagb-block-885d1912\"><h2 class=\"uagb-heading-text\">Nous sommes sp\u00e9cialis\u00e9s dans l&rsquo;extrusion et la co-extrusion de profil\u00e9s techniques en plastique.<\/h2><\/div>\n<\/div>\n<\/div>\n\n\n\n<div class=\"wp-block-uagb-container uagb-block-a60edd37 alignwide uagb-is-root-container\">\n<div class=\"wp-block-uagb-container uagb-block-348e44bb\">\n<p class=\"justy\">Tous les processus de production de Thermoplast sont certifi\u00e9s conform\u00e9ment \u00e0 la norme ISO 9001 et la qualit\u00e9 est contr\u00f4l\u00e9e par des sp\u00e9cialistes de notre laboratoire moderne tout au long du processus de production.<\/p>\n\n\n\n<p class=\"justy\">Les sp\u00e9cialistes du service de contr\u00f4le surveillent la qualit\u00e9 des mati\u00e8res premi\u00e8res utilis\u00e9es pour la production de profil\u00e9s, contr\u00f4lent les dimensions fonctionnelles de base du produit d\u00e9terminant le fonctionnement des profil\u00e9s et v\u00e9rifient d&rsquo;autres param\u00e8tres de la s\u00e9lection pr\u00eate.<\/p>\n\n\n\n<p class=\"justy\" style=\"margin-top:0;margin-bottom:0\">Nos capacit\u00e9s de contr\u00f4le dans le domaine de la qualit\u00e9 de la production reposent non seulement sur les connaissances et l&rsquo;exp\u00e9rience des employ\u00e9s de laboratoire, mais aussi sur des appareils modernes augmentant les capacit\u00e9s de recherche des propri\u00e9t\u00e9s m\u00e9caniques et \u00e9lectriques, ainsi que la compatibilit\u00e9 des couleurs des mat\u00e9riaux.<\/p>\n<\/div>\n\n\n\n<div class=\"wp-block-uagb-container uagb-block-cd0db668\">\n<div class=\"wp-block-uagb-image uagb-block-5093a5e9 wp-block-uagb-image--layout-default wp-block-uagb-image--effect-static wp-block-uagb-image--align-none fullWidth\"><figure class=\"wp-block-uagb-image__figure\"><img decoding=\"async\" srcset=\"https:\/\/th-extrusion.eu\/wp-content\/uploads\/2024\/05\/jakosci-i-labolatorium.jpg ,https:\/\/th-extrusion.eu\/wp-content\/uploads\/2024\/05\/jakosci-i-labolatorium.jpg 780w, https:\/\/th-extrusion.eu\/wp-content\/uploads\/2024\/05\/jakosci-i-labolatorium.jpg 360w\" sizes=\"auto, (max-width: 480px) 150px\" src=\"https:\/\/th-extrusion.eu\/wp-content\/uploads\/2024\/05\/jakosci-i-labolatorium.jpg\" alt=\"In\u017cynierowie i technolodzy z Dzia\u0142u R&amp;D opracowuj\u0105 optymalne rozwi\u0105zania.\" class=\"uag-image-411\" width=\"600\" height=\"350\" title=\"In\u017cynierowie i technolodzy z Dzia\u0142u R&amp;D opracowuj\u0105 optymalne rozwi\u0105zania.\" loading=\"lazy\" role=\"img\"\/><\/figure><\/div>\n<\/div>\n<\/div>\n\n\n\n<div class=\"wp-block-uagb-container uagb-block-12e1c450 alignwide uagb-is-root-container\">\n<div class=\"wp-block-uagb-container uagb-block-8bfdc72d\">\n<div class=\"wp-block-uagb-image uagb-block-9f484fc4 wp-block-uagb-image--layout-default wp-block-uagb-image--effect-static wp-block-uagb-image--align-none fullWidth\"><figure class=\"wp-block-uagb-image__figure\"><img decoding=\"async\" srcset=\"https:\/\/th-extrusion.eu\/wp-content\/uploads\/2024\/06\/jakosc.jpg ,https:\/\/th-extrusion.eu\/wp-content\/uploads\/2024\/06\/jakosc.jpg 780w, https:\/\/th-extrusion.eu\/wp-content\/uploads\/2024\/06\/jakosc.jpg 360w\" sizes=\"auto, (max-width: 480px) 150px\" src=\"https:\/\/th-extrusion.eu\/wp-content\/uploads\/2024\/06\/jakosc.jpg\" alt=\"jakosc\" class=\"uag-image-697\" width=\"600\" height=\"350\" title=\"jakosc\" loading=\"lazy\" role=\"img\"\/><\/figure><\/div>\n<\/div>\n\n\n\n<div class=\"wp-block-uagb-container uagb-block-66e5819a\">\n<p class=\"justy\">Le laboratoire utilise, entre autres, <strong>le plastographe Brabender &#8211; Type EC<\/strong>, qui permet une v\u00e9rification rapide des mat\u00e9riaux en termes de processabilit\u00e9 et de caract\u00e9ristiques rh\u00e9ologiques avec l&rsquo;utilisation d&rsquo;une petite quantit\u00e9 de mati\u00e8re premi\u00e8re. L&rsquo;appareil est utilis\u00e9 pour d\u00e9velopper des recettes, tester de nouvelles mati\u00e8res premi\u00e8res, produire des \u00e9chantillons \u00e0 l&rsquo;\u00e9chelle du laboratoire, contr\u00f4ler la qualit\u00e9 de la production actuelle et contr\u00f4ler la qualit\u00e9 des mati\u00e8res premi\u00e8res fournies.<\/p>\n\n\n\n<p class=\"justy\"><strong>Le plastom\u00e8tre &#8211; type REO 100<\/strong> est utilis\u00e9 pour le contr\u00f4le qualit\u00e9 permanent des approvisionnements en polym\u00e8res et pour les tests de rebroyage et de regranulation en termes d&rsquo;application potentielle pour la production.<\/p>\n\n\n\n<p class=\"justy\" style=\"margin-top:0;margin-bottom:0\">L&rsquo;\u00e9quipement comprend \u00e9galement une machine d&rsquo;essais <strong>Zwick Roell 5kN Proline<\/strong>, n\u00e9cessaire pour les essais m\u00e9caniques statiques \u00e0 faibles charges. Il est utilis\u00e9 pour les essais de traction, de compression et de flexion.<\/p>\n<\/div>\n<\/div>\n\n\n\n<div class=\"wp-block-uagb-container uagb-block-fc64dd88 alignwide uagb-is-root-container\">\n<div class=\"wp-block-uagb-container uagb-block-66b232f8\">\n<p class=\"justy\"><strong>Testeur de duret\u00e9 Rockwell &#8211; XHDC 150<\/strong> est utilis\u00e9 pour tester la duret\u00e9 des plastiques selon la m\u00e9thode de la bille dans les \u00e9chelles de mesure HRE, HRL, HRM, HRR.<\/p>\n\n\n\n<p class=\"justy\">Notre laboratoire dispose \u00e9galement d&rsquo;un compteur pour <strong>les mesures \u00e9lectriques &#8211; Metriso 2000<\/strong>, au moyen duquel la r\u00e9sistance surfacique et capacitive ainsi que la r\u00e9sistance de terre sont mesur\u00e9es, dans des conditions sp\u00e9cifiques d&rsquo;humidit\u00e9 et de temp\u00e9rature.<\/p>\n\n\n\n<p class=\"justy\" style=\"margin-top:0;margin-bottom:0\">D&rsquo;autre part, <strong>le spectrophotom\u00e8tre pour la mesure des couleurs &#8211; SP64<\/strong>, permet une mesure des couleurs rapide et pr\u00e9cise. SP64 fonctionne avec le logiciel de contr\u00f4le qualit\u00e9 Color Master, coupl\u00e9 au syst\u00e8me de formulation. Le programme d\u00e9termine le degr\u00e9 de conformit\u00e9 aux exigences et permet l&rsquo;archivage des donn\u00e9es de mesure.<\/p>\n<\/div>\n\n\n\n<div class=\"wp-block-uagb-container uagb-block-46b76f36\">\n<div class=\"wp-block-uagb-image uagb-block-b90a2a3b wp-block-uagb-image--layout-default wp-block-uagb-image--effect-static wp-block-uagb-image--align-none fullWidth\"><figure class=\"wp-block-uagb-image__figure\"><img decoding=\"async\" srcset=\"https:\/\/th-extrusion.eu\/wp-content\/uploads\/2024\/05\/aplikacje.jpg ,https:\/\/th-extrusion.eu\/wp-content\/uploads\/2024\/05\/aplikacje.jpg 780w, https:\/\/th-extrusion.eu\/wp-content\/uploads\/2024\/05\/aplikacje.jpg 360w\" sizes=\"auto, (max-width: 480px) 150px\" src=\"https:\/\/th-extrusion.eu\/wp-content\/uploads\/2024\/05\/aplikacje.jpg\" alt=\"aplikacje\" class=\"uag-image-210\" width=\"600\" height=\"350\" title=\"aplikacje\" loading=\"lazy\" role=\"img\"\/><\/figure><\/div>\n<\/div>\n<\/div>\n\n\n\n<div class=\"wp-block-uagb-container uagb-block-60adfb7e alignwide uagb-is-root-container\">\n<p class=\"has-text-align-center has-ast-global-color-2-color has-text-color has-link-color wp-elements-10d9d2a51061b8315678dd68f0853563\" style=\"margin-top:0;margin-bottom:0;padding-top:0;padding-bottom:0\"><strong>Nous mettons tout en \u0153uvre pour r\u00e9pondre aux exigences \u00e9lev\u00e9es de nos clients !<\/strong><\/p>\n<\/div>\n\n\n\n<div class=\"wp-block-uagb-container uagb-block-01bdf848 alignwide uagb-is-root-container\">\n<div class=\"wp-block-uagb-container uagb-block-1930a34d\">\n<div class=\"wp-block-uagb-advanced-heading uagb-block-b7436000\"><h2 class=\"uagb-heading-text\">Vous cherchez des solutions optimales ?<\/h2><\/div>\n\n\n\n<div class=\"wp-block-uagb-buttons uagb-buttons__outer-wrap uagb-btn__medium-btn uagb-btn-tablet__default-btn uagb-btn-mobile__default-btn uagb-block-079ec436\"><div class=\"uagb-buttons__wrap uagb-buttons-layout-wrap \">\n<div class=\"wp-block-uagb-buttons-child uagb-buttons__outer-wrap uagb-block-418d4501 wp-block-button\"><div class=\"uagb-button__wrapper\"><a class=\"uagb-buttons-repeater wp-block-button__link\" aria-label=\"\" href=\"https:\/\/th-extrusion.eu\/fr\/contact\/\" rel=\"follow noopener\" target=\"_self\" role=\"button\"><div class=\"uagb-button__link\">Contactez-nous !<\/div><\/a><\/div><\/div>\n<\/div><\/div>\n<\/div>\n<\/div>\n","protected":false},"excerpt":{"rendered":"QUALIT\u00c9 ET LABORATOIRE Nous sommes sp\u00e9cialis\u00e9s dans l&rsquo;extrusion et la co-extrusion de profil\u00e9s techniques en plastique. Tous les processus de [&hellip;]","protected":false},"author":1,"featured_media":117,"parent":0,"menu_order":0,"comment_status":"closed","ping_status":"closed","template":"","meta":{"inline_featured_image":false,"_uag_custom_page_level_css":".fullWidth {\n\theight:100%;\n}\n\n.fullWidth img {\n\theight:100% !important;\n}","site-sidebar-layout":"default","site-content-layout":"","ast-site-content-layout":"default","site-content-style":"default","site-sidebar-style":"default","ast-global-header-display":"","ast-banner-title-visibility":"","ast-main-header-display":"","ast-hfb-above-header-display":"","ast-hfb-below-header-display":"","ast-hfb-mobile-header-display":"","site-post-title":"disabled","ast-breadcrumbs-content":"","ast-featured-img":"","footer-sml-layout":"","ast-disable-related-posts":"","theme-transparent-header-meta":"","adv-header-id-meta":"","stick-header-meta":"","header-above-stick-meta":"","header-main-stick-meta":"","header-below-stick-meta":"","astra-migrate-meta-layouts":"default","ast-page-background-enabled":"default","ast-page-background-meta":{"desktop":{"background-color":"var(--ast-global-color-4)","background-image":"","background-repeat":"repeat","background-position":"center center","background-size":"auto","background-attachment":"scroll","background-type":"","background-media":"","overlay-type":"","overlay-color":"","overlay-opacity":"","overlay-gradient":""},"tablet":{"background-color":"","background-image":"","background-repeat":"repeat","background-position":"center center","background-size":"auto","background-attachment":"scroll","background-type":"","background-media":"","overlay-type":"","overlay-color":"","overlay-opacity":"","overlay-gradient":""},"mobile":{"background-color":"","background-image":"","background-repeat":"repeat","background-position":"center center","background-size":"auto","background-attachment":"scroll","background-type":"","background-media":"","overlay-type":"","overlay-color":"","overlay-opacity":"","overlay-gradient":""}},"ast-content-background-meta":{"desktop":{"background-color":"var(--ast-global-color-5)","background-image":"","background-repeat":"repeat","background-position":"center center","background-size":"auto","background-attachment":"scroll","background-type":"","background-media":"","overlay-type":"","overlay-color":"","overlay-opacity":"","overlay-gradient":""},"tablet":{"background-color":"var(--ast-global-color-5)","background-image":"","background-repeat":"repeat","background-position":"center center","background-size":"auto","background-attachment":"scroll","background-type":"","background-media":"","overlay-type":"","overlay-color":"","overlay-opacity":"","overlay-gradient":""},"mobile":{"background-color":"var(--ast-global-color-5)","background-image":"","background-repeat":"repeat","background-position":"center center","background-size":"auto","background-attachment":"scroll","background-type":"","background-media":"","overlay-type":"","overlay-color":"","overlay-opacity":"","overlay-gradient":""}},"footnotes":""},"class_list":["post-942","page","type-page","status-publish","has-post-thumbnail","hentry"],"yoast_head":"<!-- This site is optimized with the Yoast SEO plugin v27.3 - https:\/\/yoast.com\/product\/yoast-seo-wordpress\/ -->\n<title>Qualit\u00e9 et laboratoire - Th-Extrusion<\/title>\n<meta name=\"description\" content=\"Le contr\u00f4le en laboratoire de chaque \u00e9tape de la production garantit la haute qualit\u00e9 de nos produits. Nous travaillons conform\u00e9ment \u00e0 la norme ISO 9001.\" \/>\n<meta name=\"robots\" content=\"index, follow, max-snippet:-1, max-image-preview:large, max-video-preview:-1\" \/>\n<link rel=\"canonical\" href=\"https:\/\/th-extrusion.eu\/fr\/qualite-et-laboratoire\/\" \/>\n<meta property=\"og:locale\" content=\"fr_FR\" \/>\n<meta property=\"og:type\" content=\"article\" \/>\n<meta property=\"og:title\" content=\"Qualit\u00e9 et laboratoire - Th-Extrusion\" \/>\n<meta property=\"og:description\" content=\"Le contr\u00f4le en laboratoire de chaque \u00e9tape de la production garantit la haute qualit\u00e9 de nos produits. Nous travaillons conform\u00e9ment \u00e0 la norme ISO 9001.\" \/>\n<meta property=\"og:url\" content=\"https:\/\/th-extrusion.eu\/fr\/qualite-et-laboratoire\/\" \/>\n<meta property=\"og:site_name\" content=\"Th-Extrusion\" \/>\n<meta property=\"article:publisher\" content=\"https:\/\/www.facebook.com\/search\/top?q=thermoplastpermanentdevelopments.a.\" \/>\n<meta property=\"article:modified_time\" content=\"2025-03-05T07:20:49+00:00\" \/>\n<meta property=\"og:image\" content=\"https:\/\/th-extrusion.eu\/wp-content\/uploads\/2024\/05\/logo-linedin-300x300-11.jpg\" \/>\n\t<meta property=\"og:image:width\" content=\"300\" \/>\n\t<meta property=\"og:image:height\" content=\"300\" \/>\n\t<meta property=\"og:image:type\" content=\"image\/jpeg\" \/>\n<meta name=\"twitter:card\" content=\"summary_large_image\" \/>\n<meta name=\"twitter:label1\" content=\"Dur\u00e9e de lecture estim\u00e9e\" \/>\n\t<meta name=\"twitter:data1\" content=\"4 minutes\" \/>\n<script type=\"application\/ld+json\" class=\"yoast-schema-graph\">{\"@context\":\"https:\\\/\\\/schema.org\",\"@graph\":[{\"@type\":\"WebPage\",\"@id\":\"https:\\\/\\\/th-extrusion.eu\\\/fr\\\/qualite-et-laboratoire\\\/\",\"url\":\"https:\\\/\\\/th-extrusion.eu\\\/fr\\\/qualite-et-laboratoire\\\/\",\"name\":\"Qualit\u00e9 et laboratoire - Th-Extrusion\",\"isPartOf\":{\"@id\":\"https:\\\/\\\/th-extrusion.eu\\\/fr\\\/#website\"},\"primaryImageOfPage\":{\"@id\":\"https:\\\/\\\/th-extrusion.eu\\\/fr\\\/qualite-et-laboratoire\\\/#primaryimage\"},\"image\":{\"@id\":\"https:\\\/\\\/th-extrusion.eu\\\/fr\\\/qualite-et-laboratoire\\\/#primaryimage\"},\"thumbnailUrl\":\"https:\\\/\\\/th-extrusion.eu\\\/wp-content\\\/uploads\\\/2024\\\/05\\\/logo-linedin-300x300-11.jpg\",\"datePublished\":\"2024-05-19T14:42:57+00:00\",\"dateModified\":\"2025-03-05T07:20:49+00:00\",\"description\":\"Le contr\u00f4le en laboratoire de chaque \u00e9tape de la production garantit la haute qualit\u00e9 de nos produits. Nous travaillons conform\u00e9ment \u00e0 la norme ISO 9001.\",\"breadcrumb\":{\"@id\":\"https:\\\/\\\/th-extrusion.eu\\\/fr\\\/qualite-et-laboratoire\\\/#breadcrumb\"},\"inLanguage\":\"fr-FR\",\"potentialAction\":[{\"@type\":\"ReadAction\",\"target\":[\"https:\\\/\\\/th-extrusion.eu\\\/fr\\\/qualite-et-laboratoire\\\/\"]}]},{\"@type\":\"ImageObject\",\"inLanguage\":\"fr-FR\",\"@id\":\"https:\\\/\\\/th-extrusion.eu\\\/fr\\\/qualite-et-laboratoire\\\/#primaryimage\",\"url\":\"https:\\\/\\\/th-extrusion.eu\\\/wp-content\\\/uploads\\\/2024\\\/05\\\/logo-linedin-300x300-11.jpg\",\"contentUrl\":\"https:\\\/\\\/th-extrusion.eu\\\/wp-content\\\/uploads\\\/2024\\\/05\\\/logo-linedin-300x300-11.jpg\",\"width\":300,\"height\":300},{\"@type\":\"BreadcrumbList\",\"@id\":\"https:\\\/\\\/th-extrusion.eu\\\/fr\\\/qualite-et-laboratoire\\\/#breadcrumb\",\"itemListElement\":[{\"@type\":\"ListItem\",\"position\":1,\"name\":\"Strona g\u0142\u00f3wna\",\"item\":\"https:\\\/\\\/th-extrusion.eu\\\/fr\\\/\"},{\"@type\":\"ListItem\",\"position\":2,\"name\":\"Qualit\u00e9 et laboratoire\"}]},{\"@type\":\"WebSite\",\"@id\":\"https:\\\/\\\/th-extrusion.eu\\\/fr\\\/#website\",\"url\":\"https:\\\/\\\/th-extrusion.eu\\\/fr\\\/\",\"name\":\"Th-Extrusion.eu\",\"description\":\"Thermoplast has over 30 years of experience in designing and building tools for extrusion, co-extrusion and post-extrusion of custom technical profiles\",\"publisher\":{\"@id\":\"https:\\\/\\\/th-extrusion.eu\\\/fr\\\/#organization\"},\"potentialAction\":[{\"@type\":\"SearchAction\",\"target\":{\"@type\":\"EntryPoint\",\"urlTemplate\":\"https:\\\/\\\/th-extrusion.eu\\\/fr\\\/?s={search_term_string}\"},\"query-input\":{\"@type\":\"PropertyValueSpecification\",\"valueRequired\":true,\"valueName\":\"search_term_string\"}}],\"inLanguage\":\"fr-FR\"},{\"@type\":\"Organization\",\"@id\":\"https:\\\/\\\/th-extrusion.eu\\\/fr\\\/#organization\",\"name\":\"Thermoplast\",\"url\":\"https:\\\/\\\/th-extrusion.eu\\\/fr\\\/\",\"logo\":{\"@type\":\"ImageObject\",\"inLanguage\":\"fr-FR\",\"@id\":\"https:\\\/\\\/th-extrusion.eu\\\/fr\\\/#\\\/schema\\\/logo\\\/image\\\/\",\"url\":\"https:\\\/\\\/th-extrusion.eu\\\/wp-content\\\/uploads\\\/2024\\\/05\\\/thermoplast-logo-th-extrusion1.svg\",\"contentUrl\":\"https:\\\/\\\/th-extrusion.eu\\\/wp-content\\\/uploads\\\/2024\\\/05\\\/thermoplast-logo-th-extrusion1.svg\",\"width\":156,\"height\":47,\"caption\":\"Thermoplast\"},\"image\":{\"@id\":\"https:\\\/\\\/th-extrusion.eu\\\/fr\\\/#\\\/schema\\\/logo\\\/image\\\/\"},\"sameAs\":[\"https:\\\/\\\/www.facebook.com\\\/search\\\/top?q=thermoplastpermanentdevelopments.a.\"]}]}<\/script>\n<!-- \/ Yoast SEO plugin. -->","yoast_head_json":{"title":"Qualit\u00e9 et laboratoire - Th-Extrusion","description":"Le contr\u00f4le en laboratoire de chaque \u00e9tape de la production garantit la haute qualit\u00e9 de nos produits. Nous travaillons conform\u00e9ment \u00e0 la norme ISO 9001.","robots":{"index":"index","follow":"follow","max-snippet":"max-snippet:-1","max-image-preview":"max-image-preview:large","max-video-preview":"max-video-preview:-1"},"canonical":"https:\/\/th-extrusion.eu\/fr\/qualite-et-laboratoire\/","og_locale":"fr_FR","og_type":"article","og_title":"Qualit\u00e9 et laboratoire - Th-Extrusion","og_description":"Le contr\u00f4le en laboratoire de chaque \u00e9tape de la production garantit la haute qualit\u00e9 de nos produits. Nous travaillons conform\u00e9ment \u00e0 la norme ISO 9001.","og_url":"https:\/\/th-extrusion.eu\/fr\/qualite-et-laboratoire\/","og_site_name":"Th-Extrusion","article_publisher":"https:\/\/www.facebook.com\/search\/top?q=thermoplastpermanentdevelopments.a.","article_modified_time":"2025-03-05T07:20:49+00:00","og_image":[{"width":300,"height":300,"url":"https:\/\/th-extrusion.eu\/wp-content\/uploads\/2024\/05\/logo-linedin-300x300-11.jpg","type":"image\/jpeg"}],"twitter_card":"summary_large_image","twitter_misc":{"Dur\u00e9e de lecture estim\u00e9e":"4 minutes"},"schema":{"@context":"https:\/\/schema.org","@graph":[{"@type":"WebPage","@id":"https:\/\/th-extrusion.eu\/fr\/qualite-et-laboratoire\/","url":"https:\/\/th-extrusion.eu\/fr\/qualite-et-laboratoire\/","name":"Qualit\u00e9 et laboratoire - Th-Extrusion","isPartOf":{"@id":"https:\/\/th-extrusion.eu\/fr\/#website"},"primaryImageOfPage":{"@id":"https:\/\/th-extrusion.eu\/fr\/qualite-et-laboratoire\/#primaryimage"},"image":{"@id":"https:\/\/th-extrusion.eu\/fr\/qualite-et-laboratoire\/#primaryimage"},"thumbnailUrl":"https:\/\/th-extrusion.eu\/wp-content\/uploads\/2024\/05\/logo-linedin-300x300-11.jpg","datePublished":"2024-05-19T14:42:57+00:00","dateModified":"2025-03-05T07:20:49+00:00","description":"Le contr\u00f4le en laboratoire de chaque \u00e9tape de la production garantit la haute qualit\u00e9 de nos produits. Nous travaillons conform\u00e9ment \u00e0 la norme ISO 9001.","breadcrumb":{"@id":"https:\/\/th-extrusion.eu\/fr\/qualite-et-laboratoire\/#breadcrumb"},"inLanguage":"fr-FR","potentialAction":[{"@type":"ReadAction","target":["https:\/\/th-extrusion.eu\/fr\/qualite-et-laboratoire\/"]}]},{"@type":"ImageObject","inLanguage":"fr-FR","@id":"https:\/\/th-extrusion.eu\/fr\/qualite-et-laboratoire\/#primaryimage","url":"https:\/\/th-extrusion.eu\/wp-content\/uploads\/2024\/05\/logo-linedin-300x300-11.jpg","contentUrl":"https:\/\/th-extrusion.eu\/wp-content\/uploads\/2024\/05\/logo-linedin-300x300-11.jpg","width":300,"height":300},{"@type":"BreadcrumbList","@id":"https:\/\/th-extrusion.eu\/fr\/qualite-et-laboratoire\/#breadcrumb","itemListElement":[{"@type":"ListItem","position":1,"name":"Strona g\u0142\u00f3wna","item":"https:\/\/th-extrusion.eu\/fr\/"},{"@type":"ListItem","position":2,"name":"Qualit\u00e9 et laboratoire"}]},{"@type":"WebSite","@id":"https:\/\/th-extrusion.eu\/fr\/#website","url":"https:\/\/th-extrusion.eu\/fr\/","name":"Th-Extrusion.eu","description":"Thermoplast has over 30 years of experience in designing and building tools for extrusion, co-extrusion and post-extrusion of custom technical profiles","publisher":{"@id":"https:\/\/th-extrusion.eu\/fr\/#organization"},"potentialAction":[{"@type":"SearchAction","target":{"@type":"EntryPoint","urlTemplate":"https:\/\/th-extrusion.eu\/fr\/?s={search_term_string}"},"query-input":{"@type":"PropertyValueSpecification","valueRequired":true,"valueName":"search_term_string"}}],"inLanguage":"fr-FR"},{"@type":"Organization","@id":"https:\/\/th-extrusion.eu\/fr\/#organization","name":"Thermoplast","url":"https:\/\/th-extrusion.eu\/fr\/","logo":{"@type":"ImageObject","inLanguage":"fr-FR","@id":"https:\/\/th-extrusion.eu\/fr\/#\/schema\/logo\/image\/","url":"https:\/\/th-extrusion.eu\/wp-content\/uploads\/2024\/05\/thermoplast-logo-th-extrusion1.svg","contentUrl":"https:\/\/th-extrusion.eu\/wp-content\/uploads\/2024\/05\/thermoplast-logo-th-extrusion1.svg","width":156,"height":47,"caption":"Thermoplast"},"image":{"@id":"https:\/\/th-extrusion.eu\/fr\/#\/schema\/logo\/image\/"},"sameAs":["https:\/\/www.facebook.com\/search\/top?q=thermoplastpermanentdevelopments.a."]}]}},"uagb_featured_image_src":{"full":["https:\/\/th-extrusion.eu\/wp-content\/uploads\/2024\/05\/logo-linedin-300x300-11.jpg",300,300,false],"thumbnail":["https:\/\/th-extrusion.eu\/wp-content\/uploads\/2024\/05\/logo-linedin-300x300-11-150x150.jpg",150,150,true],"medium":["https:\/\/th-extrusion.eu\/wp-content\/uploads\/2024\/05\/logo-linedin-300x300-11.jpg",300,300,false],"medium_large":["https:\/\/th-extrusion.eu\/wp-content\/uploads\/2024\/05\/logo-linedin-300x300-11.jpg",300,300,false],"large":["https:\/\/th-extrusion.eu\/wp-content\/uploads\/2024\/05\/logo-linedin-300x300-11.jpg",300,300,false],"1536x1536":["https:\/\/th-extrusion.eu\/wp-content\/uploads\/2024\/05\/logo-linedin-300x300-11.jpg",300,300,false],"2048x2048":["https:\/\/th-extrusion.eu\/wp-content\/uploads\/2024\/05\/logo-linedin-300x300-11.jpg",300,300,false]},"uagb_author_info":{"display_name":"Michal","author_link":"https:\/\/th-extrusion.eu\/fr\/author\/michal\/"},"uagb_comment_info":0,"uagb_excerpt":"QUALIT\u00c9 ET LABORATOIRE Nous sommes sp\u00e9cialis\u00e9s dans l&rsquo;extrusion et la co-extrusion de profil\u00e9s techniques en plastique. Tous les processus de [&hellip;]","_links":{"self":[{"href":"https:\/\/th-extrusion.eu\/fr\/wp-json\/wp\/v2\/pages\/942","targetHints":{"allow":["GET"]}}],"collection":[{"href":"https:\/\/th-extrusion.eu\/fr\/wp-json\/wp\/v2\/pages"}],"about":[{"href":"https:\/\/th-extrusion.eu\/fr\/wp-json\/wp\/v2\/types\/page"}],"author":[{"embeddable":true,"href":"https:\/\/th-extrusion.eu\/fr\/wp-json\/wp\/v2\/users\/1"}],"replies":[{"embeddable":true,"href":"https:\/\/th-extrusion.eu\/fr\/wp-json\/wp\/v2\/comments?post=942"}],"version-history":[{"count":9,"href":"https:\/\/th-extrusion.eu\/fr\/wp-json\/wp\/v2\/pages\/942\/revisions"}],"predecessor-version":[{"id":1683,"href":"https:\/\/th-extrusion.eu\/fr\/wp-json\/wp\/v2\/pages\/942\/revisions\/1683"}],"wp:featuredmedia":[{"embeddable":true,"href":"https:\/\/th-extrusion.eu\/fr\/wp-json\/wp\/v2\/media\/117"}],"wp:attachment":[{"href":"https:\/\/th-extrusion.eu\/fr\/wp-json\/wp\/v2\/media?parent=942"}],"curies":[{"name":"wp","href":"https:\/\/api.w.org\/{rel}","templated":true}]}}