{"id":1088,"date":"2024-05-19T16:41:03","date_gmt":"2024-05-19T14:41:03","guid":{"rendered":"https:\/\/th-extrusion.eu\/o-nas\/"},"modified":"2025-03-05T08:16:44","modified_gmt":"2025-03-05T07:16:44","slug":"apie-mus","status":"publish","type":"page","link":"https:\/\/th-extrusion.eu\/lt\/apie-mus\/","title":{"rendered":"Apie mus"},"content":{"rendered":"\n<div class=\"wp-block-uagb-container uagb-block-44002778 alignwide uagb-is-root-container\">\n<div class=\"wp-block-uagb-container uagb-block-4a51b0b4\">\n<div data-aos= \"fade-right\" data-aos-duration=\"400\" data-aos-delay=\"0\" data-aos-easing=\"ease\" data-aos-once=\"true\" class=\"wp-block-uagb-advanced-heading uagb-block-aa8dd194\"><h1 class=\"uagb-heading-text\">APIE MUS<\/h1><\/div>\n\n\n\n<div data-aos= \"fade-right\" data-aos-duration=\"400\" data-aos-delay=\"0\" data-aos-easing=\"ease\" data-aos-once=\"true\" class=\"wp-block-uagb-advanced-heading uagb-block-885d1912\"><h2 class=\"uagb-heading-text\">Mes garantuojame visapusi\u0161k\u0105 aptarnavim\u0105, susijus\u012f su nestandartiniais techniniais profiliais pagal u\u017esakym\u0105<\/h2><\/div>\n<\/div>\n<\/div>\n\n\n\n<div class=\"wp-block-uagb-container uagb-block-a60edd37 alignwide uagb-is-root-container\">\n<div class=\"wp-block-uagb-container uagb-block-348e44bb\">\n<p class=\"justy\">Thermoplast turi daugiau nei 30 met\u0173 patirt\u012f projektuojant ir gaminant \u012frankius ekstruzijos, koekstruzijos ir poekstruzijos specialiems techniniams profiliams, skirtiems \u012fvairi\u0173 pramon\u0117s \u0161ak\u0173 klientams.Mes vykdome individualius projektus net sud\u0117tingiausiems techniniams profiliams pagal form\u0105, med\u017eiag\u0105 ir pritaikym\u0105.<\/p>\n\n\n\n<p class=\"justy\">Mes garantuojame visapusi\u0161k\u0105 aptarnavim\u0105, susijusias su nestandartiniais techniniais profiliais, pradedant projektavimu, baigiant \u012franki\u0173 gamyba,ekstruzijos procesu ir galutinio produkto pristatymu.<\/p>\n\n\n\n<p>M\u016bs\u0173 in\u017einieriai ir technologai kuria optimalius sprendimus projektuojant ekstruzijos \u012frankius, taip vykdydami individuali\u0173 klient\u0173 u\u017esakymus.<br>Per trump\u0105 laik\u0105 ir naudodamiesi modernia \u012franga, \u012franki\u0173 projektavimo skyriaus specialistai sukuria \u012frankius ekstruzijai.<\/p>\n<\/div>\n\n\n\n<div class=\"wp-block-uagb-container uagb-block-cd0db668\">\n<div class=\"wp-block-uagb-image uagb-block-080e6825 wp-block-uagb-image--layout-default wp-block-uagb-image--effect-static wp-block-uagb-image--align-none fullWidth\"><figure class=\"wp-block-uagb-image__figure\"><img decoding=\"async\" srcset=\"https:\/\/th-extrusion.eu\/wp-content\/uploads\/2024\/06\/th-ettrusion-onas.jpg ,https:\/\/th-extrusion.eu\/wp-content\/uploads\/2024\/06\/th-ettrusion-onas.jpg 780w, https:\/\/th-extrusion.eu\/wp-content\/uploads\/2024\/06\/th-ettrusion-onas.jpg 360w\" sizes=\"auto, (max-width: 480px) 150px\" src=\"https:\/\/th-extrusion.eu\/wp-content\/uploads\/2024\/06\/th-ettrusion-onas.jpg\" alt=\"th-ettrusion-onas\" class=\"uag-image-592\" width=\"600\" height=\"350\" title=\"th-ettrusion-onas\" loading=\"lazy\" role=\"img\"\/><\/figure><\/div>\n<\/div>\n<\/div>\n\n\n\n<div class=\"wp-block-uagb-container uagb-block-12e1c450 alignwide uagb-is-root-container\">\n<div class=\"wp-block-uagb-container uagb-block-8bfdc72d\">\n<div class=\"wp-block-uagb-image uagb-block-4b04fcb3 wp-block-uagb-image--layout-default wp-block-uagb-image--effect-static wp-block-uagb-image--align-none fullWidth\"><figure class=\"wp-block-uagb-image__figure\"><img decoding=\"async\" srcset=\"https:\/\/th-extrusion.eu\/wp-content\/uploads\/2024\/06\/narzedzie.jpg ,https:\/\/th-extrusion.eu\/wp-content\/uploads\/2024\/06\/narzedzie.jpg 780w, https:\/\/th-extrusion.eu\/wp-content\/uploads\/2024\/06\/narzedzie.jpg 360w\" sizes=\"auto, (max-width: 480px) 150px\" src=\"https:\/\/th-extrusion.eu\/wp-content\/uploads\/2024\/06\/narzedzie.jpg\" alt=\"narzedzie\" class=\"uag-image-604\" width=\"600\" height=\"350\" title=\"narzedzie\" loading=\"lazy\" role=\"img\"\/><\/figure><\/div>\n<\/div>\n\n\n\n<div class=\"wp-block-uagb-container uagb-block-66e5819a\">\n<p class=\"justy\">Thermoplast turi savo \u012franki\u0173 cech\u0105, kuriame \u012frengtas modernus ma\u0161in\u0173 parkas (EDM, tekinimo stakl\u0117s, frezavimo stakl\u0117s, gr\u0105\u017etai,\u0161lifuokliai, pj\u016bklai ir kt.), tod\u0117l ekstruzijos \u012franki\u0173 gamyba u\u017eima ma\u017eai laiko. Sukurtas ERP \u012franki\u0173 modulis leid\u017eia steb\u0117ti proces\u0105.<\/p>\n\n\n\n<p class=\"justy\">Thermoplast turi moderni\u0105 mai\u0161ymo gamykl\u0105, leid\u017eian\u010di\u0105 paruo\u0161ti junginius, kuriuos m\u016bs\u0173 specialistai optimizavo pagal sud\u0117t\u012f ir techninius parametrus.<\/p>\n\n\n\n<p class=\"justy\">15 gamybos linijose galime i\u0161gauti 50 milijon\u0173 b\u0117gini\u0173 metr\u0173 profili\u0173 ir perdirbti 12 milijon\u0173 kg plastiko per metus. Gaminame profilius, kuri\u0173 svoris yra nuo 15 g\/m iki 3500 g\/m.<\/p>\n<\/div>\n<\/div>\n\n\n\n<div class=\"wp-block-uagb-container uagb-block-fc64dd88 alignwide uagb-is-root-container\">\n<div class=\"wp-block-uagb-container uagb-block-66b232f8\">\n<p class=\"justy\">Gaminant profilius, mes naudojame \u012fvairius j\u0173 pavir\u0161iaus dekoravimo b\u016bdus (spausdinimas, pl\u0117vel\u0117s padengimas, faneravimas, i\u0161ankstinis pjovimas), taip pat lenkimoskys\u010di\u0173 ir papildom\u0105 apdorojimo technologij\u0105 (gr\u0119\u017eimas, pjovimas, \u0161tampavimas). Pjovimo tikslum\u0105 u\u017etikrina automatiniai pj\u016bklai, frezos ir kar\u0161to peilio technika.<\/p>\n\n\n\n<p class=\"justy\">Mes did\u017eiuojam\u0117s palankiu kainos ir kokyb\u0117s santykiu. Mes dedame visas pastangas, kad ne tik produkt\u0173 ir paslaug\u0173 kokyb\u0117, bet ir kaina b\u016bt\u0173 patrauklesn\u0117 nei kitose \u012fmon\u0117se.<\/p>\n\n\n\n<p class=\"justy\">Daugumai Thermoplast \u012fgyvendinam\u0173 projekt\u0173 taikomos konfidencialumo s\u0105lygos, o special\u016bs sprendimai lieka m\u016bs\u0173 kliento nuosavyb\u0117.<\/p>\n<\/div>\n\n\n\n<div class=\"wp-block-uagb-container uagb-block-46b76f36\">\n<div class=\"wp-block-uagb-image uagb-block-445e5a22 wp-block-uagb-image--layout-default wp-block-uagb-image--effect-static wp-block-uagb-image--align-none fullWidth\"><figure class=\"wp-block-uagb-image__figure\"><img decoding=\"async\" srcset=\"https:\/\/th-extrusion.eu\/wp-content\/uploads\/2024\/06\/onas.jpg ,https:\/\/th-extrusion.eu\/wp-content\/uploads\/2024\/06\/onas.jpg 780w, https:\/\/th-extrusion.eu\/wp-content\/uploads\/2024\/06\/onas.jpg 360w\" sizes=\"auto, (max-width: 480px) 150px\" src=\"https:\/\/th-extrusion.eu\/wp-content\/uploads\/2024\/06\/onas.jpg\" alt=\"onas\" class=\"uag-image-673\" width=\"600\" height=\"350\" title=\"onas\" loading=\"lazy\" role=\"img\"\/><\/figure><\/div>\n<\/div>\n<\/div>\n\n\n\n<div class=\"wp-block-uagb-container uagb-block-01bdf848 alignwide uagb-is-root-container\">\n<div class=\"wp-block-uagb-container uagb-block-1930a34d\">\n<div class=\"wp-block-uagb-advanced-heading uagb-block-b7436000\"><h2 class=\"uagb-heading-text\"><strong>Papasakokite mums apie savo id\u0117j\u0105, ir m\u016bs\u0173 specialistai j\u0105 pavers unikaliu profiliu!<\/strong><\/h2><\/div>\n\n\n\n<div class=\"wp-block-uagb-buttons uagb-buttons__outer-wrap uagb-btn__medium-btn uagb-btn-tablet__default-btn uagb-btn-mobile__default-btn uagb-block-079ec436\"><div class=\"uagb-buttons__wrap uagb-buttons-layout-wrap \">\n<div class=\"wp-block-uagb-buttons-child uagb-buttons__outer-wrap uagb-block-418d4501 wp-block-button\"><div class=\"uagb-button__wrapper\"><a class=\"uagb-buttons-repeater wp-block-button__link\" aria-label=\"\" href=\"https:\/\/th-extrusion.eu\/lt\/kontaktas\/\" rel=\"follow noopener\" target=\"_self\" role=\"button\"><div class=\"uagb-button__link\">Palikite \u017einut\u0119<\/div><\/a><\/div><\/div>\n<\/div><\/div>\n<\/div>\n<\/div>\n","protected":false},"excerpt":{"rendered":"APIE MUS Mes garantuojame visapusi\u0161k\u0105 aptarnavim\u0105, susijus\u012f su nestandartiniais techniniais profiliais pagal u\u017esakym\u0105 Thermoplast turi daugiau nei 30 met\u0173 patirt\u012f [&hellip;]","protected":false},"author":1,"featured_media":120,"parent":0,"menu_order":0,"comment_status":"closed","ping_status":"closed","template":"","meta":{"inline_featured_image":false,"_uag_custom_page_level_css":"\nul.lista {\n    list-style: none;\n    color: black;\n    margin: 0 ;\n}\n\nul.lista li {\n\tposition:relative;\nmargin: 0;\n}\n\nul.lista li:before {\n    content: url(https:\/\/th-extrusion.eu\/wp-content\/uploads\/2024\/05\/square51.svg);\n    width: 5px;\n    height: 5px;\n    position: absolute;\n    top: -2px;\n    left: -10px;\n}\n.productList {\n  display: flex;\n  justify-content: space-between;\n  font-size: 12px;\n\tmargin-bottom: 15px;\n}\n\n.productList ul.lista{\n  padding-left: 10px;\n}\n.fullWidth {\n\theight:100%;\n}\n\n.fullWidth img {\n\theight:100% !important;\n}","site-sidebar-layout":"default","site-content-layout":"","ast-site-content-layout":"default","site-content-style":"boxed","site-sidebar-style":"default","ast-global-header-display":"","ast-banner-title-visibility":"","ast-main-header-display":"","ast-hfb-above-header-display":"","ast-hfb-below-header-display":"","ast-hfb-mobile-header-display":"","site-post-title":"disabled","ast-breadcrumbs-content":"","ast-featured-img":"","footer-sml-layout":"","ast-disable-related-posts":"","theme-transparent-header-meta":"","adv-header-id-meta":"","stick-header-meta":"","header-above-stick-meta":"","header-main-stick-meta":"","header-below-stick-meta":"","astra-migrate-meta-layouts":"default","ast-page-background-enabled":"default","ast-page-background-meta":{"desktop":{"background-color":"var(--ast-global-color-4)","background-image":"","background-repeat":"repeat","background-position":"center center","background-size":"auto","background-attachment":"scroll","background-type":"","background-media":"","overlay-type":"","overlay-color":"","overlay-opacity":"","overlay-gradient":""},"tablet":{"background-color":"","background-image":"","background-repeat":"repeat","background-position":"center center","background-size":"auto","background-attachment":"scroll","background-type":"","background-media":"","overlay-type":"","overlay-color":"","overlay-opacity":"","overlay-gradient":""},"mobile":{"background-color":"","background-image":"","background-repeat":"repeat","background-position":"center center","background-size":"auto","background-attachment":"scroll","background-type":"","background-media":"","overlay-type":"","overlay-color":"","overlay-opacity":"","overlay-gradient":""}},"ast-content-background-meta":{"desktop":{"background-color":"var(--ast-global-color-5)","background-image":"","background-repeat":"repeat","background-position":"center center","background-size":"auto","background-attachment":"scroll","background-type":"","background-media":"","overlay-type":"","overlay-color":"","overlay-opacity":"","overlay-gradient":""},"tablet":{"background-color":"var(--ast-global-color-5)","background-image":"","background-repeat":"repeat","background-position":"center center","background-size":"auto","background-attachment":"scroll","background-type":"","background-media":"","overlay-type":"","overlay-color":"","overlay-opacity":"","overlay-gradient":""},"mobile":{"background-color":"var(--ast-global-color-5)","background-image":"","background-repeat":"repeat","background-position":"center center","background-size":"auto","background-attachment":"scroll","background-type":"","background-media":"","overlay-type":"","overlay-color":"","overlay-opacity":"","overlay-gradient":""}},"footnotes":""},"class_list":["post-1088","page","type-page","status-publish","has-post-thumbnail","hentry"],"yoast_head":"<!-- This site is optimized with the Yoast SEO plugin v27.3 - https:\/\/yoast.com\/product\/yoast-seo-wordpress\/ -->\n<title>Technini\u0173 profili\u0173 gamintoja - Thermoplast<\/title>\n<meta name=\"description\" content=\"Specializuojam\u0117s nestandartini\u0173 technini\u0173 profili\u0173 ekstruzijoje, koekstruzijoje ir postkoekstruzijoje pagal individualius klient\u0173 u\u017esakymus.\" \/>\n<meta name=\"robots\" content=\"index, follow, max-snippet:-1, max-image-preview:large, max-video-preview:-1\" \/>\n<link rel=\"canonical\" href=\"https:\/\/th-extrusion.eu\/lt\/apie-mus\/\" \/>\n<meta property=\"og:locale\" content=\"lt_LT\" \/>\n<meta property=\"og:type\" content=\"article\" \/>\n<meta property=\"og:title\" content=\"Technini\u0173 profili\u0173 gamintoja - Thermoplast\" \/>\n<meta property=\"og:description\" content=\"Specializuojam\u0117s nestandartini\u0173 technini\u0173 profili\u0173 ekstruzijoje, koekstruzijoje ir postkoekstruzijoje pagal individualius klient\u0173 u\u017esakymus.\" \/>\n<meta property=\"og:url\" content=\"https:\/\/th-extrusion.eu\/lt\/apie-mus\/\" \/>\n<meta property=\"og:site_name\" content=\"Th-Extrusion\" \/>\n<meta property=\"article:publisher\" content=\"https:\/\/www.facebook.com\/search\/top?q=thermoplastpermanentdevelopments.a.\" \/>\n<meta property=\"article:modified_time\" content=\"2025-03-05T07:16:44+00:00\" \/>\n<meta property=\"og:image\" content=\"https:\/\/th-extrusion.eu\/wp-content\/uploads\/2024\/05\/logo-linedin-300x300-11.jpg\" \/>\n\t<meta property=\"og:image:width\" content=\"300\" \/>\n\t<meta property=\"og:image:height\" content=\"300\" \/>\n\t<meta property=\"og:image:type\" content=\"image\/jpeg\" \/>\n<meta name=\"twitter:card\" content=\"summary_large_image\" \/>\n<meta name=\"twitter:label1\" content=\"Est. reading time\" \/>\n\t<meta name=\"twitter:data1\" content=\"1 minut\u0117\" \/>\n<script type=\"application\/ld+json\" class=\"yoast-schema-graph\">{\"@context\":\"https:\\\/\\\/schema.org\",\"@graph\":[{\"@type\":\"WebPage\",\"@id\":\"https:\\\/\\\/th-extrusion.eu\\\/lt\\\/apie-mus\\\/\",\"url\":\"https:\\\/\\\/th-extrusion.eu\\\/lt\\\/apie-mus\\\/\",\"name\":\"Technini\u0173 profili\u0173 gamintoja - Thermoplast\",\"isPartOf\":{\"@id\":\"https:\\\/\\\/th-extrusion.eu\\\/lt\\\/#website\"},\"primaryImageOfPage\":{\"@id\":\"https:\\\/\\\/th-extrusion.eu\\\/lt\\\/apie-mus\\\/#primaryimage\"},\"image\":{\"@id\":\"https:\\\/\\\/th-extrusion.eu\\\/lt\\\/apie-mus\\\/#primaryimage\"},\"thumbnailUrl\":\"https:\\\/\\\/th-extrusion.eu\\\/wp-content\\\/uploads\\\/2024\\\/05\\\/logo-linedin-300x300-11.jpg\",\"datePublished\":\"2024-05-19T14:41:03+00:00\",\"dateModified\":\"2025-03-05T07:16:44+00:00\",\"description\":\"Specializuojam\u0117s nestandartini\u0173 technini\u0173 profili\u0173 ekstruzijoje, koekstruzijoje ir postkoekstruzijoje pagal individualius klient\u0173 u\u017esakymus.\",\"breadcrumb\":{\"@id\":\"https:\\\/\\\/th-extrusion.eu\\\/lt\\\/apie-mus\\\/#breadcrumb\"},\"inLanguage\":\"lt-LT\",\"potentialAction\":[{\"@type\":\"ReadAction\",\"target\":[\"https:\\\/\\\/th-extrusion.eu\\\/lt\\\/apie-mus\\\/\"]}]},{\"@type\":\"ImageObject\",\"inLanguage\":\"lt-LT\",\"@id\":\"https:\\\/\\\/th-extrusion.eu\\\/lt\\\/apie-mus\\\/#primaryimage\",\"url\":\"https:\\\/\\\/th-extrusion.eu\\\/wp-content\\\/uploads\\\/2024\\\/05\\\/logo-linedin-300x300-11.jpg\",\"contentUrl\":\"https:\\\/\\\/th-extrusion.eu\\\/wp-content\\\/uploads\\\/2024\\\/05\\\/logo-linedin-300x300-11.jpg\",\"width\":300,\"height\":300},{\"@type\":\"BreadcrumbList\",\"@id\":\"https:\\\/\\\/th-extrusion.eu\\\/lt\\\/apie-mus\\\/#breadcrumb\",\"itemListElement\":[{\"@type\":\"ListItem\",\"position\":1,\"name\":\"Strona g\u0142\u00f3wna\",\"item\":\"https:\\\/\\\/th-extrusion.eu\\\/lt\\\/\"},{\"@type\":\"ListItem\",\"position\":2,\"name\":\"Apie mus\"}]},{\"@type\":\"WebSite\",\"@id\":\"https:\\\/\\\/th-extrusion.eu\\\/lt\\\/#website\",\"url\":\"https:\\\/\\\/th-extrusion.eu\\\/lt\\\/\",\"name\":\"Th-Extrusion.eu\",\"description\":\"Thermoplast has over 30 years of experience in designing and building tools for extrusion, co-extrusion and post-extrusion of custom technical profiles\",\"publisher\":{\"@id\":\"https:\\\/\\\/th-extrusion.eu\\\/lt\\\/#organization\"},\"potentialAction\":[{\"@type\":\"SearchAction\",\"target\":{\"@type\":\"EntryPoint\",\"urlTemplate\":\"https:\\\/\\\/th-extrusion.eu\\\/lt\\\/?s={search_term_string}\"},\"query-input\":{\"@type\":\"PropertyValueSpecification\",\"valueRequired\":true,\"valueName\":\"search_term_string\"}}],\"inLanguage\":\"lt-LT\"},{\"@type\":\"Organization\",\"@id\":\"https:\\\/\\\/th-extrusion.eu\\\/lt\\\/#organization\",\"name\":\"Thermoplast\",\"url\":\"https:\\\/\\\/th-extrusion.eu\\\/lt\\\/\",\"logo\":{\"@type\":\"ImageObject\",\"inLanguage\":\"lt-LT\",\"@id\":\"https:\\\/\\\/th-extrusion.eu\\\/lt\\\/#\\\/schema\\\/logo\\\/image\\\/\",\"url\":\"https:\\\/\\\/th-extrusion.eu\\\/wp-content\\\/uploads\\\/2024\\\/05\\\/thermoplast-logo-th-extrusion1.svg\",\"contentUrl\":\"https:\\\/\\\/th-extrusion.eu\\\/wp-content\\\/uploads\\\/2024\\\/05\\\/thermoplast-logo-th-extrusion1.svg\",\"width\":156,\"height\":47,\"caption\":\"Thermoplast\"},\"image\":{\"@id\":\"https:\\\/\\\/th-extrusion.eu\\\/lt\\\/#\\\/schema\\\/logo\\\/image\\\/\"},\"sameAs\":[\"https:\\\/\\\/www.facebook.com\\\/search\\\/top?q=thermoplastpermanentdevelopments.a.\"]}]}<\/script>\n<!-- \/ Yoast SEO plugin. -->","yoast_head_json":{"title":"Technini\u0173 profili\u0173 gamintoja - Thermoplast","description":"Specializuojam\u0117s nestandartini\u0173 technini\u0173 profili\u0173 ekstruzijoje, koekstruzijoje ir postkoekstruzijoje pagal individualius klient\u0173 u\u017esakymus.","robots":{"index":"index","follow":"follow","max-snippet":"max-snippet:-1","max-image-preview":"max-image-preview:large","max-video-preview":"max-video-preview:-1"},"canonical":"https:\/\/th-extrusion.eu\/lt\/apie-mus\/","og_locale":"lt_LT","og_type":"article","og_title":"Technini\u0173 profili\u0173 gamintoja - Thermoplast","og_description":"Specializuojam\u0117s nestandartini\u0173 technini\u0173 profili\u0173 ekstruzijoje, koekstruzijoje ir postkoekstruzijoje pagal individualius klient\u0173 u\u017esakymus.","og_url":"https:\/\/th-extrusion.eu\/lt\/apie-mus\/","og_site_name":"Th-Extrusion","article_publisher":"https:\/\/www.facebook.com\/search\/top?q=thermoplastpermanentdevelopments.a.","article_modified_time":"2025-03-05T07:16:44+00:00","og_image":[{"width":300,"height":300,"url":"https:\/\/th-extrusion.eu\/wp-content\/uploads\/2024\/05\/logo-linedin-300x300-11.jpg","type":"image\/jpeg"}],"twitter_card":"summary_large_image","twitter_misc":{"Est. reading time":"1 minut\u0117"},"schema":{"@context":"https:\/\/schema.org","@graph":[{"@type":"WebPage","@id":"https:\/\/th-extrusion.eu\/lt\/apie-mus\/","url":"https:\/\/th-extrusion.eu\/lt\/apie-mus\/","name":"Technini\u0173 profili\u0173 gamintoja - Thermoplast","isPartOf":{"@id":"https:\/\/th-extrusion.eu\/lt\/#website"},"primaryImageOfPage":{"@id":"https:\/\/th-extrusion.eu\/lt\/apie-mus\/#primaryimage"},"image":{"@id":"https:\/\/th-extrusion.eu\/lt\/apie-mus\/#primaryimage"},"thumbnailUrl":"https:\/\/th-extrusion.eu\/wp-content\/uploads\/2024\/05\/logo-linedin-300x300-11.jpg","datePublished":"2024-05-19T14:41:03+00:00","dateModified":"2025-03-05T07:16:44+00:00","description":"Specializuojam\u0117s nestandartini\u0173 technini\u0173 profili\u0173 ekstruzijoje, koekstruzijoje ir postkoekstruzijoje pagal individualius klient\u0173 u\u017esakymus.","breadcrumb":{"@id":"https:\/\/th-extrusion.eu\/lt\/apie-mus\/#breadcrumb"},"inLanguage":"lt-LT","potentialAction":[{"@type":"ReadAction","target":["https:\/\/th-extrusion.eu\/lt\/apie-mus\/"]}]},{"@type":"ImageObject","inLanguage":"lt-LT","@id":"https:\/\/th-extrusion.eu\/lt\/apie-mus\/#primaryimage","url":"https:\/\/th-extrusion.eu\/wp-content\/uploads\/2024\/05\/logo-linedin-300x300-11.jpg","contentUrl":"https:\/\/th-extrusion.eu\/wp-content\/uploads\/2024\/05\/logo-linedin-300x300-11.jpg","width":300,"height":300},{"@type":"BreadcrumbList","@id":"https:\/\/th-extrusion.eu\/lt\/apie-mus\/#breadcrumb","itemListElement":[{"@type":"ListItem","position":1,"name":"Strona g\u0142\u00f3wna","item":"https:\/\/th-extrusion.eu\/lt\/"},{"@type":"ListItem","position":2,"name":"Apie mus"}]},{"@type":"WebSite","@id":"https:\/\/th-extrusion.eu\/lt\/#website","url":"https:\/\/th-extrusion.eu\/lt\/","name":"Th-Extrusion.eu","description":"Thermoplast has over 30 years of experience in designing and building tools for extrusion, co-extrusion and post-extrusion of custom technical profiles","publisher":{"@id":"https:\/\/th-extrusion.eu\/lt\/#organization"},"potentialAction":[{"@type":"SearchAction","target":{"@type":"EntryPoint","urlTemplate":"https:\/\/th-extrusion.eu\/lt\/?s={search_term_string}"},"query-input":{"@type":"PropertyValueSpecification","valueRequired":true,"valueName":"search_term_string"}}],"inLanguage":"lt-LT"},{"@type":"Organization","@id":"https:\/\/th-extrusion.eu\/lt\/#organization","name":"Thermoplast","url":"https:\/\/th-extrusion.eu\/lt\/","logo":{"@type":"ImageObject","inLanguage":"lt-LT","@id":"https:\/\/th-extrusion.eu\/lt\/#\/schema\/logo\/image\/","url":"https:\/\/th-extrusion.eu\/wp-content\/uploads\/2024\/05\/thermoplast-logo-th-extrusion1.svg","contentUrl":"https:\/\/th-extrusion.eu\/wp-content\/uploads\/2024\/05\/thermoplast-logo-th-extrusion1.svg","width":156,"height":47,"caption":"Thermoplast"},"image":{"@id":"https:\/\/th-extrusion.eu\/lt\/#\/schema\/logo\/image\/"},"sameAs":["https:\/\/www.facebook.com\/search\/top?q=thermoplastpermanentdevelopments.a."]}]}},"uagb_featured_image_src":{"full":["https:\/\/th-extrusion.eu\/wp-content\/uploads\/2024\/05\/logo-linedin-300x300-11.jpg",300,300,false],"thumbnail":["https:\/\/th-extrusion.eu\/wp-content\/uploads\/2024\/05\/logo-linedin-300x300-11-150x150.jpg",150,150,true],"medium":["https:\/\/th-extrusion.eu\/wp-content\/uploads\/2024\/05\/logo-linedin-300x300-11.jpg",300,300,false],"medium_large":["https:\/\/th-extrusion.eu\/wp-content\/uploads\/2024\/05\/logo-linedin-300x300-11.jpg",300,300,false],"large":["https:\/\/th-extrusion.eu\/wp-content\/uploads\/2024\/05\/logo-linedin-300x300-11.jpg",300,300,false],"1536x1536":["https:\/\/th-extrusion.eu\/wp-content\/uploads\/2024\/05\/logo-linedin-300x300-11.jpg",300,300,false],"2048x2048":["https:\/\/th-extrusion.eu\/wp-content\/uploads\/2024\/05\/logo-linedin-300x300-11.jpg",300,300,false]},"uagb_author_info":{"display_name":"Michal","author_link":"https:\/\/th-extrusion.eu\/lt\/author\/michal\/"},"uagb_comment_info":0,"uagb_excerpt":"APIE MUS Mes garantuojame visapusi\u0161k\u0105 aptarnavim\u0105, susijus\u012f su nestandartiniais techniniais profiliais pagal u\u017esakym\u0105 Thermoplast turi daugiau nei 30 met\u0173 patirt\u012f [&hellip;]","_links":{"self":[{"href":"https:\/\/th-extrusion.eu\/lt\/wp-json\/wp\/v2\/pages\/1088","targetHints":{"allow":["GET"]}}],"collection":[{"href":"https:\/\/th-extrusion.eu\/lt\/wp-json\/wp\/v2\/pages"}],"about":[{"href":"https:\/\/th-extrusion.eu\/lt\/wp-json\/wp\/v2\/types\/page"}],"author":[{"embeddable":true,"href":"https:\/\/th-extrusion.eu\/lt\/wp-json\/wp\/v2\/users\/1"}],"replies":[{"embeddable":true,"href":"https:\/\/th-extrusion.eu\/lt\/wp-json\/wp\/v2\/comments?post=1088"}],"version-history":[{"count":8,"href":"https:\/\/th-extrusion.eu\/lt\/wp-json\/wp\/v2\/pages\/1088\/revisions"}],"predecessor-version":[{"id":1678,"href":"https:\/\/th-extrusion.eu\/lt\/wp-json\/wp\/v2\/pages\/1088\/revisions\/1678"}],"wp:featuredmedia":[{"embeddable":true,"href":"https:\/\/th-extrusion.eu\/lt\/wp-json\/wp\/v2\/media\/120"}],"wp:attachment":[{"href":"https:\/\/th-extrusion.eu\/lt\/wp-json\/wp\/v2\/media?parent=1088"}],"curies":[{"name":"wp","href":"https:\/\/api.w.org\/{rel}","templated":true}]}}