{"id":1095,"date":"2024-05-19T16:42:23","date_gmt":"2024-05-19T14:42:23","guid":{"rendered":"https:\/\/th-extrusion.eu\/materialy\/"},"modified":"2025-02-25T16:47:28","modified_gmt":"2025-02-25T15:47:28","slug":"medziagos","status":"publish","type":"page","link":"https:\/\/th-extrusion.eu\/lt\/medziagos\/","title":{"rendered":"Med\u017eiagos"},"content":{"rendered":"\n<div class=\"wp-block-uagb-container uagb-block-44002778 alignwide uagb-is-root-container\">\n<div class=\"wp-block-uagb-container uagb-block-4a51b0b4\">\n<div data-aos= \"fade-right\" data-aos-duration=\"400\" data-aos-delay=\"0\" data-aos-easing=\"ease\" data-aos-once=\"true\" class=\"wp-block-uagb-advanced-heading uagb-block-aa8dd194\"><h1 class=\"uagb-heading-text\">MED\u017dIAGOS<\/h1><\/div>\n\n\n\n<div data-aos= \"fade-right\" data-aos-duration=\"400\" data-aos-delay=\"0\" data-aos-easing=\"ease\" data-aos-once=\"true\" class=\"wp-block-uagb-advanced-heading uagb-block-885d1912\"><h2 class=\"uagb-heading-text\">Mes naudojame auk\u0161\u010diausios kokyb\u0117s plastik\u0105<\/h2><\/div>\n<\/div>\n<\/div>\n\n\n\n<div class=\"wp-block-uagb-container uagb-block-a60edd37 alignwide uagb-is-root-container\">\n<div class=\"wp-block-uagb-container uagb-block-348e44bb\">\n<p>Gaminant individualius techninius profilius individualiems u\u017esakymams, ne\u012fmanoma pervertinti tinkamos gamybos med\u017eiagos parinkimo svarbos. Naujo produkto projektavimo procesas visada prasideda nuo to.<br>Da\u017eniausiai klientai labai tiksliai apibr\u0117\u017eia u\u017esakomiems profiliams reikalavimus. M\u016bs\u0173 u\u017eduotis yra rasti med\u017eiag\u0105, turin\u010di\u0105 tinkam\u0173 savybi\u0173, garantuojan\u010di\u0173 funkcini\u0173 reikalavim\u0173 \u012fvykdym\u0105.<\/p>\n\n\n\n<p class=\"justy\">M\u016bs\u0173 specialist\u0173 komanda, naudodama patirt\u012f ir \u017einias, parodo klientui geriausi\u0105 med\u017eiag\u0173 variant\u0105.<\/p>\n<\/div>\n\n\n\n<div class=\"wp-block-uagb-container uagb-block-cd0db668\">\n<div class=\"wp-block-uagb-image uagb-block-b90a2a3b wp-block-uagb-image--layout-default wp-block-uagb-image--effect-static wp-block-uagb-image--align-none fullWidth\"><figure class=\"wp-block-uagb-image__figure\"><img decoding=\"async\" srcset=\"https:\/\/th-extrusion.eu\/wp-content\/uploads\/2024\/06\/silos.jpg ,https:\/\/th-extrusion.eu\/wp-content\/uploads\/2024\/06\/silos.jpg 780w, https:\/\/th-extrusion.eu\/wp-content\/uploads\/2024\/06\/silos.jpg 360w\" sizes=\"auto, (max-width: 480px) 150px\" src=\"https:\/\/th-extrusion.eu\/wp-content\/uploads\/2024\/06\/silos.jpg\" alt=\"Auk\u0161tos kokyb\u0117s plastik\u0173 tiekimas ekstruzijai ir koekstruzijai \u012fvairioms pramon\u0117s \u0161akoms\" class=\"uag-image-657\" width=\"600\" height=\"350\" title=\"Auk\u0161tos kokyb\u0117s plastik\u0173 tiekimas ekstruzijai ir koekstruzijai \u012fvairioms pramon\u0117s \u0161akoms\" loading=\"lazy\" role=\"img\"\/><\/figure><\/div>\n<\/div>\n<\/div>\n\n\n\n<div class=\"wp-block-uagb-container uagb-block-12e1c450 alignwide uagb-is-root-container\">\n<div class=\"wp-block-uagb-container uagb-block-8bfdc72d\">\n<div class=\"wp-block-uagb-image uagb-block-7ad98b3f wp-block-uagb-image--layout-default wp-block-uagb-image--effect-static wp-block-uagb-image--align-none fullWidth\"><figure class=\"wp-block-uagb-image__figure\"><img decoding=\"async\" srcset=\"https:\/\/th-extrusion.eu\/wp-content\/uploads\/2024\/06\/granulaty.jpg ,https:\/\/th-extrusion.eu\/wp-content\/uploads\/2024\/06\/granulaty.jpg 780w, https:\/\/th-extrusion.eu\/wp-content\/uploads\/2024\/06\/granulaty.jpg 360w\" sizes=\"auto, (max-width: 480px) 150px\" src=\"https:\/\/th-extrusion.eu\/wp-content\/uploads\/2024\/06\/granulaty.jpg\" alt=\"Nuosava mai\u0161ymo \u012franga, leid\u017eianti kurti optimalius mi\u0161inius, atitinkan\u010dius individuali\u0173 klient\u0173 reikalavimus.\" class=\"uag-image-648\" width=\"600\" height=\"350\" title=\"Nuosava mai\u0161ymo \u012franga, leid\u017eianti kurti optimalius mi\u0161inius, atitinkan\u010dius individuali\u0173 klient\u0173 reikalavimus.\" loading=\"lazy\" role=\"img\"\/><\/figure><\/div>\n<\/div>\n\n\n\n<div class=\"wp-block-uagb-container uagb-block-66e5819a\">\n<p>Jau daugiau nei 30 met\u0173 Thermoplast gamini\u0173 gamybai naudoja ekstruzijos technologijas. Mes naudojame tokias termoplastik\u0173 r\u016b\u0161is, kuri\u0173 apdorojimo savyb\u0117s u\u017etikrina stabilum\u0105 gamybos metu, tuo pa\u010diu garantuodamos kliento reikalavim\u0173 \u012fvykdym\u0105 paruo\u0161tai produkcijai.<br>Jie apima:<\/p>\n\n\n\n<div class=\"productList\">\n<div>\n<ul class=\"lista\">\n<li>PVC &#8211; Polivinilchloridas<\/li>\n<li>HIPS &#8211; Atsparus sm\u016bgiams Polistirenas<\/li>\n<li>PE &#8211; Polietilenas<\/li>\n<li>PP &#8211; Polipropilenas<\/li>\n<li>PMMA &#8211; Polimetilmetakrilatas<\/li>\n<li>PC &#8211; Polikarbonatas<\/li>\n<\/ul>\n<\/div>\n<div>\n<ul class=\"lista\">\n<li>ABS &#8211; Akrilnitrilo-butadieno-stirenokopolimeras<\/li>\n<li>SAN &#8211; Stireno-akrilnitrilokopolimeras<\/li>\n<li>ASA &#8211; Kopolimerasakrilnitrilas-stirenas-akrilas<\/li>\n<li>PS &#8211; Polistirenas<\/li>\n<li>PA &#8211; Poliamidas<\/li>\n<\/ul>\n<\/div>\n<\/div>\n\n\n\n<p class=\"justy\">Dzia\u0142 R&amp;D ci\u0105gle poszerza baz\u0119 materia\u0142\u00f3w parametryzuj\u0105c technologi\u0119 i sk\u0142ad tworzyw spe\u0142niaj\u0105cych specjalne wymagania klient\u00f3w. Mamy do\u015bwiadczenia w materia\u0142ach o podwy\u017cszonej odporno\u015bci mechaniczno-termicznej.<\/p>\n<\/div>\n<\/div>\n\n\n\n<div class=\"wp-block-uagb-container uagb-block-fc64dd88 alignwide uagb-is-root-container\">\n<div class=\"wp-block-uagb-container uagb-block-66b232f8\">\n<p class=\"justy\">Konstruktori\u0173 ir pl\u0117tros skyrius nuolat ple\u010dia m\u016bs\u0173 med\u017eiag\u0173 baz\u0119, nustatydamas m\u016bs\u0173 klient\u0173 reikalavimus atitinkan\u010di\u0105 plastik\u0173 technologij\u0105 ir sud\u0117t\u012f. Mes turime sukaup\u0117 patirti su med\u017eiagomis, kuri\u0173 mechanin\u0117 ir \u0161ilumin\u0117 var\u017ea yra padid\u0117jusi.<\/p>\n\n\n\n<p class=\"justy\">Thermoplast b\u0119d\u0105c liderem w swojej bran\u017cy od wielu lat opr\u00f3cz dzia\u0142a\u0144 zwi\u0105zanych z rozwojem czysto biznesowym, k\u0142adzie \u015bwiadomie du\u017cy nacisk na dzia\u0142ania zwi\u0105zane z ochron\u0105 \u015brodowiska, a co za tym idzie na ograniczenie szkodliwego wp\u0142ywu na \u015brodowisko poprzez swoj\u0105 podstawow\u0105 dzia\u0142alno\u015b\u0107 operacyjn\u0105.<\/p>\n<\/div>\n\n\n\n<div class=\"wp-block-uagb-container uagb-block-46b76f36\">\n<div class=\"wp-block-uagb-image uagb-block-080e6825 wp-block-uagb-image--layout-default wp-block-uagb-image--effect-static wp-block-uagb-image--align-none fullWidth\"><figure class=\"wp-block-uagb-image__figure\"><img decoding=\"async\" srcset=\"https:\/\/th-extrusion.eu\/wp-content\/uploads\/2024\/06\/materialy.jpg ,https:\/\/th-extrusion.eu\/wp-content\/uploads\/2024\/06\/materialy.jpg 780w, https:\/\/th-extrusion.eu\/wp-content\/uploads\/2024\/06\/materialy.jpg 360w\" sizes=\"auto, (max-width: 480px) 150px\" src=\"https:\/\/th-extrusion.eu\/wp-content\/uploads\/2024\/06\/materialy.jpg\" alt=\"Auk\u0161tos kokyb\u0117s granul\u0117s ir termoplastiniai mi\u0161iniai, naudojami Thermoplast Libi\u0105\u017ce.\" class=\"uag-image-630\" width=\"600\" height=\"350\" title=\"Auk\u0161tos kokyb\u0117s granul\u0117s ir termoplastiniai mi\u0161iniai, naudojami Thermoplast Libi\u0105\u017ce.\" loading=\"lazy\" role=\"img\"\/><\/figure><\/div>\n<\/div>\n<\/div>\n\n\n\n<div class=\"wp-block-uagb-container uagb-block-01bdf848 alignwide uagb-is-root-container\">\n<div class=\"wp-block-uagb-container uagb-block-1930a34d\">\n<div class=\"wp-block-uagb-advanced-heading uagb-block-b7436000\"><h2 class=\"uagb-heading-text\">Reikia unikalaus profilio?<\/h2><\/div>\n\n\n\n<div class=\"wp-block-uagb-buttons uagb-buttons__outer-wrap uagb-btn__medium-btn uagb-btn-tablet__default-btn uagb-btn-mobile__default-btn uagb-block-079ec436\"><div class=\"uagb-buttons__wrap uagb-buttons-layout-wrap \">\n<div class=\"wp-block-uagb-buttons-child uagb-buttons__outer-wrap uagb-block-418d4501 wp-block-button\"><div class=\"uagb-button__wrapper\"><a class=\"uagb-buttons-repeater wp-block-button__link\" aria-label=\"\" href=\"https:\/\/th-extrusion.eu\/lt\/kontaktas\/\" rel=\"follow noopener\" target=\"_self\" role=\"button\"><div class=\"uagb-button__link\">Para\u0161ykite mums!<\/div><\/a><\/div><\/div>\n<\/div><\/div>\n<\/div>\n<\/div>\n","protected":false},"excerpt":{"rendered":"MED\u017dIAGOS Mes naudojame auk\u0161\u010diausios kokyb\u0117s plastik\u0105 Gaminant individualius techninius profilius individualiems u\u017esakymams, ne\u012fmanoma pervertinti tinkamos gamybos med\u017eiagos parinkimo svarbos. Naujo [&hellip;]","protected":false},"author":1,"featured_media":120,"parent":0,"menu_order":0,"comment_status":"closed","ping_status":"closed","template":"","meta":{"inline_featured_image":false,"_uag_custom_page_level_css":"\nul.lista {\n    list-style: none;\n    color: black;\n    margin: 0 ;\n}\n\nul.lista li {\n\tposition:relative;\nmargin: 0;\n}\n\nul.lista li:before {\n    content: url(https:\/\/th-extrusion.eu\/wp-content\/uploads\/2024\/05\/square51.svg);\n    width: 5px;\n    height: 5px;\n    position: absolute;\n    top: -2px;\n    left: -10px;\n}\n.productList {\n  display: flex;\n  justify-content: space-between;\n  font-size: 12px;\n\tmargin-bottom: 15px;\n}\n\n.productList ul.lista{\n  padding-left: 10px;\n}\n.fullWidth {\n\theight:100%;\n}\n\n.fullWidth img {\n\theight:100% !important;\n}","site-sidebar-layout":"default","site-content-layout":"","ast-site-content-layout":"default","site-content-style":"boxed","site-sidebar-style":"default","ast-global-header-display":"","ast-banner-title-visibility":"","ast-main-header-display":"","ast-hfb-above-header-display":"","ast-hfb-below-header-display":"","ast-hfb-mobile-header-display":"","site-post-title":"disabled","ast-breadcrumbs-content":"","ast-featured-img":"","footer-sml-layout":"","ast-disable-related-posts":"","theme-transparent-header-meta":"","adv-header-id-meta":"","stick-header-meta":"","header-above-stick-meta":"","header-main-stick-meta":"","header-below-stick-meta":"","astra-migrate-meta-layouts":"default","ast-page-background-enabled":"default","ast-page-background-meta":{"desktop":{"background-color":"var(--ast-global-color-4)","background-image":"","background-repeat":"repeat","background-position":"center center","background-size":"auto","background-attachment":"scroll","background-type":"","background-media":"","overlay-type":"","overlay-color":"","overlay-opacity":"","overlay-gradient":""},"tablet":{"background-color":"","background-image":"","background-repeat":"repeat","background-position":"center center","background-size":"auto","background-attachment":"scroll","background-type":"","background-media":"","overlay-type":"","overlay-color":"","overlay-opacity":"","overlay-gradient":""},"mobile":{"background-color":"","background-image":"","background-repeat":"repeat","background-position":"center center","background-size":"auto","background-attachment":"scroll","background-type":"","background-media":"","overlay-type":"","overlay-color":"","overlay-opacity":"","overlay-gradient":""}},"ast-content-background-meta":{"desktop":{"background-color":"var(--ast-global-color-5)","background-image":"","background-repeat":"repeat","background-position":"center center","background-size":"auto","background-attachment":"scroll","background-type":"","background-media":"","overlay-type":"","overlay-color":"","overlay-opacity":"","overlay-gradient":""},"tablet":{"background-color":"var(--ast-global-color-5)","background-image":"","background-repeat":"repeat","background-position":"center center","background-size":"auto","background-attachment":"scroll","background-type":"","background-media":"","overlay-type":"","overlay-color":"","overlay-opacity":"","overlay-gradient":""},"mobile":{"background-color":"var(--ast-global-color-5)","background-image":"","background-repeat":"repeat","background-position":"center center","background-size":"auto","background-attachment":"scroll","background-type":"","background-media":"","overlay-type":"","overlay-color":"","overlay-opacity":"","overlay-gradient":""}},"footnotes":""},"class_list":["post-1095","page","type-page","status-publish","has-post-thumbnail","hentry"],"yoast_head":"<!-- This site is optimized with the Yoast SEO plugin v27.3 - https:\/\/yoast.com\/product\/yoast-seo-wordpress\/ -->\n<title>Med\u017eiagos - Th-Extrusion<\/title>\n<meta name=\"description\" content=\"M\u016bs\u0173 moderni, automatizuota mai\u0161ykla leid\u017eia kurti plastik\u0173 mi\u0161inius, pritaikytus prie individuali\u0173 klient\u0173 reikalavim\u0173.\" \/>\n<meta name=\"robots\" content=\"index, follow, max-snippet:-1, max-image-preview:large, max-video-preview:-1\" \/>\n<link rel=\"canonical\" href=\"https:\/\/th-extrusion.eu\/lt\/medziagos\/\" \/>\n<meta property=\"og:locale\" content=\"lt_LT\" \/>\n<meta property=\"og:type\" content=\"article\" \/>\n<meta property=\"og:title\" content=\"Med\u017eiagos - Th-Extrusion\" \/>\n<meta property=\"og:description\" content=\"M\u016bs\u0173 moderni, automatizuota mai\u0161ykla leid\u017eia kurti plastik\u0173 mi\u0161inius, pritaikytus prie individuali\u0173 klient\u0173 reikalavim\u0173.\" \/>\n<meta property=\"og:url\" content=\"https:\/\/th-extrusion.eu\/lt\/medziagos\/\" \/>\n<meta property=\"og:site_name\" content=\"Th-Extrusion\" \/>\n<meta property=\"article:publisher\" content=\"https:\/\/www.facebook.com\/search\/top?q=thermoplastpermanentdevelopments.a.\" \/>\n<meta property=\"article:modified_time\" content=\"2025-02-25T15:47:28+00:00\" \/>\n<meta property=\"og:image\" content=\"https:\/\/th-extrusion.eu\/wp-content\/uploads\/2024\/05\/logo-linedin-300x300-11.jpg\" \/>\n\t<meta property=\"og:image:width\" content=\"300\" \/>\n\t<meta property=\"og:image:height\" content=\"300\" \/>\n\t<meta property=\"og:image:type\" content=\"image\/jpeg\" \/>\n<meta name=\"twitter:card\" content=\"summary_large_image\" \/>\n<meta name=\"twitter:label1\" content=\"Est. reading time\" \/>\n\t<meta name=\"twitter:data1\" content=\"3 minut\u0117s\" \/>\n<script type=\"application\/ld+json\" class=\"yoast-schema-graph\">{\"@context\":\"https:\\\/\\\/schema.org\",\"@graph\":[{\"@type\":\"WebPage\",\"@id\":\"https:\\\/\\\/th-extrusion.eu\\\/lt\\\/medziagos\\\/\",\"url\":\"https:\\\/\\\/th-extrusion.eu\\\/lt\\\/medziagos\\\/\",\"name\":\"Med\u017eiagos - Th-Extrusion\",\"isPartOf\":{\"@id\":\"https:\\\/\\\/th-extrusion.eu\\\/lt\\\/#website\"},\"primaryImageOfPage\":{\"@id\":\"https:\\\/\\\/th-extrusion.eu\\\/lt\\\/medziagos\\\/#primaryimage\"},\"image\":{\"@id\":\"https:\\\/\\\/th-extrusion.eu\\\/lt\\\/medziagos\\\/#primaryimage\"},\"thumbnailUrl\":\"https:\\\/\\\/th-extrusion.eu\\\/wp-content\\\/uploads\\\/2024\\\/05\\\/logo-linedin-300x300-11.jpg\",\"datePublished\":\"2024-05-19T14:42:23+00:00\",\"dateModified\":\"2025-02-25T15:47:28+00:00\",\"description\":\"M\u016bs\u0173 moderni, automatizuota mai\u0161ykla leid\u017eia kurti plastik\u0173 mi\u0161inius, pritaikytus prie individuali\u0173 klient\u0173 reikalavim\u0173.\",\"breadcrumb\":{\"@id\":\"https:\\\/\\\/th-extrusion.eu\\\/lt\\\/medziagos\\\/#breadcrumb\"},\"inLanguage\":\"lt-LT\",\"potentialAction\":[{\"@type\":\"ReadAction\",\"target\":[\"https:\\\/\\\/th-extrusion.eu\\\/lt\\\/medziagos\\\/\"]}]},{\"@type\":\"ImageObject\",\"inLanguage\":\"lt-LT\",\"@id\":\"https:\\\/\\\/th-extrusion.eu\\\/lt\\\/medziagos\\\/#primaryimage\",\"url\":\"https:\\\/\\\/th-extrusion.eu\\\/wp-content\\\/uploads\\\/2024\\\/05\\\/logo-linedin-300x300-11.jpg\",\"contentUrl\":\"https:\\\/\\\/th-extrusion.eu\\\/wp-content\\\/uploads\\\/2024\\\/05\\\/logo-linedin-300x300-11.jpg\",\"width\":300,\"height\":300},{\"@type\":\"BreadcrumbList\",\"@id\":\"https:\\\/\\\/th-extrusion.eu\\\/lt\\\/medziagos\\\/#breadcrumb\",\"itemListElement\":[{\"@type\":\"ListItem\",\"position\":1,\"name\":\"Strona g\u0142\u00f3wna\",\"item\":\"https:\\\/\\\/th-extrusion.eu\\\/lt\\\/\"},{\"@type\":\"ListItem\",\"position\":2,\"name\":\"Med\u017eiagos\"}]},{\"@type\":\"WebSite\",\"@id\":\"https:\\\/\\\/th-extrusion.eu\\\/lt\\\/#website\",\"url\":\"https:\\\/\\\/th-extrusion.eu\\\/lt\\\/\",\"name\":\"Th-Extrusion.eu\",\"description\":\"Thermoplast has over 30 years of experience in designing and building tools for extrusion, co-extrusion and post-extrusion of custom technical profiles\",\"publisher\":{\"@id\":\"https:\\\/\\\/th-extrusion.eu\\\/lt\\\/#organization\"},\"potentialAction\":[{\"@type\":\"SearchAction\",\"target\":{\"@type\":\"EntryPoint\",\"urlTemplate\":\"https:\\\/\\\/th-extrusion.eu\\\/lt\\\/?s={search_term_string}\"},\"query-input\":{\"@type\":\"PropertyValueSpecification\",\"valueRequired\":true,\"valueName\":\"search_term_string\"}}],\"inLanguage\":\"lt-LT\"},{\"@type\":\"Organization\",\"@id\":\"https:\\\/\\\/th-extrusion.eu\\\/lt\\\/#organization\",\"name\":\"Thermoplast\",\"url\":\"https:\\\/\\\/th-extrusion.eu\\\/lt\\\/\",\"logo\":{\"@type\":\"ImageObject\",\"inLanguage\":\"lt-LT\",\"@id\":\"https:\\\/\\\/th-extrusion.eu\\\/lt\\\/#\\\/schema\\\/logo\\\/image\\\/\",\"url\":\"https:\\\/\\\/th-extrusion.eu\\\/wp-content\\\/uploads\\\/2024\\\/05\\\/thermoplast-logo-th-extrusion1.svg\",\"contentUrl\":\"https:\\\/\\\/th-extrusion.eu\\\/wp-content\\\/uploads\\\/2024\\\/05\\\/thermoplast-logo-th-extrusion1.svg\",\"width\":156,\"height\":47,\"caption\":\"Thermoplast\"},\"image\":{\"@id\":\"https:\\\/\\\/th-extrusion.eu\\\/lt\\\/#\\\/schema\\\/logo\\\/image\\\/\"},\"sameAs\":[\"https:\\\/\\\/www.facebook.com\\\/search\\\/top?q=thermoplastpermanentdevelopments.a.\"]}]}<\/script>\n<!-- \/ Yoast SEO plugin. -->","yoast_head_json":{"title":"Med\u017eiagos - Th-Extrusion","description":"M\u016bs\u0173 moderni, automatizuota mai\u0161ykla leid\u017eia kurti plastik\u0173 mi\u0161inius, pritaikytus prie individuali\u0173 klient\u0173 reikalavim\u0173.","robots":{"index":"index","follow":"follow","max-snippet":"max-snippet:-1","max-image-preview":"max-image-preview:large","max-video-preview":"max-video-preview:-1"},"canonical":"https:\/\/th-extrusion.eu\/lt\/medziagos\/","og_locale":"lt_LT","og_type":"article","og_title":"Med\u017eiagos - Th-Extrusion","og_description":"M\u016bs\u0173 moderni, automatizuota mai\u0161ykla leid\u017eia kurti plastik\u0173 mi\u0161inius, pritaikytus prie individuali\u0173 klient\u0173 reikalavim\u0173.","og_url":"https:\/\/th-extrusion.eu\/lt\/medziagos\/","og_site_name":"Th-Extrusion","article_publisher":"https:\/\/www.facebook.com\/search\/top?q=thermoplastpermanentdevelopments.a.","article_modified_time":"2025-02-25T15:47:28+00:00","og_image":[{"width":300,"height":300,"url":"https:\/\/th-extrusion.eu\/wp-content\/uploads\/2024\/05\/logo-linedin-300x300-11.jpg","type":"image\/jpeg"}],"twitter_card":"summary_large_image","twitter_misc":{"Est. reading time":"3 minut\u0117s"},"schema":{"@context":"https:\/\/schema.org","@graph":[{"@type":"WebPage","@id":"https:\/\/th-extrusion.eu\/lt\/medziagos\/","url":"https:\/\/th-extrusion.eu\/lt\/medziagos\/","name":"Med\u017eiagos - Th-Extrusion","isPartOf":{"@id":"https:\/\/th-extrusion.eu\/lt\/#website"},"primaryImageOfPage":{"@id":"https:\/\/th-extrusion.eu\/lt\/medziagos\/#primaryimage"},"image":{"@id":"https:\/\/th-extrusion.eu\/lt\/medziagos\/#primaryimage"},"thumbnailUrl":"https:\/\/th-extrusion.eu\/wp-content\/uploads\/2024\/05\/logo-linedin-300x300-11.jpg","datePublished":"2024-05-19T14:42:23+00:00","dateModified":"2025-02-25T15:47:28+00:00","description":"M\u016bs\u0173 moderni, automatizuota mai\u0161ykla leid\u017eia kurti plastik\u0173 mi\u0161inius, pritaikytus prie individuali\u0173 klient\u0173 reikalavim\u0173.","breadcrumb":{"@id":"https:\/\/th-extrusion.eu\/lt\/medziagos\/#breadcrumb"},"inLanguage":"lt-LT","potentialAction":[{"@type":"ReadAction","target":["https:\/\/th-extrusion.eu\/lt\/medziagos\/"]}]},{"@type":"ImageObject","inLanguage":"lt-LT","@id":"https:\/\/th-extrusion.eu\/lt\/medziagos\/#primaryimage","url":"https:\/\/th-extrusion.eu\/wp-content\/uploads\/2024\/05\/logo-linedin-300x300-11.jpg","contentUrl":"https:\/\/th-extrusion.eu\/wp-content\/uploads\/2024\/05\/logo-linedin-300x300-11.jpg","width":300,"height":300},{"@type":"BreadcrumbList","@id":"https:\/\/th-extrusion.eu\/lt\/medziagos\/#breadcrumb","itemListElement":[{"@type":"ListItem","position":1,"name":"Strona g\u0142\u00f3wna","item":"https:\/\/th-extrusion.eu\/lt\/"},{"@type":"ListItem","position":2,"name":"Med\u017eiagos"}]},{"@type":"WebSite","@id":"https:\/\/th-extrusion.eu\/lt\/#website","url":"https:\/\/th-extrusion.eu\/lt\/","name":"Th-Extrusion.eu","description":"Thermoplast has over 30 years of experience in designing and building tools for extrusion, co-extrusion and post-extrusion of custom technical profiles","publisher":{"@id":"https:\/\/th-extrusion.eu\/lt\/#organization"},"potentialAction":[{"@type":"SearchAction","target":{"@type":"EntryPoint","urlTemplate":"https:\/\/th-extrusion.eu\/lt\/?s={search_term_string}"},"query-input":{"@type":"PropertyValueSpecification","valueRequired":true,"valueName":"search_term_string"}}],"inLanguage":"lt-LT"},{"@type":"Organization","@id":"https:\/\/th-extrusion.eu\/lt\/#organization","name":"Thermoplast","url":"https:\/\/th-extrusion.eu\/lt\/","logo":{"@type":"ImageObject","inLanguage":"lt-LT","@id":"https:\/\/th-extrusion.eu\/lt\/#\/schema\/logo\/image\/","url":"https:\/\/th-extrusion.eu\/wp-content\/uploads\/2024\/05\/thermoplast-logo-th-extrusion1.svg","contentUrl":"https:\/\/th-extrusion.eu\/wp-content\/uploads\/2024\/05\/thermoplast-logo-th-extrusion1.svg","width":156,"height":47,"caption":"Thermoplast"},"image":{"@id":"https:\/\/th-extrusion.eu\/lt\/#\/schema\/logo\/image\/"},"sameAs":["https:\/\/www.facebook.com\/search\/top?q=thermoplastpermanentdevelopments.a."]}]}},"uagb_featured_image_src":{"full":["https:\/\/th-extrusion.eu\/wp-content\/uploads\/2024\/05\/logo-linedin-300x300-11.jpg",300,300,false],"thumbnail":["https:\/\/th-extrusion.eu\/wp-content\/uploads\/2024\/05\/logo-linedin-300x300-11-150x150.jpg",150,150,true],"medium":["https:\/\/th-extrusion.eu\/wp-content\/uploads\/2024\/05\/logo-linedin-300x300-11.jpg",300,300,false],"medium_large":["https:\/\/th-extrusion.eu\/wp-content\/uploads\/2024\/05\/logo-linedin-300x300-11.jpg",300,300,false],"large":["https:\/\/th-extrusion.eu\/wp-content\/uploads\/2024\/05\/logo-linedin-300x300-11.jpg",300,300,false],"1536x1536":["https:\/\/th-extrusion.eu\/wp-content\/uploads\/2024\/05\/logo-linedin-300x300-11.jpg",300,300,false],"2048x2048":["https:\/\/th-extrusion.eu\/wp-content\/uploads\/2024\/05\/logo-linedin-300x300-11.jpg",300,300,false]},"uagb_author_info":{"display_name":"Michal","author_link":"https:\/\/th-extrusion.eu\/lt\/author\/michal\/"},"uagb_comment_info":0,"uagb_excerpt":"MED\u017dIAGOS Mes naudojame auk\u0161\u010diausios kokyb\u0117s plastik\u0105 Gaminant individualius techninius profilius individualiems u\u017esakymams, ne\u012fmanoma pervertinti tinkamos gamybos med\u017eiagos parinkimo svarbos. Naujo [&hellip;]","_links":{"self":[{"href":"https:\/\/th-extrusion.eu\/lt\/wp-json\/wp\/v2\/pages\/1095","targetHints":{"allow":["GET"]}}],"collection":[{"href":"https:\/\/th-extrusion.eu\/lt\/wp-json\/wp\/v2\/pages"}],"about":[{"href":"https:\/\/th-extrusion.eu\/lt\/wp-json\/wp\/v2\/types\/page"}],"author":[{"embeddable":true,"href":"https:\/\/th-extrusion.eu\/lt\/wp-json\/wp\/v2\/users\/1"}],"replies":[{"embeddable":true,"href":"https:\/\/th-extrusion.eu\/lt\/wp-json\/wp\/v2\/comments?post=1095"}],"version-history":[{"count":11,"href":"https:\/\/th-extrusion.eu\/lt\/wp-json\/wp\/v2\/pages\/1095\/revisions"}],"predecessor-version":[{"id":1669,"href":"https:\/\/th-extrusion.eu\/lt\/wp-json\/wp\/v2\/pages\/1095\/revisions\/1669"}],"wp:featuredmedia":[{"embeddable":true,"href":"https:\/\/th-extrusion.eu\/lt\/wp-json\/wp\/v2\/media\/120"}],"wp:attachment":[{"href":"https:\/\/th-extrusion.eu\/lt\/wp-json\/wp\/v2\/media?parent=1095"}],"curies":[{"name":"wp","href":"https:\/\/api.w.org\/{rel}","templated":true}]}}