{"id":1103,"date":"2024-05-19T16:42:57","date_gmt":"2024-05-19T14:42:57","guid":{"rendered":"https:\/\/th-extrusion.eu\/jakosc-i-laboratorium\/"},"modified":"2025-03-05T08:20:59","modified_gmt":"2025-03-05T07:20:59","slug":"okybe-ir-laboratorija","status":"publish","type":"page","link":"https:\/\/th-extrusion.eu\/lt\/okybe-ir-laboratorija\/","title":{"rendered":"Okyb\u0117 ir laboratorija"},"content":{"rendered":"\n<div class=\"wp-block-uagb-container uagb-block-44002778 alignwide uagb-is-root-container\">\n<div class=\"wp-block-uagb-container uagb-block-4a51b0b4\">\n<div data-aos= \"fade-right\" data-aos-duration=\"400\" data-aos-delay=\"0\" data-aos-easing=\"ease\" data-aos-once=\"true\" class=\"wp-block-uagb-advanced-heading uagb-block-aa8dd194\"><h1 class=\"uagb-heading-text\">OKYB\u0116 IR LABORATORIJA<\/h1><\/div>\n\n\n\n<div data-aos= \"fade-right\" data-aos-duration=\"400\" data-aos-delay=\"0\" data-aos-easing=\"ease\" data-aos-once=\"true\" class=\"wp-block-uagb-advanced-heading uagb-block-885d1912\"><h2 class=\"uagb-heading-text\">Mes specializuojam\u0117s plastikini\u0173 technini\u0173 profili\u0173 ekstruzijos ir koekstruzijos srityje<\/h2><\/div>\n<\/div>\n<\/div>\n\n\n\n<div class=\"wp-block-uagb-container uagb-block-a60edd37 alignwide uagb-is-root-container\">\n<div class=\"wp-block-uagb-container uagb-block-348e44bb\">\n<p class=\"justy\">Visi Thermoplast gamybos procesai yra sertifikuoti pagal ISO 9001. J\u0173 kokyb\u0119 visame gamybos procese kontroliuoja m\u016bs\u0173 modernios laboratorijos specialistai.<\/p>\n\n\n\n<p class=\"justy\">Kokyb\u0117s kontrol\u0117s skyriaus specialistai stebi \u017ealiav\u0173, naudojam\u0173 profili\u0173 gamybai, kokyb\u0119. Taip pat kontroliuojami pagrindiniai produkto funkciniai matmenys, lemiantys profili\u0173 veikim\u0105. Visi galutinio produkto parametrai yra tikrinami.<\/p>\n\n\n\n<p class=\"justy\" style=\"margin-top:0;margin-bottom:0\">M\u016bs\u0173 gamini\u0173 kokyb\u0117s kontrol\u0117s galimyb\u0117s yra pagr\u012fstos ne tik laboratorijos darbuotoj\u0173 \u017einiomis ir patirtimibet ir \u0161iuolaikiniais prietaisais, kurie padidina mechanini\u0173 ir elektrini\u0173 savybi\u0173 testavimo galimybes ir med\u017eiag\u0173 spalvos suderinamum\u0105.<\/p>\n<\/div>\n\n\n\n<div class=\"wp-block-uagb-container uagb-block-cd0db668\">\n<div class=\"wp-block-uagb-image uagb-block-5093a5e9 wp-block-uagb-image--layout-default wp-block-uagb-image--effect-static wp-block-uagb-image--align-none fullWidth\"><figure class=\"wp-block-uagb-image__figure\"><img decoding=\"async\" srcset=\"https:\/\/th-extrusion.eu\/wp-content\/uploads\/2024\/05\/jakosci-i-labolatorium.jpg ,https:\/\/th-extrusion.eu\/wp-content\/uploads\/2024\/05\/jakosci-i-labolatorium.jpg 780w, https:\/\/th-extrusion.eu\/wp-content\/uploads\/2024\/05\/jakosci-i-labolatorium.jpg 360w\" sizes=\"auto, (max-width: 480px) 150px\" src=\"https:\/\/th-extrusion.eu\/wp-content\/uploads\/2024\/05\/jakosci-i-labolatorium.jpg\" alt=\"In\u017cynierowie i technolodzy z Dzia\u0142u R&amp;D opracowuj\u0105 optymalne rozwi\u0105zania.\" class=\"uag-image-411\" width=\"600\" height=\"350\" title=\"In\u017cynierowie i technolodzy z Dzia\u0142u R&amp;D opracowuj\u0105 optymalne rozwi\u0105zania.\" loading=\"lazy\" role=\"img\"\/><\/figure><\/div>\n<\/div>\n<\/div>\n\n\n\n<div class=\"wp-block-uagb-container uagb-block-12e1c450 alignwide uagb-is-root-container\">\n<div class=\"wp-block-uagb-container uagb-block-8bfdc72d\">\n<div class=\"wp-block-uagb-image uagb-block-9f484fc4 wp-block-uagb-image--layout-default wp-block-uagb-image--effect-static wp-block-uagb-image--align-none fullWidth\"><figure class=\"wp-block-uagb-image__figure\"><img decoding=\"async\" srcset=\"https:\/\/th-extrusion.eu\/wp-content\/uploads\/2024\/06\/jakosc.jpg ,https:\/\/th-extrusion.eu\/wp-content\/uploads\/2024\/06\/jakosc.jpg 780w, https:\/\/th-extrusion.eu\/wp-content\/uploads\/2024\/06\/jakosc.jpg 360w\" sizes=\"auto, (max-width: 480px) 150px\" src=\"https:\/\/th-extrusion.eu\/wp-content\/uploads\/2024\/06\/jakosc.jpg\" alt=\"jakosc\" class=\"uag-image-697\" width=\"600\" height=\"350\" title=\"jakosc\" loading=\"lazy\" role=\"img\"\/><\/figure><\/div>\n<\/div>\n\n\n\n<div class=\"wp-block-uagb-container uagb-block-66e5819a\">\n<p class=\"justy\">Laboratorijoje naudojamas <strong>plastografas \u201eBrabender &#8211; EC Type\u201c<\/strong>, leid\u017eiantis greitai patikrinti med\u017eiag\u0173 perdirbim\u0105 ir reologines savybes, naudojant nedidel\u012f kiek\u012f \u017ealiavos. Prietaisas naudojamas kuriant junginius, bandant naujas \u017ealiavas, gaminant m\u0117ginius laboratorijos mastu, kontroliuojant dabartin\u0119 produkcij\u0105 ir tiekiam\u0173 \u017ealiav\u0173 kokyb\u0119.<\/p>\n\n\n\n<p class=\"justy\"><strong>Plastometras &#8211; REO 100<\/strong> &#8211; naudojamas nuolatinei polimerini\u0173 med\u017eiag\u0173 tiekimo kokyb\u0117s kontrolei ir pakartotini\u0173 granuli\u0173 bandymams \u012fvertinti atsi\u017evelgiant \u012f galim\u0105 panaudojim\u0105 gamyboje.<\/p>\n\n\n\n<p class=\"justy\" style=\"margin-top:0;margin-bottom:0\">\u012e \u012frang\u0105 taip pat \u012feina stiprumo tikrinimo ma\u0161ina <strong>\u201eZwickRoell 5kN Proline\u201c<\/strong>, skirta statiniams mechaniniams bandymams atlikti esant ma\u017eoms apkrovoms.<\/p>\n<\/div>\n<\/div>\n\n\n\n<div class=\"wp-block-uagb-container uagb-block-fc64dd88 alignwide uagb-is-root-container\">\n<div class=\"wp-block-uagb-container uagb-block-66b232f8\">\n<p class=\"justy\">Ji naudojama tempimo, suspaudimo ir lenkimo bandymams atlikti. <strong>\u201eRockwell\u201c kietumo matuoklis &#8211; XHDC 150<\/strong> naudojamas plastiko kietumui tikrinti pagal rutulio metod\u0105 HRE, HRL, HRM, HRR matavimo skal\u0117se.<\/p>\n\n\n\n<p class=\"justy\">M\u016bs\u0173 laboratorijoje taip pat yra skaitiklis, skirtas atlikti <strong>elektrinius matavimus &#8211; \u201eMetriso 2000\u201c<\/strong>, matuojantis pavir\u0161i\u0173, talp\u0105 ir \u012f\u017eeminimo var\u017e\u0105 tam tikromis dr\u0117gm\u0117s ir temperat\u016bros s\u0105lygomis.<\/p>\n\n\n\n<p class=\"justy\" style=\"margin-top:0;margin-bottom:0\"><strong>Spektrofotometras spalvoms matuoti &#8211; SP64<\/strong>, leid\u017eia greitai ir tiksliai i\u0161matuoti spalvas. SP64 veikia su kokyb\u0117s valdymo programine \u012franga \u201eColor Master QC\u201c kartu su formulavimo sistema. Programa nustato atitikim\u0105 reikalavimams laipsn\u012f ir leid\u017eia archyvuoti matavimo duomenis.<\/p>\n<\/div>\n\n\n\n<div class=\"wp-block-uagb-container uagb-block-46b76f36\">\n<div class=\"wp-block-uagb-image uagb-block-b90a2a3b wp-block-uagb-image--layout-default wp-block-uagb-image--effect-static wp-block-uagb-image--align-none fullWidth\"><figure class=\"wp-block-uagb-image__figure\"><img decoding=\"async\" srcset=\"https:\/\/th-extrusion.eu\/wp-content\/uploads\/2024\/05\/aplikacje.jpg ,https:\/\/th-extrusion.eu\/wp-content\/uploads\/2024\/05\/aplikacje.jpg 780w, https:\/\/th-extrusion.eu\/wp-content\/uploads\/2024\/05\/aplikacje.jpg 360w\" sizes=\"auto, (max-width: 480px) 150px\" src=\"https:\/\/th-extrusion.eu\/wp-content\/uploads\/2024\/05\/aplikacje.jpg\" alt=\"aplikacje\" class=\"uag-image-210\" width=\"600\" height=\"350\" title=\"aplikacje\" loading=\"lazy\" role=\"img\"\/><\/figure><\/div>\n<\/div>\n<\/div>\n\n\n\n<div class=\"wp-block-uagb-container uagb-block-60adfb7e alignwide uagb-is-root-container\">\n<p class=\"has-text-align-center has-ast-global-color-2-color has-text-color has-link-color wp-elements-255efe7b706dcadd1ce1ef4432226de6\" style=\"margin-top:0;margin-bottom:0;padding-top:0;padding-bottom:0\"><strong>Dedame visas pastangas, kad patenkintume auk\u0161tus klient\u0173 reikalavimus!<\/strong><\/p>\n<\/div>\n\n\n\n<div class=\"wp-block-uagb-container uagb-block-01bdf848 alignwide uagb-is-root-container\">\n<div class=\"wp-block-uagb-container uagb-block-1930a34d\">\n<div class=\"wp-block-uagb-advanced-heading uagb-block-b7436000\"><h2 class=\"uagb-heading-text\">Ie\u0161kote optimali\u0173 sprendim\u0173?<\/h2><\/div>\n\n\n\n<div class=\"wp-block-uagb-buttons uagb-buttons__outer-wrap uagb-btn__medium-btn uagb-btn-tablet__default-btn uagb-btn-mobile__default-btn uagb-block-079ec436\"><div class=\"uagb-buttons__wrap uagb-buttons-layout-wrap \">\n<div class=\"wp-block-uagb-buttons-child uagb-buttons__outer-wrap uagb-block-418d4501 wp-block-button\"><div class=\"uagb-button__wrapper\"><a class=\"uagb-buttons-repeater wp-block-button__link\" aria-label=\"\" href=\"https:\/\/th-extrusion.eu\/lt\/kontaktas\/\" rel=\"follow noopener\" target=\"_self\" role=\"button\"><div class=\"uagb-button__link\">Susisiekite su mumis!<\/div><\/a><\/div><\/div>\n<\/div><\/div>\n<\/div>\n<\/div>\n","protected":false},"excerpt":{"rendered":"OKYB\u0116 IR LABORATORIJA Mes specializuojam\u0117s plastikini\u0173 technini\u0173 profili\u0173 ekstruzijos ir koekstruzijos srityje Visi Thermoplast gamybos procesai yra sertifikuoti pagal ISO [&hellip;]","protected":false},"author":1,"featured_media":120,"parent":0,"menu_order":0,"comment_status":"closed","ping_status":"closed","template":"","meta":{"inline_featured_image":false,"_uag_custom_page_level_css":".fullWidth {\n\theight:100%;\n}\n\n.fullWidth img {\n\theight:100% !important;\n}","site-sidebar-layout":"default","site-content-layout":"","ast-site-content-layout":"default","site-content-style":"default","site-sidebar-style":"default","ast-global-header-display":"","ast-banner-title-visibility":"","ast-main-header-display":"","ast-hfb-above-header-display":"","ast-hfb-below-header-display":"","ast-hfb-mobile-header-display":"","site-post-title":"disabled","ast-breadcrumbs-content":"","ast-featured-img":"","footer-sml-layout":"","ast-disable-related-posts":"","theme-transparent-header-meta":"","adv-header-id-meta":"","stick-header-meta":"","header-above-stick-meta":"","header-main-stick-meta":"","header-below-stick-meta":"","astra-migrate-meta-layouts":"default","ast-page-background-enabled":"default","ast-page-background-meta":{"desktop":{"background-color":"var(--ast-global-color-4)","background-image":"","background-repeat":"repeat","background-position":"center center","background-size":"auto","background-attachment":"scroll","background-type":"","background-media":"","overlay-type":"","overlay-color":"","overlay-opacity":"","overlay-gradient":""},"tablet":{"background-color":"","background-image":"","background-repeat":"repeat","background-position":"center center","background-size":"auto","background-attachment":"scroll","background-type":"","background-media":"","overlay-type":"","overlay-color":"","overlay-opacity":"","overlay-gradient":""},"mobile":{"background-color":"","background-image":"","background-repeat":"repeat","background-position":"center center","background-size":"auto","background-attachment":"scroll","background-type":"","background-media":"","overlay-type":"","overlay-color":"","overlay-opacity":"","overlay-gradient":""}},"ast-content-background-meta":{"desktop":{"background-color":"var(--ast-global-color-5)","background-image":"","background-repeat":"repeat","background-position":"center center","background-size":"auto","background-attachment":"scroll","background-type":"","background-media":"","overlay-type":"","overlay-color":"","overlay-opacity":"","overlay-gradient":""},"tablet":{"background-color":"var(--ast-global-color-5)","background-image":"","background-repeat":"repeat","background-position":"center center","background-size":"auto","background-attachment":"scroll","background-type":"","background-media":"","overlay-type":"","overlay-color":"","overlay-opacity":"","overlay-gradient":""},"mobile":{"background-color":"var(--ast-global-color-5)","background-image":"","background-repeat":"repeat","background-position":"center center","background-size":"auto","background-attachment":"scroll","background-type":"","background-media":"","overlay-type":"","overlay-color":"","overlay-opacity":"","overlay-gradient":""}},"footnotes":""},"class_list":["post-1103","page","type-page","status-publish","has-post-thumbnail","hentry"],"yoast_head":"<!-- This site is optimized with the Yoast SEO plugin v27.3 - https:\/\/yoast.com\/product\/yoast-seo-wordpress\/ -->\n<title>Okyb\u0117 ir laboratorija - Th-Extrusion<\/title>\n<meta name=\"description\" content=\"Kiekvieno gamybos etapo laboratorin\u0117 kontrol\u0117 u\u017etikrina auk\u0161t\u0105 m\u016bs\u0173 gamini\u0173 kokyb\u0119. Dirbame pagal ISO 9001 standart\u0105.\" \/>\n<meta name=\"robots\" content=\"index, follow, max-snippet:-1, max-image-preview:large, max-video-preview:-1\" \/>\n<link rel=\"canonical\" href=\"https:\/\/th-extrusion.eu\/lt\/okybe-ir-laboratorija\/\" \/>\n<meta property=\"og:locale\" content=\"lt_LT\" \/>\n<meta property=\"og:type\" content=\"article\" \/>\n<meta property=\"og:title\" content=\"Okyb\u0117 ir laboratorija - Th-Extrusion\" \/>\n<meta property=\"og:description\" content=\"Kiekvieno gamybos etapo laboratorin\u0117 kontrol\u0117 u\u017etikrina auk\u0161t\u0105 m\u016bs\u0173 gamini\u0173 kokyb\u0119. Dirbame pagal ISO 9001 standart\u0105.\" \/>\n<meta property=\"og:url\" content=\"https:\/\/th-extrusion.eu\/lt\/okybe-ir-laboratorija\/\" \/>\n<meta property=\"og:site_name\" content=\"Th-Extrusion\" \/>\n<meta property=\"article:publisher\" content=\"https:\/\/www.facebook.com\/search\/top?q=thermoplastpermanentdevelopments.a.\" \/>\n<meta property=\"article:modified_time\" content=\"2025-03-05T07:20:59+00:00\" \/>\n<meta property=\"og:image\" content=\"https:\/\/th-extrusion.eu\/wp-content\/uploads\/2024\/05\/logo-linedin-300x300-11.jpg\" \/>\n\t<meta property=\"og:image:width\" content=\"300\" \/>\n\t<meta property=\"og:image:height\" content=\"300\" \/>\n\t<meta property=\"og:image:type\" content=\"image\/jpeg\" \/>\n<meta name=\"twitter:card\" content=\"summary_large_image\" \/>\n<meta name=\"twitter:label1\" content=\"Est. reading time\" \/>\n\t<meta name=\"twitter:data1\" content=\"3 minut\u0117s\" \/>\n<script type=\"application\/ld+json\" class=\"yoast-schema-graph\">{\"@context\":\"https:\\\/\\\/schema.org\",\"@graph\":[{\"@type\":\"WebPage\",\"@id\":\"https:\\\/\\\/th-extrusion.eu\\\/lt\\\/okybe-ir-laboratorija\\\/\",\"url\":\"https:\\\/\\\/th-extrusion.eu\\\/lt\\\/okybe-ir-laboratorija\\\/\",\"name\":\"Okyb\u0117 ir laboratorija - Th-Extrusion\",\"isPartOf\":{\"@id\":\"https:\\\/\\\/th-extrusion.eu\\\/lt\\\/#website\"},\"primaryImageOfPage\":{\"@id\":\"https:\\\/\\\/th-extrusion.eu\\\/lt\\\/okybe-ir-laboratorija\\\/#primaryimage\"},\"image\":{\"@id\":\"https:\\\/\\\/th-extrusion.eu\\\/lt\\\/okybe-ir-laboratorija\\\/#primaryimage\"},\"thumbnailUrl\":\"https:\\\/\\\/th-extrusion.eu\\\/wp-content\\\/uploads\\\/2024\\\/05\\\/logo-linedin-300x300-11.jpg\",\"datePublished\":\"2024-05-19T14:42:57+00:00\",\"dateModified\":\"2025-03-05T07:20:59+00:00\",\"description\":\"Kiekvieno gamybos etapo laboratorin\u0117 kontrol\u0117 u\u017etikrina auk\u0161t\u0105 m\u016bs\u0173 gamini\u0173 kokyb\u0119. Dirbame pagal ISO 9001 standart\u0105.\",\"breadcrumb\":{\"@id\":\"https:\\\/\\\/th-extrusion.eu\\\/lt\\\/okybe-ir-laboratorija\\\/#breadcrumb\"},\"inLanguage\":\"lt-LT\",\"potentialAction\":[{\"@type\":\"ReadAction\",\"target\":[\"https:\\\/\\\/th-extrusion.eu\\\/lt\\\/okybe-ir-laboratorija\\\/\"]}]},{\"@type\":\"ImageObject\",\"inLanguage\":\"lt-LT\",\"@id\":\"https:\\\/\\\/th-extrusion.eu\\\/lt\\\/okybe-ir-laboratorija\\\/#primaryimage\",\"url\":\"https:\\\/\\\/th-extrusion.eu\\\/wp-content\\\/uploads\\\/2024\\\/05\\\/logo-linedin-300x300-11.jpg\",\"contentUrl\":\"https:\\\/\\\/th-extrusion.eu\\\/wp-content\\\/uploads\\\/2024\\\/05\\\/logo-linedin-300x300-11.jpg\",\"width\":300,\"height\":300},{\"@type\":\"BreadcrumbList\",\"@id\":\"https:\\\/\\\/th-extrusion.eu\\\/lt\\\/okybe-ir-laboratorija\\\/#breadcrumb\",\"itemListElement\":[{\"@type\":\"ListItem\",\"position\":1,\"name\":\"Strona g\u0142\u00f3wna\",\"item\":\"https:\\\/\\\/th-extrusion.eu\\\/lt\\\/\"},{\"@type\":\"ListItem\",\"position\":2,\"name\":\"Okyb\u0117 ir laboratorija\"}]},{\"@type\":\"WebSite\",\"@id\":\"https:\\\/\\\/th-extrusion.eu\\\/lt\\\/#website\",\"url\":\"https:\\\/\\\/th-extrusion.eu\\\/lt\\\/\",\"name\":\"Th-Extrusion.eu\",\"description\":\"Thermoplast has over 30 years of experience in designing and building tools for extrusion, co-extrusion and post-extrusion of custom technical profiles\",\"publisher\":{\"@id\":\"https:\\\/\\\/th-extrusion.eu\\\/lt\\\/#organization\"},\"potentialAction\":[{\"@type\":\"SearchAction\",\"target\":{\"@type\":\"EntryPoint\",\"urlTemplate\":\"https:\\\/\\\/th-extrusion.eu\\\/lt\\\/?s={search_term_string}\"},\"query-input\":{\"@type\":\"PropertyValueSpecification\",\"valueRequired\":true,\"valueName\":\"search_term_string\"}}],\"inLanguage\":\"lt-LT\"},{\"@type\":\"Organization\",\"@id\":\"https:\\\/\\\/th-extrusion.eu\\\/lt\\\/#organization\",\"name\":\"Thermoplast\",\"url\":\"https:\\\/\\\/th-extrusion.eu\\\/lt\\\/\",\"logo\":{\"@type\":\"ImageObject\",\"inLanguage\":\"lt-LT\",\"@id\":\"https:\\\/\\\/th-extrusion.eu\\\/lt\\\/#\\\/schema\\\/logo\\\/image\\\/\",\"url\":\"https:\\\/\\\/th-extrusion.eu\\\/wp-content\\\/uploads\\\/2024\\\/05\\\/thermoplast-logo-th-extrusion1.svg\",\"contentUrl\":\"https:\\\/\\\/th-extrusion.eu\\\/wp-content\\\/uploads\\\/2024\\\/05\\\/thermoplast-logo-th-extrusion1.svg\",\"width\":156,\"height\":47,\"caption\":\"Thermoplast\"},\"image\":{\"@id\":\"https:\\\/\\\/th-extrusion.eu\\\/lt\\\/#\\\/schema\\\/logo\\\/image\\\/\"},\"sameAs\":[\"https:\\\/\\\/www.facebook.com\\\/search\\\/top?q=thermoplastpermanentdevelopments.a.\"]}]}<\/script>\n<!-- \/ Yoast SEO plugin. -->","yoast_head_json":{"title":"Okyb\u0117 ir laboratorija - Th-Extrusion","description":"Kiekvieno gamybos etapo laboratorin\u0117 kontrol\u0117 u\u017etikrina auk\u0161t\u0105 m\u016bs\u0173 gamini\u0173 kokyb\u0119. Dirbame pagal ISO 9001 standart\u0105.","robots":{"index":"index","follow":"follow","max-snippet":"max-snippet:-1","max-image-preview":"max-image-preview:large","max-video-preview":"max-video-preview:-1"},"canonical":"https:\/\/th-extrusion.eu\/lt\/okybe-ir-laboratorija\/","og_locale":"lt_LT","og_type":"article","og_title":"Okyb\u0117 ir laboratorija - Th-Extrusion","og_description":"Kiekvieno gamybos etapo laboratorin\u0117 kontrol\u0117 u\u017etikrina auk\u0161t\u0105 m\u016bs\u0173 gamini\u0173 kokyb\u0119. Dirbame pagal ISO 9001 standart\u0105.","og_url":"https:\/\/th-extrusion.eu\/lt\/okybe-ir-laboratorija\/","og_site_name":"Th-Extrusion","article_publisher":"https:\/\/www.facebook.com\/search\/top?q=thermoplastpermanentdevelopments.a.","article_modified_time":"2025-03-05T07:20:59+00:00","og_image":[{"width":300,"height":300,"url":"https:\/\/th-extrusion.eu\/wp-content\/uploads\/2024\/05\/logo-linedin-300x300-11.jpg","type":"image\/jpeg"}],"twitter_card":"summary_large_image","twitter_misc":{"Est. reading time":"3 minut\u0117s"},"schema":{"@context":"https:\/\/schema.org","@graph":[{"@type":"WebPage","@id":"https:\/\/th-extrusion.eu\/lt\/okybe-ir-laboratorija\/","url":"https:\/\/th-extrusion.eu\/lt\/okybe-ir-laboratorija\/","name":"Okyb\u0117 ir laboratorija - Th-Extrusion","isPartOf":{"@id":"https:\/\/th-extrusion.eu\/lt\/#website"},"primaryImageOfPage":{"@id":"https:\/\/th-extrusion.eu\/lt\/okybe-ir-laboratorija\/#primaryimage"},"image":{"@id":"https:\/\/th-extrusion.eu\/lt\/okybe-ir-laboratorija\/#primaryimage"},"thumbnailUrl":"https:\/\/th-extrusion.eu\/wp-content\/uploads\/2024\/05\/logo-linedin-300x300-11.jpg","datePublished":"2024-05-19T14:42:57+00:00","dateModified":"2025-03-05T07:20:59+00:00","description":"Kiekvieno gamybos etapo laboratorin\u0117 kontrol\u0117 u\u017etikrina auk\u0161t\u0105 m\u016bs\u0173 gamini\u0173 kokyb\u0119. Dirbame pagal ISO 9001 standart\u0105.","breadcrumb":{"@id":"https:\/\/th-extrusion.eu\/lt\/okybe-ir-laboratorija\/#breadcrumb"},"inLanguage":"lt-LT","potentialAction":[{"@type":"ReadAction","target":["https:\/\/th-extrusion.eu\/lt\/okybe-ir-laboratorija\/"]}]},{"@type":"ImageObject","inLanguage":"lt-LT","@id":"https:\/\/th-extrusion.eu\/lt\/okybe-ir-laboratorija\/#primaryimage","url":"https:\/\/th-extrusion.eu\/wp-content\/uploads\/2024\/05\/logo-linedin-300x300-11.jpg","contentUrl":"https:\/\/th-extrusion.eu\/wp-content\/uploads\/2024\/05\/logo-linedin-300x300-11.jpg","width":300,"height":300},{"@type":"BreadcrumbList","@id":"https:\/\/th-extrusion.eu\/lt\/okybe-ir-laboratorija\/#breadcrumb","itemListElement":[{"@type":"ListItem","position":1,"name":"Strona g\u0142\u00f3wna","item":"https:\/\/th-extrusion.eu\/lt\/"},{"@type":"ListItem","position":2,"name":"Okyb\u0117 ir laboratorija"}]},{"@type":"WebSite","@id":"https:\/\/th-extrusion.eu\/lt\/#website","url":"https:\/\/th-extrusion.eu\/lt\/","name":"Th-Extrusion.eu","description":"Thermoplast has over 30 years of experience in designing and building tools for extrusion, co-extrusion and post-extrusion of custom technical profiles","publisher":{"@id":"https:\/\/th-extrusion.eu\/lt\/#organization"},"potentialAction":[{"@type":"SearchAction","target":{"@type":"EntryPoint","urlTemplate":"https:\/\/th-extrusion.eu\/lt\/?s={search_term_string}"},"query-input":{"@type":"PropertyValueSpecification","valueRequired":true,"valueName":"search_term_string"}}],"inLanguage":"lt-LT"},{"@type":"Organization","@id":"https:\/\/th-extrusion.eu\/lt\/#organization","name":"Thermoplast","url":"https:\/\/th-extrusion.eu\/lt\/","logo":{"@type":"ImageObject","inLanguage":"lt-LT","@id":"https:\/\/th-extrusion.eu\/lt\/#\/schema\/logo\/image\/","url":"https:\/\/th-extrusion.eu\/wp-content\/uploads\/2024\/05\/thermoplast-logo-th-extrusion1.svg","contentUrl":"https:\/\/th-extrusion.eu\/wp-content\/uploads\/2024\/05\/thermoplast-logo-th-extrusion1.svg","width":156,"height":47,"caption":"Thermoplast"},"image":{"@id":"https:\/\/th-extrusion.eu\/lt\/#\/schema\/logo\/image\/"},"sameAs":["https:\/\/www.facebook.com\/search\/top?q=thermoplastpermanentdevelopments.a."]}]}},"uagb_featured_image_src":{"full":["https:\/\/th-extrusion.eu\/wp-content\/uploads\/2024\/05\/logo-linedin-300x300-11.jpg",300,300,false],"thumbnail":["https:\/\/th-extrusion.eu\/wp-content\/uploads\/2024\/05\/logo-linedin-300x300-11-150x150.jpg",150,150,true],"medium":["https:\/\/th-extrusion.eu\/wp-content\/uploads\/2024\/05\/logo-linedin-300x300-11.jpg",300,300,false],"medium_large":["https:\/\/th-extrusion.eu\/wp-content\/uploads\/2024\/05\/logo-linedin-300x300-11.jpg",300,300,false],"large":["https:\/\/th-extrusion.eu\/wp-content\/uploads\/2024\/05\/logo-linedin-300x300-11.jpg",300,300,false],"1536x1536":["https:\/\/th-extrusion.eu\/wp-content\/uploads\/2024\/05\/logo-linedin-300x300-11.jpg",300,300,false],"2048x2048":["https:\/\/th-extrusion.eu\/wp-content\/uploads\/2024\/05\/logo-linedin-300x300-11.jpg",300,300,false]},"uagb_author_info":{"display_name":"Michal","author_link":"https:\/\/th-extrusion.eu\/lt\/author\/michal\/"},"uagb_comment_info":0,"uagb_excerpt":"OKYB\u0116 IR LABORATORIJA Mes specializuojam\u0117s plastikini\u0173 technini\u0173 profili\u0173 ekstruzijos ir koekstruzijos srityje Visi Thermoplast gamybos procesai yra sertifikuoti pagal ISO [&hellip;]","_links":{"self":[{"href":"https:\/\/th-extrusion.eu\/lt\/wp-json\/wp\/v2\/pages\/1103","targetHints":{"allow":["GET"]}}],"collection":[{"href":"https:\/\/th-extrusion.eu\/lt\/wp-json\/wp\/v2\/pages"}],"about":[{"href":"https:\/\/th-extrusion.eu\/lt\/wp-json\/wp\/v2\/types\/page"}],"author":[{"embeddable":true,"href":"https:\/\/th-extrusion.eu\/lt\/wp-json\/wp\/v2\/users\/1"}],"replies":[{"embeddable":true,"href":"https:\/\/th-extrusion.eu\/lt\/wp-json\/wp\/v2\/comments?post=1103"}],"version-history":[{"count":8,"href":"https:\/\/th-extrusion.eu\/lt\/wp-json\/wp\/v2\/pages\/1103\/revisions"}],"predecessor-version":[{"id":1686,"href":"https:\/\/th-extrusion.eu\/lt\/wp-json\/wp\/v2\/pages\/1103\/revisions\/1686"}],"wp:featuredmedia":[{"embeddable":true,"href":"https:\/\/th-extrusion.eu\/lt\/wp-json\/wp\/v2\/media\/120"}],"wp:attachment":[{"href":"https:\/\/th-extrusion.eu\/lt\/wp-json\/wp\/v2\/media?parent=1103"}],"curies":[{"name":"wp","href":"https:\/\/api.w.org\/{rel}","templated":true}]}}