{"id":1064,"date":"2024-05-19T16:41:03","date_gmt":"2024-05-19T14:41:03","guid":{"rendered":"https:\/\/th-extrusion.eu\/o-nas\/"},"modified":"2025-03-05T08:16:54","modified_gmt":"2025-03-05T07:16:54","slug":"o-nas","status":"publish","type":"page","link":"https:\/\/th-extrusion.eu\/sk\/o-nas\/","title":{"rendered":"O nas"},"content":{"rendered":"\n<div class=\"wp-block-uagb-container uagb-block-44002778 alignwide uagb-is-root-container\">\n<div class=\"wp-block-uagb-container uagb-block-4a51b0b4\">\n<div data-aos= \"fade-right\" data-aos-duration=\"400\" data-aos-delay=\"0\" data-aos-easing=\"ease\" data-aos-once=\"true\" class=\"wp-block-uagb-advanced-heading uagb-block-aa8dd194\"><h1 class=\"uagb-heading-text\">O NAS<\/h1><\/div>\n\n\n\n<div data-aos= \"fade-right\" data-aos-duration=\"400\" data-aos-delay=\"0\" data-aos-easing=\"ease\" data-aos-once=\"true\" class=\"wp-block-uagb-advanced-heading uagb-block-885d1912\"><h2 class=\"uagb-heading-text\">Zaru\u010dujeme komplexn\u00e9 slu\u017eby s\u00favisiace s technick\u00fdmi profilmi na objedn\u00e1vku<\/h2><\/div>\n<\/div>\n<\/div>\n\n\n\n<div class=\"wp-block-uagb-container uagb-block-a60edd37 alignwide uagb-is-root-container\">\n<div class=\"wp-block-uagb-container uagb-block-348e44bb\">\n<p class=\"justy\">Spolo\u010dnos\u0165 Thermoplast m\u00e1 viac ako 30 rokov sk\u00fasenost\u00ed s navrhovan\u00edm a vytv\u00e1ran\u00edm n\u00e1strojov na extr\u00faziu, koextr\u00faziu na mieru roben\u00fdch technick\u00fdch profilov pre z\u00e1kazn\u00edkov z r\u00f4znych priemyseln\u00fdch odvetv\u00ed. Realizujeme individu\u00e1lne projekty aj pre najkomplikovanej\u0161ie technick\u00e9 profily z h\u013eadiska tvaru, materi\u00e1lu a pou\u017eitia.<\/p>\n\n\n\n<p class=\"justy\">Zaru\u010dujeme komplexn\u00fd servis spojen\u00fd s ne\u0161tandardn\u00fdmi technick\u00fdmi profilmi, po\u010dn\u00fac n\u00e1vrhom a kon\u0161trukciou n\u00e1strojov, extr\u00faziou profilu a\u017e po n\u00e1sledn\u00e9 dodanie hotov\u00e9ho v\u00fdrobku.<\/p>\n\n\n\n<p class=\"justy\">Na\u0161i in\u017einieri a technici v oblasti v\u00fdvoja a v\u00fdskumu vyv\u00edjaj\u00fa optim\u00e1lne rie\u0161enia navrhovan\u00edm n\u00e1strojov na extr\u00faziu tak, aby vyhoveli individu\u00e1lnym potreb\u00e1m z\u00e1kazn\u00edka. Extr\u00fazne n\u00e1stroje vytvor\u00ed t\u00edm odborn\u00edkov v kr\u00e1tkom \u010dase a za pomoci modern\u00fdch strojov.<\/p>\n<\/div>\n\n\n\n<div class=\"wp-block-uagb-container uagb-block-cd0db668\">\n<div class=\"wp-block-uagb-image uagb-block-080e6825 wp-block-uagb-image--layout-default wp-block-uagb-image--effect-static wp-block-uagb-image--align-none fullWidth\"><figure class=\"wp-block-uagb-image__figure\"><img decoding=\"async\" srcset=\"https:\/\/th-extrusion.eu\/wp-content\/uploads\/2024\/06\/th-ettrusion-onas.jpg ,https:\/\/th-extrusion.eu\/wp-content\/uploads\/2024\/06\/th-ettrusion-onas.jpg 780w, https:\/\/th-extrusion.eu\/wp-content\/uploads\/2024\/06\/th-ettrusion-onas.jpg 360w\" sizes=\"auto, (max-width: 480px) 150px\" src=\"https:\/\/th-extrusion.eu\/wp-content\/uploads\/2024\/06\/th-ettrusion-onas.jpg\" alt=\"th-ettrusion-onas\" class=\"uag-image-592\" width=\"600\" height=\"350\" title=\"th-ettrusion-onas\" loading=\"lazy\" role=\"img\"\/><\/figure><\/div>\n<\/div>\n<\/div>\n\n\n\n<div class=\"wp-block-uagb-container uagb-block-12e1c450 alignwide uagb-is-root-container\">\n<div class=\"wp-block-uagb-container uagb-block-8bfdc72d\">\n<div class=\"wp-block-uagb-image uagb-block-4b04fcb3 wp-block-uagb-image--layout-default wp-block-uagb-image--effect-static wp-block-uagb-image--align-none fullWidth\"><figure class=\"wp-block-uagb-image__figure\"><img decoding=\"async\" srcset=\"https:\/\/th-extrusion.eu\/wp-content\/uploads\/2024\/06\/narzedzie.jpg ,https:\/\/th-extrusion.eu\/wp-content\/uploads\/2024\/06\/narzedzie.jpg 780w, https:\/\/th-extrusion.eu\/wp-content\/uploads\/2024\/06\/narzedzie.jpg 360w\" sizes=\"auto, (max-width: 480px) 150px\" src=\"https:\/\/th-extrusion.eu\/wp-content\/uploads\/2024\/06\/narzedzie.jpg\" alt=\"narzedzie\" class=\"uag-image-604\" width=\"600\" height=\"350\" title=\"narzedzie\" loading=\"lazy\" role=\"img\"\/><\/figure><\/div>\n<\/div>\n\n\n\n<div class=\"wp-block-uagb-container uagb-block-66e5819a\">\n<p class=\"justy\">Thermoplast m\u00e1 vlastn\u00fa n\u00e1stroj\u00e1re\u0148 vybaven\u00fa modern\u00fdm strojov\u00fdm parkom (EDM, s\u00fastruhy, fr\u00e9zy, v\u0155ta\u010dky, br\u00fasky, p\u00edlky, a in\u00e9), v\u010faka \u010domu je v\u00fdroba ext\u00fazn\u00fdch n\u00e1strojov r\u00fdchla. Model n\u00e1stroja ERP umo\u017e\u0148uje sledova\u0165 proces.<\/p>\n\n\n\n<p class=\"justy\">Thermoplast m\u00e1 modern\u00e9 mie\u0161acie zariadenie, ktor\u00e9 umo\u017e\u0148uje pr\u00edpravu zmes\u00ed optimalizovan\u00fdch na\u0161imi odborn\u00edkmi z h\u013eadiska zlo\u017eenia a technick\u00fdch parametrov.<\/p>\n\n\n\n<p class=\"justy\">Na 15 v\u00fdrobn\u00fdch link\u00e1ch m\u00f4\u017eeme extrudova\u0165 50 mili\u00f3nov metrov profilu a spracova\u0165 12 mili\u00f3nov kg plastov ro\u010dne. Extrudujeme profily s hmotnos\u0165ou od 15 g\/m do 3500 g\/m.<\/p>\n<\/div>\n<\/div>\n\n\n\n<div class=\"wp-block-uagb-container uagb-block-fc64dd88 alignwide uagb-is-root-container\">\n<div class=\"wp-block-uagb-container uagb-block-66b232f8\">\n<p class=\"justy\">Pri v\u00fdrobe profilov pou\u017e\u00edvame rozli\u010dn\u00e9 met\u00f3dy \u00fapravy povrchov (potla\u010d, nan\u00e1\u0161anie filmov a f\u00f3li\u00ed, dyhovanie, razenie), ako aj technol\u00f3giu ohybu v tekutine a doplnkov\u00e9 spracov\u00e1vanie(v\u0155tanie, rezanie, vysek\u00e1vanie). Presnos\u0165 rezania zais\u0165uj\u00fa automatick\u00e9 p\u00edly, vysek\u00e1va\u010dky a pou\u017eitie techniky za pomoci taviacej reza\u010dky.<\/p>\n\n\n\n<p class=\"justy\">Sme hrd\u00ed na to, \u017ee m\u00f4\u017eme pon\u00faknu\u0165 priazniv\u00fd pomer ceny a kvality. Vyv\u00edjame maxim\u00e1lne \u00fasilie na to, aby bola nielen kvalita v\u00fdrobkov a slu\u017eieb, ale aj cena atrakt\u00edvnej\u0161ia ako u in\u00fdch spolo\u010dnost\u00ed.<\/p>\n\n\n\n<p class=\"justy\">Na v\u00e4\u010d\u0161inu projektov realizovan\u00fdch spolo\u010dnos\u0165ou Thermoplast sa vz\u0165ahuje z\u00e1v\u00e4zok zachovania d\u00f4vernosti a dan\u00e9 rie\u0161enia zost\u00e1vaj\u00fa majetkom z\u00e1kazn\u00edka.<\/p>\n<\/div>\n\n\n\n<div class=\"wp-block-uagb-container uagb-block-46b76f36\">\n<div class=\"wp-block-uagb-image uagb-block-445e5a22 wp-block-uagb-image--layout-default wp-block-uagb-image--effect-static wp-block-uagb-image--align-none fullWidth\"><figure class=\"wp-block-uagb-image__figure\"><img decoding=\"async\" srcset=\"https:\/\/th-extrusion.eu\/wp-content\/uploads\/2024\/06\/onas.jpg ,https:\/\/th-extrusion.eu\/wp-content\/uploads\/2024\/06\/onas.jpg 780w, https:\/\/th-extrusion.eu\/wp-content\/uploads\/2024\/06\/onas.jpg 360w\" sizes=\"auto, (max-width: 480px) 150px\" src=\"https:\/\/th-extrusion.eu\/wp-content\/uploads\/2024\/06\/onas.jpg\" alt=\"onas\" class=\"uag-image-673\" width=\"600\" height=\"350\" title=\"onas\" loading=\"lazy\" role=\"img\"\/><\/figure><\/div>\n<\/div>\n<\/div>\n\n\n\n<div class=\"wp-block-uagb-container uagb-block-01bdf848 alignwide uagb-is-root-container\">\n<div class=\"wp-block-uagb-container uagb-block-1930a34d\">\n<div class=\"wp-block-uagb-advanced-heading uagb-block-b7436000\"><h2 class=\"uagb-heading-text\"><strong>Povedzte n\u00e1m o svojom n\u00e1pade a na\u0161i \u0161pecialisti ho premenia na unik\u00e1tny profil!<\/strong><\/h2><\/div>\n\n\n\n<div class=\"wp-block-uagb-buttons uagb-buttons__outer-wrap uagb-btn__medium-btn uagb-btn-tablet__default-btn uagb-btn-mobile__default-btn uagb-block-079ec436\"><div class=\"uagb-buttons__wrap uagb-buttons-layout-wrap \">\n<div class=\"wp-block-uagb-buttons-child uagb-buttons__outer-wrap uagb-block-418d4501 wp-block-button\"><div class=\"uagb-button__wrapper\"><a class=\"uagb-buttons-repeater wp-block-button__link\" aria-label=\"\" href=\"https:\/\/th-extrusion.eu\/sk\/kontakt\/\" rel=\"follow noopener\" target=\"_self\" role=\"button\"><div class=\"uagb-button__link\">Zanechajte spr\u00e1vu<\/div><\/a><\/div><\/div>\n<\/div><\/div>\n<\/div>\n<\/div>\n","protected":false},"excerpt":{"rendered":"O NAS Zaru\u010dujeme komplexn\u00e9 slu\u017eby s\u00favisiace s technick\u00fdmi profilmi na objedn\u00e1vku Spolo\u010dnos\u0165 Thermoplast m\u00e1 viac ako 30 rokov sk\u00fasenost\u00ed s [&hellip;]","protected":false},"author":1,"featured_media":122,"parent":0,"menu_order":0,"comment_status":"closed","ping_status":"closed","template":"","meta":{"inline_featured_image":false,"_uag_custom_page_level_css":"\nul.lista {\n    list-style: none;\n    color: black;\n    margin: 0 ;\n}\n\nul.lista li {\n\tposition:relative;\nmargin: 0;\n}\n\nul.lista li:before {\n    content: url(https:\/\/th-extrusion.eu\/wp-content\/uploads\/2024\/05\/square51.svg);\n    width: 5px;\n    height: 5px;\n    position: absolute;\n    top: -2px;\n    left: -10px;\n}\n.productList {\n  display: flex;\n  justify-content: space-between;\n  font-size: 12px;\n\tmargin-bottom: 15px;\n}\n\n.productList ul.lista{\n  padding-left: 10px;\n}\n.fullWidth {\n\theight:100%;\n}\n\n.fullWidth img {\n\theight:100% !important;\n}","site-sidebar-layout":"default","site-content-layout":"","ast-site-content-layout":"default","site-content-style":"boxed","site-sidebar-style":"default","ast-global-header-display":"","ast-banner-title-visibility":"","ast-main-header-display":"","ast-hfb-above-header-display":"","ast-hfb-below-header-display":"","ast-hfb-mobile-header-display":"","site-post-title":"disabled","ast-breadcrumbs-content":"","ast-featured-img":"","footer-sml-layout":"","ast-disable-related-posts":"","theme-transparent-header-meta":"","adv-header-id-meta":"","stick-header-meta":"","header-above-stick-meta":"","header-main-stick-meta":"","header-below-stick-meta":"","astra-migrate-meta-layouts":"default","ast-page-background-enabled":"default","ast-page-background-meta":{"desktop":{"background-color":"var(--ast-global-color-4)","background-image":"","background-repeat":"repeat","background-position":"center center","background-size":"auto","background-attachment":"scroll","background-type":"","background-media":"","overlay-type":"","overlay-color":"","overlay-opacity":"","overlay-gradient":""},"tablet":{"background-color":"","background-image":"","background-repeat":"repeat","background-position":"center center","background-size":"auto","background-attachment":"scroll","background-type":"","background-media":"","overlay-type":"","overlay-color":"","overlay-opacity":"","overlay-gradient":""},"mobile":{"background-color":"","background-image":"","background-repeat":"repeat","background-position":"center center","background-size":"auto","background-attachment":"scroll","background-type":"","background-media":"","overlay-type":"","overlay-color":"","overlay-opacity":"","overlay-gradient":""}},"ast-content-background-meta":{"desktop":{"background-color":"var(--ast-global-color-5)","background-image":"","background-repeat":"repeat","background-position":"center center","background-size":"auto","background-attachment":"scroll","background-type":"","background-media":"","overlay-type":"","overlay-color":"","overlay-opacity":"","overlay-gradient":""},"tablet":{"background-color":"var(--ast-global-color-5)","background-image":"","background-repeat":"repeat","background-position":"center center","background-size":"auto","background-attachment":"scroll","background-type":"","background-media":"","overlay-type":"","overlay-color":"","overlay-opacity":"","overlay-gradient":""},"mobile":{"background-color":"var(--ast-global-color-5)","background-image":"","background-repeat":"repeat","background-position":"center center","background-size":"auto","background-attachment":"scroll","background-type":"","background-media":"","overlay-type":"","overlay-color":"","overlay-opacity":"","overlay-gradient":""}},"footnotes":""},"class_list":["post-1064","page","type-page","status-publish","has-post-thumbnail","hentry"],"yoast_head":"<!-- This site is optimized with the Yoast SEO plugin v27.3 - https:\/\/yoast.com\/product\/yoast-seo-wordpress\/ -->\n<title>V\u00fdrobca technick\u00fdch profilov - Thermoplast<\/title>\n<meta name=\"description\" content=\"\u0160pecializujeme sa na extr\u00faziu, koextr\u00faziu a postkoextr\u00faziu ne\u0161tandardn\u00fdch technick\u00fdch profilov na individu\u00e1lne objedn\u00e1vky z\u00e1kazn\u00edkov.\" \/>\n<meta name=\"robots\" content=\"index, follow, max-snippet:-1, max-image-preview:large, max-video-preview:-1\" \/>\n<link rel=\"canonical\" href=\"https:\/\/th-extrusion.eu\/sk\/o-nas\/\" \/>\n<meta property=\"og:locale\" content=\"sk_SK\" \/>\n<meta property=\"og:type\" content=\"article\" \/>\n<meta property=\"og:title\" content=\"V\u00fdrobca technick\u00fdch profilov - Thermoplast\" \/>\n<meta property=\"og:description\" content=\"\u0160pecializujeme sa na extr\u00faziu, koextr\u00faziu a postkoextr\u00faziu ne\u0161tandardn\u00fdch technick\u00fdch profilov na individu\u00e1lne objedn\u00e1vky z\u00e1kazn\u00edkov.\" \/>\n<meta property=\"og:url\" content=\"https:\/\/th-extrusion.eu\/sk\/o-nas\/\" \/>\n<meta property=\"og:site_name\" content=\"Th-Extrusion\" \/>\n<meta property=\"article:publisher\" content=\"https:\/\/www.facebook.com\/search\/top?q=thermoplastpermanentdevelopments.a.\" \/>\n<meta property=\"article:modified_time\" content=\"2025-03-05T07:16:54+00:00\" \/>\n<meta property=\"og:image\" content=\"https:\/\/th-extrusion.eu\/wp-content\/uploads\/2024\/05\/logo-linedin-300x300-11.jpg\" \/>\n\t<meta property=\"og:image:width\" content=\"300\" \/>\n\t<meta property=\"og:image:height\" content=\"300\" \/>\n\t<meta property=\"og:image:type\" content=\"image\/jpeg\" \/>\n<meta name=\"twitter:card\" content=\"summary_large_image\" \/>\n<meta name=\"twitter:label1\" content=\"Predpokladan\u00fd \u010das \u010d\u00edtania\" \/>\n\t<meta name=\"twitter:data1\" content=\"3 min\u00faty\" \/>\n<script type=\"application\/ld+json\" class=\"yoast-schema-graph\">{\"@context\":\"https:\\\/\\\/schema.org\",\"@graph\":[{\"@type\":\"WebPage\",\"@id\":\"https:\\\/\\\/th-extrusion.eu\\\/sk\\\/o-nas\\\/\",\"url\":\"https:\\\/\\\/th-extrusion.eu\\\/sk\\\/o-nas\\\/\",\"name\":\"V\u00fdrobca technick\u00fdch profilov - Thermoplast\",\"isPartOf\":{\"@id\":\"https:\\\/\\\/th-extrusion.eu\\\/sk\\\/#website\"},\"primaryImageOfPage\":{\"@id\":\"https:\\\/\\\/th-extrusion.eu\\\/sk\\\/o-nas\\\/#primaryimage\"},\"image\":{\"@id\":\"https:\\\/\\\/th-extrusion.eu\\\/sk\\\/o-nas\\\/#primaryimage\"},\"thumbnailUrl\":\"https:\\\/\\\/th-extrusion.eu\\\/wp-content\\\/uploads\\\/2024\\\/05\\\/logo-linedin-300x300-11.jpg\",\"datePublished\":\"2024-05-19T14:41:03+00:00\",\"dateModified\":\"2025-03-05T07:16:54+00:00\",\"description\":\"\u0160pecializujeme sa na extr\u00faziu, koextr\u00faziu a postkoextr\u00faziu ne\u0161tandardn\u00fdch technick\u00fdch profilov na individu\u00e1lne objedn\u00e1vky z\u00e1kazn\u00edkov.\",\"breadcrumb\":{\"@id\":\"https:\\\/\\\/th-extrusion.eu\\\/sk\\\/o-nas\\\/#breadcrumb\"},\"inLanguage\":\"sk-SK\",\"potentialAction\":[{\"@type\":\"ReadAction\",\"target\":[\"https:\\\/\\\/th-extrusion.eu\\\/sk\\\/o-nas\\\/\"]}]},{\"@type\":\"ImageObject\",\"inLanguage\":\"sk-SK\",\"@id\":\"https:\\\/\\\/th-extrusion.eu\\\/sk\\\/o-nas\\\/#primaryimage\",\"url\":\"https:\\\/\\\/th-extrusion.eu\\\/wp-content\\\/uploads\\\/2024\\\/05\\\/logo-linedin-300x300-11.jpg\",\"contentUrl\":\"https:\\\/\\\/th-extrusion.eu\\\/wp-content\\\/uploads\\\/2024\\\/05\\\/logo-linedin-300x300-11.jpg\",\"width\":300,\"height\":300},{\"@type\":\"BreadcrumbList\",\"@id\":\"https:\\\/\\\/th-extrusion.eu\\\/sk\\\/o-nas\\\/#breadcrumb\",\"itemListElement\":[{\"@type\":\"ListItem\",\"position\":1,\"name\":\"Strona g\u0142\u00f3wna\",\"item\":\"https:\\\/\\\/th-extrusion.eu\\\/sk\\\/\"},{\"@type\":\"ListItem\",\"position\":2,\"name\":\"O nas\"}]},{\"@type\":\"WebSite\",\"@id\":\"https:\\\/\\\/th-extrusion.eu\\\/sk\\\/#website\",\"url\":\"https:\\\/\\\/th-extrusion.eu\\\/sk\\\/\",\"name\":\"Th-Extrusion.eu\",\"description\":\"Thermoplast has over 30 years of experience in designing and building tools for extrusion, co-extrusion and post-extrusion of custom technical profiles\",\"publisher\":{\"@id\":\"https:\\\/\\\/th-extrusion.eu\\\/sk\\\/#organization\"},\"potentialAction\":[{\"@type\":\"SearchAction\",\"target\":{\"@type\":\"EntryPoint\",\"urlTemplate\":\"https:\\\/\\\/th-extrusion.eu\\\/sk\\\/?s={search_term_string}\"},\"query-input\":{\"@type\":\"PropertyValueSpecification\",\"valueRequired\":true,\"valueName\":\"search_term_string\"}}],\"inLanguage\":\"sk-SK\"},{\"@type\":\"Organization\",\"@id\":\"https:\\\/\\\/th-extrusion.eu\\\/sk\\\/#organization\",\"name\":\"Thermoplast\",\"url\":\"https:\\\/\\\/th-extrusion.eu\\\/sk\\\/\",\"logo\":{\"@type\":\"ImageObject\",\"inLanguage\":\"sk-SK\",\"@id\":\"https:\\\/\\\/th-extrusion.eu\\\/sk\\\/#\\\/schema\\\/logo\\\/image\\\/\",\"url\":\"https:\\\/\\\/th-extrusion.eu\\\/wp-content\\\/uploads\\\/2024\\\/05\\\/thermoplast-logo-th-extrusion1.svg\",\"contentUrl\":\"https:\\\/\\\/th-extrusion.eu\\\/wp-content\\\/uploads\\\/2024\\\/05\\\/thermoplast-logo-th-extrusion1.svg\",\"width\":156,\"height\":47,\"caption\":\"Thermoplast\"},\"image\":{\"@id\":\"https:\\\/\\\/th-extrusion.eu\\\/sk\\\/#\\\/schema\\\/logo\\\/image\\\/\"},\"sameAs\":[\"https:\\\/\\\/www.facebook.com\\\/search\\\/top?q=thermoplastpermanentdevelopments.a.\"]}]}<\/script>\n<!-- \/ Yoast SEO plugin. -->","yoast_head_json":{"title":"V\u00fdrobca technick\u00fdch profilov - Thermoplast","description":"\u0160pecializujeme sa na extr\u00faziu, koextr\u00faziu a postkoextr\u00faziu ne\u0161tandardn\u00fdch technick\u00fdch profilov na individu\u00e1lne objedn\u00e1vky z\u00e1kazn\u00edkov.","robots":{"index":"index","follow":"follow","max-snippet":"max-snippet:-1","max-image-preview":"max-image-preview:large","max-video-preview":"max-video-preview:-1"},"canonical":"https:\/\/th-extrusion.eu\/sk\/o-nas\/","og_locale":"sk_SK","og_type":"article","og_title":"V\u00fdrobca technick\u00fdch profilov - Thermoplast","og_description":"\u0160pecializujeme sa na extr\u00faziu, koextr\u00faziu a postkoextr\u00faziu ne\u0161tandardn\u00fdch technick\u00fdch profilov na individu\u00e1lne objedn\u00e1vky z\u00e1kazn\u00edkov.","og_url":"https:\/\/th-extrusion.eu\/sk\/o-nas\/","og_site_name":"Th-Extrusion","article_publisher":"https:\/\/www.facebook.com\/search\/top?q=thermoplastpermanentdevelopments.a.","article_modified_time":"2025-03-05T07:16:54+00:00","og_image":[{"width":300,"height":300,"url":"https:\/\/th-extrusion.eu\/wp-content\/uploads\/2024\/05\/logo-linedin-300x300-11.jpg","type":"image\/jpeg"}],"twitter_card":"summary_large_image","twitter_misc":{"Predpokladan\u00fd \u010das \u010d\u00edtania":"3 min\u00faty"},"schema":{"@context":"https:\/\/schema.org","@graph":[{"@type":"WebPage","@id":"https:\/\/th-extrusion.eu\/sk\/o-nas\/","url":"https:\/\/th-extrusion.eu\/sk\/o-nas\/","name":"V\u00fdrobca technick\u00fdch profilov - Thermoplast","isPartOf":{"@id":"https:\/\/th-extrusion.eu\/sk\/#website"},"primaryImageOfPage":{"@id":"https:\/\/th-extrusion.eu\/sk\/o-nas\/#primaryimage"},"image":{"@id":"https:\/\/th-extrusion.eu\/sk\/o-nas\/#primaryimage"},"thumbnailUrl":"https:\/\/th-extrusion.eu\/wp-content\/uploads\/2024\/05\/logo-linedin-300x300-11.jpg","datePublished":"2024-05-19T14:41:03+00:00","dateModified":"2025-03-05T07:16:54+00:00","description":"\u0160pecializujeme sa na extr\u00faziu, koextr\u00faziu a postkoextr\u00faziu ne\u0161tandardn\u00fdch technick\u00fdch profilov na individu\u00e1lne objedn\u00e1vky z\u00e1kazn\u00edkov.","breadcrumb":{"@id":"https:\/\/th-extrusion.eu\/sk\/o-nas\/#breadcrumb"},"inLanguage":"sk-SK","potentialAction":[{"@type":"ReadAction","target":["https:\/\/th-extrusion.eu\/sk\/o-nas\/"]}]},{"@type":"ImageObject","inLanguage":"sk-SK","@id":"https:\/\/th-extrusion.eu\/sk\/o-nas\/#primaryimage","url":"https:\/\/th-extrusion.eu\/wp-content\/uploads\/2024\/05\/logo-linedin-300x300-11.jpg","contentUrl":"https:\/\/th-extrusion.eu\/wp-content\/uploads\/2024\/05\/logo-linedin-300x300-11.jpg","width":300,"height":300},{"@type":"BreadcrumbList","@id":"https:\/\/th-extrusion.eu\/sk\/o-nas\/#breadcrumb","itemListElement":[{"@type":"ListItem","position":1,"name":"Strona g\u0142\u00f3wna","item":"https:\/\/th-extrusion.eu\/sk\/"},{"@type":"ListItem","position":2,"name":"O nas"}]},{"@type":"WebSite","@id":"https:\/\/th-extrusion.eu\/sk\/#website","url":"https:\/\/th-extrusion.eu\/sk\/","name":"Th-Extrusion.eu","description":"Thermoplast has over 30 years of experience in designing and building tools for extrusion, co-extrusion and post-extrusion of custom technical profiles","publisher":{"@id":"https:\/\/th-extrusion.eu\/sk\/#organization"},"potentialAction":[{"@type":"SearchAction","target":{"@type":"EntryPoint","urlTemplate":"https:\/\/th-extrusion.eu\/sk\/?s={search_term_string}"},"query-input":{"@type":"PropertyValueSpecification","valueRequired":true,"valueName":"search_term_string"}}],"inLanguage":"sk-SK"},{"@type":"Organization","@id":"https:\/\/th-extrusion.eu\/sk\/#organization","name":"Thermoplast","url":"https:\/\/th-extrusion.eu\/sk\/","logo":{"@type":"ImageObject","inLanguage":"sk-SK","@id":"https:\/\/th-extrusion.eu\/sk\/#\/schema\/logo\/image\/","url":"https:\/\/th-extrusion.eu\/wp-content\/uploads\/2024\/05\/thermoplast-logo-th-extrusion1.svg","contentUrl":"https:\/\/th-extrusion.eu\/wp-content\/uploads\/2024\/05\/thermoplast-logo-th-extrusion1.svg","width":156,"height":47,"caption":"Thermoplast"},"image":{"@id":"https:\/\/th-extrusion.eu\/sk\/#\/schema\/logo\/image\/"},"sameAs":["https:\/\/www.facebook.com\/search\/top?q=thermoplastpermanentdevelopments.a."]}]}},"uagb_featured_image_src":{"full":["https:\/\/th-extrusion.eu\/wp-content\/uploads\/2024\/05\/logo-linedin-300x300-11.jpg",300,300,false],"thumbnail":["https:\/\/th-extrusion.eu\/wp-content\/uploads\/2024\/05\/logo-linedin-300x300-11-150x150.jpg",150,150,true],"medium":["https:\/\/th-extrusion.eu\/wp-content\/uploads\/2024\/05\/logo-linedin-300x300-11.jpg",300,300,false],"medium_large":["https:\/\/th-extrusion.eu\/wp-content\/uploads\/2024\/05\/logo-linedin-300x300-11.jpg",300,300,false],"large":["https:\/\/th-extrusion.eu\/wp-content\/uploads\/2024\/05\/logo-linedin-300x300-11.jpg",300,300,false],"1536x1536":["https:\/\/th-extrusion.eu\/wp-content\/uploads\/2024\/05\/logo-linedin-300x300-11.jpg",300,300,false],"2048x2048":["https:\/\/th-extrusion.eu\/wp-content\/uploads\/2024\/05\/logo-linedin-300x300-11.jpg",300,300,false]},"uagb_author_info":{"display_name":"Michal","author_link":"https:\/\/th-extrusion.eu\/sk\/author\/michal\/"},"uagb_comment_info":0,"uagb_excerpt":"O NAS Zaru\u010dujeme komplexn\u00e9 slu\u017eby s\u00favisiace s technick\u00fdmi profilmi na objedn\u00e1vku Spolo\u010dnos\u0165 Thermoplast m\u00e1 viac ako 30 rokov sk\u00fasenost\u00ed s [&hellip;]","_links":{"self":[{"href":"https:\/\/th-extrusion.eu\/sk\/wp-json\/wp\/v2\/pages\/1064","targetHints":{"allow":["GET"]}}],"collection":[{"href":"https:\/\/th-extrusion.eu\/sk\/wp-json\/wp\/v2\/pages"}],"about":[{"href":"https:\/\/th-extrusion.eu\/sk\/wp-json\/wp\/v2\/types\/page"}],"author":[{"embeddable":true,"href":"https:\/\/th-extrusion.eu\/sk\/wp-json\/wp\/v2\/users\/1"}],"replies":[{"embeddable":true,"href":"https:\/\/th-extrusion.eu\/sk\/wp-json\/wp\/v2\/comments?post=1064"}],"version-history":[{"count":8,"href":"https:\/\/th-extrusion.eu\/sk\/wp-json\/wp\/v2\/pages\/1064\/revisions"}],"predecessor-version":[{"id":1680,"href":"https:\/\/th-extrusion.eu\/sk\/wp-json\/wp\/v2\/pages\/1064\/revisions\/1680"}],"wp:featuredmedia":[{"embeddable":true,"href":"https:\/\/th-extrusion.eu\/sk\/wp-json\/wp\/v2\/media\/122"}],"wp:attachment":[{"href":"https:\/\/th-extrusion.eu\/sk\/wp-json\/wp\/v2\/media?parent=1064"}],"curies":[{"name":"wp","href":"https:\/\/api.w.org\/{rel}","templated":true}]}}