{"id":1074,"date":"2024-05-19T16:42:57","date_gmt":"2024-05-19T14:42:57","guid":{"rendered":"https:\/\/th-extrusion.eu\/jakosc-i-laboratorium\/"},"modified":"2025-03-05T08:21:12","modified_gmt":"2025-03-05T07:21:12","slug":"kvalita-a-laboratorium","status":"publish","type":"page","link":"https:\/\/th-extrusion.eu\/sk\/kvalita-a-laboratorium\/","title":{"rendered":"Kvalita a laborat\u00f3rium"},"content":{"rendered":"\n<div class=\"wp-block-uagb-container uagb-block-44002778 alignwide uagb-is-root-container\">\n<div class=\"wp-block-uagb-container uagb-block-4a51b0b4\">\n<div data-aos= \"fade-right\" data-aos-duration=\"400\" data-aos-delay=\"0\" data-aos-easing=\"ease\" data-aos-once=\"true\" class=\"wp-block-uagb-advanced-heading uagb-block-aa8dd194\"><h1 class=\"uagb-heading-text\">KVALITA A LABORAT\u00d3RIUM<\/h1><\/div>\n\n\n\n<div data-aos= \"fade-right\" data-aos-duration=\"400\" data-aos-delay=\"0\" data-aos-easing=\"ease\" data-aos-once=\"true\" class=\"wp-block-uagb-advanced-heading uagb-block-885d1912\"><h2 class=\"uagb-heading-text\">\u0160pecializujeme sa na extr\u00faziu a koextr\u00faziu technick\u00fdch plastov\u00fdch profilov<\/h2><\/div>\n<\/div>\n<\/div>\n\n\n\n<div class=\"wp-block-uagb-container uagb-block-a60edd37 alignwide uagb-is-root-container\">\n<div class=\"wp-block-uagb-container uagb-block-348e44bb\">\n<p class=\"justy\">V\u0161etky v\u00fdrobn\u00e9 procesy v spolo\u010dnosti Thermoplast s\u00fa certifikovan\u00e9 pod\u013ea normy ISO 9001. Ich kvalita je overovan\u00e1 odborn\u00edkmi z n\u00e1\u0161ho modern\u00e9ho laborat\u00f3ria po\u010das cel\u00e9ho v\u00fdrobn\u00e9ho procesu.<\/p>\n\n\n\n<p class=\"justy\">Odborn\u00edci z oddelenia kontroly kvality sleduj\u00fa kvalitu surov\u00edn pou\u017eit\u00fdch pri v\u00fdrobe profilov. Kontroluj\u00fa sa z\u00e1kladn\u00e9 funk\u010dn\u00e9 rozmery v\u00fdrobku, ktor\u00e9 s\u00fa ur\u010duj\u00face pre funk\u010dnos\u0165 profilov. Rovnako s\u00fa overovan\u00e9 v\u0161etky parametre hotov\u00e9ho v\u00fdrobku.<\/p>\n\n\n\n<p class=\"justy\" style=\"margin-top:0;margin-bottom:0\">Na\u0161e mo\u017enosti kontroly v oblasti kvality v\u00fdroby s\u00fa zalo\u017een\u00e9 nie len na vedomostiach a sk\u00fasenostiach zamestnancov laborat\u00f3ri\u00e1, ale aj na modern\u00fdch zariadeniach, ktor\u00e9 zvy\u0161uj\u00fa mo\u017enosti testovania mechanick\u00fdch a elektrick\u00fdch vlastnost\u00ed, tie\u017e aj farebnej kompatibilite materi\u00e1lov.<\/p>\n<\/div>\n\n\n\n<div class=\"wp-block-uagb-container uagb-block-cd0db668\">\n<div class=\"wp-block-uagb-image uagb-block-5093a5e9 wp-block-uagb-image--layout-default wp-block-uagb-image--effect-static wp-block-uagb-image--align-none fullWidth\"><figure class=\"wp-block-uagb-image__figure\"><img decoding=\"async\" srcset=\"https:\/\/th-extrusion.eu\/wp-content\/uploads\/2024\/05\/jakosci-i-labolatorium.jpg ,https:\/\/th-extrusion.eu\/wp-content\/uploads\/2024\/05\/jakosci-i-labolatorium.jpg 780w, https:\/\/th-extrusion.eu\/wp-content\/uploads\/2024\/05\/jakosci-i-labolatorium.jpg 360w\" sizes=\"auto, (max-width: 480px) 150px\" src=\"https:\/\/th-extrusion.eu\/wp-content\/uploads\/2024\/05\/jakosci-i-labolatorium.jpg\" alt=\"In\u017cynierowie i technolodzy z Dzia\u0142u R&amp;D opracowuj\u0105 optymalne rozwi\u0105zania.\" class=\"uag-image-411\" width=\"600\" height=\"350\" title=\"In\u017cynierowie i technolodzy z Dzia\u0142u R&amp;D opracowuj\u0105 optymalne rozwi\u0105zania.\" loading=\"lazy\" role=\"img\"\/><\/figure><\/div>\n<\/div>\n<\/div>\n\n\n\n<div class=\"wp-block-uagb-container uagb-block-12e1c450 alignwide uagb-is-root-container\">\n<div class=\"wp-block-uagb-container uagb-block-8bfdc72d\">\n<div class=\"wp-block-uagb-image uagb-block-9f484fc4 wp-block-uagb-image--layout-default wp-block-uagb-image--effect-static wp-block-uagb-image--align-none fullWidth\"><figure class=\"wp-block-uagb-image__figure\"><img decoding=\"async\" srcset=\"https:\/\/th-extrusion.eu\/wp-content\/uploads\/2024\/06\/jakosc.jpg ,https:\/\/th-extrusion.eu\/wp-content\/uploads\/2024\/06\/jakosc.jpg 780w, https:\/\/th-extrusion.eu\/wp-content\/uploads\/2024\/06\/jakosc.jpg 360w\" sizes=\"auto, (max-width: 480px) 150px\" src=\"https:\/\/th-extrusion.eu\/wp-content\/uploads\/2024\/06\/jakosc.jpg\" alt=\"jakosc\" class=\"uag-image-697\" width=\"600\" height=\"350\" title=\"jakosc\" loading=\"lazy\" role=\"img\"\/><\/figure><\/div>\n<\/div>\n\n\n\n<div class=\"wp-block-uagb-container uagb-block-66e5819a\">\n<p class=\"justy\">Laborat\u00f3rium okrem in\u00e9ho vyu\u017e\u00edva <strong>plastograf Brabender \u2013 typ EC<\/strong>, ktor\u00fd umo\u017e\u0148uje r\u00fdchle overenie materi\u00e1lov z h\u013eadiska ich spracovate\u013enosti a tie\u017e overenie reologick\u00fdch vlastnost\u00ed s pou\u017eit\u00edm mal\u00e9ho mno\u017estva surov\u00edn. Toto zariadenie sa pou\u017e\u00edva na spracovanie zl\u00fa\u010den\u00edn, testovanie nov\u00fdch surov\u00edn, v\u00fdrobu vzoriek v laborat\u00f3rnom meradle, kontrolu kvality s\u00fa\u010dasnej v\u00fdroby ako aj kontrolu kvality dod\u00e1van\u00fdch surov\u00edn.<\/p>\n\n\n\n<p class=\"justy\"><strong>Plastomer \u2013 typ REO 100<\/strong> je pou\u017e\u00edvan\u00fd na kontrolu kvality dod\u00e1vok polym\u00e9rnych materi\u00e1lov a na testy regranul\u00e1tov z h\u013eadiska pos\u00fadenia ich mo\u017en\u00e9ho pou\u017eitia vo v\u00fdrobe.<\/p>\n\n\n\n<p class=\"justy\" style=\"margin-top:0;margin-bottom:0\">S\u00fa\u0161as\u0165ou n\u00e1\u0161ho vybavenia je aj pr\u00edstroj na testovanie pevnosti materi\u00e1lu <strong>Zwick Roell 5kN Proline<\/strong>, ktor\u00fd je potrebn\u00fd na statick\u00e9 mechanick\u00e9 sk\u00fa\u0161ky pri malom za\u0165a\u017een\u00ed. Pou\u017e\u00edva sa na sk\u00fa\u0161ky pevnosti v \u0165ahu, tlaku a ohybe.<\/p>\n<\/div>\n<\/div>\n\n\n\n<div class=\"wp-block-uagb-container uagb-block-fc64dd88 alignwide uagb-is-root-container\">\n<div class=\"wp-block-uagb-container uagb-block-66b232f8\">\n<p class=\"justy\"><strong>Rockwellov tvrdomer \u2013 XHDC 150<\/strong> sa pou\u017e\u00edva na testovanie tvrdosti plastov na z\u00e1klade met\u00f3dy sk\u00fa\u0161obn\u00e9ho telesa v tvare guli\u010dky v mierkach HRE, HRL, HRM, HRR.<\/p>\n\n\n\n<p class=\"justy\">Na\u0161e laborat\u00f3rium m\u00e1 tie\u017e merac\u00ed pr\u00edstroj pre <strong>elektrick\u00e9 merania \u2013 Metriso 2000<\/strong>, ktor\u00fd meria povrch, kapacitu a odpor uzemnenia v ur\u010dit\u00fdch podmienkach vlhkosti a teploty.<\/p>\n\n\n\n<p class=\"justy\" style=\"margin-top:0;margin-bottom:0\"><strong>Spektrofotometer na meranie farieb \u2013 SP64<\/strong> umo\u017e\u0148uje r\u00fdchle a presn\u00e9 meranie farieb. SP64 pracuje so softv\u00e9rom na kontrolu kvality Color Master, ktor\u00fd je spojen\u00fdm so syst\u00e9mom recept\u00fary. Program ur\u010duje stupe\u0148 splnenia po\u017eiadaviek a umo\u017e\u0148uje archiv\u00e1ciu nameran\u00fdch \u00fadajov.<\/p>\n<\/div>\n\n\n\n<div class=\"wp-block-uagb-container uagb-block-46b76f36\">\n<div class=\"wp-block-uagb-image uagb-block-b90a2a3b wp-block-uagb-image--layout-default wp-block-uagb-image--effect-static wp-block-uagb-image--align-none fullWidth\"><figure class=\"wp-block-uagb-image__figure\"><img decoding=\"async\" srcset=\"https:\/\/th-extrusion.eu\/wp-content\/uploads\/2024\/05\/aplikacje.jpg ,https:\/\/th-extrusion.eu\/wp-content\/uploads\/2024\/05\/aplikacje.jpg 780w, https:\/\/th-extrusion.eu\/wp-content\/uploads\/2024\/05\/aplikacje.jpg 360w\" sizes=\"auto, (max-width: 480px) 150px\" src=\"https:\/\/th-extrusion.eu\/wp-content\/uploads\/2024\/05\/aplikacje.jpg\" alt=\"aplikacje\" class=\"uag-image-210\" width=\"600\" height=\"350\" title=\"aplikacje\" loading=\"lazy\" role=\"img\"\/><\/figure><\/div>\n<\/div>\n<\/div>\n\n\n\n<div class=\"wp-block-uagb-container uagb-block-60adfb7e alignwide uagb-is-root-container\">\n<p class=\"has-text-align-center has-ast-global-color-2-color has-text-color has-link-color wp-elements-d8236a0cf9fef165d79da8c0833a5681\" style=\"margin-top:0;margin-bottom:0;padding-top:0;padding-bottom:0\"><strong>Vynaklad\u00e1me maxim\u00e1lne \u00fasilie, aby sme splnili vysok\u00e9 po\u017eiadavky na\u0161ich z\u00e1kazn\u00edkov!<\/strong><\/p>\n<\/div>\n\n\n\n<div class=\"wp-block-uagb-container uagb-block-01bdf848 alignwide uagb-is-root-container\">\n<div class=\"wp-block-uagb-container uagb-block-1930a34d\">\n<div class=\"wp-block-uagb-advanced-heading uagb-block-b7436000\"><h2 class=\"uagb-heading-text\">H\u013ead\u00e1te optim\u00e1lne rie\u0161enia?<\/h2><\/div>\n\n\n\n<div class=\"wp-block-uagb-buttons uagb-buttons__outer-wrap uagb-btn__medium-btn uagb-btn-tablet__default-btn uagb-btn-mobile__default-btn uagb-block-079ec436\"><div class=\"uagb-buttons__wrap uagb-buttons-layout-wrap \">\n<div class=\"wp-block-uagb-buttons-child uagb-buttons__outer-wrap uagb-block-418d4501 wp-block-button\"><div class=\"uagb-button__wrapper\"><a class=\"uagb-buttons-repeater wp-block-button__link\" aria-label=\"\" href=\"https:\/\/th-extrusion.eu\/sk\/kontakt\/\" rel=\"follow noopener\" target=\"_self\" role=\"button\"><div class=\"uagb-button__link\">Kontaktujte n\u00e1s!<\/div><\/a><\/div><\/div>\n<\/div><\/div>\n<\/div>\n<\/div>\n","protected":false},"excerpt":{"rendered":"KVALITA A LABORAT\u00d3RIUM \u0160pecializujeme sa na extr\u00faziu a koextr\u00faziu technick\u00fdch plastov\u00fdch profilov V\u0161etky v\u00fdrobn\u00e9 procesy v spolo\u010dnosti Thermoplast s\u00fa certifikovan\u00e9 [&hellip;]","protected":false},"author":1,"featured_media":122,"parent":0,"menu_order":0,"comment_status":"closed","ping_status":"closed","template":"","meta":{"inline_featured_image":false,"_uag_custom_page_level_css":".fullWidth {\n\theight:100%;\n}\n\n.fullWidth img {\n\theight:100% !important;\n}","site-sidebar-layout":"default","site-content-layout":"","ast-site-content-layout":"default","site-content-style":"default","site-sidebar-style":"default","ast-global-header-display":"","ast-banner-title-visibility":"","ast-main-header-display":"","ast-hfb-above-header-display":"","ast-hfb-below-header-display":"","ast-hfb-mobile-header-display":"","site-post-title":"disabled","ast-breadcrumbs-content":"","ast-featured-img":"","footer-sml-layout":"","ast-disable-related-posts":"","theme-transparent-header-meta":"","adv-header-id-meta":"","stick-header-meta":"","header-above-stick-meta":"","header-main-stick-meta":"","header-below-stick-meta":"","astra-migrate-meta-layouts":"default","ast-page-background-enabled":"default","ast-page-background-meta":{"desktop":{"background-color":"var(--ast-global-color-4)","background-image":"","background-repeat":"repeat","background-position":"center center","background-size":"auto","background-attachment":"scroll","background-type":"","background-media":"","overlay-type":"","overlay-color":"","overlay-opacity":"","overlay-gradient":""},"tablet":{"background-color":"","background-image":"","background-repeat":"repeat","background-position":"center center","background-size":"auto","background-attachment":"scroll","background-type":"","background-media":"","overlay-type":"","overlay-color":"","overlay-opacity":"","overlay-gradient":""},"mobile":{"background-color":"","background-image":"","background-repeat":"repeat","background-position":"center center","background-size":"auto","background-attachment":"scroll","background-type":"","background-media":"","overlay-type":"","overlay-color":"","overlay-opacity":"","overlay-gradient":""}},"ast-content-background-meta":{"desktop":{"background-color":"var(--ast-global-color-5)","background-image":"","background-repeat":"repeat","background-position":"center center","background-size":"auto","background-attachment":"scroll","background-type":"","background-media":"","overlay-type":"","overlay-color":"","overlay-opacity":"","overlay-gradient":""},"tablet":{"background-color":"var(--ast-global-color-5)","background-image":"","background-repeat":"repeat","background-position":"center center","background-size":"auto","background-attachment":"scroll","background-type":"","background-media":"","overlay-type":"","overlay-color":"","overlay-opacity":"","overlay-gradient":""},"mobile":{"background-color":"var(--ast-global-color-5)","background-image":"","background-repeat":"repeat","background-position":"center center","background-size":"auto","background-attachment":"scroll","background-type":"","background-media":"","overlay-type":"","overlay-color":"","overlay-opacity":"","overlay-gradient":""}},"footnotes":""},"class_list":["post-1074","page","type-page","status-publish","has-post-thumbnail","hentry"],"yoast_head":"<!-- This site is optimized with the Yoast SEO plugin v27.3 - https:\/\/yoast.com\/product\/yoast-seo-wordpress\/ -->\n<title>Kvalita a laborat\u00f3rium - Th-Extrusion<\/title>\n<meta name=\"description\" content=\"Laborat\u00f3rna kontrola ka\u017ed\u00e9ho stup\u0148a v\u00fdroby zaru\u010duje vysok\u00fa kvalitu na\u0161ich v\u00fdrobkov. P\u00f4sob\u00edme v s\u00falade s normou ISO 9001.\" \/>\n<meta name=\"robots\" content=\"index, follow, max-snippet:-1, max-image-preview:large, max-video-preview:-1\" \/>\n<link rel=\"canonical\" href=\"https:\/\/th-extrusion.eu\/sk\/kvalita-a-laboratorium\/\" \/>\n<meta property=\"og:locale\" content=\"sk_SK\" \/>\n<meta property=\"og:type\" content=\"article\" \/>\n<meta property=\"og:title\" content=\"Kvalita a laborat\u00f3rium - Th-Extrusion\" \/>\n<meta property=\"og:description\" content=\"Laborat\u00f3rna kontrola ka\u017ed\u00e9ho stup\u0148a v\u00fdroby zaru\u010duje vysok\u00fa kvalitu na\u0161ich v\u00fdrobkov. P\u00f4sob\u00edme v s\u00falade s normou ISO 9001.\" \/>\n<meta property=\"og:url\" content=\"https:\/\/th-extrusion.eu\/sk\/kvalita-a-laboratorium\/\" \/>\n<meta property=\"og:site_name\" content=\"Th-Extrusion\" \/>\n<meta property=\"article:publisher\" content=\"https:\/\/www.facebook.com\/search\/top?q=thermoplastpermanentdevelopments.a.\" \/>\n<meta property=\"article:modified_time\" content=\"2025-03-05T07:21:12+00:00\" \/>\n<meta property=\"og:image\" content=\"https:\/\/th-extrusion.eu\/wp-content\/uploads\/2024\/05\/logo-linedin-300x300-11.jpg\" \/>\n\t<meta property=\"og:image:width\" content=\"300\" \/>\n\t<meta property=\"og:image:height\" content=\"300\" \/>\n\t<meta property=\"og:image:type\" content=\"image\/jpeg\" \/>\n<meta name=\"twitter:card\" content=\"summary_large_image\" \/>\n<meta name=\"twitter:label1\" content=\"Predpokladan\u00fd \u010das \u010d\u00edtania\" \/>\n\t<meta name=\"twitter:data1\" content=\"3 min\u00faty\" \/>\n<script type=\"application\/ld+json\" class=\"yoast-schema-graph\">{\"@context\":\"https:\\\/\\\/schema.org\",\"@graph\":[{\"@type\":\"WebPage\",\"@id\":\"https:\\\/\\\/th-extrusion.eu\\\/sk\\\/kvalita-a-laboratorium\\\/\",\"url\":\"https:\\\/\\\/th-extrusion.eu\\\/sk\\\/kvalita-a-laboratorium\\\/\",\"name\":\"Kvalita a laborat\u00f3rium - Th-Extrusion\",\"isPartOf\":{\"@id\":\"https:\\\/\\\/th-extrusion.eu\\\/sk\\\/#website\"},\"primaryImageOfPage\":{\"@id\":\"https:\\\/\\\/th-extrusion.eu\\\/sk\\\/kvalita-a-laboratorium\\\/#primaryimage\"},\"image\":{\"@id\":\"https:\\\/\\\/th-extrusion.eu\\\/sk\\\/kvalita-a-laboratorium\\\/#primaryimage\"},\"thumbnailUrl\":\"https:\\\/\\\/th-extrusion.eu\\\/wp-content\\\/uploads\\\/2024\\\/05\\\/logo-linedin-300x300-11.jpg\",\"datePublished\":\"2024-05-19T14:42:57+00:00\",\"dateModified\":\"2025-03-05T07:21:12+00:00\",\"description\":\"Laborat\u00f3rna kontrola ka\u017ed\u00e9ho stup\u0148a v\u00fdroby zaru\u010duje vysok\u00fa kvalitu na\u0161ich v\u00fdrobkov. P\u00f4sob\u00edme v s\u00falade s normou ISO 9001.\",\"breadcrumb\":{\"@id\":\"https:\\\/\\\/th-extrusion.eu\\\/sk\\\/kvalita-a-laboratorium\\\/#breadcrumb\"},\"inLanguage\":\"sk-SK\",\"potentialAction\":[{\"@type\":\"ReadAction\",\"target\":[\"https:\\\/\\\/th-extrusion.eu\\\/sk\\\/kvalita-a-laboratorium\\\/\"]}]},{\"@type\":\"ImageObject\",\"inLanguage\":\"sk-SK\",\"@id\":\"https:\\\/\\\/th-extrusion.eu\\\/sk\\\/kvalita-a-laboratorium\\\/#primaryimage\",\"url\":\"https:\\\/\\\/th-extrusion.eu\\\/wp-content\\\/uploads\\\/2024\\\/05\\\/logo-linedin-300x300-11.jpg\",\"contentUrl\":\"https:\\\/\\\/th-extrusion.eu\\\/wp-content\\\/uploads\\\/2024\\\/05\\\/logo-linedin-300x300-11.jpg\",\"width\":300,\"height\":300},{\"@type\":\"BreadcrumbList\",\"@id\":\"https:\\\/\\\/th-extrusion.eu\\\/sk\\\/kvalita-a-laboratorium\\\/#breadcrumb\",\"itemListElement\":[{\"@type\":\"ListItem\",\"position\":1,\"name\":\"Strona g\u0142\u00f3wna\",\"item\":\"https:\\\/\\\/th-extrusion.eu\\\/sk\\\/\"},{\"@type\":\"ListItem\",\"position\":2,\"name\":\"Kvalita a laborat\u00f3rium\"}]},{\"@type\":\"WebSite\",\"@id\":\"https:\\\/\\\/th-extrusion.eu\\\/sk\\\/#website\",\"url\":\"https:\\\/\\\/th-extrusion.eu\\\/sk\\\/\",\"name\":\"Th-Extrusion.eu\",\"description\":\"Thermoplast has over 30 years of experience in designing and building tools for extrusion, co-extrusion and post-extrusion of custom technical profiles\",\"publisher\":{\"@id\":\"https:\\\/\\\/th-extrusion.eu\\\/sk\\\/#organization\"},\"potentialAction\":[{\"@type\":\"SearchAction\",\"target\":{\"@type\":\"EntryPoint\",\"urlTemplate\":\"https:\\\/\\\/th-extrusion.eu\\\/sk\\\/?s={search_term_string}\"},\"query-input\":{\"@type\":\"PropertyValueSpecification\",\"valueRequired\":true,\"valueName\":\"search_term_string\"}}],\"inLanguage\":\"sk-SK\"},{\"@type\":\"Organization\",\"@id\":\"https:\\\/\\\/th-extrusion.eu\\\/sk\\\/#organization\",\"name\":\"Thermoplast\",\"url\":\"https:\\\/\\\/th-extrusion.eu\\\/sk\\\/\",\"logo\":{\"@type\":\"ImageObject\",\"inLanguage\":\"sk-SK\",\"@id\":\"https:\\\/\\\/th-extrusion.eu\\\/sk\\\/#\\\/schema\\\/logo\\\/image\\\/\",\"url\":\"https:\\\/\\\/th-extrusion.eu\\\/wp-content\\\/uploads\\\/2024\\\/05\\\/thermoplast-logo-th-extrusion1.svg\",\"contentUrl\":\"https:\\\/\\\/th-extrusion.eu\\\/wp-content\\\/uploads\\\/2024\\\/05\\\/thermoplast-logo-th-extrusion1.svg\",\"width\":156,\"height\":47,\"caption\":\"Thermoplast\"},\"image\":{\"@id\":\"https:\\\/\\\/th-extrusion.eu\\\/sk\\\/#\\\/schema\\\/logo\\\/image\\\/\"},\"sameAs\":[\"https:\\\/\\\/www.facebook.com\\\/search\\\/top?q=thermoplastpermanentdevelopments.a.\"]}]}<\/script>\n<!-- \/ Yoast SEO plugin. -->","yoast_head_json":{"title":"Kvalita a laborat\u00f3rium - Th-Extrusion","description":"Laborat\u00f3rna kontrola ka\u017ed\u00e9ho stup\u0148a v\u00fdroby zaru\u010duje vysok\u00fa kvalitu na\u0161ich v\u00fdrobkov. P\u00f4sob\u00edme v s\u00falade s normou ISO 9001.","robots":{"index":"index","follow":"follow","max-snippet":"max-snippet:-1","max-image-preview":"max-image-preview:large","max-video-preview":"max-video-preview:-1"},"canonical":"https:\/\/th-extrusion.eu\/sk\/kvalita-a-laboratorium\/","og_locale":"sk_SK","og_type":"article","og_title":"Kvalita a laborat\u00f3rium - Th-Extrusion","og_description":"Laborat\u00f3rna kontrola ka\u017ed\u00e9ho stup\u0148a v\u00fdroby zaru\u010duje vysok\u00fa kvalitu na\u0161ich v\u00fdrobkov. P\u00f4sob\u00edme v s\u00falade s normou ISO 9001.","og_url":"https:\/\/th-extrusion.eu\/sk\/kvalita-a-laboratorium\/","og_site_name":"Th-Extrusion","article_publisher":"https:\/\/www.facebook.com\/search\/top?q=thermoplastpermanentdevelopments.a.","article_modified_time":"2025-03-05T07:21:12+00:00","og_image":[{"width":300,"height":300,"url":"https:\/\/th-extrusion.eu\/wp-content\/uploads\/2024\/05\/logo-linedin-300x300-11.jpg","type":"image\/jpeg"}],"twitter_card":"summary_large_image","twitter_misc":{"Predpokladan\u00fd \u010das \u010d\u00edtania":"3 min\u00faty"},"schema":{"@context":"https:\/\/schema.org","@graph":[{"@type":"WebPage","@id":"https:\/\/th-extrusion.eu\/sk\/kvalita-a-laboratorium\/","url":"https:\/\/th-extrusion.eu\/sk\/kvalita-a-laboratorium\/","name":"Kvalita a laborat\u00f3rium - Th-Extrusion","isPartOf":{"@id":"https:\/\/th-extrusion.eu\/sk\/#website"},"primaryImageOfPage":{"@id":"https:\/\/th-extrusion.eu\/sk\/kvalita-a-laboratorium\/#primaryimage"},"image":{"@id":"https:\/\/th-extrusion.eu\/sk\/kvalita-a-laboratorium\/#primaryimage"},"thumbnailUrl":"https:\/\/th-extrusion.eu\/wp-content\/uploads\/2024\/05\/logo-linedin-300x300-11.jpg","datePublished":"2024-05-19T14:42:57+00:00","dateModified":"2025-03-05T07:21:12+00:00","description":"Laborat\u00f3rna kontrola ka\u017ed\u00e9ho stup\u0148a v\u00fdroby zaru\u010duje vysok\u00fa kvalitu na\u0161ich v\u00fdrobkov. P\u00f4sob\u00edme v s\u00falade s normou ISO 9001.","breadcrumb":{"@id":"https:\/\/th-extrusion.eu\/sk\/kvalita-a-laboratorium\/#breadcrumb"},"inLanguage":"sk-SK","potentialAction":[{"@type":"ReadAction","target":["https:\/\/th-extrusion.eu\/sk\/kvalita-a-laboratorium\/"]}]},{"@type":"ImageObject","inLanguage":"sk-SK","@id":"https:\/\/th-extrusion.eu\/sk\/kvalita-a-laboratorium\/#primaryimage","url":"https:\/\/th-extrusion.eu\/wp-content\/uploads\/2024\/05\/logo-linedin-300x300-11.jpg","contentUrl":"https:\/\/th-extrusion.eu\/wp-content\/uploads\/2024\/05\/logo-linedin-300x300-11.jpg","width":300,"height":300},{"@type":"BreadcrumbList","@id":"https:\/\/th-extrusion.eu\/sk\/kvalita-a-laboratorium\/#breadcrumb","itemListElement":[{"@type":"ListItem","position":1,"name":"Strona g\u0142\u00f3wna","item":"https:\/\/th-extrusion.eu\/sk\/"},{"@type":"ListItem","position":2,"name":"Kvalita a laborat\u00f3rium"}]},{"@type":"WebSite","@id":"https:\/\/th-extrusion.eu\/sk\/#website","url":"https:\/\/th-extrusion.eu\/sk\/","name":"Th-Extrusion.eu","description":"Thermoplast has over 30 years of experience in designing and building tools for extrusion, co-extrusion and post-extrusion of custom technical profiles","publisher":{"@id":"https:\/\/th-extrusion.eu\/sk\/#organization"},"potentialAction":[{"@type":"SearchAction","target":{"@type":"EntryPoint","urlTemplate":"https:\/\/th-extrusion.eu\/sk\/?s={search_term_string}"},"query-input":{"@type":"PropertyValueSpecification","valueRequired":true,"valueName":"search_term_string"}}],"inLanguage":"sk-SK"},{"@type":"Organization","@id":"https:\/\/th-extrusion.eu\/sk\/#organization","name":"Thermoplast","url":"https:\/\/th-extrusion.eu\/sk\/","logo":{"@type":"ImageObject","inLanguage":"sk-SK","@id":"https:\/\/th-extrusion.eu\/sk\/#\/schema\/logo\/image\/","url":"https:\/\/th-extrusion.eu\/wp-content\/uploads\/2024\/05\/thermoplast-logo-th-extrusion1.svg","contentUrl":"https:\/\/th-extrusion.eu\/wp-content\/uploads\/2024\/05\/thermoplast-logo-th-extrusion1.svg","width":156,"height":47,"caption":"Thermoplast"},"image":{"@id":"https:\/\/th-extrusion.eu\/sk\/#\/schema\/logo\/image\/"},"sameAs":["https:\/\/www.facebook.com\/search\/top?q=thermoplastpermanentdevelopments.a."]}]}},"uagb_featured_image_src":{"full":["https:\/\/th-extrusion.eu\/wp-content\/uploads\/2024\/05\/logo-linedin-300x300-11.jpg",300,300,false],"thumbnail":["https:\/\/th-extrusion.eu\/wp-content\/uploads\/2024\/05\/logo-linedin-300x300-11-150x150.jpg",150,150,true],"medium":["https:\/\/th-extrusion.eu\/wp-content\/uploads\/2024\/05\/logo-linedin-300x300-11.jpg",300,300,false],"medium_large":["https:\/\/th-extrusion.eu\/wp-content\/uploads\/2024\/05\/logo-linedin-300x300-11.jpg",300,300,false],"large":["https:\/\/th-extrusion.eu\/wp-content\/uploads\/2024\/05\/logo-linedin-300x300-11.jpg",300,300,false],"1536x1536":["https:\/\/th-extrusion.eu\/wp-content\/uploads\/2024\/05\/logo-linedin-300x300-11.jpg",300,300,false],"2048x2048":["https:\/\/th-extrusion.eu\/wp-content\/uploads\/2024\/05\/logo-linedin-300x300-11.jpg",300,300,false]},"uagb_author_info":{"display_name":"Michal","author_link":"https:\/\/th-extrusion.eu\/sk\/author\/michal\/"},"uagb_comment_info":0,"uagb_excerpt":"KVALITA A LABORAT\u00d3RIUM \u0160pecializujeme sa na extr\u00faziu a koextr\u00faziu technick\u00fdch plastov\u00fdch profilov V\u0161etky v\u00fdrobn\u00e9 procesy v spolo\u010dnosti Thermoplast s\u00fa certifikovan\u00e9 [&hellip;]","_links":{"self":[{"href":"https:\/\/th-extrusion.eu\/sk\/wp-json\/wp\/v2\/pages\/1074","targetHints":{"allow":["GET"]}}],"collection":[{"href":"https:\/\/th-extrusion.eu\/sk\/wp-json\/wp\/v2\/pages"}],"about":[{"href":"https:\/\/th-extrusion.eu\/sk\/wp-json\/wp\/v2\/types\/page"}],"author":[{"embeddable":true,"href":"https:\/\/th-extrusion.eu\/sk\/wp-json\/wp\/v2\/users\/1"}],"replies":[{"embeddable":true,"href":"https:\/\/th-extrusion.eu\/sk\/wp-json\/wp\/v2\/comments?post=1074"}],"version-history":[{"count":8,"href":"https:\/\/th-extrusion.eu\/sk\/wp-json\/wp\/v2\/pages\/1074\/revisions"}],"predecessor-version":[{"id":1688,"href":"https:\/\/th-extrusion.eu\/sk\/wp-json\/wp\/v2\/pages\/1074\/revisions\/1688"}],"wp:featuredmedia":[{"embeddable":true,"href":"https:\/\/th-extrusion.eu\/sk\/wp-json\/wp\/v2\/media\/122"}],"wp:attachment":[{"href":"https:\/\/th-extrusion.eu\/sk\/wp-json\/wp\/v2\/media?parent=1074"}],"curies":[{"name":"wp","href":"https:\/\/api.w.org\/{rel}","templated":true}]}}